{"id":21425,"date":"2024-11-27T18:15:10","date_gmt":"2024-11-27T10:15:10","guid":{"rendered":"https:\/\/sellersunionagent.com\/?post_type=product&#038;p=21425"},"modified":"2025-11-28T10:49:32","modified_gmt":"2025-11-28T02:49:32","slug":"christmas-led-decoration-lights-suction-cup-lights-creative-string-lights-colorful-string-lights","status":"publish","type":"product","link":"https:\/\/www.sellersunionagent.com\/pl\/christmas-led-decoration-lights-suction-cup-lights-creative-string-lights-colorful-string-lights\/","title":{"rendered":"Christmas LED Decoration Lights Suction Cup Lights Creative String Lights Colorful String Lights"},"content":{"rendered":"<h1>2025 \u015awi\u0105teczne lampki dekoracyjne LED Lampki przyssawkowe Kreatywne lampki sznurkowe Kolorowe lampki sznurkowe<\/h1>\n<div class=\"elementor-element elementor-element-42815df elementor-widget elementor-widget-heading\" data-id=\"42815df\" data-element_type=\"widget\" data-widget_type=\"heading.default\">\n<div class=\"elementor-widget-container\"><\/div>\n<\/div>\n<div class=\"elementor-element elementor-element-c17fac7 elementor-widget elementor-widget-woocommerce-product-short-description\" data-id=\"c17fac7\" data-element_type=\"widget\" data-widget_type=\"woocommerce-product-short-description.default\">\n<div class=\"elementor-widget-container\">\n<div class=\"woocommerce-product-details__short-description\">\n<h3><\/h3>\n<h3>Battery: 3*#7 batteries<\/h3>\n<h3><strong>Kolory<\/strong>: warm light<\/h3>\n<h3><strong>Materia\u0142: <\/strong>plastik<\/h3>\n<\/div>\n<\/div>\n<\/div>\n<p>&nbsp;<\/p>\n<ul>\n<li>\n<h4>no-punch<\/h4>\n<\/li>\n<li>\n<h4>Easy Installation<\/h4>\n<\/li>\n<li>\n<h4>Powerful suction cups<\/h4>\n<\/li>\n<\/ul>\n<p>&nbsp;<\/p>\n<p><img fetchpriority=\"high\" decoding=\"async\" class=\"size-full wp-image-21426\" title=\"\u4f01\u4e1a\u5fae\u4fe1\u622a\u56fe 17327020474830 2024112710125323\" src=\"https:\/\/www.sellersunionagent.com\/wp-content\/uploads\/2024\/11\/\u4f01\u4e1a\u5fae\u4fe1\u622a\u56fe_17327020474830-2024112710125323.webp\" alt=\"\u4f01\u4e1a\u5fae\u4fe1\u622a\u56fe 17327020474830 2024112710125323\" width=\"663\" height=\"658\" \/><\/p>\n<p><img decoding=\"async\" class=\"size-full wp-image-21434\" title=\"\u4f01\u4e1a\u5fae\u4fe1\u622a\u56fe 17327021588665 2024112710132199\" src=\"https:\/\/www.sellersunionagent.com\/wp-content\/uploads\/2024\/11\/\u4f01\u4e1a\u5fae\u4fe1\u622a\u56fe_17327021588665-2024112710132199.webp\" alt=\"\u4f01\u4e1a\u5fae\u4fe1\u622a\u56fe 17327021588665 2024112710132199\" width=\"660\" height=\"661\" \/><\/p>\n<p><img decoding=\"async\" class=\"size-medium wp-image-21433\" title=\"\u4f01\u4e1a\u5fae\u4fe1\u622a\u56fe 17327021478882 2024112710131745\" src=\"https:\/\/www.sellersunionagent.com\/wp-content\/uploads\/2024\/11\/\u4f01\u4e1a\u5fae\u4fe1\u622a\u56fe_17327021478882-2024112710131745.webp\" alt=\"\u4f01\u4e1a\u5fae\u4fe1\u622a\u56fe 17327021478882 2024112710131745\" width=\"665\" height=\"666\" \/><\/p>\n<p><img loading=\"lazy\" decoding=\"async\" class=\"size-medium wp-image-21432\" title=\"\u4f01\u4e1a\u5fae\u4fe1\u622a\u56fe 17327021357492 2024112710131320\" src=\"https:\/\/www.sellersunionagent.com\/wp-content\/uploads\/2024\/11\/\u4f01\u4e1a\u5fae\u4fe1\u622a\u56fe_17327021357492-2024112710131320.webp\" alt=\"\u4f01\u4e1a\u5fae\u4fe1\u622a\u56fe 17327021357492 2024112710131320\" width=\"660\" height=\"661\" \/><\/p>\n<p><img loading=\"lazy\" decoding=\"async\" class=\"size-medium wp-image-21431\" title=\"\u4f01\u4e1a\u5fae\u4fe1\u622a\u56fe 17327021242069 2024112710130915\" src=\"https:\/\/www.sellersunionagent.com\/wp-content\/uploads\/2024\/11\/\u4f01\u4e1a\u5fae\u4fe1\u622a\u56fe_17327021242069-2024112710130915.webp\" alt=\"\u4f01\u4e1a\u5fae\u4fe1\u622a\u56fe 17327021242069 2024112710130915\" width=\"664\" height=\"666\" \/><\/p>\n<p><img loading=\"lazy\" decoding=\"async\" class=\"size-medium wp-image-21430\" title=\"\u4f01\u4e1a\u5fae\u4fe1\u622a\u56fe 1732702114998 2024112710130559\" src=\"https:\/\/www.sellersunionagent.com\/wp-content\/uploads\/2024\/11\/\u4f01\u4e1a\u5fae\u4fe1\u622a\u56fe_1732702114998-2024112710130559.webp\" alt=\"\u4f01\u4e1a\u5fae\u4fe1\u622a\u56fe 1732702114998 2024112710130559\" width=\"670\" height=\"662\" \/><\/p>\n<p><img loading=\"lazy\" decoding=\"async\" class=\"size-medium wp-image-21429\" title=\"\u4f01\u4e1a\u5fae\u4fe1\u622a\u56fe 17327020945054 2024112710130235\" src=\"https:\/\/www.sellersunionagent.com\/wp-content\/uploads\/2024\/11\/\u4f01\u4e1a\u5fae\u4fe1\u622a\u56fe_17327020945054-2024112710130235.webp\" alt=\"\u4f01\u4e1a\u5fae\u4fe1\u622a\u56fe 17327020945054 2024112710130235\" width=\"665\" height=\"664\" \/><\/p>\n<p><img loading=\"lazy\" decoding=\"async\" class=\"size-medium wp-image-21428\" title=\"\u4f01\u4e1a\u5fae\u4fe1\u622a\u56fe 17327020864186 2024112710125935\" src=\"https:\/\/www.sellersunionagent.com\/wp-content\/uploads\/2024\/11\/\u4f01\u4e1a\u5fae\u4fe1\u622a\u56fe_17327020864186-2024112710125935.webp\" alt=\"\u4f01\u4e1a\u5fae\u4fe1\u622a\u56fe 17327020864186 2024112710125935\" width=\"661\" height=\"662\" \/><\/p>\n<p><img loading=\"lazy\" decoding=\"async\" class=\"size-medium wp-image-21427\" title=\"\u4f01\u4e1a\u5fae\u4fe1\u622a\u56fe 17327020748542 2024112710125649\" src=\"https:\/\/www.sellersunionagent.com\/wp-content\/uploads\/2024\/11\/\u4f01\u4e1a\u5fae\u4fe1\u622a\u56fe_17327020748542-2024112710125649.webp\" alt=\"\u4f01\u4e1a\u5fae\u4fe1\u622a\u56fe 17327020748542 2024112710125649\" width=\"662\" height=\"664\" \/><\/p>","protected":false},"excerpt":{"rendered":"<p><strong>MOQ<\/strong>:  1000 szt.<br \/>\n<strong>Bezp\u0142atna pr\u00f3bka<\/strong>:  Obs\u0142ugiwane<br \/>\n<strong>Personalizacja<\/strong>logo \/ kolor \/ materia\u0142y \/ opakowanie itp.<br \/>\n<strong>Zni\u017cka<\/strong>:  Pierwsze zam\u00f3wienia ju\u017c od 10% taniej.<br \/>\n<strong>Wska\u017anik terminowo\u015bci dostaw<\/strong>:\u00a0 100%<br \/>\n<strong>Przesy\u0142ki og\u00f3\u0142em<\/strong>:  10000 szt.<br \/>\n<strong>Wysy\u0142ka<\/strong>: Fracht morski Fracht l\u0105dowy<\/p>","protected":false},"featured_media":21426,"comment_status":"open","ping_status":"closed","template":"","meta":{"_acf_changed":false},"product_brand":[],"product_cat":[235,319],"product_tag":[],"class_list":{"0":"post-21425","1":"product","2":"type-product","3":"status-publish","4":"has-post-thumbnail","6":"product_cat-christmas-decoration","7":"product_cat-christmas-lighting","9":"first","10":"instock","11":"shipping-taxable","12":"product-type-simple","13":"swiper-slide"},"acf":[],"_links":{"self":[{"href":"https:\/\/www.sellersunionagent.com\/pl\/wp-json\/wp\/v2\/product\/21425","targetHints":{"allow":["GET"]}}],"collection":[{"href":"https:\/\/www.sellersunionagent.com\/pl\/wp-json\/wp\/v2\/product"}],"about":[{"href":"https:\/\/www.sellersunionagent.com\/pl\/wp-json\/wp\/v2\/types\/product"}],"replies":[{"embeddable":true,"href":"https:\/\/www.sellersunionagent.com\/pl\/wp-json\/wp\/v2\/comments?post=21425"}],"wp:featuredmedia":[{"embeddable":true,"href":"https:\/\/www.sellersunionagent.com\/pl\/wp-json\/wp\/v2\/media\/21426"}],"wp:attachment":[{"href":"https:\/\/www.sellersunionagent.com\/pl\/wp-json\/wp\/v2\/media?parent=21425"}],"wp:term":[{"taxonomy":"product_brand","embeddable":true,"href":"https:\/\/www.sellersunionagent.com\/pl\/wp-json\/wp\/v2\/product_brand?post=21425"},{"taxonomy":"product_cat","embeddable":true,"href":"https:\/\/www.sellersunionagent.com\/pl\/wp-json\/wp\/v2\/product_cat?post=21425"},{"taxonomy":"product_tag","embeddable":true,"href":"https:\/\/www.sellersunionagent.com\/pl\/wp-json\/wp\/v2\/product_tag?post=21425"}],"curies":[{"name":"wp","href":"https:\/\/api.w.org\/{rel}","templated":true}]}}