{"id":21356,"date":"2024-11-13T17:16:41","date_gmt":"2024-11-13T09:16:41","guid":{"rendered":"https:\/\/sellersunionagent.com\/?post_type=product&#038;p=21356"},"modified":"2025-11-28T10:48:51","modified_gmt":"2025-11-28T02:48:51","slug":"christmas-decoration-gingerbread-man-doll-ornament","status":"publish","type":"product","link":"https:\/\/www.sellersunionagent.com\/pl\/christmas-decoration-gingerbread-man-doll-ornament\/","title":{"rendered":"Christmas decoration gingerbread man doll ornament"},"content":{"rendered":"<h1>2025 nowa dekoracja \u015bwi\u0105teczna piernikowa lalka ozdoba<\/h1>\n<div class=\"elementor-element elementor-element-42815df elementor-widget elementor-widget-heading\" data-id=\"42815df\" data-element_type=\"widget\" data-widget_type=\"heading.default\">\n<div class=\"elementor-widget-container\"><\/div>\n<\/div>\n<div class=\"elementor-element elementor-element-c17fac7 elementor-widget elementor-widget-woocommerce-product-short-description\" data-id=\"c17fac7\" data-element_type=\"widget\" data-widget_type=\"woocommerce-product-short-description.default\">\n<div class=\"elementor-widget-container\">\n<div class=\"woocommerce-product-details__short-description\">\n<h3><\/h3>\n<h3><strong>Rozmiar elementu<\/strong>: 17*30*5CM<\/h3>\n<h3>Waga: 280g<\/h3>\n<h3><strong>Materia\u0142: <\/strong>Tkanina poliestrowa, akryl, wy\u015bcie\u0142ana bawe\u0142na, piasek, \u017cywica<\/h3>\n<\/div>\n<\/div>\n<\/div>\n<p>&nbsp;<\/p>\n<ul>\n<li>\n<h4>opakowanie opp bag<\/h4>\n<\/li>\n<li>\n<h4>Artyku\u0142y \u015bwi\u0105teczne<\/h4>\n<\/li>\n<li>\n<h4>Piernikowy ludzik<\/h4>\n<\/li>\n<\/ul>\n<p>&nbsp;<\/p>\n<p><img fetchpriority=\"high\" decoding=\"async\" class=\"size-full wp-image-21357\" title=\"\u4f01\u4e1a\u5fae\u4fe1\u622a\u56fe 17314889044889 2024111309112469\" src=\"https:\/\/www.sellersunionagent.com\/wp-content\/uploads\/2024\/11\/\u4f01\u4e1a\u5fae\u4fe1\u622a\u56fe_17314889044889-2024111309112469.webp\" alt=\"\u4f01\u4e1a\u5fae\u4fe1\u622a\u56fe 17314889044889 2024111309112469\" width=\"665\" height=\"667\" \/><\/p>\n<p><img decoding=\"async\" class=\"size-full wp-image-21363\" title=\"\u4f01\u4e1a\u5fae\u4fe1\u622a\u56fe 17314889931665 2024111309115170\" src=\"https:\/\/www.sellersunionagent.com\/wp-content\/uploads\/2024\/11\/\u4f01\u4e1a\u5fae\u4fe1\u622a\u56fe_17314889931665-2024111309115170.webp\" alt=\"\u4f01\u4e1a\u5fae\u4fe1\u622a\u56fe 17314889931665 2024111309115170\" width=\"666\" height=\"665\" \/><\/p>\n<p><img decoding=\"async\" class=\"size-medium wp-image-21362\" title=\"\u4f01\u4e1a\u5fae\u4fe1\u622a\u56fe 1731488978499 2024111309114777\" src=\"https:\/\/www.sellersunionagent.com\/wp-content\/uploads\/2024\/11\/\u4f01\u4e1a\u5fae\u4fe1\u622a\u56fe_1731488978499-2024111309114777.webp\" alt=\"\u4f01\u4e1a\u5fae\u4fe1\u622a\u56fe 1731488978499 2024111309114777\" width=\"664\" height=\"665\" \/><\/p>\n<p><img loading=\"lazy\" decoding=\"async\" class=\"size-medium wp-image-21361\" title=\"\u4f01\u4e1a\u5fae\u4fe1\u622a\u56fe 17314889666299 2024111309114367\" src=\"https:\/\/www.sellersunionagent.com\/wp-content\/uploads\/2024\/11\/\u4f01\u4e1a\u5fae\u4fe1\u622a\u56fe_17314889666299-2024111309114367.webp\" alt=\"\u4f01\u4e1a\u5fae\u4fe1\u622a\u56fe 17314889666299 2024111309114367\" width=\"665\" height=\"665\" \/><\/p>\n<p><img loading=\"lazy\" decoding=\"async\" class=\"size-medium wp-image-21360\" title=\"\u4f01\u4e1a\u5fae\u4fe1\u622a\u56fe 17314889552279 2024111309113938\" src=\"https:\/\/www.sellersunionagent.com\/wp-content\/uploads\/2024\/11\/\u4f01\u4e1a\u5fae\u4fe1\u622a\u56fe_17314889552279-2024111309113938.webp\" alt=\"\u4f01\u4e1a\u5fae\u4fe1\u622a\u56fe 17314889552279 2024111309113938\" width=\"663\" height=\"618\" \/><\/p>\n<p><img loading=\"lazy\" decoding=\"async\" class=\"size-medium wp-image-21359\" title=\"\u4f01\u4e1a\u5fae\u4fe1\u622a\u56fe 17314889357198 2024111309113669\" src=\"https:\/\/www.sellersunionagent.com\/wp-content\/uploads\/2024\/11\/\u4f01\u4e1a\u5fae\u4fe1\u622a\u56fe_17314889357198-2024111309113669.webp\" alt=\"\u4f01\u4e1a\u5fae\u4fe1\u622a\u56fe 17314889357198 2024111309113669\" width=\"666\" height=\"666\" \/><\/p>\n<p><img loading=\"lazy\" decoding=\"async\" class=\"size-medium wp-image-21358\" title=\"\u4f01\u4e1a\u5fae\u4fe1\u622a\u56fe 17314889239110 2024111309113058\" src=\"https:\/\/www.sellersunionagent.com\/wp-content\/uploads\/2024\/11\/\u4f01\u4e1a\u5fae\u4fe1\u622a\u56fe_17314889239110-2024111309113058.webp\" alt=\"\u4f01\u4e1a\u5fae\u4fe1\u622a\u56fe 17314889239110 2024111309113058\" width=\"667\" height=\"663\" \/><\/p>","protected":false},"excerpt":{"rendered":"<p><strong>MOQ<\/strong>:  1000 szt.<br \/>\n<strong>Bezp\u0142atna pr\u00f3bka<\/strong>:  Obs\u0142ugiwane<br \/>\n<strong>Personalizacja<\/strong>logo \/ kolor \/ materia\u0142y \/ opakowanie itp.<br \/>\n<strong>Zni\u017cka<\/strong>:  Pierwsze zam\u00f3wienia ju\u017c od 10% taniej.<br \/>\n<strong>Wska\u017anik terminowo\u015bci dostaw<\/strong>:\u00a0 100%<br \/>\n<strong>Przesy\u0142ki og\u00f3\u0142em<\/strong>:  10000 szt.<br \/>\n<strong>Wysy\u0142ka<\/strong>: Fracht morski Fracht l\u0105dowy<\/p>","protected":false},"featured_media":21357,"comment_status":"open","ping_status":"closed","template":"","meta":{"_acf_changed":false},"product_brand":[],"product_cat":[235,321],"product_tag":[],"class_list":{"0":"post-21356","1":"product","2":"type-product","3":"status-publish","4":"has-post-thumbnail","6":"product_cat-christmas-decoration","7":"product_cat-christmas-figurines","9":"first","10":"instock","11":"shipping-taxable","12":"product-type-simple","13":"swiper-slide"},"acf":[],"_links":{"self":[{"href":"https:\/\/www.sellersunionagent.com\/pl\/wp-json\/wp\/v2\/product\/21356","targetHints":{"allow":["GET"]}}],"collection":[{"href":"https:\/\/www.sellersunionagent.com\/pl\/wp-json\/wp\/v2\/product"}],"about":[{"href":"https:\/\/www.sellersunionagent.com\/pl\/wp-json\/wp\/v2\/types\/product"}],"replies":[{"embeddable":true,"href":"https:\/\/www.sellersunionagent.com\/pl\/wp-json\/wp\/v2\/comments?post=21356"}],"wp:featuredmedia":[{"embeddable":true,"href":"https:\/\/www.sellersunionagent.com\/pl\/wp-json\/wp\/v2\/media\/21357"}],"wp:attachment":[{"href":"https:\/\/www.sellersunionagent.com\/pl\/wp-json\/wp\/v2\/media?parent=21356"}],"wp:term":[{"taxonomy":"product_brand","embeddable":true,"href":"https:\/\/www.sellersunionagent.com\/pl\/wp-json\/wp\/v2\/product_brand?post=21356"},{"taxonomy":"product_cat","embeddable":true,"href":"https:\/\/www.sellersunionagent.com\/pl\/wp-json\/wp\/v2\/product_cat?post=21356"},{"taxonomy":"product_tag","embeddable":true,"href":"https:\/\/www.sellersunionagent.com\/pl\/wp-json\/wp\/v2\/product_tag?post=21356"}],"curies":[{"name":"wp","href":"https:\/\/api.w.org\/{rel}","templated":true}]}}