{"id":20964,"date":"2024-11-05T11:35:59","date_gmt":"2024-11-05T03:35:59","guid":{"rendered":"https:\/\/sellersunionagent.com\/?post_type=product&#038;p=20964"},"modified":"2025-11-28T10:47:53","modified_gmt":"2025-11-28T02:47:53","slug":"christmas-apple-bag-drawstring-christmas-eve-gift-bag-packaging-bag-velvet-drawstring","status":"publish","type":"product","link":"https:\/\/www.sellersunionagent.com\/pl\/christmas-apple-bag-drawstring-christmas-eve-gift-bag-packaging-bag-velvet-drawstring\/","title":{"rendered":"Christmas apple bag drawstring Christmas Eve gift bag packaging bag velvet drawstring"},"content":{"rendered":"<h1>2025 \u015awi\u0105teczna torba na jab\u0142ka ze sznurkiem Wigilijna torba na prezenty aksamitna torba ze sznurkiem<\/h1>\n<div class=\"elementor-element elementor-element-42815df elementor-widget elementor-widget-heading\" data-id=\"42815df\" data-element_type=\"widget\" data-widget_type=\"heading.default\">\n<div class=\"elementor-widget-container\"><\/div>\n<\/div>\n<div class=\"elementor-element elementor-element-c17fac7 elementor-widget elementor-widget-woocommerce-product-short-description\" data-id=\"c17fac7\" data-element_type=\"widget\" data-widget_type=\"woocommerce-product-short-description.default\">\n<div class=\"elementor-widget-container\">\n<div class=\"woocommerce-product-details__short-description\">\n<h3><\/h3>\n<h3><strong>Rozmiar elementu<\/strong>: 18*16CM<\/h3>\n<h3><strong>Kolory<\/strong>jak na zdj\u0119ciu<\/h3>\n<h3><strong>Materia\u0142: bardzo mi\u0119kki plusz<\/strong><\/h3>\n<\/div>\n<\/div>\n<\/div>\n<p>&nbsp;<\/p>\n<ul>\n<li>\n<h4>\u015awi\u0105teczne torby na jab\u0142ka<\/h4>\n<\/li>\n<li>\n<h4>Du\u017ca r\u00f3\u017cnorodno\u015b\u0107 styl\u00f3w<\/h4>\n<\/li>\n<li>\n<h4>Kreatywne projektowanie<\/h4>\n<\/li>\n<\/ul>\n<p><img fetchpriority=\"high\" decoding=\"async\" class=\"wp-image-20965\" title=\"\u4f01\u4e1a\u5fae\u4fe1\u622a\u56fe 17307765111806 2024110503332682\" src=\"https:\/\/www.sellersunionagent.com\/wp-content\/uploads\/2024\/11\/\u4f01\u4e1a\u5fae\u4fe1\u622a\u56fe_17307765111806-2024110503332682.webp\" alt=\"\u4f01\u4e1a\u5fae\u4fe1\u622a\u56fe 17307765111806 2024110503332682\" width=\"774\" height=\"729\" \/><\/p>\n<p><img decoding=\"async\" class=\"size-full wp-image-20973\" title=\"\u4f01\u4e1a\u5fae\u4fe1\u622a\u56fe 17307766875708 2024110503342082\" src=\"https:\/\/www.sellersunionagent.com\/wp-content\/uploads\/2024\/11\/\u4f01\u4e1a\u5fae\u4fe1\u622a\u56fe_17307766875708-2024110503342082.webp\" alt=\"\u4f01\u4e1a\u5fae\u4fe1\u622a\u56fe 17307766875708 2024110503342082\" width=\"789\" height=\"779\" \/><\/p>\n<p><img decoding=\"async\" class=\"size-medium wp-image-20972\" title=\"\u4f01\u4e1a\u5fae\u4fe1\u622a\u56fe 17307766675803 2024110503341437\" src=\"https:\/\/www.sellersunionagent.com\/wp-content\/uploads\/2024\/11\/\u4f01\u4e1a\u5fae\u4fe1\u622a\u56fe_17307766675803-2024110503341437.webp\" alt=\"\u4f01\u4e1a\u5fae\u4fe1\u622a\u56fe 17307766675803 2024110503341437\" width=\"789\" height=\"768\" \/><\/p>\n<p><img loading=\"lazy\" decoding=\"async\" class=\"size-medium wp-image-20971\" title=\"\u4f01\u4e1a\u5fae\u4fe1\u622a\u56fe 17307766467992 2024110503340788\" src=\"https:\/\/www.sellersunionagent.com\/wp-content\/uploads\/2024\/11\/\u4f01\u4e1a\u5fae\u4fe1\u622a\u56fe_17307766467992-2024110503340788.webp\" alt=\"\u4f01\u4e1a\u5fae\u4fe1\u622a\u56fe 17307766467992 2024110503340788\" width=\"789\" height=\"739\" \/><\/p>\n<p><img loading=\"lazy\" decoding=\"async\" class=\"size-medium wp-image-20970\" title=\"\u4f01\u4e1a\u5fae\u4fe1\u622a\u56fe 1730776617144 2024110503340085\" src=\"https:\/\/www.sellersunionagent.com\/wp-content\/uploads\/2024\/11\/\u4f01\u4e1a\u5fae\u4fe1\u622a\u56fe_1730776617144-2024110503340085.webp\" alt=\"\u4f01\u4e1a\u5fae\u4fe1\u622a\u56fe 1730776617144 2024110503340085\" width=\"790\" height=\"763\" \/><\/p>\n<p><img loading=\"lazy\" decoding=\"async\" class=\"size-medium wp-image-20969\" title=\"\u4f01\u4e1a\u5fae\u4fe1\u622a\u56fe 17307765979222 2024110503335475\" src=\"https:\/\/www.sellersunionagent.com\/wp-content\/uploads\/2024\/11\/\u4f01\u4e1a\u5fae\u4fe1\u622a\u56fe_17307765979222-2024110503335475.webp\" alt=\"\u4f01\u4e1a\u5fae\u4fe1\u622a\u56fe 17307765979222 2024110503335475\" width=\"790\" height=\"773\" \/><\/p>\n<p><img loading=\"lazy\" decoding=\"async\" class=\"size-medium wp-image-20968\" title=\"\u4f01\u4e1a\u5fae\u4fe1\u622a\u56fe 17307765771314 2024110503334868\" src=\"https:\/\/www.sellersunionagent.com\/wp-content\/uploads\/2024\/11\/\u4f01\u4e1a\u5fae\u4fe1\u622a\u56fe_17307765771314-2024110503334868.webp\" alt=\"\u4f01\u4e1a\u5fae\u4fe1\u622a\u56fe 17307765771314 2024110503334868\" width=\"790\" height=\"821\" \/><\/p>\n<p><img loading=\"lazy\" decoding=\"async\" class=\"size-medium wp-image-20967\" title=\"\u4f01\u4e1a\u5fae\u4fe1\u622a\u56fe 17307765555926 2024110503334320\" src=\"https:\/\/www.sellersunionagent.com\/wp-content\/uploads\/2024\/11\/\u4f01\u4e1a\u5fae\u4fe1\u622a\u56fe_17307765555926-2024110503334320.webp\" alt=\"\u4f01\u4e1a\u5fae\u4fe1\u622a\u56fe 17307765555926 2024110503334320\" width=\"791\" height=\"791\" \/><\/p>\n<p><img loading=\"lazy\" decoding=\"async\" class=\"size-medium wp-image-20966\" title=\"\u4f01\u4e1a\u5fae\u4fe1\u622a\u56fe 17307765332944 2024110503333787\" src=\"https:\/\/www.sellersunionagent.com\/wp-content\/uploads\/2024\/11\/\u4f01\u4e1a\u5fae\u4fe1\u622a\u56fe_17307765332944-2024110503333787.webp\" alt=\"\u4f01\u4e1a\u5fae\u4fe1\u622a\u56fe 17307765332944 2024110503333787\" width=\"791\" height=\"791\" \/><\/p>","protected":false},"excerpt":{"rendered":"<p><strong>MOQ<\/strong>:  1000 szt.<br \/>\n<strong>Bezp\u0142atna pr\u00f3bka<\/strong>:  Obs\u0142ugiwane<br \/>\n<strong>Personalizacja<\/strong>logo \/ kolor \/ materia\u0142y \/ opakowanie itp.<br \/>\n<strong>Zni\u017cka<\/strong>:  Pierwsze zam\u00f3wienia ju\u017c od 10% taniej.<br \/>\n<strong>Wska\u017anik terminowo\u015bci dostaw<\/strong>:\u00a0 100%<br \/>\n<strong>Przesy\u0142ki og\u00f3\u0142em<\/strong>:  10000 szt.<br \/>\n<strong>Wysy\u0142ka<\/strong>: Fracht morski Fracht l\u0105dowy<\/p>","protected":false},"featured_media":20965,"comment_status":"open","ping_status":"closed","template":"","meta":{"_acf_changed":false},"product_brand":[],"product_cat":[235,322],"product_tag":[],"class_list":{"0":"post-20964","1":"product","2":"type-product","3":"status-publish","4":"has-post-thumbnail","6":"product_cat-christmas-decoration","7":"product_cat-christmas-gift","9":"first","10":"instock","11":"shipping-taxable","12":"product-type-simple","13":"swiper-slide"},"acf":[],"_links":{"self":[{"href":"https:\/\/www.sellersunionagent.com\/pl\/wp-json\/wp\/v2\/product\/20964","targetHints":{"allow":["GET"]}}],"collection":[{"href":"https:\/\/www.sellersunionagent.com\/pl\/wp-json\/wp\/v2\/product"}],"about":[{"href":"https:\/\/www.sellersunionagent.com\/pl\/wp-json\/wp\/v2\/types\/product"}],"replies":[{"embeddable":true,"href":"https:\/\/www.sellersunionagent.com\/pl\/wp-json\/wp\/v2\/comments?post=20964"}],"wp:featuredmedia":[{"embeddable":true,"href":"https:\/\/www.sellersunionagent.com\/pl\/wp-json\/wp\/v2\/media\/20965"}],"wp:attachment":[{"href":"https:\/\/www.sellersunionagent.com\/pl\/wp-json\/wp\/v2\/media?parent=20964"}],"wp:term":[{"taxonomy":"product_brand","embeddable":true,"href":"https:\/\/www.sellersunionagent.com\/pl\/wp-json\/wp\/v2\/product_brand?post=20964"},{"taxonomy":"product_cat","embeddable":true,"href":"https:\/\/www.sellersunionagent.com\/pl\/wp-json\/wp\/v2\/product_cat?post=20964"},{"taxonomy":"product_tag","embeddable":true,"href":"https:\/\/www.sellersunionagent.com\/pl\/wp-json\/wp\/v2\/product_tag?post=20964"}],"curies":[{"name":"wp","href":"https:\/\/api.w.org\/{rel}","templated":true}]}}