{"id":20916,"date":"2024-10-31T12:02:42","date_gmt":"2024-10-31T04:02:42","guid":{"rendered":"https:\/\/sellersunionagent.com\/?post_type=product&#038;p=20916"},"modified":"2025-11-28T10:48:01","modified_gmt":"2025-11-28T02:48:01","slug":"christmas-led-old-man-hanging-lights-snowman-christmas-tree-decorative-lights-window-creative-atmosphere-hanging-pieces-colourful-lights-string","status":"publish","type":"product","link":"https:\/\/www.sellersunionagent.com\/pl\/christmas-led-old-man-hanging-lights-snowman-christmas-tree-decorative-lights-window-creative-atmosphere-hanging-pieces-colourful-lights-string\/","title":{"rendered":"Christmas led old man hanging lights snowman Christmas tree decorative lights window creative atmosphere hanging pieces colourful lights string"},"content":{"rendered":"<h1>2025 Bo\u017ce Narodzenie led staruszek wisz\u0105ce \u015bwiat\u0142a ba\u0142wan choinka dekoracyjne \u015bwiat\u0142a okno kreatywna atmosfera wisz\u0105ce kawa\u0142ki kolorowe \u015bwiat\u0142a ci\u0105g<\/h1>\n<p>&nbsp;<\/p>\n<div class=\"elementor-element elementor-element-c17fac7 elementor-widget elementor-widget-woocommerce-product-short-description\" data-id=\"c17fac7\" data-element_type=\"widget\" data-widget_type=\"woocommerce-product-short-description.default\">\n<div class=\"elementor-widget-container\">\n<div class=\"woocommerce-product-details__short-description\">\n<h3><strong>Rozmiar elementu<\/strong>: 1.5\/3\/6\/10\/5\/6.5\/7\/12\/22\/32\/52\/100M<\/h3>\n<h3><strong>Typ<\/strong>jak na zdj\u0119ciu<\/h3>\n<h3><strong>Materia\u0142: <\/strong>PVC+LED light<\/h3>\n<\/div>\n<\/div>\n<\/div>\n<p>&nbsp;<\/p>\n<ul>\n<li>\n<h4>Battery model<\/h4>\n<\/li>\n<li>\n<h4>USB model<\/h4>\n<\/li>\n<li>\n<h4>Remote control battery model<\/h4>\n<\/li>\n<li>\n<h4>plug-in model<\/h4>\n<\/li>\n<li>\n<h4>solar model<\/h4>\n<\/li>\n<\/ul>\n<p>&nbsp;<\/p>\n<p><img fetchpriority=\"high\" decoding=\"async\" class=\"size-full wp-image-20917\" title=\"\u4f01\u4e1a\u5fae\u4fe1\u622a\u56fe 17303466968447 2024103104005653\" src=\"https:\/\/www.sellersunionagent.com\/wp-content\/uploads\/2024\/10\/\u4f01\u4e1a\u5fae\u4fe1\u622a\u56fe_17303466968447-2024103104005653.webp\" alt=\"\u4f01\u4e1a\u5fae\u4fe1\u622a\u56fe 17303466968447 2024103104005653\" width=\"622\" height=\"625\" \/><\/p>\n<p><img decoding=\"async\" class=\"size-full wp-image-20918\" title=\"\u4f01\u4e1a\u5fae\u4fe1\u622a\u56fe 17303467104245 2024103104010173\" src=\"https:\/\/www.sellersunionagent.com\/wp-content\/uploads\/2024\/10\/\u4f01\u4e1a\u5fae\u4fe1\u622a\u56fe_17303467104245-2024103104010173.webp\" alt=\"\u4f01\u4e1a\u5fae\u4fe1\u622a\u56fe 17303467104245 2024103104010173\" width=\"619\" height=\"622\" \/><\/p>\n<p><img decoding=\"async\" class=\"size-full wp-image-20920\" title=\"\u4f01\u4e1a\u5fae\u4fe1\u622a\u56fe 17303467749342 2024103104011022\" src=\"https:\/\/www.sellersunionagent.com\/wp-content\/uploads\/2024\/10\/\u4f01\u4e1a\u5fae\u4fe1\u622a\u56fe_17303467749342-2024103104011022.webp\" alt=\"\u4f01\u4e1a\u5fae\u4fe1\u622a\u56fe 17303467749342 2024103104011022\" width=\"622\" height=\"625\" \/><\/p>\n<p><img loading=\"lazy\" decoding=\"async\" class=\"wp-image-20921\" title=\"\u4f01\u4e1a\u5fae\u4fe1\u622a\u56fe 17303468312440 2024103104011588\" src=\"https:\/\/www.sellersunionagent.com\/wp-content\/uploads\/2024\/10\/\u4f01\u4e1a\u5fae\u4fe1\u622a\u56fe_17303468312440-2024103104011588.webp\" alt=\"\u4f01\u4e1a\u5fae\u4fe1\u622a\u56fe 17303468312440 2024103104011588\" width=\"625\" height=\"568\" \/><\/p>\n<p><img loading=\"lazy\" decoding=\"async\" class=\"size-full wp-image-20922\" title=\"\u4f01\u4e1a\u5fae\u4fe1\u622a\u56fe 17303468462346 2024103104012031\" src=\"https:\/\/www.sellersunionagent.com\/wp-content\/uploads\/2024\/10\/\u4f01\u4e1a\u5fae\u4fe1\u622a\u56fe_17303468462346-2024103104012031.webp\" alt=\"\u4f01\u4e1a\u5fae\u4fe1\u622a\u56fe 17303468462346 2024103104012031\" width=\"624\" height=\"535\" \/><\/p>\n<p><img loading=\"lazy\" decoding=\"async\" class=\"size-full wp-image-20923\" title=\"\u4f01\u4e1a\u5fae\u4fe1\u622a\u56fe 17303468604355 2024103104012421\" src=\"https:\/\/www.sellersunionagent.com\/wp-content\/uploads\/2024\/10\/\u4f01\u4e1a\u5fae\u4fe1\u622a\u56fe_17303468604355-2024103104012421.webp\" alt=\"\u4f01\u4e1a\u5fae\u4fe1\u622a\u56fe 17303468604355 2024103104012421\" width=\"622\" height=\"535\" \/><\/p>\n<p><img loading=\"lazy\" decoding=\"async\" class=\"size-full wp-image-20924\" title=\"\u4f01\u4e1a\u5fae\u4fe1\u622a\u56fe 17303468831099 2024103104013051\" src=\"https:\/\/www.sellersunionagent.com\/wp-content\/uploads\/2024\/10\/\u4f01\u4e1a\u5fae\u4fe1\u622a\u56fe_17303468831099-2024103104013051.webp\" alt=\"\u4f01\u4e1a\u5fae\u4fe1\u622a\u56fe 17303468831099 2024103104013051\" width=\"622\" height=\"622\" \/><\/p>\n<p><img loading=\"lazy\" decoding=\"async\" class=\"size-full wp-image-20919\" title=\"\u4f01\u4e1a\u5fae\u4fe1\u622a\u56fe 17303467556195 2024103104010512\" src=\"https:\/\/www.sellersunionagent.com\/wp-content\/uploads\/2024\/10\/\u4f01\u4e1a\u5fae\u4fe1\u622a\u56fe_17303467556195-2024103104010512.webp\" alt=\"\u4f01\u4e1a\u5fae\u4fe1\u622a\u56fe 17303467556195 2024103104010512\" width=\"618\" height=\"613\" \/><\/p>","protected":false},"excerpt":{"rendered":"<p><strong>MOQ<\/strong>:  1000 szt.<br \/>\n<strong>Bezp\u0142atna pr\u00f3bka<\/strong>:  Obs\u0142ugiwane<br \/>\n<strong>Personalizacja<\/strong>logo \/ kolor \/ materia\u0142y \/ opakowanie itp.<br \/>\n<strong>Zni\u017cka<\/strong>:  Pierwsze zam\u00f3wienia ju\u017c od 10% taniej.<br \/>\n<strong>Wska\u017anik terminowo\u015bci dostaw<\/strong>:\u00a0 100%<br \/>\n<strong>Przesy\u0142ki og\u00f3\u0142em<\/strong>:  10000 szt.<br \/>\n<strong>Wysy\u0142ka<\/strong>: Fracht morski Fracht l\u0105dowy<\/p>","protected":false},"featured_media":20917,"comment_status":"open","ping_status":"closed","template":"","meta":{"_acf_changed":false},"product_brand":[],"product_cat":[235,319],"product_tag":[],"class_list":{"0":"post-20916","1":"product","2":"type-product","3":"status-publish","4":"has-post-thumbnail","6":"product_cat-christmas-decoration","7":"product_cat-christmas-lighting","9":"first","10":"instock","11":"shipping-taxable","12":"product-type-simple","13":"swiper-slide"},"acf":[],"_links":{"self":[{"href":"https:\/\/www.sellersunionagent.com\/pl\/wp-json\/wp\/v2\/product\/20916","targetHints":{"allow":["GET"]}}],"collection":[{"href":"https:\/\/www.sellersunionagent.com\/pl\/wp-json\/wp\/v2\/product"}],"about":[{"href":"https:\/\/www.sellersunionagent.com\/pl\/wp-json\/wp\/v2\/types\/product"}],"replies":[{"embeddable":true,"href":"https:\/\/www.sellersunionagent.com\/pl\/wp-json\/wp\/v2\/comments?post=20916"}],"wp:featuredmedia":[{"embeddable":true,"href":"https:\/\/www.sellersunionagent.com\/pl\/wp-json\/wp\/v2\/media\/20917"}],"wp:attachment":[{"href":"https:\/\/www.sellersunionagent.com\/pl\/wp-json\/wp\/v2\/media?parent=20916"}],"wp:term":[{"taxonomy":"product_brand","embeddable":true,"href":"https:\/\/www.sellersunionagent.com\/pl\/wp-json\/wp\/v2\/product_brand?post=20916"},{"taxonomy":"product_cat","embeddable":true,"href":"https:\/\/www.sellersunionagent.com\/pl\/wp-json\/wp\/v2\/product_cat?post=20916"},{"taxonomy":"product_tag","embeddable":true,"href":"https:\/\/www.sellersunionagent.com\/pl\/wp-json\/wp\/v2\/product_tag?post=20916"}],"curies":[{"name":"wp","href":"https:\/\/api.w.org\/{rel}","templated":true}]}}