{"id":20904,"date":"2024-10-31T11:48:16","date_gmt":"2024-10-31T03:48:16","guid":{"rendered":"https:\/\/sellersunionagent.com\/?post_type=product&#038;p=20904"},"modified":"2025-11-28T10:47:41","modified_gmt":"2025-11-28T02:47:41","slug":"new-christmas-candy-bags-party-performance-decoration-father-christmas-gift-bags-cookies-opp-flat-pockets","status":"publish","type":"product","link":"https:\/\/www.sellersunionagent.com\/pl\/new-christmas-candy-bags-party-performance-decoration-father-christmas-gift-bags-cookies-opp-flat-pockets\/","title":{"rendered":"New Christmas Candy Bags Party Performance Decoration Father Christmas Gift Bags Cookies opp Flat Pockets"},"content":{"rendered":"<h1>2025 Nowe \u015bwi\u0105teczne torby na cukierki Impreza Wydajno\u015b\u0107 Dekoracja Ojciec Bo\u017ce Narodzenie Torby na prezenty Ciasteczka opp P\u0142askie kieszenie<\/h1>\n<p>&nbsp;<\/p>\n<h3><strong>Rozmiar elementu<\/strong>: 13*27.5CM<\/h3>\n<h3><strong>Kolory<\/strong>: green\/ blue\/red\/orange<\/h3>\n<h3><strong>Materia\u0142: <\/strong>opp<\/h3>\n<p>&nbsp;<\/p>\n<ul>\n<li>\n<h4>Wysoka g\u0142o\u015bno\u015b\u0107<\/h4>\n<\/li>\n<li>\n<h4>Kreatywne projektowanie<\/h4>\n<\/li>\n<li>\n<h4>Przedmioty \u015bwi\u0105teczne<\/h4>\n<\/li>\n<\/ul>\n<p><img fetchpriority=\"high\" decoding=\"async\" class=\"size-full wp-image-20911\" title=\"\u4f01\u4e1a\u5fae\u4fe1\u622a\u56fe 17303462252265 2024103103450657\" src=\"https:\/\/www.sellersunionagent.com\/wp-content\/uploads\/2024\/10\/\u4f01\u4e1a\u5fae\u4fe1\u622a\u56fe_17303462252265-2024103103450657.webp\" alt=\"\u4f01\u4e1a\u5fae\u4fe1\u622a\u56fe 17303462252265 2024103103450657\" width=\"735\" height=\"760\" \/><\/p>\n<p><img decoding=\"async\" class=\"size-full wp-image-20913\" title=\"\u4f01\u4e1a\u5fae\u4fe1\u622a\u56fe 1730346263554 2024103103451619\" src=\"https:\/\/www.sellersunionagent.com\/wp-content\/uploads\/2024\/10\/\u4f01\u4e1a\u5fae\u4fe1\u622a\u56fe_1730346263554-2024103103451619.webp\" alt=\"\u4f01\u4e1a\u5fae\u4fe1\u622a\u56fe 1730346263554 2024103103451619\" width=\"738\" height=\"762\" \/><\/p>\n<p>&nbsp;<\/p>\n<p>&nbsp;<\/p>\n<p><img decoding=\"async\" class=\"size-full wp-image-20909\" title=\"\u4f01\u4e1a\u5fae\u4fe1\u622a\u56fe 17303457759927 2024103103405046\" src=\"https:\/\/www.sellersunionagent.com\/wp-content\/uploads\/2024\/10\/\u4f01\u4e1a\u5fae\u4fe1\u622a\u56fe_17303457759927-2024103103405046.webp\" alt=\"\u4f01\u4e1a\u5fae\u4fe1\u622a\u56fe 17303457759927 2024103103405046\" width=\"787\" height=\"740\" \/><\/p>\n<p><img loading=\"lazy\" decoding=\"async\" class=\"size-full wp-image-20915\" title=\"\u4f01\u4e1a\u5fae\u4fe1\u622a\u56fe 17303464344702 2024103103474699\" src=\"https:\/\/www.sellersunionagent.com\/wp-content\/uploads\/2024\/10\/\u4f01\u4e1a\u5fae\u4fe1\u622a\u56fe_17303464344702-2024103103474699.webp\" alt=\"\u4f01\u4e1a\u5fae\u4fe1\u622a\u56fe 17303464344702 2024103103474699\" width=\"786\" height=\"765\" \/><\/p>\n<p><img loading=\"lazy\" decoding=\"async\" class=\"size-full wp-image-20910\" title=\"\u4f01\u4e1a\u5fae\u4fe1\u622a\u56fe 17303457891229 2024103103405665\" src=\"https:\/\/www.sellersunionagent.com\/wp-content\/uploads\/2024\/10\/\u4f01\u4e1a\u5fae\u4fe1\u622a\u56fe_17303457891229-2024103103405665.webp\" alt=\"\u4f01\u4e1a\u5fae\u4fe1\u622a\u56fe 17303457891229 2024103103405665\" width=\"784\" height=\"765\" \/><\/p>\n<p><img loading=\"lazy\" decoding=\"async\" class=\"size-full wp-image-20914\" title=\"\u4f01\u4e1a\u5fae\u4fe1\u622a\u56fe 17303462853258 2024103103452154\" src=\"https:\/\/www.sellersunionagent.com\/wp-content\/uploads\/2024\/10\/\u4f01\u4e1a\u5fae\u4fe1\u622a\u56fe_17303462853258-2024103103452154.webp\" alt=\"\u4f01\u4e1a\u5fae\u4fe1\u622a\u56fe 17303462853258 2024103103452154\" width=\"788\" height=\"747\" \/><\/p>","protected":false},"excerpt":{"rendered":"<p><strong>MOQ<\/strong>:  1000 szt.<br \/>\n<strong>Bezp\u0142atna pr\u00f3bka<\/strong>:  Obs\u0142ugiwane<br \/>\n<strong>Personalizacja<\/strong>logo \/ kolor \/ materia\u0142y \/ opakowanie itp.<br \/>\n<strong>Zni\u017cka<\/strong>:  Pierwsze zam\u00f3wienia ju\u017c od 10% taniej.<br \/>\n<strong>Wska\u017anik terminowo\u015bci dostaw<\/strong>:\u00a0 100%<br \/>\n<strong>Przesy\u0142ki og\u00f3\u0142em<\/strong>:  10000 szt.<br \/>\n<strong>Wysy\u0142ka<\/strong>: Fracht morski Fracht l\u0105dowy<\/p>","protected":false},"featured_media":20911,"comment_status":"open","ping_status":"closed","template":"","meta":{"_acf_changed":false},"product_brand":[],"product_cat":[235,322,229],"product_tag":[],"class_list":{"0":"post-20904","1":"product","2":"type-product","3":"status-publish","4":"has-post-thumbnail","6":"product_cat-christmas-decoration","7":"product_cat-christmas-gift","8":"product_cat-party-supplies","10":"first","11":"instock","12":"shipping-taxable","13":"product-type-simple","14":"swiper-slide"},"acf":[],"_links":{"self":[{"href":"https:\/\/www.sellersunionagent.com\/pl\/wp-json\/wp\/v2\/product\/20904","targetHints":{"allow":["GET"]}}],"collection":[{"href":"https:\/\/www.sellersunionagent.com\/pl\/wp-json\/wp\/v2\/product"}],"about":[{"href":"https:\/\/www.sellersunionagent.com\/pl\/wp-json\/wp\/v2\/types\/product"}],"replies":[{"embeddable":true,"href":"https:\/\/www.sellersunionagent.com\/pl\/wp-json\/wp\/v2\/comments?post=20904"}],"wp:featuredmedia":[{"embeddable":true,"href":"https:\/\/www.sellersunionagent.com\/pl\/wp-json\/wp\/v2\/media\/20911"}],"wp:attachment":[{"href":"https:\/\/www.sellersunionagent.com\/pl\/wp-json\/wp\/v2\/media?parent=20904"}],"wp:term":[{"taxonomy":"product_brand","embeddable":true,"href":"https:\/\/www.sellersunionagent.com\/pl\/wp-json\/wp\/v2\/product_brand?post=20904"},{"taxonomy":"product_cat","embeddable":true,"href":"https:\/\/www.sellersunionagent.com\/pl\/wp-json\/wp\/v2\/product_cat?post=20904"},{"taxonomy":"product_tag","embeddable":true,"href":"https:\/\/www.sellersunionagent.com\/pl\/wp-json\/wp\/v2\/product_tag?post=20904"}],"curies":[{"name":"wp","href":"https:\/\/api.w.org\/{rel}","templated":true}]}}