{"id":20656,"date":"2024-10-23T16:34:50","date_gmt":"2024-10-23T08:34:50","guid":{"rendered":"https:\/\/sellersunionagent.com\/?post_type=product&#038;p=20656"},"modified":"2024-10-23T16:34:50","modified_gmt":"2024-10-23T08:34:50","slug":"przenosne-podrozne-pudelko-na-bizuterie-akrylowe-pudelka-na-bizuterie-uchwyt-na-kolczyki-organizer-na-bizuterie","status":"publish","type":"product","link":"https:\/\/www.sellersunionagent.com\/pl\/portable-travel-jewelry-box-acrylic-jewelry-boxes-earring-holder-jewelry-storage-organizer\/","title":{"rendered":"Przeno\u015bne podr\u00f3\u017cne pude\u0142ko na bi\u017cuteri\u0119 Akrylowe pude\u0142ka na bi\u017cuteri\u0119 Uchwyt na kolczyki Organizer do przechowywania bi\u017cuterii"},"content":{"rendered":"<h1 title=\"Przeno\u015bne podr\u00f3\u017cne pude\u0142ko na bi\u017cuteri\u0119 Akrylowe pude\u0142ka na bi\u017cuteri\u0119 Uchwyt na kolczyki Organizer do przechowywania bi\u017cuterii\" data-spm-anchor-id=\"a2700.details.0.i25.4fc213fewrb2Ww\">Przeno\u015bne podr\u00f3\u017cne pude\u0142ko na bi\u017cuteri\u0119 Akrylowe pude\u0142ka na bi\u017cuteri\u0119 Uchwyt na kolczyki Organizer do przechowywania bi\u017cuterii<\/h1>\n<div class=\"elementor-element elementor-element-c17fac7 elementor-widget elementor-widget-woocommerce-product-short-description\" data-id=\"c17fac7\" data-element_type=\"widget\" data-widget_type=\"woocommerce-product-short-description.default\">\n<div class=\"elementor-widget-container\">\n<div class=\"woocommerce-product-details__short-description\">\n<h3><strong>Numer pozycji:<\/strong> ZG6123<\/h3>\n<h3><strong>Rozmiar elementu<\/strong>: 15*15*7CM<\/h3>\n<h3><strong>Kolory<\/strong>bia\u0142y\/przezroczysty<\/h3>\n<h3><strong>Materia\u0142: akryl<\/strong><\/h3>\n<p>&nbsp;<\/p>\n<\/div>\n<\/div>\n<\/div>\n<ul>\n<li>\n<h4>Py\u0142oszczelno\u015b\u0107 i wodoodporno\u015b\u0107<\/h4>\n<\/li>\n<li>\n<h4>Wysoka g\u0142o\u015bno\u015b\u0107<\/h4>\n<\/li>\n<li>\n<h4>Klasyfikacja wielowarstwowa<\/h4>\n<\/li>\n<\/ul>\n<p><img fetchpriority=\"high\" decoding=\"async\" class=\"size-medium wp-image-20658\" title=\"H7c0eeb071b49446ebff96293f2e4d163c.jpg avif=close 2024102308283181\" src=\"https:\/\/www.sellersunionagent.com\/wp-content\/uploads\/2024\/10\/H7c0eeb071b49446ebff96293f2e4d163c.jpg_avifclose-2024102308283181.webp\" alt=\"H7c0eeb071b49446ebff96293f2e4d163c.jpg avif=close 2024102308283181\" width=\"788\" height=\"790\" \/><\/p>\n<p><img decoding=\"async\" class=\"size-medium wp-image-20659\" title=\"H63e9f61c1eb84c80a9270fb0565c33a7u.jpg avif=close 2024102308283763\" src=\"https:\/\/www.sellersunionagent.com\/wp-content\/uploads\/2024\/10\/H63e9f61c1eb84c80a9270fb0565c33a7u.jpg_avifclose-2024102308283763.webp\" alt=\"H63e9f61c1eb84c80a9270fb0565c33a7u.jpg avif=close 2024102308283763\" width=\"750\" height=\"750\" \/><\/p>\n<p><img decoding=\"async\" class=\"size-medium wp-image-20660\" title=\"H8658a347cae24be68b75dcbfd83b59b1O.jpg avif=close 2024102308284351\" src=\"https:\/\/www.sellersunionagent.com\/wp-content\/uploads\/2024\/10\/H8658a347cae24be68b75dcbfd83b59b1O.jpg_avifclose-2024102308284351.webp\" alt=\"H8658a347cae24be68b75dcbfd83b59b1O.jpg avif=close 2024102308284351\" width=\"800\" height=\"800\" \/><\/p>\n<p><img loading=\"lazy\" decoding=\"async\" class=\"size-medium wp-image-20661\" title=\"H29322cb9789b41029d5cd86f88d5279ec.jpg avif=close 2024102308284846\" src=\"https:\/\/www.sellersunionagent.com\/wp-content\/uploads\/2024\/10\/H29322cb9789b41029d5cd86f88d5279ec.jpg_avifclose-2024102308284846.webp\" alt=\"H29322cb9789b41029d5cd86f88d5279ec.jpg avif=close 2024102308284846\" width=\"800\" height=\"800\" \/><\/p>\n<p><img loading=\"lazy\" decoding=\"async\" class=\"size-full wp-image-20662\" title=\"Ha5a1985d09a046a798d9e796f683a73eE.jpg avif=close 2024102308285539\" src=\"https:\/\/www.sellersunionagent.com\/wp-content\/uploads\/2024\/10\/Ha5a1985d09a046a798d9e796f683a73eE.jpg_avifclose-2024102308285539.webp\" alt=\"Ha5a1985d09a046a798d9e796f683a73eE.jpg avif=close 2024102308285539\" width=\"750\" height=\"750\" \/><\/p>\n<p><img loading=\"lazy\" decoding=\"async\" class=\"size-full wp-image-20657\" title=\"H01e03f4c0df44ec3afb9e2e27245436at.jpg avif=close 2024102308282585\" src=\"https:\/\/www.sellersunionagent.com\/wp-content\/uploads\/2024\/10\/H01e03f4c0df44ec3afb9e2e27245436at.jpg_avifclose-2024102308282585.webp\" alt=\"H01e03f4c0df44ec3afb9e2e27245436at.jpg avif=close 2024102308282585\" width=\"790\" height=\"790\" \/><\/p>","protected":false},"excerpt":{"rendered":"<p><strong>MOQ<\/strong>:  1000 szt.<br \/>\n<strong>Bezp\u0142atna pr\u00f3bka<\/strong>:  Obs\u0142ugiwane<br \/>\n<strong>Personalizacja<\/strong>logo \/ kolor \/ materia\u0142y \/ opakowanie itp.<br \/>\n<strong>Zni\u017cka<\/strong>:  Pierwsze zam\u00f3wienia ju\u017c od 10% taniej.<br \/>\n<strong>Wska\u017anik terminowo\u015bci dostaw<\/strong>:\u00a0 100%<br \/>\n<strong>Przesy\u0142ki og\u00f3\u0142em<\/strong>:  10000 szt.<br \/>\n<strong>Wysy\u0142ka<\/strong>: Fracht morski Fracht l\u0105dowy<\/p>","protected":false},"featured_media":20662,"comment_status":"open","ping_status":"closed","template":"","meta":{"_acf_changed":false},"product_brand":[],"product_cat":[237],"product_tag":[],"class_list":{"0":"post-20656","1":"product","2":"type-product","3":"status-publish","4":"has-post-thumbnail","6":"product_cat-new-arrivals","8":"first","9":"instock","10":"shipping-taxable","11":"product-type-simple","12":"swiper-slide"},"acf":[],"_links":{"self":[{"href":"https:\/\/www.sellersunionagent.com\/pl\/wp-json\/wp\/v2\/product\/20656","targetHints":{"allow":["GET"]}}],"collection":[{"href":"https:\/\/www.sellersunionagent.com\/pl\/wp-json\/wp\/v2\/product"}],"about":[{"href":"https:\/\/www.sellersunionagent.com\/pl\/wp-json\/wp\/v2\/types\/product"}],"replies":[{"embeddable":true,"href":"https:\/\/www.sellersunionagent.com\/pl\/wp-json\/wp\/v2\/comments?post=20656"}],"wp:featuredmedia":[{"embeddable":true,"href":"https:\/\/www.sellersunionagent.com\/pl\/wp-json\/wp\/v2\/media\/20662"}],"wp:attachment":[{"href":"https:\/\/www.sellersunionagent.com\/pl\/wp-json\/wp\/v2\/media?parent=20656"}],"wp:term":[{"taxonomy":"product_brand","embeddable":true,"href":"https:\/\/www.sellersunionagent.com\/pl\/wp-json\/wp\/v2\/product_brand?post=20656"},{"taxonomy":"product_cat","embeddable":true,"href":"https:\/\/www.sellersunionagent.com\/pl\/wp-json\/wp\/v2\/product_cat?post=20656"},{"taxonomy":"product_tag","embeddable":true,"href":"https:\/\/www.sellersunionagent.com\/pl\/wp-json\/wp\/v2\/product_tag?post=20656"}],"curies":[{"name":"wp","href":"https:\/\/api.w.org\/{rel}","templated":true}]}}