{"id":20640,"date":"2024-10-23T16:20:41","date_gmt":"2024-10-23T08:20:41","guid":{"rendered":"https:\/\/sellersunionagent.com\/?post_type=product&#038;p=20640"},"modified":"2024-10-23T16:20:41","modified_gmt":"2024-10-23T08:20:41","slug":"metalowy-siatkowy-stalowy-kosz-do-przechowywania-wielofunkcyjny-wiszacy-kuchenny-kosz-na-owoce-z-drewnianym-uchwytem","status":"publish","type":"product","link":"https:\/\/www.sellersunionagent.com\/pl\/metal-mesh-steel-storage-organizer-basket-multi-functional-hanging-kitchen-fruit-basket-with-wood-handle\/","title":{"rendered":"Metalowy siatkowy stalowy kosz do przechowywania Wielofunkcyjny wisz\u0105cy kuchenny kosz na owoce z drewnianym uchwytem"},"content":{"rendered":"<h1 title=\"Metalowy siatkowy stalowy kosz do przechowywania Wielofunkcyjny wisz\u0105cy kuchenny kosz na owoce z drewnianym uchwytem\" data-spm-anchor-id=\"a2700.details.0.i1.252de353sUtqed\">Metalowy siatkowy stalowy kosz do przechowywania Wielofunkcyjny wisz\u0105cy kuchenny kosz na owoce z drewnianym uchwytem<\/h1>\n<div class=\"elementor-element elementor-element-c17fac7 elementor-widget elementor-widget-woocommerce-product-short-description\" data-id=\"c17fac7\" data-element_type=\"widget\" data-widget_type=\"woocommerce-product-short-description.default\">\n<div class=\"elementor-widget-container\">\n<div class=\"woocommerce-product-details__short-description\">\n<h3><strong>Numer pozycji:<\/strong> YK0088<\/h3>\n<h3><strong>Rozmiar elementu<\/strong>25*25*15CM<\/h3>\n<h3><strong>Kolory<\/strong>bia\u0142y\/niebieski\/r\u00f3\u017cowy\/fioletowy\/\u017c\u00f3\u0142ty\/czarny<\/h3>\n<h3><strong>Materia\u0142: <\/strong>psychiczny<\/h3>\n<\/div>\n<\/div>\n<\/div>\n<p>&nbsp;<\/p>\n<ul>\n<li>\n<h4>Wisz\u0105cy kosz owoc\u00f3w<\/h4>\n<\/li>\n<li>\n<h4>Opcja wielokolorowa<\/h4>\n<\/li>\n<li>\n<h4>Bez dziurkowania<\/h4>\n<\/li>\n<\/ul>\n<p><img fetchpriority=\"high\" decoding=\"async\" class=\"size-full wp-image-20647\" title=\"H707c181239b44776a170b5ad2b17cdc5x.jpg avif=close 2024102308162078\" src=\"https:\/\/www.sellersunionagent.com\/wp-content\/uploads\/2024\/10\/H707c181239b44776a170b5ad2b17cdc5x.jpg_avifclose-2024102308162078.webp\" alt=\"H707c181239b44776a170b5ad2b17cdc5x.jpg avif=close 2024102308162078\" width=\"800\" height=\"800\" \/><\/p>\n<p><img decoding=\"async\" class=\"size-full wp-image-20648\" title=\"H8652616c69964fa59dfb1140ae773d4c0.jpg avif=close 2024102308162779\" src=\"https:\/\/www.sellersunionagent.com\/wp-content\/uploads\/2024\/10\/H8652616c69964fa59dfb1140ae773d4c0.jpg_avifclose-2024102308162779.webp\" alt=\"H8652616c69964fa59dfb1140ae773d4c0.jpg avif=close 2024102308162779\" width=\"800\" height=\"800\" \/><\/p>\n<p><img decoding=\"async\" class=\"size-full wp-image-20649\" title=\"Hb94f5b1c297f441c879c789b6fd8098dT.jpg avif=close 2024102308163515\" src=\"https:\/\/www.sellersunionagent.com\/wp-content\/uploads\/2024\/10\/Hb94f5b1c297f441c879c789b6fd8098dT.jpg_avifclose-2024102308163515.webp\" alt=\"Hb94f5b1c297f441c879c789b6fd8098dT.jpg avif=close 2024102308163515\" width=\"800\" height=\"800\" \/><\/p>\n<p><img loading=\"lazy\" decoding=\"async\" class=\"size-full wp-image-20650\" title=\"Hbce9620999274c649f7de5246226b78aJ.jpg avif=close 2024102308164350\" src=\"https:\/\/www.sellersunionagent.com\/wp-content\/uploads\/2024\/10\/Hbce9620999274c649f7de5246226b78aJ.jpg_avifclose-2024102308164350.webp\" alt=\"Hbce9620999274c649f7de5246226b78aJ.jpg avif=close 2024102308164350\" width=\"790\" height=\"790\" \/><\/p>\n<p><img loading=\"lazy\" decoding=\"async\" class=\"size-full wp-image-20652\" title=\"He7ea3266c7ba4bbb99be71d232b6a76fA.jpg avif=close 2024102308165527\" src=\"https:\/\/www.sellersunionagent.com\/wp-content\/uploads\/2024\/10\/He7ea3266c7ba4bbb99be71d232b6a76fA.jpg_avifclose-2024102308165527.webp\" alt=\"He7ea3266c7ba4bbb99be71d232b6a76fA.jpg avif=close 2024102308165527\" width=\"800\" height=\"800\" \/><\/p>\n<p><img loading=\"lazy\" decoding=\"async\" class=\"size-full wp-image-20645\" title=\"H8ecd9792ce894532b017cffe3b2bf28aP 2024102308160536\" src=\"https:\/\/www.sellersunionagent.com\/wp-content\/uploads\/2024\/10\/H8ecd9792ce894532b017cffe3b2bf28aP-2024102308160536.webp\" alt=\"H8ecd9792ce894532b017cffe3b2bf28aP 2024102308160536\" width=\"800\" height=\"800\" \/><\/p>\n<p><img loading=\"lazy\" decoding=\"async\" class=\"size-full wp-image-20644\" title=\"H1c06d98fd83b496b9d26db07c4ba8035I.jpg avif=close 2024102308155831\" src=\"https:\/\/www.sellersunionagent.com\/wp-content\/uploads\/2024\/10\/H1c06d98fd83b496b9d26db07c4ba8035I.jpg_avifclose-2024102308155831.webp\" alt=\"H1c06d98fd83b496b9d26db07c4ba8035I.jpg avif=close 2024102308155831\" width=\"800\" height=\"800\" \/><\/p>\n<p><img loading=\"lazy\" decoding=\"async\" class=\"size-full wp-image-20646\" title=\"H77d91b13830a4c7d91143ac337cd18836 2024102308161218\" src=\"https:\/\/www.sellersunionagent.com\/wp-content\/uploads\/2024\/10\/H77d91b13830a4c7d91143ac337cd18836-2024102308161218.webp\" alt=\"H77d91b13830a4c7d91143ac337cd18836 2024102308161218\" width=\"800\" height=\"800\" \/><\/p>\n<p><img loading=\"lazy\" decoding=\"async\" class=\"size-full wp-image-20651\" title=\"Hccc640586aee438a80ebd72aaa117b4dI 2024102308164836\" src=\"https:\/\/www.sellersunionagent.com\/wp-content\/uploads\/2024\/10\/Hccc640586aee438a80ebd72aaa117b4dI-2024102308164836.webp\" alt=\"Hccc640586aee438a80ebd72aaa117b4dI 2024102308164836\" width=\"800\" height=\"800\" \/><\/p>","protected":false},"excerpt":{"rendered":"<p><strong>MOQ<\/strong>:  1000 szt.<br \/>\n<strong>Bezp\u0142atna pr\u00f3bka<\/strong>:  Obs\u0142ugiwane<br \/>\n<strong>Personalizacja<\/strong>logo \/ kolor \/ materia\u0142y \/ opakowanie itp.<br \/>\n<strong>Zni\u017cka<\/strong>:  Pierwsze zam\u00f3wienia ju\u017c od 10% taniej.<br \/>\n<strong>Wska\u017anik terminowo\u015bci dostaw<\/strong>:\u00a0 100%<br \/>\n<strong>Przesy\u0142ki og\u00f3\u0142em<\/strong>:  10000 szt.<br \/>\n<strong>Wysy\u0142ka<\/strong>: Fracht morski Fracht l\u0105dowy<\/p>","protected":false},"featured_media":20647,"comment_status":"open","ping_status":"closed","template":"","meta":{"_acf_changed":false},"product_brand":[],"product_cat":[188],"product_tag":[],"class_list":{"0":"post-20640","1":"product","2":"type-product","3":"status-publish","4":"has-post-thumbnail","6":"product_cat-kitchen","8":"first","9":"instock","10":"shipping-taxable","11":"product-type-simple","12":"swiper-slide"},"acf":[],"_links":{"self":[{"href":"https:\/\/www.sellersunionagent.com\/pl\/wp-json\/wp\/v2\/product\/20640","targetHints":{"allow":["GET"]}}],"collection":[{"href":"https:\/\/www.sellersunionagent.com\/pl\/wp-json\/wp\/v2\/product"}],"about":[{"href":"https:\/\/www.sellersunionagent.com\/pl\/wp-json\/wp\/v2\/types\/product"}],"replies":[{"embeddable":true,"href":"https:\/\/www.sellersunionagent.com\/pl\/wp-json\/wp\/v2\/comments?post=20640"}],"wp:featuredmedia":[{"embeddable":true,"href":"https:\/\/www.sellersunionagent.com\/pl\/wp-json\/wp\/v2\/media\/20647"}],"wp:attachment":[{"href":"https:\/\/www.sellersunionagent.com\/pl\/wp-json\/wp\/v2\/media?parent=20640"}],"wp:term":[{"taxonomy":"product_brand","embeddable":true,"href":"https:\/\/www.sellersunionagent.com\/pl\/wp-json\/wp\/v2\/product_brand?post=20640"},{"taxonomy":"product_cat","embeddable":true,"href":"https:\/\/www.sellersunionagent.com\/pl\/wp-json\/wp\/v2\/product_cat?post=20640"},{"taxonomy":"product_tag","embeddable":true,"href":"https:\/\/www.sellersunionagent.com\/pl\/wp-json\/wp\/v2\/product_tag?post=20640"}],"curies":[{"name":"wp","href":"https:\/\/api.w.org\/{rel}","templated":true}]}}