{"id":20626,"date":"2024-10-23T16:05:57","date_gmt":"2024-10-23T08:05:57","guid":{"rendered":"https:\/\/sellersunionagent.com\/?post_type=product&#038;p=20626"},"modified":"2024-10-23T16:05:57","modified_gmt":"2024-10-23T08:05:57","slug":"pojemnik-do-przechowywania-ryzu-dozownik-ziarna-obrotowe-wiadro-na-ryz-odporne-na-wilgoc-do-kuchni-zywnosc","status":"publish","type":"product","link":"https:\/\/www.sellersunionagent.com\/pl\/rice-storage-container-grain-dispenser-rotating-grain-rice-bucket-moisture-resistant-for-kitchen-food\/","title":{"rendered":"Pojemnik do przechowywania ry\u017cu Dozownik ziarna Obrotowe wiadro na ziarno ry\u017cu Odporne na wilgo\u0107 do \u017cywno\u015bci kuchennej"},"content":{"rendered":"<h1 title=\"Pojemnik do przechowywania ry\u017cu Dozownik ziarna Obrotowe wiadro na ziarno ry\u017cu Odporne na wilgo\u0107 do \u017cywno\u015bci kuchennej\" data-spm-anchor-id=\"a2700.details.0.i39.599327bb4YwR1n\">Pojemnik do przechowywania ry\u017cu Dozownik ziarna Obrotowe wiadro na ziarno ry\u017cu Odporne na wilgo\u0107 do \u017cywno\u015bci kuchennej<\/h1>\n<div class=\"elementor-element elementor-element-c17fac7 elementor-widget elementor-widget-woocommerce-product-short-description\" data-id=\"c17fac7\" data-element_type=\"widget\" data-widget_type=\"woocommerce-product-short-description.default\">\n<div class=\"elementor-widget-container\">\n<div class=\"woocommerce-product-details__short-description\">\n<h3><strong>Numer pozycji:<\/strong> CX01<\/h3>\n<h3><strong>Rozmiar elementu<\/strong>24*24cm\/27*27CM<\/h3>\n<h3><strong>Kolory<\/strong>bia\u0142y\/zielony\/kremowy<\/h3>\n<h3><strong>Materia\u0142: <\/strong>plastik<\/h3>\n<\/div>\n<\/div>\n<\/div>\n<p>&nbsp;<\/p>\n<ul>\n<li>\n<h4>Wysoka g\u0142o\u015bno\u015b\u0107<\/h4>\n<\/li>\n<li>\n<h4>Py\u0142oszczelno\u015b\u0107 i wodoodporno\u015b\u0107<\/h4>\n<\/li>\n<li>\n<h4>Posortowana pami\u0119\u0107 masowa<\/h4>\n<\/li>\n<\/ul>\n<p><img fetchpriority=\"high\" decoding=\"async\" class=\"size-full wp-image-20636\" title=\"He65c6b9a36e94631858aeee704d63197T.jpg avif=close 2024102308033799\" src=\"https:\/\/www.sellersunionagent.com\/wp-content\/uploads\/2024\/10\/He65c6b9a36e94631858aeee704d63197T.jpg_avifclose-2024102308033799.webp\" alt=\"He65c6b9a36e94631858aeee704d63197T.jpg avif=close 2024102308033799\" width=\"800\" height=\"800\" \/><\/p>\n<p><img decoding=\"async\" class=\"size-medium wp-image-20635\" title=\"Hb7aff492f7a84fe28edc0165bfb94554S.jpg avif=close 2024102308033169\" src=\"https:\/\/www.sellersunionagent.com\/wp-content\/uploads\/2024\/10\/Hb7aff492f7a84fe28edc0165bfb94554S.jpg_avifclose-2024102308033169.webp\" alt=\"Hb7aff492f7a84fe28edc0165bfb94554S.jpg avif=close 2024102308033169\" width=\"800\" height=\"800\" \/><\/p>\n<p><img decoding=\"async\" class=\"size-medium wp-image-20634\" title=\"H559342e756cb482c843852aec18a7159c.jpg avif=close 2024102308032698\" src=\"https:\/\/www.sellersunionagent.com\/wp-content\/uploads\/2024\/10\/H559342e756cb482c843852aec18a7159c.jpg_avifclose-2024102308032698.webp\" alt=\"H559342e756cb482c843852aec18a7159c.jpg avif=close 2024102308032698\" width=\"800\" height=\"800\" \/><\/p>\n<p><img loading=\"lazy\" decoding=\"async\" class=\"size-medium wp-image-20633\" title=\"H9610c09bcfd0485d8c6fba63d6f0ad32B.jpg avif=close 2024102308032131\" src=\"https:\/\/www.sellersunionagent.com\/wp-content\/uploads\/2024\/10\/H9610c09bcfd0485d8c6fba63d6f0ad32B.jpg_avifclose-2024102308032131.webp\" alt=\"H9610c09bcfd0485d8c6fba63d6f0ad32B.jpg avif=close 2024102308032131\" width=\"800\" height=\"800\" \/><\/p>\n<p><img loading=\"lazy\" decoding=\"async\" class=\"size-medium wp-image-20632\" title=\"H72aae0785d5c455c9e331e4dea1e0fbal.jpg avif=close 2024102308031617\" src=\"https:\/\/www.sellersunionagent.com\/wp-content\/uploads\/2024\/10\/H72aae0785d5c455c9e331e4dea1e0fbal.jpg_avifclose-2024102308031617.webp\" alt=\"H72aae0785d5c455c9e331e4dea1e0fbal.jpg avif=close 2024102308031617\" width=\"800\" height=\"800\" \/><\/p>\n<p><img loading=\"lazy\" decoding=\"async\" class=\"size-full wp-image-20631\" title=\"H5f699e4d84444d9ca61124dbcbb23237x.jpg avif=close 2024102308031130\" src=\"https:\/\/www.sellersunionagent.com\/wp-content\/uploads\/2024\/10\/H5f699e4d84444d9ca61124dbcbb23237x.jpg_avifclose-2024102308031130.webp\" alt=\"H5f699e4d84444d9ca61124dbcbb23237x.jpg avif=close 2024102308031130\" width=\"790\" height=\"790\" \/><\/p>","protected":false},"excerpt":{"rendered":"<p><strong>MOQ<\/strong>:  1000 szt.<br \/>\n<strong>Bezp\u0142atna pr\u00f3bka<\/strong>:  Obs\u0142ugiwane<br \/>\n<strong>Personalizacja<\/strong>logo \/ kolor \/ materia\u0142y \/ opakowanie itp.<br \/>\n<strong>Zni\u017cka<\/strong>:  Pierwsze zam\u00f3wienia ju\u017c od 10% taniej.<br \/>\n<strong>Wska\u017anik terminowo\u015bci dostaw<\/strong>:\u00a0 100%<br \/>\n<strong>Przesy\u0142ki og\u00f3\u0142em<\/strong>:  10000 szt.<br \/>\n<strong>Wysy\u0142ka<\/strong>: Fracht morski Fracht l\u0105dowy<\/p>","protected":false},"featured_media":20633,"comment_status":"open","ping_status":"closed","template":"","meta":{"_acf_changed":false},"product_brand":[],"product_cat":[188],"product_tag":[],"class_list":{"0":"post-20626","1":"product","2":"type-product","3":"status-publish","4":"has-post-thumbnail","6":"product_cat-kitchen","8":"first","9":"instock","10":"shipping-taxable","11":"product-type-simple","12":"swiper-slide"},"acf":[],"_links":{"self":[{"href":"https:\/\/www.sellersunionagent.com\/pl\/wp-json\/wp\/v2\/product\/20626","targetHints":{"allow":["GET"]}}],"collection":[{"href":"https:\/\/www.sellersunionagent.com\/pl\/wp-json\/wp\/v2\/product"}],"about":[{"href":"https:\/\/www.sellersunionagent.com\/pl\/wp-json\/wp\/v2\/types\/product"}],"replies":[{"embeddable":true,"href":"https:\/\/www.sellersunionagent.com\/pl\/wp-json\/wp\/v2\/comments?post=20626"}],"wp:featuredmedia":[{"embeddable":true,"href":"https:\/\/www.sellersunionagent.com\/pl\/wp-json\/wp\/v2\/media\/20633"}],"wp:attachment":[{"href":"https:\/\/www.sellersunionagent.com\/pl\/wp-json\/wp\/v2\/media?parent=20626"}],"wp:term":[{"taxonomy":"product_brand","embeddable":true,"href":"https:\/\/www.sellersunionagent.com\/pl\/wp-json\/wp\/v2\/product_brand?post=20626"},{"taxonomy":"product_cat","embeddable":true,"href":"https:\/\/www.sellersunionagent.com\/pl\/wp-json\/wp\/v2\/product_cat?post=20626"},{"taxonomy":"product_tag","embeddable":true,"href":"https:\/\/www.sellersunionagent.com\/pl\/wp-json\/wp\/v2\/product_tag?post=20626"}],"curies":[{"name":"wp","href":"https:\/\/api.w.org\/{rel}","templated":true}]}}