{"id":20123,"date":"2024-10-14T18:01:14","date_gmt":"2024-10-14T10:01:14","guid":{"rendered":"https:\/\/sellersunionagent.com\/?post_type=product&#038;p=20123"},"modified":"2024-10-22T17:53:36","modified_gmt":"2024-10-22T09:53:36","slug":"nascienny-lazienkowy-skladany-kosz-na-pranie-skladany-plastikowy-kosz-na-pranie-do-przechowywania-brudnych-ubran","status":"publish","type":"product","link":"https:\/\/www.sellersunionagent.com\/pl\/wall-mounted-bathroom-folding-laundry-basket-collapsible-plastic-storage-laundry-basket-storage-for-dirty-clothes\/","title":{"rendered":"na\u015bcienny \u0142azienkowy sk\u0142adany kosz na pranie sk\u0142adany plastikowy kosz na pranie do przechowywania brudnych ubra\u0144"},"content":{"rendered":"<h1 title=\"na\u015bcienny \u0142azienkowy sk\u0142adany kosz na pranie sk\u0142adany plastikowy kosz na pranie do przechowywania brudnych ubra\u0144\" data-spm-anchor-id=\"a2700.details.0.i51.5366c26aIRsoR2\">na\u015bcienny \u0142azienkowy sk\u0142adany kosz na pranie sk\u0142adany plastikowy kosz na pranie do przechowywania brudnych ubra\u0144<\/h1>\n<div class=\"elementor-element elementor-element-c17fac7 elementor-widget elementor-widget-woocommerce-product-short-description\" data-id=\"c17fac7\" data-element_type=\"widget\" data-widget_type=\"woocommerce-product-short-description.default\">\n<div class=\"elementor-widget-container\">\n<div class=\"woocommerce-product-details__short-description\">\n<h3><strong>Numer pozycji:<\/strong> Z700<\/h3>\n<h3><strong>Rozmiar elementu<\/strong>: S 21.2*36.5*12.2cm\/L 25.5*46*16cm<\/h3>\n<h3><strong>Kolory<\/strong>bia\u0142y\/niebieski\/szary<\/h3>\n<h3><strong>Materia\u0142: <\/strong>pp<\/h3>\n<\/div>\n<\/div>\n<\/div>\n<p>&nbsp;<\/p>\n<ul>\n<li>\n<h4>Wysoka g\u0142o\u015bno\u015b\u0107<\/h4>\n<\/li>\n<li>\n<h4>sk\u0142adany<\/h4>\n<\/li>\n<li>\n<h4>Bez dziurkowania<\/h4>\n<\/li>\n<\/ul>\n<p><img fetchpriority=\"high\" decoding=\"async\" class=\"size-full wp-image-20131\" title=\"Hea62def4bf9f4a648bad8facab85edc8m.jpg avif=close 2024101409522783\" src=\"https:\/\/www.sellersunionagent.com\/wp-content\/uploads\/2024\/10\/Hea62def4bf9f4a648bad8facab85edc8m.jpg_avifclose-2024101409522783.webp\" alt=\"Hea62def4bf9f4a648bad8facab85edc8m.jpg avif=close 2024101409522783\" width=\"800\" height=\"800\" \/><\/p>\n<p><img decoding=\"async\" class=\"wp-image-20128\" title=\"Hba28904ff6934cacb4cf49b2f5166f0dN.jpg avif=close 2024101409521749\" src=\"https:\/\/www.sellersunionagent.com\/wp-content\/uploads\/2024\/10\/Hba28904ff6934cacb4cf49b2f5166f0dN.jpg_avifclose-2024101409521749.webp\" alt=\"Hba28904ff6934cacb4cf49b2f5166f0dN.jpg avif=close 2024101409521749\" width=\"800\" height=\"800\" \/><\/p>\n<p><img decoding=\"async\" class=\"size-full wp-image-20127\" title=\"H832da555dfd3401cb76fc5cec789c485f.jpg avif=close 2024101409521276\" src=\"https:\/\/www.sellersunionagent.com\/wp-content\/uploads\/2024\/10\/H832da555dfd3401cb76fc5cec789c485f.jpg_avifclose-2024101409521276.webp\" alt=\"H832da555dfd3401cb76fc5cec789c485f.jpg avif=close 2024101409521276\" width=\"790\" height=\"789\" \/><\/p>\n<p><img loading=\"lazy\" decoding=\"async\" class=\"size-full wp-image-20126\" title=\"H727abe08f3eb4220b22e4440cd480836a.jpg avif=close 2024101409520869\" src=\"https:\/\/www.sellersunionagent.com\/wp-content\/uploads\/2024\/10\/H727abe08f3eb4220b22e4440cd480836a.jpg_avifclose-2024101409520869.webp\" alt=\"H727abe08f3eb4220b22e4440cd480836a.jpg avif=close 2024101409520869\" width=\"790\" height=\"796\" \/><\/p>\n<p><img loading=\"lazy\" decoding=\"async\" class=\"size-full wp-image-20125\" title=\"H8eb2341cf82948148fa314c6f3e85a44M.jpg avif=close 2024101409520325\" src=\"https:\/\/www.sellersunionagent.com\/wp-content\/uploads\/2024\/10\/H8eb2341cf82948148fa314c6f3e85a44M.jpg_avifclose-2024101409520325.webp\" alt=\"H8eb2341cf82948148fa314c6f3e85a44M.jpg avif=close 2024101409520325\" width=\"800\" height=\"800\" \/><\/p>\n<p><img loading=\"lazy\" decoding=\"async\" class=\"size-full wp-image-20124\" title=\"H3cd46ee3f3b54ccb8a0ae90b800c06b2f.jpg avif=close 2024101409515874\" src=\"https:\/\/www.sellersunionagent.com\/wp-content\/uploads\/2024\/10\/H3cd46ee3f3b54ccb8a0ae90b800c06b2f.jpg_avifclose-2024101409515874.webp\" alt=\"H3cd46ee3f3b54ccb8a0ae90b800c06b2f.jpg avif=close 2024101409515874\" width=\"800\" height=\"800\" \/><\/p>\n<p><img loading=\"lazy\" decoding=\"async\" class=\"size-full wp-image-20132\" title=\"Hf9b3b7c8cadc4e52a21eec8ccfbb62947 2024101409523058\" src=\"https:\/\/www.sellersunionagent.com\/wp-content\/uploads\/2024\/10\/Hf9b3b7c8cadc4e52a21eec8ccfbb62947-2024101409523058.webp\" alt=\"Hf9b3b7c8cadc4e52a21eec8ccfbb62947 2024101409523058\" width=\"800\" height=\"800\" \/><\/p>\n<p><img loading=\"lazy\" decoding=\"async\" class=\"size-full wp-image-20130\" title=\"Hd4cec7e097d84a7f8eba5881bbf589eet 2024101409522358\" src=\"https:\/\/www.sellersunionagent.com\/wp-content\/uploads\/2024\/10\/Hd4cec7e097d84a7f8eba5881bbf589eet-2024101409522358.webp\" alt=\"Hd4cec7e097d84a7f8eba5881bbf589eet 2024101409522358\" width=\"800\" height=\"800\" \/><\/p>\n<p><img loading=\"lazy\" decoding=\"async\" class=\"size-full wp-image-20129\" title=\"Hbe7f3db4d26948a598b772b4e8cfd1e9G 2024101409522083\" src=\"https:\/\/www.sellersunionagent.com\/wp-content\/uploads\/2024\/10\/Hbe7f3db4d26948a598b772b4e8cfd1e9G-2024101409522083.webp\" alt=\"Hbe7f3db4d26948a598b772b4e8cfd1e9G 2024101409522083\" width=\"800\" height=\"800\" \/><\/p>","protected":false},"excerpt":{"rendered":"<p>MOQ: 1000 sztuk<br \/>\nBezp\u0142atna pr\u00f3bka:  Obs\u0142ugiwane<br \/>\nDostosowanie: logo \/ kolor \/ materia\u0142y \/ opakowanie itp.<br \/>\nZni\u017cka:  Pierwsze zam\u00f3wienia ju\u017c od 10% taniej.<br \/>\nTerminowo\u015b\u0107 dostaw:  100%<br \/>\n\u0141\u0105czna liczba przesy\u0142ek:  10000 szt.<br \/>\nWysy\u0142ka: Wsparcie transportu ekspresowego - fracht morski - fracht l\u0105dowy<\/p>","protected":false},"featured_media":20131,"comment_status":"open","ping_status":"closed","template":"","meta":{"_acf_changed":false},"product_brand":[],"product_cat":[189,31],"product_tag":[],"class_list":{"0":"post-20123","1":"product","2":"type-product","3":"status-publish","4":"has-post-thumbnail","6":"product_cat-bathroom","7":"product_cat-home-storage","9":"first","10":"instock","11":"shipping-taxable","12":"product-type-simple","13":"swiper-slide"},"acf":[],"_links":{"self":[{"href":"https:\/\/www.sellersunionagent.com\/pl\/wp-json\/wp\/v2\/product\/20123","targetHints":{"allow":["GET"]}}],"collection":[{"href":"https:\/\/www.sellersunionagent.com\/pl\/wp-json\/wp\/v2\/product"}],"about":[{"href":"https:\/\/www.sellersunionagent.com\/pl\/wp-json\/wp\/v2\/types\/product"}],"replies":[{"embeddable":true,"href":"https:\/\/www.sellersunionagent.com\/pl\/wp-json\/wp\/v2\/comments?post=20123"}],"wp:featuredmedia":[{"embeddable":true,"href":"https:\/\/www.sellersunionagent.com\/pl\/wp-json\/wp\/v2\/media\/20131"}],"wp:attachment":[{"href":"https:\/\/www.sellersunionagent.com\/pl\/wp-json\/wp\/v2\/media?parent=20123"}],"wp:term":[{"taxonomy":"product_brand","embeddable":true,"href":"https:\/\/www.sellersunionagent.com\/pl\/wp-json\/wp\/v2\/product_brand?post=20123"},{"taxonomy":"product_cat","embeddable":true,"href":"https:\/\/www.sellersunionagent.com\/pl\/wp-json\/wp\/v2\/product_cat?post=20123"},{"taxonomy":"product_tag","embeddable":true,"href":"https:\/\/www.sellersunionagent.com\/pl\/wp-json\/wp\/v2\/product_tag?post=20123"}],"curies":[{"name":"wp","href":"https:\/\/api.w.org\/{rel}","templated":true}]}}