{"id":19598,"date":"2024-10-10T17:02:25","date_gmt":"2024-10-10T09:02:25","guid":{"rendered":"https:\/\/sellersunionagent.com\/?post_type=product&#038;p=19598"},"modified":"2024-10-10T17:02:25","modified_gmt":"2024-10-10T09:02:25","slug":"domowy-ekologiczny-dwuwarstwowy-japonski-plastikowy-kosz-na-smieci-z-recyklingu-kuchnia-sklasyfikowane-kosze-na-smieci","status":"publish","type":"product","link":"https:\/\/www.sellersunionagent.com\/pl\/household-eco-friendly-double-layer-japan-plastic-recycle-kitchen-garbage-trash-bin-classified-waste-bins\/","title":{"rendered":"Ekologiczne, dwuwarstwowe, japo\u0144skie, plastikowe, kuchenne kosze na \u015bmieci z recyklingu, sklasyfikowane kosze na \u015bmieci"},"content":{"rendered":"<h1 title=\"Ekologiczne, dwuwarstwowe, japo\u0144skie, plastikowe, kuchenne kosze na \u015bmieci z recyklingu, sklasyfikowane kosze na \u015bmieci\" data-spm-anchor-id=\"a2700.details.0.i1.37181087nPdALS\">Ekologiczne, dwuwarstwowe, japo\u0144skie, plastikowe, kuchenne kosze na \u015bmieci z recyklingu, sklasyfikowane kosze na \u015bmieci<\/h1>\n<div class=\"elementor-element elementor-element-c17fac7 elementor-widget elementor-widget-woocommerce-product-short-description\" data-id=\"c17fac7\" data-element_type=\"widget\" data-widget_type=\"woocommerce-product-short-description.default\">\n<div class=\"elementor-widget-container\">\n<div class=\"woocommerce-product-details__short-description\">\n<h3><strong>Numer pozycji:<\/strong> SU-GF8888<\/h3>\n<h3><strong>Rozmiar elementu<\/strong>: 40*24*36\/40*22*75\/40*22*85CM<\/h3>\n<h3><strong>Kolory<\/strong>bia\u0142y<\/h3>\n<h3><strong>Materia\u0142: <\/strong>plastik<\/h3>\n<\/div>\n<\/div>\n<\/div>\n<p>&nbsp;<\/p>\n<ul>\n<li>\n<h4>Wysoka g\u0142o\u015bno\u015b\u0107<\/h4>\n<\/li>\n<li>\n<h4>Py\u0142oszczelno\u015b\u0107 i wodoodporno\u015b\u0107<\/h4>\n<\/li>\n<li>\n<h4>Niejawne przechowywanie<\/h4>\n<\/li>\n<\/ul>\n<p><img fetchpriority=\"high\" decoding=\"async\" class=\"size-full wp-image-19604\" title=\"He68148f74b784783a17a9d2f8eb65f60D.jpg avif=close 2024101009005574\" src=\"https:\/\/www.sellersunionagent.com\/wp-content\/uploads\/2024\/10\/He68148f74b784783a17a9d2f8eb65f60D.jpg_avifclose-2024101009005574.webp\" alt=\"He68148f74b784783a17a9d2f8eb65f60D.jpg avif=close 2024101009005574\" width=\"800\" height=\"800\" \/><\/p>\n<p><img decoding=\"async\" class=\"size-medium wp-image-19603\" title=\"Hbc1b8c7c3ccd4842b7833952eaba78fcm.jpg avif=close 2024101009004863\" src=\"https:\/\/www.sellersunionagent.com\/wp-content\/uploads\/2024\/10\/Hbc1b8c7c3ccd4842b7833952eaba78fcm.jpg_avifclose-2024101009004863.webp\" alt=\"Hbc1b8c7c3ccd4842b7833952eaba78fcm.jpg avif=close 2024101009004863\" width=\"790\" height=\"666\" \/><\/p>\n<p><img decoding=\"async\" class=\"size-medium wp-image-19602\" title=\"H312499513b4043c5938f34269df6c562W.jpg avif=close 2024101009004382\" src=\"https:\/\/www.sellersunionagent.com\/wp-content\/uploads\/2024\/10\/H312499513b4043c5938f34269df6c562W.jpg_avifclose-2024101009004382.webp\" alt=\"H312499513b4043c5938f34269df6c562W.jpg avif=close 2024101009004382\" width=\"800\" height=\"800\" \/><\/p>\n<p><img loading=\"lazy\" decoding=\"async\" class=\"size-medium wp-image-19601\" title=\"H293fc8b97cb14b10a94ef0c9708cb564H.jpg avif=close 2024101009003564\" src=\"https:\/\/www.sellersunionagent.com\/wp-content\/uploads\/2024\/10\/H293fc8b97cb14b10a94ef0c9708cb564H.jpg_avifclose-2024101009003564.webp\" alt=\"H293fc8b97cb14b10a94ef0c9708cb564H.jpg avif=close 2024101009003564\" width=\"790\" height=\"1005\" \/><\/p>\n<p><img loading=\"lazy\" decoding=\"async\" class=\"size-medium wp-image-19600\" title=\"H59ff0ee506c14745abc0f275b0f5d35c1.jpg avif=close 2024101009002653\" src=\"https:\/\/www.sellersunionagent.com\/wp-content\/uploads\/2024\/10\/H59ff0ee506c14745abc0f275b0f5d35c1.jpg_avifclose-2024101009002653.webp\" alt=\"H59ff0ee506c14745abc0f275b0f5d35c1.jpg avif=close 2024101009002653\" width=\"790\" height=\"580\" \/><\/p>\n<p><img loading=\"lazy\" decoding=\"async\" class=\"size-full wp-image-19599\" title=\"H7b95ea9d9973495cb2d0737433c1d3a0M.jpg avif=close 2024101009002175\" src=\"https:\/\/www.sellersunionagent.com\/wp-content\/uploads\/2024\/10\/H7b95ea9d9973495cb2d0737433c1d3a0M.jpg_avifclose-2024101009002175.webp\" alt=\"H7b95ea9d9973495cb2d0737433c1d3a0M.jpg avif=close 2024101009002175\" width=\"790\" height=\"1264\" \/><\/p>","protected":false},"excerpt":{"rendered":"<p><strong>MOQ<\/strong>:  1000 szt.<br \/>\n<strong>Bezp\u0142atna pr\u00f3bka<\/strong>:  Obs\u0142ugiwane<br \/>\n<strong>Personalizacja<\/strong>logo \/ kolor \/ materia\u0142y \/ opakowanie itp.<br \/>\n<strong>Zni\u017cka<\/strong>:  Pierwsze zam\u00f3wienia ju\u017c od 10% taniej.<br \/>\n<strong>Wska\u017anik terminowo\u015bci dostaw<\/strong>:\u00a0 100%<br \/>\n<strong>Przesy\u0142ki og\u00f3\u0142em<\/strong>:  10000 szt.<br \/>\n<strong>Wysy\u0142ka<\/strong>: Fracht morski Fracht l\u0105dowy<\/p>","protected":false},"featured_media":19604,"comment_status":"open","ping_status":"closed","template":"","meta":{"_acf_changed":false},"product_brand":[],"product_cat":[31,188],"product_tag":[],"class_list":{"0":"post-19598","1":"product","2":"type-product","3":"status-publish","4":"has-post-thumbnail","6":"product_cat-home-storage","7":"product_cat-kitchen","9":"first","10":"instock","11":"shipping-taxable","12":"product-type-simple","13":"swiper-slide"},"acf":[],"_links":{"self":[{"href":"https:\/\/www.sellersunionagent.com\/pl\/wp-json\/wp\/v2\/product\/19598","targetHints":{"allow":["GET"]}}],"collection":[{"href":"https:\/\/www.sellersunionagent.com\/pl\/wp-json\/wp\/v2\/product"}],"about":[{"href":"https:\/\/www.sellersunionagent.com\/pl\/wp-json\/wp\/v2\/types\/product"}],"replies":[{"embeddable":true,"href":"https:\/\/www.sellersunionagent.com\/pl\/wp-json\/wp\/v2\/comments?post=19598"}],"wp:featuredmedia":[{"embeddable":true,"href":"https:\/\/www.sellersunionagent.com\/pl\/wp-json\/wp\/v2\/media\/19604"}],"wp:attachment":[{"href":"https:\/\/www.sellersunionagent.com\/pl\/wp-json\/wp\/v2\/media?parent=19598"}],"wp:term":[{"taxonomy":"product_brand","embeddable":true,"href":"https:\/\/www.sellersunionagent.com\/pl\/wp-json\/wp\/v2\/product_brand?post=19598"},{"taxonomy":"product_cat","embeddable":true,"href":"https:\/\/www.sellersunionagent.com\/pl\/wp-json\/wp\/v2\/product_cat?post=19598"},{"taxonomy":"product_tag","embeddable":true,"href":"https:\/\/www.sellersunionagent.com\/pl\/wp-json\/wp\/v2\/product_tag?post=19598"}],"curies":[{"name":"wp","href":"https:\/\/api.w.org\/{rel}","templated":true}]}}