{"id":19578,"date":"2024-10-10T16:38:11","date_gmt":"2024-10-10T08:38:11","guid":{"rendered":"https:\/\/sellersunionagent.com\/?post_type=product&#038;p=19578"},"modified":"2024-10-10T16:38:11","modified_gmt":"2024-10-10T08:38:11","slug":"wiaderko-na-ryz-do-uzytku-domowego-wyciskane-odporne-na-owady-i-wilgoc-wieloziarniste-pudelko-do-przechowywania-ryzu-o-jakosci-spozywczej","status":"publish","type":"product","link":"https:\/\/www.sellersunionagent.com\/pl\/household-rice-bucket-press-out-insect-proof-and-moisture-proof-multigrain-rice-storage-food-grade-sealed-rice-box\/","title":{"rendered":"Wiadro na ry\u017c dla gospodarstw domowych Odporne na owady i wilgo\u0107 wieloziarniste przechowywanie ry\u017cu Szczelne pude\u0142ko na ry\u017c klasy spo\u017cywczej"},"content":{"rendered":"<h1 title=\"Wiadro na ry\u017c dla gospodarstw domowych Odporne na owady i wilgo\u0107 wieloziarniste przechowywanie ry\u017cu Szczelne pude\u0142ko na ry\u017c klasy spo\u017cywczej\" data-spm-anchor-id=\"a2700.details.0.i22.68636eces81PhG\">Wiadro na ry\u017c dla gospodarstw domowych Odporne na owady i wilgo\u0107 wieloziarniste przechowywanie ry\u017cu Szczelne pude\u0142ko na ry\u017c klasy spo\u017cywczej<\/h1>\n<p>&nbsp;<\/p>\n<div class=\"elementor-element elementor-element-c17fac7 elementor-widget elementor-widget-woocommerce-product-short-description\" data-id=\"c17fac7\" data-element_type=\"widget\" data-widget_type=\"woocommerce-product-short-description.default\">\n<div class=\"elementor-widget-container\">\n<div class=\"woocommerce-product-details__short-description\">\n<h3><strong>Numer pozycji:<\/strong> HN-2016<\/h3>\n<h3><strong>Rozmiar elementu<\/strong>: 18*34*31.5\/18*34*41.5CM<\/h3>\n<h3><strong>Kolory<\/strong>kremowa biel<\/h3>\n<h3><strong>Materia\u0142: <\/strong>PP+PET<\/h3>\n<\/div>\n<\/div>\n<\/div>\n<p>&nbsp;<\/p>\n<ul>\n<li>\n<h4>Wysoka g\u0142o\u015bno\u015b\u0107<\/h4>\n<\/li>\n<li>\n<h4>Py\u0142oszczelno\u015b\u0107 i wodoodporno\u015b\u0107<\/h4>\n<\/li>\n<li>\n<h4>Prasa do precyzyjnej ekstrakcji ry\u017cu<\/h4>\n<\/li>\n<\/ul>\n<p>&nbsp;<\/p>\n<p><img fetchpriority=\"high\" decoding=\"async\" class=\"size-full wp-image-19586\" title=\"H869f831ef4e74f88b34fa9ad8258d067R.jpg avif=close 2024101008014035\" src=\"https:\/\/www.sellersunionagent.com\/wp-content\/uploads\/2024\/10\/H869f831ef4e74f88b34fa9ad8258d067R.jpg_avifclose-2024101008014035.webp\" alt=\"H869f831ef4e74f88b34fa9ad8258d067R.jpg avif=close 2024101008014035\" width=\"790\" height=\"790\" \/><\/p>\n<p><img decoding=\"async\" class=\"size-full wp-image-19585\" title=\"H29be43be716846df9fb9cdece8808b3e2.jpg avif=close 2024101008013750\" src=\"https:\/\/www.sellersunionagent.com\/wp-content\/uploads\/2024\/10\/H29be43be716846df9fb9cdece8808b3e2.jpg_avifclose-2024101008013750.webp\" alt=\"H29be43be716846df9fb9cdece8808b3e2.jpg avif=close 2024101008013750\" width=\"800\" height=\"800\" \/><\/p>\n<p><img decoding=\"async\" class=\"size-full wp-image-19583\" title=\"H6cdfbe55af7a4b0487a188c19eabaad84.jpg avif=close 2024101008013057\" src=\"https:\/\/www.sellersunionagent.com\/wp-content\/uploads\/2024\/10\/H6cdfbe55af7a4b0487a188c19eabaad84.jpg_avifclose-2024101008013057.webp\" alt=\"H6cdfbe55af7a4b0487a188c19eabaad84.jpg avif=close 2024101008013057\" width=\"790\" height=\"763\" \/><\/p>\n<p><img loading=\"lazy\" decoding=\"async\" class=\"size-full wp-image-19582\" title=\"H5fc9790ca13140d999a2421ca0e15572K.jpg avif=close 2024101008012736\" src=\"https:\/\/www.sellersunionagent.com\/wp-content\/uploads\/2024\/10\/H5fc9790ca13140d999a2421ca0e15572K.jpg_avifclose-2024101008012736.webp\" alt=\"H5fc9790ca13140d999a2421ca0e15572K.jpg avif=close 2024101008012736\" width=\"790\" height=\"956\" \/><\/p>\n<p><img loading=\"lazy\" decoding=\"async\" class=\"size-full wp-image-19581\" title=\"H3f189362a4974c85b2665f7e834f80b8X.jpg avif=close 2024101008012377\" src=\"https:\/\/www.sellersunionagent.com\/wp-content\/uploads\/2024\/10\/H3f189362a4974c85b2665f7e834f80b8X.jpg_avifclose-2024101008012377.webp\" alt=\"H3f189362a4974c85b2665f7e834f80b8X.jpg avif=close 2024101008012377\" width=\"800\" height=\"800\" \/><\/p>\n<p><img loading=\"lazy\" decoding=\"async\" class=\"size-full wp-image-19588\" title=\"Hfca7284e33ea428c8e5dbc8114721849X.jpg avif=close 2024101008014644\" src=\"https:\/\/www.sellersunionagent.com\/wp-content\/uploads\/2024\/10\/Hfca7284e33ea428c8e5dbc8114721849X.jpg_avifclose-2024101008014644.webp\" alt=\"Hfca7284e33ea428c8e5dbc8114721849X.jpg avif=close 2024101008014644\" width=\"800\" height=\"800\" \/><\/p>\n<p><img loading=\"lazy\" decoding=\"async\" class=\"size-full wp-image-19587\" title=\"Ha372a2526eb44b4b913a34d4cc29c7feN.jpg avif=close 2024101008014332\" src=\"https:\/\/www.sellersunionagent.com\/wp-content\/uploads\/2024\/10\/Ha372a2526eb44b4b913a34d4cc29c7feN.jpg_avifclose-2024101008014332.webp\" alt=\"Ha372a2526eb44b4b913a34d4cc29c7feN.jpg avif=close 2024101008014332\" width=\"800\" height=\"800\" \/><\/p>","protected":false},"excerpt":{"rendered":"<p><strong>MOQ<\/strong>:  1000 szt.<br \/>\n<strong>Bezp\u0142atna pr\u00f3bka<\/strong>:  Obs\u0142ugiwane<br \/>\n<strong>Personalizacja<\/strong>logo \/ kolor \/ materia\u0142y \/ opakowanie itp.<br \/>\n<strong>Zni\u017cka<\/strong>:  Pierwsze zam\u00f3wienia ju\u017c od 10% taniej.<br \/>\n<strong>Wska\u017anik terminowo\u015bci dostaw<\/strong>:\u00a0 100%<br \/>\n<strong>Przesy\u0142ki og\u00f3\u0142em<\/strong>:  10000 szt.<br \/>\n<strong>Wysy\u0142ka<\/strong>: Fracht morski Fracht l\u0105dowy<\/p>","protected":false},"featured_media":19585,"comment_status":"open","ping_status":"closed","template":"","meta":{"_acf_changed":false},"product_brand":[],"product_cat":[188],"product_tag":[],"class_list":{"0":"post-19578","1":"product","2":"type-product","3":"status-publish","4":"has-post-thumbnail","6":"product_cat-kitchen","8":"first","9":"instock","10":"shipping-taxable","11":"product-type-simple","12":"swiper-slide"},"acf":[],"_links":{"self":[{"href":"https:\/\/www.sellersunionagent.com\/pl\/wp-json\/wp\/v2\/product\/19578","targetHints":{"allow":["GET"]}}],"collection":[{"href":"https:\/\/www.sellersunionagent.com\/pl\/wp-json\/wp\/v2\/product"}],"about":[{"href":"https:\/\/www.sellersunionagent.com\/pl\/wp-json\/wp\/v2\/types\/product"}],"replies":[{"embeddable":true,"href":"https:\/\/www.sellersunionagent.com\/pl\/wp-json\/wp\/v2\/comments?post=19578"}],"wp:featuredmedia":[{"embeddable":true,"href":"https:\/\/www.sellersunionagent.com\/pl\/wp-json\/wp\/v2\/media\/19585"}],"wp:attachment":[{"href":"https:\/\/www.sellersunionagent.com\/pl\/wp-json\/wp\/v2\/media?parent=19578"}],"wp:term":[{"taxonomy":"product_brand","embeddable":true,"href":"https:\/\/www.sellersunionagent.com\/pl\/wp-json\/wp\/v2\/product_brand?post=19578"},{"taxonomy":"product_cat","embeddable":true,"href":"https:\/\/www.sellersunionagent.com\/pl\/wp-json\/wp\/v2\/product_cat?post=19578"},{"taxonomy":"product_tag","embeddable":true,"href":"https:\/\/www.sellersunionagent.com\/pl\/wp-json\/wp\/v2\/product_tag?post=19578"}],"curies":[{"name":"wp","href":"https:\/\/api.w.org\/{rel}","templated":true}]}}