{"id":19355,"date":"2024-09-30T18:08:05","date_gmt":"2024-09-30T10:08:05","guid":{"rendered":"https:\/\/sellersunionagent.com\/?post_type=product&#038;p=19355"},"modified":"2024-09-30T18:08:05","modified_gmt":"2024-09-30T10:08:05","slug":"kuchnia-zamkniety-pojemnik-na-zywnosc-plastikowe-pudelko-do-przechowywania-przezroczysty-sloik-do-przechowywania-cukierkow-z-ciasteczkami","status":"publish","type":"product","link":"https:\/\/www.sellersunionagent.com\/pl\/kitchen-sealed-food-container-plastic-storage-box-transparent-snack-cookie-candy-storage-jar\/","title":{"rendered":"Kuchnia Zamkni\u0119ty pojemnik na \u017cywno\u015b\u0107 Plastikowe pude\u0142ko do przechowywania Przezroczysty s\u0142oik do przechowywania cukierk\u00f3w z przek\u0105skami"},"content":{"rendered":"<h1 title=\"Kuchnia Zamkni\u0119ty pojemnik na \u017cywno\u015b\u0107 Plastikowe pude\u0142ko do przechowywania Przezroczysty s\u0142oik do przechowywania cukierk\u00f3w z przek\u0105skami\" data-spm-anchor-id=\"a2700.details.0.i25.19896f11HmyKbC\">Kuchnia Zamkni\u0119ty pojemnik na \u017cywno\u015b\u0107 Plastikowe pude\u0142ko do przechowywania Przezroczysty s\u0142oik do przechowywania cukierk\u00f3w z przek\u0105skami<\/h1>\n<div class=\"elementor-element elementor-element-c17fac7 elementor-widget elementor-widget-woocommerce-product-short-description\" data-id=\"c17fac7\" data-element_type=\"widget\" data-widget_type=\"woocommerce-product-short-description.default\">\n<div class=\"elementor-widget-container\">\n<div class=\"woocommerce-product-details__short-description\">\n<h3><strong>Numer pozycji:<\/strong> HN-1001<\/h3>\n<h3><strong>Rozmiar elementu<\/strong>900ml\/1400ml\/2000ml\/2600ml<\/h3>\n<h3><strong>Kolory<\/strong>przezroczysty<\/h3>\n<h3><strong>Materia\u0142: PET<\/strong><\/h3>\n<\/div>\n<\/div>\n<\/div>\n<p>&nbsp;<\/p>\n<ul>\n<li>\n<h4>Wysoka g\u0142o\u015bno\u015b\u0107<\/h4>\n<\/li>\n<li>\n<h4>Py\u0142oszczelno\u015b\u0107 i wodoodporno\u015b\u0107<\/h4>\n<\/li>\n<li>\n<h4>Ca\u0142kowita hermetyczno\u015b\u0107<\/h4>\n<\/li>\n<\/ul>\n<p><img fetchpriority=\"high\" decoding=\"async\" class=\"size-full wp-image-19364\" title=\"Hee3ffa94adeb4666b4eb18b2c48ef57eH.jpg avif=close 2024093010044170\" src=\"https:\/\/www.sellersunionagent.com\/wp-content\/uploads\/2024\/09\/Hee3ffa94adeb4666b4eb18b2c48ef57eH.jpg_avifclose-2024093010044170.webp\" alt=\"Hee3ffa94adeb4666b4eb18b2c48ef57eH.jpg avif=close 2024093010044170\" width=\"800\" height=\"800\" \/><\/p>\n<p><img decoding=\"async\" class=\"size-full wp-image-19362\" title=\"Haef89f59ba854a65b981520df598d2c8r.jpg avif=close 2024093010043515\" src=\"https:\/\/www.sellersunionagent.com\/wp-content\/uploads\/2024\/09\/Haef89f59ba854a65b981520df598d2c8r.jpg_avifclose-2024093010043515.webp\" alt=\"Haef89f59ba854a65b981520df598d2c8r.jpg avif=close 2024093010043515\" width=\"800\" height=\"800\" \/><\/p>\n<p><img decoding=\"async\" class=\"size-full wp-image-19359\" title=\"H289e169e54fb45499a8bb007d94e3dbbw.jpg avif=close 2024093010042614\" src=\"https:\/\/www.sellersunionagent.com\/wp-content\/uploads\/2024\/09\/H289e169e54fb45499a8bb007d94e3dbbw.jpg_avifclose-2024093010042614.webp\" alt=\"H289e169e54fb45499a8bb007d94e3dbbw.jpg avif=close 2024093010042614\" width=\"790\" height=\"790\" \/><\/p>\n<p><img loading=\"lazy\" decoding=\"async\" class=\"size-full wp-image-19358\" title=\"H6e7280fd7945413096c75105b0f74378M.jpg avif=close 2024093010042283\" src=\"https:\/\/www.sellersunionagent.com\/wp-content\/uploads\/2024\/09\/H6e7280fd7945413096c75105b0f74378M.jpg_avifclose-2024093010042283.webp\" alt=\"H6e7280fd7945413096c75105b0f74378M.jpg avif=close 2024093010042283\" width=\"800\" height=\"800\" \/><\/p>\n<p><img loading=\"lazy\" decoding=\"async\" class=\"size-full wp-image-19360\" title=\"H0929b928be4c4d5098fcdc2405eeeb68g.jpg avif=close 2024093010042952\" src=\"https:\/\/www.sellersunionagent.com\/wp-content\/uploads\/2024\/09\/H0929b928be4c4d5098fcdc2405eeeb68g.jpg_avifclose-2024093010042952.webp\" alt=\"H0929b928be4c4d5098fcdc2405eeeb68g.jpg avif=close 2024093010042952\" width=\"800\" height=\"800\" \/><\/p>\n<p><img loading=\"lazy\" decoding=\"async\" class=\"size-full wp-image-19363\" title=\"Hc0a30266ff7f4b7d9860d6eaafa078633 2024093010043874\" src=\"https:\/\/www.sellersunionagent.com\/wp-content\/uploads\/2024\/09\/Hc0a30266ff7f4b7d9860d6eaafa078633-2024093010043874.webp\" alt=\"Hc0a30266ff7f4b7d9860d6eaafa078633 2024093010043874\" width=\"800\" height=\"800\" \/><\/p>\n<p><img loading=\"lazy\" decoding=\"async\" class=\"size-full wp-image-19361\" title=\"H4750866a44d04caa83b5e6dee8cd7e12S 2024093010043238\" src=\"https:\/\/www.sellersunionagent.com\/wp-content\/uploads\/2024\/09\/H4750866a44d04caa83b5e6dee8cd7e12S-2024093010043238.webp\" alt=\"H4750866a44d04caa83b5e6dee8cd7e12S 2024093010043238\" width=\"800\" height=\"800\" \/><\/p>\n<p><img loading=\"lazy\" decoding=\"async\" class=\"size-full wp-image-19357\" title=\"H5abd5f1d1a194c62a1c901d305560adeX 2024093010041933\" src=\"https:\/\/www.sellersunionagent.com\/wp-content\/uploads\/2024\/09\/H5abd5f1d1a194c62a1c901d305560adeX-2024093010041933.webp\" alt=\"H5abd5f1d1a194c62a1c901d305560adeX 2024093010041933\" width=\"800\" height=\"800\" \/><\/p>","protected":false},"excerpt":{"rendered":"<p><strong>MOQ<\/strong>:  1000 szt.<br \/>\n<strong>Bezp\u0142atna pr\u00f3bka<\/strong>:  Obs\u0142ugiwane<br \/>\n<strong>Personalizacja<\/strong>logo \/ kolor \/ materia\u0142y \/ opakowanie itp.<br \/>\n<strong>Zni\u017cka<\/strong>:  Pierwsze zam\u00f3wienia ju\u017c od 10% taniej.<br \/>\n<strong>Wska\u017anik terminowo\u015bci dostaw<\/strong>:\u00a0 100%<br \/>\n<strong>Przesy\u0142ki og\u00f3\u0142em<\/strong>:  10000 szt.<br \/>\n<strong>Wysy\u0142ka<\/strong>: Fracht morski Fracht l\u0105dowy<\/p>","protected":false},"featured_media":19356,"comment_status":"open","ping_status":"closed","template":"","meta":{"_acf_changed":false},"product_brand":[],"product_cat":[188],"product_tag":[],"class_list":{"0":"post-19355","1":"product","2":"type-product","3":"status-publish","4":"has-post-thumbnail","6":"product_cat-kitchen","8":"first","9":"instock","10":"shipping-taxable","11":"product-type-simple","12":"swiper-slide"},"acf":[],"_links":{"self":[{"href":"https:\/\/www.sellersunionagent.com\/pl\/wp-json\/wp\/v2\/product\/19355","targetHints":{"allow":["GET"]}}],"collection":[{"href":"https:\/\/www.sellersunionagent.com\/pl\/wp-json\/wp\/v2\/product"}],"about":[{"href":"https:\/\/www.sellersunionagent.com\/pl\/wp-json\/wp\/v2\/types\/product"}],"replies":[{"embeddable":true,"href":"https:\/\/www.sellersunionagent.com\/pl\/wp-json\/wp\/v2\/comments?post=19355"}],"wp:featuredmedia":[{"embeddable":true,"href":"https:\/\/www.sellersunionagent.com\/pl\/wp-json\/wp\/v2\/media\/19356"}],"wp:attachment":[{"href":"https:\/\/www.sellersunionagent.com\/pl\/wp-json\/wp\/v2\/media?parent=19355"}],"wp:term":[{"taxonomy":"product_brand","embeddable":true,"href":"https:\/\/www.sellersunionagent.com\/pl\/wp-json\/wp\/v2\/product_brand?post=19355"},{"taxonomy":"product_cat","embeddable":true,"href":"https:\/\/www.sellersunionagent.com\/pl\/wp-json\/wp\/v2\/product_cat?post=19355"},{"taxonomy":"product_tag","embeddable":true,"href":"https:\/\/www.sellersunionagent.com\/pl\/wp-json\/wp\/v2\/product_tag?post=19355"}],"curies":[{"name":"wp","href":"https:\/\/api.w.org\/{rel}","templated":true}]}}