{"id":19348,"date":"2024-09-30T18:01:13","date_gmt":"2024-09-30T10:01:13","guid":{"rendered":"https:\/\/sellersunionagent.com\/?post_type=product&#038;p=19348"},"modified":"2024-09-30T18:01:13","modified_gmt":"2024-09-30T10:01:13","slug":"2-poziomowy-automatyczny-pojemnik-do-przechowywania-jajek-lodowka-dozownik-do-jajek-stojak-do-przechowywania-jajek","status":"publish","type":"product","link":"https:\/\/www.sellersunionagent.com\/pl\/2-tiers-automatic-rolling-egg-storage-container-refrigerator-egg-dispenser-holder-egg-storage-rack\/","title":{"rendered":"2-poziomowy automatyczny pojemnik do przechowywania jajek w lod\u00f3wce dozownik do jajek stojak do przechowywania jajek"},"content":{"rendered":"<h1 title=\"Gor\u0105co sprzedaj\u0105cy si\u0119 2-poziomowy automatyczny pojemnik do przechowywania jajek Lod\u00f3wka Dozownik do jajek Stojak do przechowywania jajek\" data-spm-anchor-id=\"a2700.details.0.i1.6b794c6avdkI7Z\">2-poziomowy automatyczny pojemnik do przechowywania jajek w lod\u00f3wce dozownik do jajek stojak do przechowywania jajek<\/h1>\n<div class=\"elementor-element elementor-element-c17fac7 elementor-widget elementor-widget-woocommerce-product-short-description\" data-id=\"c17fac7\" data-element_type=\"widget\" data-widget_type=\"woocommerce-product-short-description.default\">\n<div class=\"elementor-widget-container\">\n<div class=\"woocommerce-product-details__short-description\">\n<h3><strong>Numer pozycji:<\/strong> HN-2012<\/h3>\n<h3><strong>Rozmiar elementu<\/strong>8,5*36,1*9,7 CM<\/h3>\n<h3><strong>Kolory<\/strong>kremowy bia\u0142y<\/h3>\n<h3><strong>Materia\u0142: <\/strong>pp<\/h3>\n<\/div>\n<\/div>\n<\/div>\n<ul>\n<li>\n<h4>Kreatywne przechowywanie<\/h4>\n<\/li>\n<li>\n<h4>Odbi\u00f3r dwurz\u0119dowy<\/h4>\n<\/li>\n<li>\n<h4>Automatyczne przewijanie<\/h4>\n<\/li>\n<\/ul>\n<p><img fetchpriority=\"high\" decoding=\"async\" class=\"size-full wp-image-19349\" title=\"H2d8543d79cd94d21bf09617c7dfa21009.jpg avif=close 2024093009594413\" src=\"https:\/\/www.sellersunionagent.com\/wp-content\/uploads\/2024\/09\/H2d8543d79cd94d21bf09617c7dfa21009.jpg_avifclose-2024093009594413.webp\" alt=\"H2d8543d79cd94d21bf09617c7dfa21009.jpg avif=close 2024093009594413\" width=\"790\" height=\"786\" \/><\/p>\n<p><img decoding=\"async\" class=\"size-medium wp-image-19350\" title=\"H6dfb4e944c9c4774838b795a04e6b0ccx.jpg avif=close 2024093009594764\" src=\"https:\/\/www.sellersunionagent.com\/wp-content\/uploads\/2024\/09\/H6dfb4e944c9c4774838b795a04e6b0ccx.jpg_avifclose-2024093009594764.webp\" alt=\"H6dfb4e944c9c4774838b795a04e6b0ccx.jpg avif=close 2024093009594764\" width=\"786\" height=\"790\" \/><\/p>\n<p><img decoding=\"async\" class=\"size-medium wp-image-19351\" title=\"H95e7d85addf3487b99b1845b8dd4419cB.jpg avif=close 2024093009595063\" src=\"https:\/\/www.sellersunionagent.com\/wp-content\/uploads\/2024\/09\/H95e7d85addf3487b99b1845b8dd4419cB.jpg_avifclose-2024093009595063.webp\" alt=\"H95e7d85addf3487b99b1845b8dd4419cB.jpg avif=close 2024093009595063\" width=\"800\" height=\"800\" \/><\/p>\n<p><img loading=\"lazy\" decoding=\"async\" class=\"size-medium wp-image-19353\" title=\"H1473dfec9b2f42bfb382b9442275e0e8H.jpg avif=close 2024093009595643\" src=\"https:\/\/www.sellersunionagent.com\/wp-content\/uploads\/2024\/09\/H1473dfec9b2f42bfb382b9442275e0e8H.jpg_avifclose-2024093009595643.webp\" alt=\"H1473dfec9b2f42bfb382b9442275e0e8H.jpg avif=close 2024093009595643\" width=\"790\" height=\"1141\" \/><\/p>\n<p><img loading=\"lazy\" decoding=\"async\" class=\"size-medium wp-image-19354\" title=\"Heb752b7f86e64b82824e43c8314bc33cA.jpg avif=close 2024093009595980\" src=\"https:\/\/www.sellersunionagent.com\/wp-content\/uploads\/2024\/09\/Heb752b7f86e64b82824e43c8314bc33cA.jpg_avifclose-2024093009595980.webp\" alt=\"Heb752b7f86e64b82824e43c8314bc33cA.jpg avif=close 2024093009595980\" width=\"790\" height=\"790\" \/><\/p>","protected":false},"excerpt":{"rendered":"<p><strong>MOQ<\/strong>:  1000 szt.<br \/>\n<strong>Bezp\u0142atna pr\u00f3bka<\/strong>:  Obs\u0142ugiwane<br \/>\n<strong>Personalizacja<\/strong>logo \/ kolor \/ materia\u0142y \/ opakowanie itp.<br \/>\n<strong>Zni\u017cka<\/strong>:  Pierwsze zam\u00f3wienia ju\u017c od 10% taniej.<br \/>\n<strong>Wska\u017anik terminowo\u015bci dostaw<\/strong>:\u00a0 100%<br \/>\n<strong>Przesy\u0142ki og\u00f3\u0142em<\/strong>:  10000 szt.<br \/>\n<strong>Wysy\u0142ka<\/strong>: Fracht morski Fracht l\u0105dowy<\/p>","protected":false},"featured_media":19352,"comment_status":"open","ping_status":"closed","template":"","meta":{"_acf_changed":false},"product_brand":[],"product_cat":[188],"product_tag":[],"class_list":{"0":"post-19348","1":"product","2":"type-product","3":"status-publish","4":"has-post-thumbnail","6":"product_cat-kitchen","8":"first","9":"instock","10":"shipping-taxable","11":"product-type-simple","12":"swiper-slide"},"acf":[],"_links":{"self":[{"href":"https:\/\/www.sellersunionagent.com\/pl\/wp-json\/wp\/v2\/product\/19348","targetHints":{"allow":["GET"]}}],"collection":[{"href":"https:\/\/www.sellersunionagent.com\/pl\/wp-json\/wp\/v2\/product"}],"about":[{"href":"https:\/\/www.sellersunionagent.com\/pl\/wp-json\/wp\/v2\/types\/product"}],"replies":[{"embeddable":true,"href":"https:\/\/www.sellersunionagent.com\/pl\/wp-json\/wp\/v2\/comments?post=19348"}],"wp:featuredmedia":[{"embeddable":true,"href":"https:\/\/www.sellersunionagent.com\/pl\/wp-json\/wp\/v2\/media\/19352"}],"wp:attachment":[{"href":"https:\/\/www.sellersunionagent.com\/pl\/wp-json\/wp\/v2\/media?parent=19348"}],"wp:term":[{"taxonomy":"product_brand","embeddable":true,"href":"https:\/\/www.sellersunionagent.com\/pl\/wp-json\/wp\/v2\/product_brand?post=19348"},{"taxonomy":"product_cat","embeddable":true,"href":"https:\/\/www.sellersunionagent.com\/pl\/wp-json\/wp\/v2\/product_cat?post=19348"},{"taxonomy":"product_tag","embeddable":true,"href":"https:\/\/www.sellersunionagent.com\/pl\/wp-json\/wp\/v2\/product_tag?post=19348"}],"curies":[{"name":"wp","href":"https:\/\/api.w.org\/{rel}","templated":true}]}}