{"id":19339,"date":"2024-09-30T17:50:53","date_gmt":"2024-09-30T09:50:53","guid":{"rendered":"https:\/\/sellersunionagent.com\/?post_type=product&#038;p=19339"},"modified":"2024-09-30T17:50:53","modified_gmt":"2024-09-30T09:50:53","slug":"ociekacz-do-naczyn-kuchenny-organizer-na-talerze-oszczedzajacy-miejsce-stojak-na-naczynia-zelazna-suszarka-kuchenna-z-uchwytem-na-sztucce","status":"publish","type":"product","link":"https:\/\/www.sellersunionagent.com\/pl\/dish-drainer-kitchen-storage-plate-organizer-space-saving-dish-rack-iron-kitchen-drying-rack-with-a-cutlery-holder\/","title":{"rendered":"Ociekacz do naczy\u0144 kuchenny organizer na talerze oszcz\u0119dzaj\u0105cy miejsce stojak na naczynia \u017celazny stojak do suszenia naczy\u0144 z uchwytem na sztu\u0107ce"},"content":{"rendered":"<h1 title=\"Ociekacz do naczy\u0144 kuchenny organizer na talerze oszcz\u0119dzaj\u0105cy miejsce stojak na naczynia \u017celazny stojak do suszenia naczy\u0144 z uchwytem na sztu\u0107ce\" data-spm-anchor-id=\"a2700.details.0.i1.5ea42e86yBbRL1\">Ociekacz do naczy\u0144 kuchenny organizer na talerze oszcz\u0119dzaj\u0105cy miejsce stojak na naczynia \u017celazny stojak do suszenia naczy\u0144 z uchwytem na sztu\u0107ce<\/h1>\n<div class=\"elementor-element elementor-element-c17fac7 elementor-widget elementor-widget-woocommerce-product-short-description\" data-id=\"c17fac7\" data-element_type=\"widget\" data-widget_type=\"woocommerce-product-short-description.default\">\n<div class=\"elementor-widget-container\">\n<div class=\"woocommerce-product-details__short-description\">\n<h3><strong>Numer pozycji:<\/strong> ZG3011<\/h3>\n<h3><strong>Rozmiar elementu<\/strong>: 30*39*14\/23.5*39*12CM<\/h3>\n<h3><strong>Kolory<\/strong>bia\u0142y<\/h3>\n<h3><strong>Materia\u0142: <\/strong>psychiczny<\/h3>\n<\/div>\n<\/div>\n<\/div>\n<p>&nbsp;<\/p>\n<ul>\n<li>\n<h4>Wysoka g\u0142o\u015bno\u015b\u0107<\/h4>\n<\/li>\n<li>\n<h4>rozci\u0105gliwy<\/h4>\n<\/li>\n<li>\n<h4>Samoodp\u0142ywowe<\/h4>\n<\/li>\n<\/ul>\n<p><img fetchpriority=\"high\" decoding=\"async\" class=\"size-full wp-image-19347\" title=\"Hfb3c941136a742cc9f3b642424239df1n.jpg avif=close 2024093009482063\" src=\"https:\/\/www.sellersunionagent.com\/wp-content\/uploads\/2024\/09\/Hfb3c941136a742cc9f3b642424239df1n.jpg_avifclose-2024093009482063.webp\" alt=\"Hfb3c941136a742cc9f3b642424239df1n.jpg avif=close 2024093009482063\" width=\"750\" height=\"750\" \/><\/p>\n<p><img decoding=\"async\" class=\"size-full wp-image-19346\" title=\"Hcd3dd47f33f24f89972db62532c102f6A.jpg avif=close 2024093009481745\" src=\"https:\/\/www.sellersunionagent.com\/wp-content\/uploads\/2024\/09\/Hcd3dd47f33f24f89972db62532c102f6A.jpg_avifclose-2024093009481745.webp\" alt=\"Hcd3dd47f33f24f89972db62532c102f6A.jpg avif=close 2024093009481745\" width=\"749\" height=\"750\" \/><\/p>\n<p><img decoding=\"async\" class=\"wp-image-19345\" title=\"Hc67f9e31675f4e5e8ab5e9d7d85b6745L.jpg avif=close 2024093009481548\" src=\"https:\/\/www.sellersunionagent.com\/wp-content\/uploads\/2024\/09\/Hc67f9e31675f4e5e8ab5e9d7d85b6745L.jpg_avifclose-2024093009481548.webp\" alt=\"Hc67f9e31675f4e5e8ab5e9d7d85b6745L.jpg avif=close 2024093009481548\" width=\"750\" height=\"750\" \/><\/p>\n<figure id=\"attachment_19340\" aria-describedby=\"caption-attachment-19340\" style=\"width: 749px\" class=\"wp-caption aligncenter\"><img loading=\"lazy\" decoding=\"async\" class=\"size-full wp-image-19340\" title=\"H2ac5eb0d6d3e4dcfb0fb453dbee493aad.jpg avif=close 2024093009480166\" src=\"https:\/\/www.sellersunionagent.com\/wp-content\/uploads\/2024\/09\/H2ac5eb0d6d3e4dcfb0fb453dbee493aad.jpg_avifclose-2024093009480166.webp\" alt=\"H2ac5eb0d6d3e4dcfb0fb453dbee493aad.jpg avif=close 2024093009480166\" width=\"749\" height=\"750\" \/><figcaption id=\"caption-attachment-19340\" class=\"wp-caption-text\"><img loading=\"lazy\" decoding=\"async\" class=\"size-full wp-image-19341\" title=\"H4f08126cde644cd1821776225fe07177f.jpg avif=close 2024093009480494\" src=\"https:\/\/www.sellersunionagent.com\/wp-content\/uploads\/2024\/09\/H4f08126cde644cd1821776225fe07177f.jpg_avifclose-2024093009480494.webp\" alt=\"H4f08126cde644cd1821776225fe07177f.jpg avif=close 2024093009480494\" width=\"790\" height=\"790\" \/><\/figcaption><\/figure>\n<p><img loading=\"lazy\" decoding=\"async\" class=\"size-full wp-image-19342\" title=\"H6e5365da90a04fea9fc64e29bc173d5fY 2024093009480728\" src=\"https:\/\/www.sellersunionagent.com\/wp-content\/uploads\/2024\/09\/H6e5365da90a04fea9fc64e29bc173d5fY-2024093009480728.webp\" alt=\"H6e5365da90a04fea9fc64e29bc173d5fY 2024093009480728\" width=\"569\" height=\"360\" \/><\/p>\n<p><img loading=\"lazy\" decoding=\"async\" class=\"size-full wp-image-19344\" title=\"H79628f034d8f4cc49685415e671de413v 2024093009481255\" src=\"https:\/\/www.sellersunionagent.com\/wp-content\/uploads\/2024\/09\/H79628f034d8f4cc49685415e671de413v-2024093009481255.webp\" alt=\"H79628f034d8f4cc49685415e671de413v 2024093009481255\" width=\"632\" height=\"466\" \/><\/p>","protected":false},"excerpt":{"rendered":"<p><strong>MOQ<\/strong>:  1000 szt.<br \/>\n<strong>Bezp\u0142atna pr\u00f3bka<\/strong>:  Obs\u0142ugiwane<br \/>\n<strong>Personalizacja<\/strong>logo \/ kolor \/ materia\u0142y \/ opakowanie itp.<br \/>\n<strong>Zni\u017cka<\/strong>:  Pierwsze zam\u00f3wienia ju\u017c od 10% taniej.<br \/>\n<strong>Wska\u017anik terminowo\u015bci dostaw<\/strong>:\u00a0 100%<br \/>\n<strong>Przesy\u0142ki og\u00f3\u0142em<\/strong>:  10000 szt.<br \/>\n<strong>Wysy\u0142ka<\/strong>: Fracht morski Fracht l\u0105dowy<\/p>","protected":false},"featured_media":19343,"comment_status":"open","ping_status":"closed","template":"","meta":{"_acf_changed":false},"product_brand":[],"product_cat":[188],"product_tag":[],"class_list":{"0":"post-19339","1":"product","2":"type-product","3":"status-publish","4":"has-post-thumbnail","6":"product_cat-kitchen","8":"first","9":"instock","10":"shipping-taxable","11":"product-type-simple","12":"swiper-slide"},"acf":[],"_links":{"self":[{"href":"https:\/\/www.sellersunionagent.com\/pl\/wp-json\/wp\/v2\/product\/19339","targetHints":{"allow":["GET"]}}],"collection":[{"href":"https:\/\/www.sellersunionagent.com\/pl\/wp-json\/wp\/v2\/product"}],"about":[{"href":"https:\/\/www.sellersunionagent.com\/pl\/wp-json\/wp\/v2\/types\/product"}],"replies":[{"embeddable":true,"href":"https:\/\/www.sellersunionagent.com\/pl\/wp-json\/wp\/v2\/comments?post=19339"}],"wp:featuredmedia":[{"embeddable":true,"href":"https:\/\/www.sellersunionagent.com\/pl\/wp-json\/wp\/v2\/media\/19343"}],"wp:attachment":[{"href":"https:\/\/www.sellersunionagent.com\/pl\/wp-json\/wp\/v2\/media?parent=19339"}],"wp:term":[{"taxonomy":"product_brand","embeddable":true,"href":"https:\/\/www.sellersunionagent.com\/pl\/wp-json\/wp\/v2\/product_brand?post=19339"},{"taxonomy":"product_cat","embeddable":true,"href":"https:\/\/www.sellersunionagent.com\/pl\/wp-json\/wp\/v2\/product_cat?post=19339"},{"taxonomy":"product_tag","embeddable":true,"href":"https:\/\/www.sellersunionagent.com\/pl\/wp-json\/wp\/v2\/product_tag?post=19339"}],"curies":[{"name":"wp","href":"https:\/\/api.w.org\/{rel}","templated":true}]}}