{"id":19236,"date":"2024-09-19T14:00:26","date_gmt":"2024-09-19T06:00:26","guid":{"rendered":"https:\/\/sellersunionagent.com\/?post_type=product&#038;p=19236"},"modified":"2024-09-19T14:00:26","modified_gmt":"2024-09-19T06:00:26","slug":"lodowka-pojemnik-na-zywnosc-plastikowy-pojemnik-kuchenny-szczelne-pudelka-do-przechowywania-zywnosci-z-8-przegrodami","status":"publish","type":"product","link":"https:\/\/www.sellersunionagent.com\/pl\/refrigerator-crisper-box-plastic-kitchen-food-container-sealed-food-storage-boxes-with-8-compartments\/","title":{"rendered":"Pojemnik na \u017cywno\u015b\u0107 do lod\u00f3wki Plastikowy pojemnik na \u017cywno\u015b\u0107 do kuchni Szczelne pojemniki do przechowywania \u017cywno\u015bci z 8 przegrodami"},"content":{"rendered":"<h1 title=\"Pojemnik na \u017cywno\u015b\u0107 do lod\u00f3wki Plastikowy pojemnik na \u017cywno\u015b\u0107 do kuchni Szczelne pojemniki do przechowywania \u017cywno\u015bci z 8 przegrodami\" data-spm-anchor-id=\"a2700.details.0.i22.17a93c947fmzaY\">Pojemnik na \u017cywno\u015b\u0107 do lod\u00f3wki Plastikowy pojemnik na \u017cywno\u015b\u0107 do kuchni Szczelne pojemniki do przechowywania \u017cywno\u015bci z 8 przegrodami<\/h1>\n<p>&nbsp;<\/p>\n<div class=\"elementor-element elementor-element-c17fac7 elementor-widget elementor-widget-woocommerce-product-short-description\" data-id=\"c17fac7\" data-element_type=\"widget\" data-widget_type=\"woocommerce-product-short-description.default\">\n<div class=\"elementor-widget-container\">\n<div class=\"woocommerce-product-details__short-description\">\n<h3><strong>Numer pozycji:<\/strong> HN-8019<\/h3>\n<h3><strong>Rozmiar elementu<\/strong>23,5*31*6,5 cm<\/h3>\n<h3><strong>Kolory<\/strong>przezroczysty<\/h3>\n<h3><strong>Materia\u0142: <\/strong>plastik<\/h3>\n<\/div>\n<\/div>\n<\/div>\n<p>&nbsp;<\/p>\n<ul>\n<li>\n<h4>Wysoka g\u0142o\u015bno\u015b\u0107<\/h4>\n<\/li>\n<li>\n<h4>Py\u0142oszczelno\u015b\u0107 i wodoodporno\u015b\u0107<\/h4>\n<\/li>\n<li>\n<h4>Sortowanie i przechowywanie<\/h4>\n<\/li>\n<\/ul>\n<p>&nbsp;<\/p>\n<p><img fetchpriority=\"high\" decoding=\"async\" class=\"size-full wp-image-19242\" title=\"Hb7d0fe2eb7c54bb6926b0df1b95db392y.png avif=close 2024091905580997\" src=\"https:\/\/www.sellersunionagent.com\/wp-content\/uploads\/2024\/09\/Hb7d0fe2eb7c54bb6926b0df1b95db392y.webp_avifclose-2024091905580997.webp\" alt=\"Hb7d0fe2eb7c54bb6926b0df1b95db392y.png avif=close 2024091905580997\" width=\"800\" height=\"800\" \/><\/p>\n<p><img decoding=\"async\" class=\"size-medium wp-image-19241\" title=\"H9340f9ac07c74e9b9ae27976039f83f7G.jpg avif=close 2024091905580411\" src=\"https:\/\/www.sellersunionagent.com\/wp-content\/uploads\/2024\/09\/H9340f9ac07c74e9b9ae27976039f83f7G.jpg_avifclose-2024091905580411.webp\" alt=\"H9340f9ac07c74e9b9ae27976039f83f7G.jpg avif=close 2024091905580411\" width=\"800\" height=\"800\" \/><\/p>\n<p><img decoding=\"async\" class=\"size-medium wp-image-19240\" title=\"H103ca3b419ca42fdb6a17624b13cbfc9d.png avif=close 2024091905575952\" src=\"https:\/\/www.sellersunionagent.com\/wp-content\/uploads\/2024\/09\/H103ca3b419ca42fdb6a17624b13cbfc9d.webp_avifclose-2024091905575952.webp\" alt=\"H103ca3b419ca42fdb6a17624b13cbfc9d.png avif=close 2024091905575952\" width=\"800\" height=\"800\" \/><\/p>\n<p><img loading=\"lazy\" decoding=\"async\" class=\"size-medium wp-image-19239\" title=\"H51ee1f9b34ae4a20a132b0bf2dfd5eadq.jpg avif=close 2024091905575333\" src=\"https:\/\/www.sellersunionagent.com\/wp-content\/uploads\/2024\/09\/H51ee1f9b34ae4a20a132b0bf2dfd5eadq.jpg_avifclose-2024091905575333.webp\" alt=\"H51ee1f9b34ae4a20a132b0bf2dfd5eadq.jpg avif=close 2024091905575333\" width=\"800\" height=\"800\" \/><\/p>\n<p><img loading=\"lazy\" decoding=\"async\" class=\"size-medium wp-image-19238\" title=\"H22acdc8b7f3c4febbe60b0dee62f0b10x.png avif=close 2024091905574713\" src=\"https:\/\/www.sellersunionagent.com\/wp-content\/uploads\/2024\/09\/H22acdc8b7f3c4febbe60b0dee62f0b10x.webp_avifclose-2024091905574713.webp\" alt=\"H22acdc8b7f3c4febbe60b0dee62f0b10x.png avif=close 2024091905574713\" width=\"800\" height=\"800\" \/><\/p>\n<p><img loading=\"lazy\" decoding=\"async\" class=\"size-full wp-image-19237\" title=\"H5b3996a077dc4a65b7714e6db94d4e3b8.png avif=close 2024091905574125\" src=\"https:\/\/www.sellersunionagent.com\/wp-content\/uploads\/2024\/09\/H5b3996a077dc4a65b7714e6db94d4e3b8.webp_avifclose-2024091905574125.webp\" alt=\"H5b3996a077dc4a65b7714e6db94d4e3b8.png avif=close 2024091905574125\" width=\"800\" height=\"800\" \/><\/p>\n<p>&nbsp;<\/p>","protected":false},"excerpt":{"rendered":"<p><strong>MOQ<\/strong>:  1000 szt.<br \/>\n<strong>Bezp\u0142atna pr\u00f3bka<\/strong>:  Obs\u0142ugiwane<br \/>\n<strong>Personalizacja<\/strong>logo \/ kolor \/ materia\u0142y \/ opakowanie itp.<br \/>\n<strong>Zni\u017cka<\/strong>:  Pierwsze zam\u00f3wienia ju\u017c od 10% taniej.<br \/>\n<strong>Wska\u017anik terminowo\u015bci dostaw<\/strong>:\u00a0 100%<br \/>\n<strong>Przesy\u0142ki og\u00f3\u0142em<\/strong>:  10000 szt.<br \/>\n<strong>Wysy\u0142ka<\/strong>: Fracht morski Fracht l\u0105dowy<\/p>","protected":false},"featured_media":19241,"comment_status":"open","ping_status":"closed","template":"","meta":{"_acf_changed":false},"product_brand":[],"product_cat":[188],"product_tag":[],"class_list":{"0":"post-19236","1":"product","2":"type-product","3":"status-publish","4":"has-post-thumbnail","6":"product_cat-kitchen","8":"first","9":"instock","10":"shipping-taxable","11":"product-type-simple","12":"swiper-slide"},"acf":[],"_links":{"self":[{"href":"https:\/\/www.sellersunionagent.com\/pl\/wp-json\/wp\/v2\/product\/19236","targetHints":{"allow":["GET"]}}],"collection":[{"href":"https:\/\/www.sellersunionagent.com\/pl\/wp-json\/wp\/v2\/product"}],"about":[{"href":"https:\/\/www.sellersunionagent.com\/pl\/wp-json\/wp\/v2\/types\/product"}],"replies":[{"embeddable":true,"href":"https:\/\/www.sellersunionagent.com\/pl\/wp-json\/wp\/v2\/comments?post=19236"}],"wp:featuredmedia":[{"embeddable":true,"href":"https:\/\/www.sellersunionagent.com\/pl\/wp-json\/wp\/v2\/media\/19241"}],"wp:attachment":[{"href":"https:\/\/www.sellersunionagent.com\/pl\/wp-json\/wp\/v2\/media?parent=19236"}],"wp:term":[{"taxonomy":"product_brand","embeddable":true,"href":"https:\/\/www.sellersunionagent.com\/pl\/wp-json\/wp\/v2\/product_brand?post=19236"},{"taxonomy":"product_cat","embeddable":true,"href":"https:\/\/www.sellersunionagent.com\/pl\/wp-json\/wp\/v2\/product_cat?post=19236"},{"taxonomy":"product_tag","embeddable":true,"href":"https:\/\/www.sellersunionagent.com\/pl\/wp-json\/wp\/v2\/product_tag?post=19236"}],"curies":[{"name":"wp","href":"https:\/\/api.w.org\/{rel}","templated":true}]}}