{"id":19173,"date":"2024-09-10T17:49:13","date_gmt":"2024-09-10T09:49:13","guid":{"rendered":"https:\/\/sellersunionagent.com\/?post_type=product&#038;p=19173"},"modified":"2024-09-10T17:49:13","modified_gmt":"2024-09-10T09:49:13","slug":"hurtownia-hurtowa-akcesoria-do-napojow-slomka-topper-charms-slomka-koncowki-oslona-akcesoria-do-picia-do-uzytku-kubkow","status":"publish","type":"product","link":"https:\/\/www.sellersunionagent.com\/pl\/wholesale-bulk-drink-accessories-straw-topper-charms-straw-tips-cover-drinking-accessories-for-tumblers-usage\/","title":{"rendered":"Hurtownia hurtowa Akcesoria do napoj\u00f3w S\u0142omka Topper Charms S\u0142omka Ko\u0144c\u00f3wki Pokrywa Akcesoria do picia dla Tumblers Zastosowanie"},"content":{"rendered":"<h1 title=\"Hurtownia hurtowa Akcesoria do napoj\u00f3w S\u0142omka Topper Charms S\u0142omka Ko\u0144c\u00f3wki Pokrywa Akcesoria do picia dla Tumblers Zastosowanie\" data-spm-anchor-id=\"a2700.details.0.i44.51824504bSL4cz\">Hurtownia hurtowa Akcesoria do napoj\u00f3w S\u0142omka Topper Charms S\u0142omka Ko\u0144c\u00f3wki Pokrywa Akcesoria do picia dla Tumblers Zastosowanie<\/h1>\n<p>&nbsp;<\/p>\n<div class=\"elementor-element elementor-element-c17fac7 elementor-widget elementor-widget-woocommerce-product-short-description\" data-id=\"c17fac7\" data-element_type=\"widget\" data-widget_type=\"woocommerce-product-short-description.default\">\n<div class=\"elementor-widget-container\">\n<div class=\"woocommerce-product-details__short-description\">\n<h3><strong>Numer pozycji:<\/strong> SUWX01<\/h3>\n<h3><strong>Rozmiar elementu<\/strong>27*10,5*34 CM<\/h3>\n<h3><strong>Materia\u0142: Silikon<\/strong><\/h3>\n<\/div>\n<\/div>\n<\/div>\n<p>&nbsp;<\/p>\n<ul>\n<li>\n<h4>Multi-style<\/h4>\n<\/li>\n<li>\n<h4>Trend Creative<\/h4>\n<\/li>\n<li>\n<h4>Kompaktowy i wyrafinowany<\/h4>\n<\/li>\n<\/ul>\n<p><img fetchpriority=\"high\" decoding=\"async\" class=\"size-full wp-image-19187\" title=\"Hf9047a998023402e9402b918f0f5dbbbB 2024091009400033\" src=\"https:\/\/www.sellersunionagent.com\/wp-content\/uploads\/2024\/09\/Hf9047a998023402e9402b918f0f5dbbbB-2024091009400033.webp\" alt=\"Hf9047a998023402e9402b918f0f5dbbbB 2024091009400033\" width=\"802\" height=\"802\" \/><\/p>\n<figure id=\"attachment_19186\" aria-describedby=\"caption-attachment-19186\" style=\"width: 800px\" class=\"wp-caption aligncenter\"><img decoding=\"async\" class=\"size-medium wp-image-19186\" title=\"Heed22d9cccfa423b83f5754143b5cfccj.jpg avif=close 2024091009395815\" src=\"https:\/\/www.sellersunionagent.com\/wp-content\/uploads\/2024\/09\/Heed22d9cccfa423b83f5754143b5cfccj.jpg_avifclose-2024091009395815.webp\" alt=\"Heed22d9cccfa423b83f5754143b5cfccj.jpg avif=close 2024091009395815\" width=\"800\" height=\"800\" \/><figcaption id=\"caption-attachment-19186\" class=\"wp-caption-text\"><img decoding=\"async\" class=\"size-medium wp-image-19185\" title=\"He77f7a96a516476686dd302288b663b2u.jpg avif=close 2024091009395480\" src=\"https:\/\/www.sellersunionagent.com\/wp-content\/uploads\/2024\/09\/He77f7a96a516476686dd302288b663b2u.jpg_avifclose-2024091009395480.webp\" alt=\"He77f7a96a516476686dd302288b663b2u.jpg avif=close 2024091009395480\" width=\"800\" height=\"800\" \/><\/figcaption><\/figure>\n<p><img loading=\"lazy\" decoding=\"async\" class=\"size-medium wp-image-19184\" title=\"Hc2e5650a67e64c8798cd038cbd0fb6daY 2024091009395290\" src=\"https:\/\/www.sellersunionagent.com\/wp-content\/uploads\/2024\/09\/Hc2e5650a67e64c8798cd038cbd0fb6daY-2024091009395290.webp\" alt=\"Hc2e5650a67e64c8798cd038cbd0fb6daY 2024091009395290\" width=\"802\" height=\"802\" \/><\/p>\n<p><img loading=\"lazy\" decoding=\"async\" class=\"size-medium wp-image-19183\" title=\"Hbcba20a183f44056b27c82bb9a7dd904W 2024091009394986\" src=\"https:\/\/www.sellersunionagent.com\/wp-content\/uploads\/2024\/09\/Hbcba20a183f44056b27c82bb9a7dd904W-2024091009394986.webp\" alt=\"Hbcba20a183f44056b27c82bb9a7dd904W 2024091009394986\" width=\"802\" height=\"802\" \/><\/p>\n<p><img loading=\"lazy\" decoding=\"async\" class=\"size-medium wp-image-19182\" title=\"Hb64ac8d31b1d4456925f1170f6987cb2C 2024091009394627\" src=\"https:\/\/www.sellersunionagent.com\/wp-content\/uploads\/2024\/09\/Hb64ac8d31b1d4456925f1170f6987cb2C-2024091009394627.webp\" alt=\"Hb64ac8d31b1d4456925f1170f6987cb2C 2024091009394627\" width=\"802\" height=\"802\" \/><\/p>\n<p><img loading=\"lazy\" decoding=\"async\" class=\"size-medium wp-image-19181\" title=\"H89130d65eb314f6f9f016173a5d59dd9Z 2024091009394324\" src=\"https:\/\/www.sellersunionagent.com\/wp-content\/uploads\/2024\/09\/H89130d65eb314f6f9f016173a5d59dd9Z-2024091009394324.webp\" alt=\"H89130d65eb314f6f9f016173a5d59dd9Z 2024091009394324\" width=\"802\" height=\"802\" \/><\/p>\n<p><img loading=\"lazy\" decoding=\"async\" class=\"size-medium wp-image-19180\" title=\"H509ff75bf1684fa3a5144b9a3660e138W.jpg avif=close 2024091009394056\" src=\"https:\/\/www.sellersunionagent.com\/wp-content\/uploads\/2024\/09\/H509ff75bf1684fa3a5144b9a3660e138W.jpg_avifclose-2024091009394056.webp\" alt=\"H509ff75bf1684fa3a5144b9a3660e138W.jpg avif=close 2024091009394056\" width=\"800\" height=\"800\" \/><\/p>\n<p><img loading=\"lazy\" decoding=\"async\" class=\"size-medium wp-image-19179\" title=\"H70b93f8f8bbb4cbeb66ff0a4df9b744bh.jpg avif=close 2024091009393732\" src=\"https:\/\/www.sellersunionagent.com\/wp-content\/uploads\/2024\/09\/H70b93f8f8bbb4cbeb66ff0a4df9b744bh.jpg_avifclose-2024091009393732.webp\" alt=\"H70b93f8f8bbb4cbeb66ff0a4df9b744bh.jpg avif=close 2024091009393732\" width=\"800\" height=\"800\" \/><\/p>\n<p><img loading=\"lazy\" decoding=\"async\" class=\"size-medium wp-image-19178\" title=\"H9e7fdd2b69ad4de9bd7a87da84ea9d66A 2024091009393485\" src=\"https:\/\/www.sellersunionagent.com\/wp-content\/uploads\/2024\/09\/H9e7fdd2b69ad4de9bd7a87da84ea9d66A-2024091009393485.webp\" alt=\"H9e7fdd2b69ad4de9bd7a87da84ea9d66A 2024091009393485\" width=\"802\" height=\"802\" \/><\/p>\n<p><img loading=\"lazy\" decoding=\"async\" class=\"size-medium wp-image-19177\" title=\"H8b83648aa46c447a9c8dde1678159fe1M.jpg avif=close 2024091009393241\" src=\"https:\/\/www.sellersunionagent.com\/wp-content\/uploads\/2024\/09\/H8b83648aa46c447a9c8dde1678159fe1M.jpg_avifclose-2024091009393241.webp\" alt=\"H8b83648aa46c447a9c8dde1678159fe1M.jpg avif=close 2024091009393241\" width=\"800\" height=\"800\" \/><\/p>\n<p><img loading=\"lazy\" decoding=\"async\" class=\"size-full wp-image-19176\" title=\"H4ea2786596dc494d85a03d6e988a19859.jpg avif=close 2024091009392929\" src=\"https:\/\/www.sellersunionagent.com\/wp-content\/uploads\/2024\/09\/H4ea2786596dc494d85a03d6e988a19859.jpg_avifclose-2024091009392929.webp\" alt=\"H4ea2786596dc494d85a03d6e988a19859.jpg avif=close 2024091009392929\" width=\"800\" height=\"800\" \/><\/p>","protected":false},"excerpt":{"rendered":"<p><strong>MOQ<\/strong>:  1000 szt.<br \/>\n<strong>Bezp\u0142atna pr\u00f3bka<\/strong>:  Obs\u0142ugiwane<br \/>\n<strong>Personalizacja<\/strong>logo \/ kolor \/ materia\u0142y \/ opakowanie itp.<br \/>\n<strong>Zni\u017cka<\/strong>:  Pierwsze zam\u00f3wienia ju\u017c od 10% taniej.<br \/>\n<strong>Wska\u017anik terminowo\u015bci dostaw<\/strong>:\u00a0 100%<br \/>\n<strong>Przesy\u0142ki og\u00f3\u0142em<\/strong>:  10000 szt.<br \/>\n<strong>Wysy\u0142ka<\/strong>: Fracht morski Fracht l\u0105dowy<\/p>","protected":false},"featured_media":19179,"comment_status":"open","ping_status":"closed","template":"","meta":{"_acf_changed":false},"product_brand":[],"product_cat":[188],"product_tag":[],"class_list":{"0":"post-19173","1":"product","2":"type-product","3":"status-publish","4":"has-post-thumbnail","6":"product_cat-kitchen","8":"first","9":"instock","10":"shipping-taxable","11":"product-type-simple","12":"swiper-slide"},"acf":[],"_links":{"self":[{"href":"https:\/\/www.sellersunionagent.com\/pl\/wp-json\/wp\/v2\/product\/19173","targetHints":{"allow":["GET"]}}],"collection":[{"href":"https:\/\/www.sellersunionagent.com\/pl\/wp-json\/wp\/v2\/product"}],"about":[{"href":"https:\/\/www.sellersunionagent.com\/pl\/wp-json\/wp\/v2\/types\/product"}],"replies":[{"embeddable":true,"href":"https:\/\/www.sellersunionagent.com\/pl\/wp-json\/wp\/v2\/comments?post=19173"}],"wp:featuredmedia":[{"embeddable":true,"href":"https:\/\/www.sellersunionagent.com\/pl\/wp-json\/wp\/v2\/media\/19179"}],"wp:attachment":[{"href":"https:\/\/www.sellersunionagent.com\/pl\/wp-json\/wp\/v2\/media?parent=19173"}],"wp:term":[{"taxonomy":"product_brand","embeddable":true,"href":"https:\/\/www.sellersunionagent.com\/pl\/wp-json\/wp\/v2\/product_brand?post=19173"},{"taxonomy":"product_cat","embeddable":true,"href":"https:\/\/www.sellersunionagent.com\/pl\/wp-json\/wp\/v2\/product_cat?post=19173"},{"taxonomy":"product_tag","embeddable":true,"href":"https:\/\/www.sellersunionagent.com\/pl\/wp-json\/wp\/v2\/product_tag?post=19173"}],"curies":[{"name":"wp","href":"https:\/\/api.w.org\/{rel}","templated":true}]}}