{"id":19159,"date":"2024-09-10T17:25:50","date_gmt":"2024-09-10T09:25:50","guid":{"rendered":"https:\/\/sellersunionagent.com\/?post_type=product&#038;p=19159"},"modified":"2024-09-10T17:25:50","modified_gmt":"2024-09-10T09:25:50","slug":"przenosny-szklany-sloik-na-owsianke-na-noc-o-pojemnosci-350-ml-z-pokrywka-i-lyzka-do-przechowywania-zywnosci","status":"publish","type":"product","link":"https:\/\/www.sellersunionagent.com\/pl\/portable-350ml-measurement-marks-glass-mason-jar-overnight-oats-container-with-lid-and-spoon-for-food-storage\/","title":{"rendered":"Przeno\u015bny szklany s\u0142oik Overnight Oats o pojemno\u015bci 350 ml z pokrywk\u0105 i \u0142y\u017ck\u0105 do przechowywania \u017cywno\u015bci"},"content":{"rendered":"<h1 title=\"Przeno\u015bny szklany s\u0142oik Overnight Oats o pojemno\u015bci 350 ml z pokrywk\u0105 i \u0142y\u017ck\u0105 do przechowywania \u017cywno\u015bci\" data-spm-anchor-id=\"a2700.details.0.i44.35b37ca9wb5Sv7\">Przeno\u015bny szklany s\u0142oik Overnight Oats o pojemno\u015bci 350 ml z pokrywk\u0105 i \u0142y\u017ck\u0105 do przechowywania \u017cywno\u015bci<\/h1>\n<p>&nbsp;<\/p>\n<div class=\"elementor-element elementor-element-c17fac7 elementor-widget elementor-widget-woocommerce-product-short-description\" data-id=\"c17fac7\" data-element_type=\"widget\" data-widget_type=\"woocommerce-product-short-description.default\">\n<div class=\"elementor-widget-container\">\n<div class=\"woocommerce-product-details__short-description\">\n<h3><strong>Numer pozycji:<\/strong> SU0019<\/h3>\n<h3><strong>Rozmiar elementu<\/strong>8,7*12,5 CM<\/h3>\n<h3><strong>Kolory<\/strong>bia\u0142y\/niebieski\/r\u00f3\u017cowy...<\/h3>\n<h3><strong>Materia\u0142: <\/strong>szk\u0142o<\/h3>\n<\/div>\n<\/div>\n<\/div>\n<h4><\/h4>\n<ul>\n<li>\n<h4>Wyposa\u017cony w \u0142y\u017ck\u0119<\/h4>\n<\/li>\n<li>\n<h4>nietrwa\u0142y<\/h4>\n<\/li>\n<li>\n<h4>Dobre uszczelnienie<\/h4>\n<\/li>\n<li>\n<h4>\u0142atwy do przenoszenia<\/h4>\n<\/li>\n<\/ul>\n<p><img fetchpriority=\"high\" decoding=\"async\" class=\"size-full wp-image-19172\" title=\"Hb900cfda1fe642b593500bd2beaf404de 2024091009225911\" src=\"https:\/\/www.sellersunionagent.com\/wp-content\/uploads\/2024\/09\/Hb900cfda1fe642b593500bd2beaf404de-2024091009225911.webp\" alt=\"Hb900cfda1fe642b593500bd2beaf404de 2024091009225911\" width=\"802\" height=\"802\" \/><\/p>\n<p><img decoding=\"async\" class=\"size-medium wp-image-19171\" title=\"H8542da6cfc914002bc4f749700d37d77C.jpg avif=close 2024091009225519\" src=\"https:\/\/www.sellersunionagent.com\/wp-content\/uploads\/2024\/09\/H8542da6cfc914002bc4f749700d37d77C.jpg_avifclose-2024091009225519.webp\" alt=\"H8542da6cfc914002bc4f749700d37d77C.jpg avif=close 2024091009225519\" width=\"800\" height=\"800\" \/><\/p>\n<p><img decoding=\"async\" class=\"size-medium wp-image-19170\" title=\"H3628b0d8f83f458bb1ff09d0ebc58bd71.jpg avif=close 2024091009225181\" src=\"https:\/\/www.sellersunionagent.com\/wp-content\/uploads\/2024\/09\/H3628b0d8f83f458bb1ff09d0ebc58bd71.jpg_avifclose-2024091009225181.webp\" alt=\"H3628b0d8f83f458bb1ff09d0ebc58bd71.jpg avif=close 2024091009225181\" width=\"800\" height=\"800\" \/><\/p>\n<p><img loading=\"lazy\" decoding=\"async\" class=\"size-medium wp-image-19169\" title=\"H828cd01b000f40059ec2c747e572aec0F.jpg avif=close 2024091009224750\" src=\"https:\/\/www.sellersunionagent.com\/wp-content\/uploads\/2024\/09\/H828cd01b000f40059ec2c747e572aec0F.jpg_avifclose-2024091009224750.webp\" alt=\"H828cd01b000f40059ec2c747e572aec0F.jpg avif=close 2024091009224750\" width=\"715\" height=\"715\" \/><\/p>\n<p><img loading=\"lazy\" decoding=\"async\" class=\"size-medium wp-image-19168\" title=\"H8e0cb6749e274b85bc8afae6654970e0v.jpg avif=close 2024091009224334\" src=\"https:\/\/www.sellersunionagent.com\/wp-content\/uploads\/2024\/09\/H8e0cb6749e274b85bc8afae6654970e0v.jpg_avifclose-2024091009224334.webp\" alt=\"H8e0cb6749e274b85bc8afae6654970e0v.jpg avif=close 2024091009224334\" width=\"800\" height=\"800\" \/><\/p>\n<p><img loading=\"lazy\" decoding=\"async\" class=\"size-medium wp-image-19167\" title=\"H4cff3b368120400c920ee77920123d292.jpg avif=close 2024091009223970\" src=\"https:\/\/www.sellersunionagent.com\/wp-content\/uploads\/2024\/09\/H4cff3b368120400c920ee77920123d292.jpg_avifclose-2024091009223970.webp\" alt=\"H4cff3b368120400c920ee77920123d292.jpg avif=close 2024091009223970\" width=\"790\" height=\"834\" \/><\/p>\n<p><img loading=\"lazy\" decoding=\"async\" class=\"size-full wp-image-19166\" title=\"H4a966942307747768a7dd4974b9a8f642.jpg avif=close 2024091009223394\" src=\"https:\/\/www.sellersunionagent.com\/wp-content\/uploads\/2024\/09\/H4a966942307747768a7dd4974b9a8f642.jpg_avifclose-2024091009223394.webp\" alt=\"H4a966942307747768a7dd4974b9a8f642.jpg avif=close 2024091009223394\" width=\"800\" height=\"800\" \/><\/p>","protected":false},"excerpt":{"rendered":"<p><strong>MOQ<\/strong>:  1000 szt.<br \/>\n<strong>Bezp\u0142atna pr\u00f3bka<\/strong>:  Obs\u0142ugiwane<br \/>\n<strong>Personalizacja<\/strong>logo \/ kolor \/ materia\u0142y \/ opakowanie itp.<br \/>\n<strong>Zni\u017cka<\/strong>:  Pierwsze zam\u00f3wienia ju\u017c od 10% taniej.<br \/>\n<strong>Wska\u017anik terminowo\u015bci dostaw<\/strong>:\u00a0 100%<br \/>\n<strong>Przesy\u0142ki og\u00f3\u0142em<\/strong>:  10000 szt.<br \/>\n<strong>Wysy\u0142ka<\/strong>: Fracht morski Fracht l\u0105dowy<\/p>","protected":false},"featured_media":19166,"comment_status":"open","ping_status":"closed","template":"","meta":{"_acf_changed":false},"product_brand":[],"product_cat":[188],"product_tag":[],"class_list":{"0":"post-19159","1":"product","2":"type-product","3":"status-publish","4":"has-post-thumbnail","6":"product_cat-kitchen","8":"first","9":"instock","10":"shipping-taxable","11":"product-type-simple","12":"swiper-slide"},"acf":[],"_links":{"self":[{"href":"https:\/\/www.sellersunionagent.com\/pl\/wp-json\/wp\/v2\/product\/19159","targetHints":{"allow":["GET"]}}],"collection":[{"href":"https:\/\/www.sellersunionagent.com\/pl\/wp-json\/wp\/v2\/product"}],"about":[{"href":"https:\/\/www.sellersunionagent.com\/pl\/wp-json\/wp\/v2\/types\/product"}],"replies":[{"embeddable":true,"href":"https:\/\/www.sellersunionagent.com\/pl\/wp-json\/wp\/v2\/comments?post=19159"}],"wp:featuredmedia":[{"embeddable":true,"href":"https:\/\/www.sellersunionagent.com\/pl\/wp-json\/wp\/v2\/media\/19166"}],"wp:attachment":[{"href":"https:\/\/www.sellersunionagent.com\/pl\/wp-json\/wp\/v2\/media?parent=19159"}],"wp:term":[{"taxonomy":"product_brand","embeddable":true,"href":"https:\/\/www.sellersunionagent.com\/pl\/wp-json\/wp\/v2\/product_brand?post=19159"},{"taxonomy":"product_cat","embeddable":true,"href":"https:\/\/www.sellersunionagent.com\/pl\/wp-json\/wp\/v2\/product_cat?post=19159"},{"taxonomy":"product_tag","embeddable":true,"href":"https:\/\/www.sellersunionagent.com\/pl\/wp-json\/wp\/v2\/product_tag?post=19159"}],"curies":[{"name":"wp","href":"https:\/\/api.w.org\/{rel}","templated":true}]}}