{"id":19127,"date":"2024-09-10T16:56:05","date_gmt":"2024-09-10T08:56:05","guid":{"rendered":"https:\/\/sellersunionagent.com\/?post_type=product&#038;p=19127"},"modified":"2024-09-10T16:56:05","modified_gmt":"2024-09-10T08:56:05","slug":"szklany-kubek-wukong-model-czarny-mit-wukong-pochodna-kubek-do-napojow","status":"publish","type":"product","link":"https:\/\/www.sellersunionagent.com\/pl\/glass-cup-wukong-model-black-myth-wukong-derivative-drink-cup\/","title":{"rendered":"Szklany kubek do napoj\u00f3w Wukong Model Black Myth Wukong Derivative Drink Cup"},"content":{"rendered":"<h1 title=\"Szklany kubek do napoj\u00f3w Wukong Model Black Myth Wukong Derivative Drink Cup\" data-spm-anchor-id=\"a2700.details.0.i26.38d02ea2CKg7T3\">Szklany kubek do napoj\u00f3w Wukong Model Black Myth Wukong Derivative Drink Cup<\/h1>\n<p>&nbsp;<\/p>\n<div class=\"elementor-element elementor-element-c17fac7 elementor-widget elementor-widget-woocommerce-product-short-description\" data-id=\"c17fac7\" data-element_type=\"widget\" data-widget_type=\"woocommerce-product-short-description.default\">\n<div class=\"elementor-widget-container\">\n<div class=\"woocommerce-product-details__short-description\">\n<h3><strong>Numer pozycji:<\/strong> BWK01<\/h3>\n<h3><strong>Rozmiar elementu<\/strong>6.5*8CM<\/h3>\n<h3><strong>Kolory<\/strong>przezroczysty<\/h3>\n<h3><strong>Materia\u0142: szk\u0142o<\/strong><\/h3>\n<\/div>\n<\/div>\n<\/div>\n<p>&nbsp;<\/p>\n<ul>\n<li>\n<h4>wukong monky<\/h4>\n<\/li>\n<li>\n<h4>Chi\u0144ski tradycyjny<\/h4>\n<\/li>\n<li>\n<h4>nie\u0142amliwy<\/h4>\n<\/li>\n<\/ul>\n<p><img fetchpriority=\"high\" decoding=\"async\" class=\"size-full wp-image-19146\" title=\"H05eb92a970f44e718352d0ad88f58503S.jpg avif=close 2024091008423726\" src=\"https:\/\/www.sellersunionagent.com\/wp-content\/uploads\/2024\/09\/H05eb92a970f44e718352d0ad88f58503S.jpg_avifclose-2024091008423726.webp\" alt=\"H05eb92a970f44e718352d0ad88f58503S.jpg avif=close 2024091008423726\" width=\"800\" height=\"800\" \/><\/p>\n<figure id=\"attachment_19151\" aria-describedby=\"caption-attachment-19151\" style=\"width: 800px\" class=\"wp-caption aligncenter\"><img decoding=\"async\" class=\"wp-image-19151\" title=\"He68ede641ccf48069beb5f17c8e391b3S.png avif=close 2024091008425740\" src=\"https:\/\/www.sellersunionagent.com\/wp-content\/uploads\/2024\/09\/He68ede641ccf48069beb5f17c8e391b3S.webp_avifclose-2024091008425740.webp\" alt=\"He68ede641ccf48069beb5f17c8e391b3S.png avif=close 2024091008425740\" width=\"800\" height=\"896\" \/><figcaption id=\"caption-attachment-19151\" class=\"wp-caption-text\">\u00a0<\/figcaption><\/figure>\n<p><img decoding=\"async\" class=\"size-medium wp-image-19150\" title=\"Hc4b0cd95254941b8b0af08bb9b6b9c6bB.jpg avif=close 2024091008425544\" src=\"https:\/\/www.sellersunionagent.com\/wp-content\/uploads\/2024\/09\/Hc4b0cd95254941b8b0af08bb9b6b9c6bB.jpg_avifclose-2024091008425544.webp\" alt=\"Hc4b0cd95254941b8b0af08bb9b6b9c6bB.jpg avif=close 2024091008425544\" width=\"800\" height=\"800\" \/><\/p>\n<p><img loading=\"lazy\" decoding=\"async\" class=\"size-medium wp-image-19149\" title=\"H93a4d47ec33c4bb7b8b0cec9402a1df2J.jpg avif=close 2024091008425119\" src=\"https:\/\/www.sellersunionagent.com\/wp-content\/uploads\/2024\/09\/H93a4d47ec33c4bb7b8b0cec9402a1df2J.jpg_avifclose-2024091008425119.webp\" alt=\"H93a4d47ec33c4bb7b8b0cec9402a1df2J.jpg avif=close 2024091008425119\" width=\"800\" height=\"800\" \/><\/p>\n<p><img loading=\"lazy\" decoding=\"async\" class=\"size-medium wp-image-19148\" title=\"H43c2f4f188754c7194a431d390a3bee0o.jpg avif=close 2024091008424789\" src=\"https:\/\/www.sellersunionagent.com\/wp-content\/uploads\/2024\/09\/H43c2f4f188754c7194a431d390a3bee0o.jpg_avifclose-2024091008424789.webp\" alt=\"H43c2f4f188754c7194a431d390a3bee0o.jpg avif=close 2024091008424789\" width=\"800\" height=\"800\" \/><\/p>\n<p><img loading=\"lazy\" decoding=\"async\" class=\"size-medium wp-image-19147\" title=\"H5f99b5c12d4b48c6a9e428304ecdcf1fZ.jpg avif=close 2024091008424271\" src=\"https:\/\/www.sellersunionagent.com\/wp-content\/uploads\/2024\/09\/H5f99b5c12d4b48c6a9e428304ecdcf1fZ.jpg_avifclose-2024091008424271.webp\" alt=\"H5f99b5c12d4b48c6a9e428304ecdcf1fZ.jpg avif=close 2024091008424271\" width=\"800\" height=\"800\" \/><\/p>","protected":false},"excerpt":{"rendered":"<p><strong>MOQ<\/strong>:  1000 szt.<br \/>\n<strong>Bezp\u0142atna pr\u00f3bka<\/strong>:  Obs\u0142ugiwane<br \/>\n<strong>Personalizacja<\/strong>logo \/ kolor \/ materia\u0142y \/ opakowanie itp.<br \/>\n<strong>Zni\u017cka<\/strong>:  Pierwsze zam\u00f3wienia ju\u017c od 10% taniej.<br \/>\n<strong>Wska\u017anik terminowo\u015bci dostaw<\/strong>:\u00a0 100%<br \/>\n<strong>Przesy\u0142ki og\u00f3\u0142em<\/strong>:  10000 szt.<br \/>\n<strong>Wysy\u0142ka<\/strong>: Fracht morski Fracht l\u0105dowy<\/p>","protected":false},"featured_media":19146,"comment_status":"open","ping_status":"closed","template":"","meta":{"_acf_changed":false},"product_brand":[],"product_cat":[186,187],"product_tag":[],"class_list":{"0":"post-19127","1":"product","2":"type-product","3":"status-publish","4":"has-post-thumbnail","6":"product_cat-living-room","7":"product_cat-bedroom","9":"first","10":"instock","11":"shipping-taxable","12":"product-type-simple","13":"swiper-slide"},"acf":[],"_links":{"self":[{"href":"https:\/\/www.sellersunionagent.com\/pl\/wp-json\/wp\/v2\/product\/19127","targetHints":{"allow":["GET"]}}],"collection":[{"href":"https:\/\/www.sellersunionagent.com\/pl\/wp-json\/wp\/v2\/product"}],"about":[{"href":"https:\/\/www.sellersunionagent.com\/pl\/wp-json\/wp\/v2\/types\/product"}],"replies":[{"embeddable":true,"href":"https:\/\/www.sellersunionagent.com\/pl\/wp-json\/wp\/v2\/comments?post=19127"}],"wp:featuredmedia":[{"embeddable":true,"href":"https:\/\/www.sellersunionagent.com\/pl\/wp-json\/wp\/v2\/media\/19146"}],"wp:attachment":[{"href":"https:\/\/www.sellersunionagent.com\/pl\/wp-json\/wp\/v2\/media?parent=19127"}],"wp:term":[{"taxonomy":"product_brand","embeddable":true,"href":"https:\/\/www.sellersunionagent.com\/pl\/wp-json\/wp\/v2\/product_brand?post=19127"},{"taxonomy":"product_cat","embeddable":true,"href":"https:\/\/www.sellersunionagent.com\/pl\/wp-json\/wp\/v2\/product_cat?post=19127"},{"taxonomy":"product_tag","embeddable":true,"href":"https:\/\/www.sellersunionagent.com\/pl\/wp-json\/wp\/v2\/product_tag?post=19127"}],"curies":[{"name":"wp","href":"https:\/\/api.w.org\/{rel}","templated":true}]}}