{"id":18921,"date":"2024-08-26T15:57:27","date_gmt":"2024-08-26T07:57:27","guid":{"rendered":"https:\/\/sellersunionagent.com\/?post_type=product&#038;p=18921"},"modified":"2024-08-26T15:59:38","modified_gmt":"2024-08-26T07:59:38","slug":"goraca-sprzedaz-zloto-czarne-kolorowe-kartki-papierowe-drukowane-dekoracje-urodzinowe-baner-zestaw","status":"publish","type":"product","link":"https:\/\/www.sellersunionagent.com\/pl\/hot-sell-gold-black-colorful-paper-cards-printed-happy-birthday-decorations-banner-set\/","title":{"rendered":"Gor\u0105ca sprzeda\u017c z\u0142oto-czarne kolorowe kartki papierowe z nadrukiem Happy Birthday Dekoracje banerowe Zestaw"},"content":{"rendered":"<h1>Gor\u0105ca sprzeda\u017c z\u0142oto-czarne kolorowe kartki papierowe z nadrukiem Happy Birthday Dekoracje banerowe Zestaw<\/h1>\n<div class=\"elementor-element elementor-element-42815df elementor-widget elementor-widget-heading\" data-id=\"42815df\" data-element_type=\"widget\" data-widget_type=\"heading.default\">\n<div class=\"elementor-widget-container\">\n<h3 class=\"elementor-heading-title elementor-size-default\"><\/h3>\n<\/div>\n<\/div>\n<div class=\"elementor-element elementor-element-c17fac7 elementor-widget elementor-widget-woocommerce-product-short-description\" data-id=\"c17fac7\" data-element_type=\"widget\" data-widget_type=\"woocommerce-product-short-description.default\">\n<div class=\"elementor-widget-container\">\n<div class=\"woocommerce-product-details__short-description\">\n<h3><strong>Numer pozycji:<\/strong> PHMD210015<\/h3>\n<h3><strong>Rozmiar elementu<\/strong>: 12*17CM<\/h3>\n<h3><strong>Kolory<\/strong>bia\u0142y\/niebieski\/r\u00f3\u017cowy\/czarny\/fioletowy\/czerwony<\/h3>\n<h3><strong>Materia\u0142: <\/strong>folia<\/h3>\n<\/div>\n<\/div>\n<\/div>\n<h4><\/h4>\n<ul>\n<li>\n<h4>Dekoracja festiwalowa<\/h4>\n<\/li>\n<li>\n<h4>Baner listowy<\/h4>\n<\/li>\n<li>\n<h4>Jednorazowe, przyjazne dla \u015brodowiska<\/h4>\n<\/li>\n<li>\n<h4>wielokolorowy<\/h4>\n<\/li>\n<\/ul>\n<p><img fetchpriority=\"high\" decoding=\"async\" class=\"aligncenter wp-image-18928\" title=\"Uea0e763de5954c9d8eecea97ab94d034R 2024082607522552\" src=\"https:\/\/www.sellersunionagent.com\/wp-content\/uploads\/2024\/08\/Uea0e763de5954c9d8eecea97ab94d034R-2024082607522552.webp\" alt=\"Uea0e763de5954c9d8eecea97ab94d034R 2024082607522552\" width=\"800\" height=\"632\" \/><\/p>\n<p><img decoding=\"async\" class=\"aligncenter wp-image-18927\" title=\"U86503390438047fe8e5318b095a2f6873 2024082607522033\" src=\"https:\/\/www.sellersunionagent.com\/wp-content\/uploads\/2024\/08\/U86503390438047fe8e5318b095a2f6873-2024082607522033.webp\" alt=\"U86503390438047fe8e5318b095a2f6873 2024082607522033\" width=\"800\" height=\"800\" \/><\/p>\n<p><img decoding=\"async\" class=\"size-medium wp-image-18926 aligncenter\" title=\"U1341741659b7428f9545423780ed00c8E 2024082607521688\" src=\"https:\/\/www.sellersunionagent.com\/wp-content\/uploads\/2024\/08\/U1341741659b7428f9545423780ed00c8E-2024082607521688.webp\" alt=\"U1341741659b7428f9545423780ed00c8E 2024082607521688\" width=\"750\" height=\"659\" \/><\/p>\n<p><img loading=\"lazy\" decoding=\"async\" class=\"size-medium wp-image-18925 aligncenter\" title=\"U87b4eec7330c49c8ad023fb041ca4b006 2024082607521356\" src=\"https:\/\/www.sellersunionagent.com\/wp-content\/uploads\/2024\/08\/U87b4eec7330c49c8ad023fb041ca4b006-2024082607521356.webp\" alt=\"U87b4eec7330c49c8ad023fb041ca4b006 2024082607521356\" width=\"800\" height=\"800\" \/><\/p>\n<p><img loading=\"lazy\" decoding=\"async\" class=\"size-medium wp-image-18924 aligncenter\" title=\"U40c9e660f8164a2a82f1bebd1c1b97ddY 2024082607520963\" src=\"https:\/\/www.sellersunionagent.com\/wp-content\/uploads\/2024\/08\/U40c9e660f8164a2a82f1bebd1c1b97ddY-2024082607520963.webp\" alt=\"U40c9e660f8164a2a82f1bebd1c1b97ddY 2024082607520963\" width=\"800\" height=\"800\" \/><\/p>\n<p><img loading=\"lazy\" decoding=\"async\" class=\"aligncenter wp-image-18923\" title=\"U5f168f0e101c4d9a8747e2b01c011de9w 2024082607520570\" src=\"https:\/\/www.sellersunionagent.com\/wp-content\/uploads\/2024\/08\/U5f168f0e101c4d9a8747e2b01c011de9w-2024082607520570.webp\" alt=\"U5f168f0e101c4d9a8747e2b01c011de9w 2024082607520570\" width=\"800\" height=\"641\" \/><\/p>\n<p>&nbsp;<\/p>","protected":false},"excerpt":{"rendered":"<p><strong>MOQ<\/strong>:  1000 szt.<br \/>\n<strong>Bezp\u0142atna pr\u00f3bka<\/strong>:  Obs\u0142ugiwane<br \/>\n<strong>Personalizacja<\/strong>logo \/ kolor \/ materia\u0142y \/ opakowanie itp.<br \/>\n<strong>Zni\u017cka<\/strong>:  Pierwsze zam\u00f3wienia ju\u017c od 10% taniej.<br \/>\n<strong>Wska\u017anik terminowo\u015bci dostaw<\/strong>:\u00a0 100%<br \/>\n<strong>Przesy\u0142ki og\u00f3\u0142em<\/strong>:  10000 szt.<br \/>\n<strong>Wysy\u0142ka<\/strong>: Fracht morski Fracht l\u0105dowy<\/p>","protected":false},"featured_media":18924,"comment_status":"open","ping_status":"closed","template":"","meta":{"_acf_changed":false},"product_brand":[],"product_cat":[229],"product_tag":[],"class_list":{"0":"post-18921","1":"product","2":"type-product","3":"status-publish","4":"has-post-thumbnail","6":"product_cat-party-supplies","8":"first","9":"instock","10":"shipping-taxable","11":"product-type-simple","12":"swiper-slide"},"acf":[],"_links":{"self":[{"href":"https:\/\/www.sellersunionagent.com\/pl\/wp-json\/wp\/v2\/product\/18921","targetHints":{"allow":["GET"]}}],"collection":[{"href":"https:\/\/www.sellersunionagent.com\/pl\/wp-json\/wp\/v2\/product"}],"about":[{"href":"https:\/\/www.sellersunionagent.com\/pl\/wp-json\/wp\/v2\/types\/product"}],"replies":[{"embeddable":true,"href":"https:\/\/www.sellersunionagent.com\/pl\/wp-json\/wp\/v2\/comments?post=18921"}],"wp:featuredmedia":[{"embeddable":true,"href":"https:\/\/www.sellersunionagent.com\/pl\/wp-json\/wp\/v2\/media\/18924"}],"wp:attachment":[{"href":"https:\/\/www.sellersunionagent.com\/pl\/wp-json\/wp\/v2\/media?parent=18921"}],"wp:term":[{"taxonomy":"product_brand","embeddable":true,"href":"https:\/\/www.sellersunionagent.com\/pl\/wp-json\/wp\/v2\/product_brand?post=18921"},{"taxonomy":"product_cat","embeddable":true,"href":"https:\/\/www.sellersunionagent.com\/pl\/wp-json\/wp\/v2\/product_cat?post=18921"},{"taxonomy":"product_tag","embeddable":true,"href":"https:\/\/www.sellersunionagent.com\/pl\/wp-json\/wp\/v2\/product_tag?post=18921"}],"curies":[{"name":"wp","href":"https:\/\/api.w.org\/{rel}","templated":true}]}}