{"id":18913,"date":"2024-08-26T15:34:18","date_gmt":"2024-08-26T07:34:18","guid":{"rendered":"https:\/\/sellersunionagent.com\/?post_type=product&#038;p=18913"},"modified":"2024-08-26T15:34:18","modified_gmt":"2024-08-26T07:34:18","slug":"hurtowy-kolorowy-metaliczny-blichtr-zlota-folia-fredzle-i-fredzle-tlo-kurtyna-dekoracja-na-impreze-i-materialy-eksploatacyjne","status":"publish","type":"product","link":"https:\/\/www.sellersunionagent.com\/pl\/wholesale-colorful-metallic-tinsel-gold-foil-tassel-and-fringe-backdrop-curtain-decor-for-party-favor-and-supplies\/","title":{"rendered":"Hurtownia Kolorowy metaliczny blichtr Z\u0142ota folia Fr\u0119dzle i fr\u0119dzle Dekoracja kurtyny na imprez\u0119 i materia\u0142y eksploatacyjne"},"content":{"rendered":"<h1>Hurtownia Kolorowy metaliczny blichtr Z\u0142ota folia Fr\u0119dzle i fr\u0119dzle Dekoracja kurtyny na imprez\u0119 i materia\u0142y eksploatacyjne<\/h1>\n<div class=\"elementor-element elementor-element-42815df elementor-widget elementor-widget-heading\" data-id=\"42815df\" data-element_type=\"widget\" data-widget_type=\"heading.default\">\n<div class=\"elementor-widget-container\">\n<h3 class=\"elementor-heading-title elementor-size-default\"><\/h3>\n<\/div>\n<\/div>\n<div class=\"elementor-element elementor-element-c17fac7 elementor-widget elementor-widget-woocommerce-product-short-description\" data-id=\"c17fac7\" data-element_type=\"widget\" data-widget_type=\"woocommerce-product-short-description.default\">\n<div class=\"elementor-widget-container\">\n<div class=\"woocommerce-product-details__short-description\">\n<h3><strong>Numer pozycji:<\/strong> PT0001<\/h3>\n<h3><strong>Rozmiar elementu<\/strong>: 100*200CM<\/h3>\n<h3><strong>Kolory<\/strong>czerwony\/niebieski\/zielony\/fioletowy\/z\u0142oty\/srebrny<\/h3>\n<h3><strong>Materia\u0142: folia<\/strong><\/h3>\n<\/div>\n<\/div>\n<\/div>\n<p>&nbsp;<\/p>\n<ul>\n<li>\n<h4>R\u00f3\u017cne opcje kolorystyczne<\/h4>\n<\/li>\n<li>\n<h4>Jednorazowy i przyjazny dla \u015brodowiska materia\u0142<\/h4>\n<\/li>\n<li>\n<h4>Aplikacja dla wielu scenariuszy<\/h4>\n<\/li>\n<li>\n<h4>dekoracja z fr\u0119dzlami<\/h4>\n<\/li>\n<li>\n<h4>Ulubione i materia\u0142y na imprez\u0119<\/h4>\n<\/li>\n<\/ul>\n<figure id=\"attachment_18920\" aria-describedby=\"caption-attachment-18920\" style=\"width: 600px\" class=\"wp-caption aligncenter\"><img fetchpriority=\"high\" decoding=\"async\" class=\"wp-image-18920\" title=\"U50178216af524704910846350e155cf41 2024082607292095\" src=\"https:\/\/www.sellersunionagent.com\/wp-content\/uploads\/2024\/08\/U50178216af524704910846350e155cf41-2024082607292095.webp\" alt=\"U50178216af524704910846350e155cf41 2024082607292095\" width=\"600\" height=\"600\" \/><figcaption id=\"caption-attachment-18920\" class=\"wp-caption-text\">\u00a0<\/figcaption><\/figure>\n<p><img decoding=\"async\" class=\"wp-image-18919\" title=\"U2009a62f944d440892818de836d6eb5dJ 2024082607291455\" src=\"https:\/\/www.sellersunionagent.com\/wp-content\/uploads\/2024\/08\/U2009a62f944d440892818de836d6eb5dJ-2024082607291455.webp\" alt=\"U2009a62f944d440892818de836d6eb5dJ 2024082607291455\" width=\"600\" height=\"600\" \/><\/p>\n<p><img decoding=\"async\" class=\"wp-image-18918\" title=\"U245a13f7d75243e39cbb2c1b51b1627ac 2024082607290183\" src=\"https:\/\/www.sellersunionagent.com\/wp-content\/uploads\/2024\/08\/U245a13f7d75243e39cbb2c1b51b1627ac-2024082607290183.webp\" alt=\"U245a13f7d75243e39cbb2c1b51b1627ac 2024082607290183\" width=\"600\" height=\"600\" \/><\/p>\n<p><img loading=\"lazy\" decoding=\"async\" class=\"wp-image-18917\" title=\"U87b8bf6e7bc54ff9b443c7bc4bcace92y 2024082607285433\" src=\"https:\/\/www.sellersunionagent.com\/wp-content\/uploads\/2024\/08\/U87b8bf6e7bc54ff9b443c7bc4bcace92y-2024082607285433.webp\" alt=\"U87b8bf6e7bc54ff9b443c7bc4bcace92y 2024082607285433\" width=\"600\" height=\"600\" \/><\/p>\n<p><img loading=\"lazy\" decoding=\"async\" class=\"wp-image-18916\" title=\"U50f592e707a84864804cfb24654834844 2024082607284993\" src=\"https:\/\/www.sellersunionagent.com\/wp-content\/uploads\/2024\/08\/U50f592e707a84864804cfb24654834844-2024082607284993.webp\" alt=\"U50f592e707a84864804cfb24654834844 2024082607284993\" width=\"600\" height=\"600\" \/><\/p>\n<p><img loading=\"lazy\" decoding=\"async\" class=\"wp-image-18915\" title=\"U15e389afb1bd416fb410ce7a28248cb75 2024082607284019\" src=\"https:\/\/www.sellersunionagent.com\/wp-content\/uploads\/2024\/08\/U15e389afb1bd416fb410ce7a28248cb75-2024082607284019.webp\" alt=\"U15e389afb1bd416fb410ce7a28248cb75 2024082607284019\" width=\"600\" height=\"600\" \/><\/p>\n<p><img loading=\"lazy\" decoding=\"async\" class=\"wp-image-18914\" title=\"U7db5d4fd636947039379df4cf3591b3aP 2024082607283479\" src=\"https:\/\/www.sellersunionagent.com\/wp-content\/uploads\/2024\/08\/U7db5d4fd636947039379df4cf3591b3aP-2024082607283479.webp\" alt=\"U7db5d4fd636947039379df4cf3591b3aP 2024082607283479\" width=\"600\" height=\"576\" \/><\/p>","protected":false},"excerpt":{"rendered":"<p><strong>MOQ<\/strong>:  1000 szt.<br \/>\n<strong>Bezp\u0142atna pr\u00f3bka<\/strong>:  Obs\u0142ugiwane<br \/>\n<strong>Personalizacja<\/strong>logo \/ kolor \/ materia\u0142y \/ opakowanie itp.<br \/>\n<strong>Zni\u017cka<\/strong>:  Pierwsze zam\u00f3wienia ju\u017c od 10% taniej.<br \/>\n<strong>Wska\u017anik terminowo\u015bci dostaw<\/strong>:\u00a0 100%<br \/>\n<strong>Przesy\u0142ki og\u00f3\u0142em<\/strong>:  10000 szt.<br \/>\n<strong>Wysy\u0142ka<\/strong>: Fracht morski Fracht l\u0105dowy<\/p>","protected":false},"featured_media":18917,"comment_status":"open","ping_status":"closed","template":"","meta":{"_acf_changed":false},"product_brand":[],"product_cat":[229],"product_tag":[],"class_list":{"0":"post-18913","1":"product","2":"type-product","3":"status-publish","4":"has-post-thumbnail","6":"product_cat-party-supplies","8":"first","9":"instock","10":"shipping-taxable","11":"product-type-simple","12":"swiper-slide"},"acf":[],"_links":{"self":[{"href":"https:\/\/www.sellersunionagent.com\/pl\/wp-json\/wp\/v2\/product\/18913","targetHints":{"allow":["GET"]}}],"collection":[{"href":"https:\/\/www.sellersunionagent.com\/pl\/wp-json\/wp\/v2\/product"}],"about":[{"href":"https:\/\/www.sellersunionagent.com\/pl\/wp-json\/wp\/v2\/types\/product"}],"replies":[{"embeddable":true,"href":"https:\/\/www.sellersunionagent.com\/pl\/wp-json\/wp\/v2\/comments?post=18913"}],"wp:featuredmedia":[{"embeddable":true,"href":"https:\/\/www.sellersunionagent.com\/pl\/wp-json\/wp\/v2\/media\/18917"}],"wp:attachment":[{"href":"https:\/\/www.sellersunionagent.com\/pl\/wp-json\/wp\/v2\/media?parent=18913"}],"wp:term":[{"taxonomy":"product_brand","embeddable":true,"href":"https:\/\/www.sellersunionagent.com\/pl\/wp-json\/wp\/v2\/product_brand?post=18913"},{"taxonomy":"product_cat","embeddable":true,"href":"https:\/\/www.sellersunionagent.com\/pl\/wp-json\/wp\/v2\/product_cat?post=18913"},{"taxonomy":"product_tag","embeddable":true,"href":"https:\/\/www.sellersunionagent.com\/pl\/wp-json\/wp\/v2\/product_tag?post=18913"}],"curies":[{"name":"wp","href":"https:\/\/api.w.org\/{rel}","templated":true}]}}