{"id":18903,"date":"2024-08-26T15:11:26","date_gmt":"2024-08-26T07:11:26","guid":{"rendered":"https:\/\/sellersunionagent.com\/?post_type=product&#038;p=18903"},"modified":"2025-11-28T10:31:16","modified_gmt":"2025-11-28T02:31:16","slug":"obrus-z-folii-w-kolorze-metalicznym-obrus-z-folii-aluminiowej-w-kolorze-chromu-prostokat-na-przyjecie-urodzinowe-przyjecie-weselne-dekoracja-swiateczna","status":"publish","type":"product","link":"https:\/\/www.sellersunionagent.com\/pl\/metallic-color-foil-table-cover-chrome-color-rectangle-aluminum-foil-tablecloth-for-birthday-wedding-party-christmas-decoration\/","title":{"rendered":"Obrus foliowy w kolorze metalicznym Prostok\u0105tny obrus z folii aluminiowej w kolorze chromu na przyj\u0119cie urodzinowe, wesele, dekoracj\u0119 \u015bwi\u0105teczn\u0105"},"content":{"rendered":"<h1>Obrus foliowy w kolorze metalicznym Prostok\u0105tny obrus z folii aluminiowej w kolorze chromu na przyj\u0119cie urodzinowe, wesele, dekoracj\u0119 \u015bwi\u0105teczn\u0105<\/h1>\n<div class=\"elementor-element elementor-element-42815df elementor-widget elementor-widget-heading\" data-id=\"42815df\" data-element_type=\"widget\" data-widget_type=\"heading.default\">\n<div class=\"elementor-widget-container\">\n<h3 class=\"elementor-heading-title elementor-size-default\"><\/h3>\n<\/div>\n<\/div>\n<div class=\"elementor-element elementor-element-c17fac7 elementor-widget elementor-widget-woocommerce-product-short-description\" data-id=\"c17fac7\" data-element_type=\"widget\" data-widget_type=\"woocommerce-product-short-description.default\">\n<div class=\"elementor-widget-container\">\n<div class=\"woocommerce-product-details__short-description\">\n<h3><strong>Numer pozycji:<\/strong> PXZJ210109<\/h3>\n<h3><strong>Rozmiar elementu<\/strong>: 137*274CM<\/h3>\n<h3><strong>Kolory<\/strong>z\u0142oty\/niebieski\/r\u00f3\u017cowy\/srebrny\/niebieski<\/h3>\n<h3><strong>Materia\u0142: <\/strong>druk offsetowy<\/h3>\n<\/div>\n<\/div>\n<\/div>\n<p>&nbsp;<\/p>\n<ul>\n<li>\n<h4>Aplikacja dla wielu scenariuszy<\/h4>\n<\/li>\n<li>\n<h4>Jednorazowy i przyjazny dla \u015brodowiska materia\u0142<\/h4>\n<\/li>\n<li>\n<h4>Dostosowane logo akceptowane<\/h4>\n<\/li>\n<li>\n<h4>R\u00f3\u017cne opcje kolorystyczne<\/h4>\n<\/li>\n<\/ul>\n<p><img fetchpriority=\"high\" decoding=\"async\" class=\"wp-image-18908 size-full aligncenter\" title=\"Ufb5a03537a864c42ba1519cb3275096dV 2024082607072685\" src=\"https:\/\/www.sellersunionagent.com\/wp-content\/uploads\/2024\/08\/Ufb5a03537a864c42ba1519cb3275096dV-2024082607072685.webp\" alt=\"\" width=\"800\" height=\"800\" \/><\/p>\n<p><img decoding=\"async\" class=\"size-medium wp-image-18907 aligncenter\" title=\"Ue5580e145951492aab62fffdcfa67d3aT 2024082607071999\" src=\"https:\/\/www.sellersunionagent.com\/wp-content\/uploads\/2024\/08\/Ue5580e145951492aab62fffdcfa67d3aT-2024082607071999.webp\" alt=\"Ue5580e145951492aab62fffdcfa67d3aT 2024082607071999\" width=\"800\" height=\"800\" \/><\/p>\n<p><img decoding=\"async\" class=\"size-medium wp-image-18906 aligncenter\" title=\"Uac88aaec5f394427bc1a9eb4e235add0l 2024082607071419\" src=\"https:\/\/www.sellersunionagent.com\/wp-content\/uploads\/2024\/08\/Uac88aaec5f394427bc1a9eb4e235add0l-2024082607071419.webp\" alt=\"Uac88aaec5f394427bc1a9eb4e235add0l 2024082607071419\" width=\"800\" height=\"800\" \/><\/p>\n<p><img loading=\"lazy\" decoding=\"async\" class=\"size-medium wp-image-18905 aligncenter\" title=\"U0792a366f1cf482b9309472b7bcfd696E 2024082607070917\" src=\"https:\/\/www.sellersunionagent.com\/wp-content\/uploads\/2024\/08\/U0792a366f1cf482b9309472b7bcfd696E-2024082607070917.webp\" alt=\"U0792a366f1cf482b9309472b7bcfd696E 2024082607070917\" width=\"800\" height=\"800\" \/><\/p>\n<p><img loading=\"lazy\" decoding=\"async\" class=\"size-full wp-image-18904 aligncenter\" title=\"U27b939c08b734189bfc8b71a4a87c6525 2024082607070389\" src=\"https:\/\/www.sellersunionagent.com\/wp-content\/uploads\/2024\/08\/U27b939c08b734189bfc8b71a4a87c6525-2024082607070389.webp\" alt=\"U27b939c08b734189bfc8b71a4a87c6525 2024082607070389\" width=\"800\" height=\"800\" \/><\/p>","protected":false},"excerpt":{"rendered":"<p><strong>MOQ<\/strong>:  1000 szt.<br \/>\n<strong>Bezp\u0142atna pr\u00f3bka<\/strong>:  Obs\u0142ugiwane<br \/>\n<strong>Personalizacja<\/strong>logo \/ kolor \/ materia\u0142y \/ opakowanie itp.<br \/>\n<strong>Zni\u017cka<\/strong>:  Pierwsze zam\u00f3wienia ju\u017c od 10% taniej.<br \/>\n<strong>Wska\u017anik terminowo\u015bci dostaw<\/strong>:\u00a0 100%<br \/>\n<strong>Przesy\u0142ki og\u00f3\u0142em<\/strong>:  10000 szt.<br \/>\n<strong>Wysy\u0142ka<\/strong>: Fracht morski Fracht l\u0105dowy<\/p>","protected":false},"featured_media":18904,"comment_status":"open","ping_status":"closed","template":"","meta":{"_acf_changed":false},"product_brand":[],"product_cat":[235,322,229],"product_tag":[],"class_list":{"0":"post-18903","1":"product","2":"type-product","3":"status-publish","4":"has-post-thumbnail","6":"product_cat-christmas-decoration","7":"product_cat-christmas-gift","8":"product_cat-party-supplies","10":"first","11":"instock","12":"shipping-taxable","13":"product-type-simple","14":"swiper-slide"},"acf":[],"_links":{"self":[{"href":"https:\/\/www.sellersunionagent.com\/pl\/wp-json\/wp\/v2\/product\/18903","targetHints":{"allow":["GET"]}}],"collection":[{"href":"https:\/\/www.sellersunionagent.com\/pl\/wp-json\/wp\/v2\/product"}],"about":[{"href":"https:\/\/www.sellersunionagent.com\/pl\/wp-json\/wp\/v2\/types\/product"}],"replies":[{"embeddable":true,"href":"https:\/\/www.sellersunionagent.com\/pl\/wp-json\/wp\/v2\/comments?post=18903"}],"wp:featuredmedia":[{"embeddable":true,"href":"https:\/\/www.sellersunionagent.com\/pl\/wp-json\/wp\/v2\/media\/18904"}],"wp:attachment":[{"href":"https:\/\/www.sellersunionagent.com\/pl\/wp-json\/wp\/v2\/media?parent=18903"}],"wp:term":[{"taxonomy":"product_brand","embeddable":true,"href":"https:\/\/www.sellersunionagent.com\/pl\/wp-json\/wp\/v2\/product_brand?post=18903"},{"taxonomy":"product_cat","embeddable":true,"href":"https:\/\/www.sellersunionagent.com\/pl\/wp-json\/wp\/v2\/product_cat?post=18903"},{"taxonomy":"product_tag","embeddable":true,"href":"https:\/\/www.sellersunionagent.com\/pl\/wp-json\/wp\/v2\/product_tag?post=18903"}],"curies":[{"name":"wp","href":"https:\/\/api.w.org\/{rel}","templated":true}]}}