{"id":18743,"date":"2024-08-19T14:57:37","date_gmt":"2024-08-19T06:57:37","guid":{"rendered":"https:\/\/sellersunionagent.com\/?post_type=product&#038;p=18743"},"modified":"2024-08-19T15:02:03","modified_gmt":"2024-08-19T07:02:03","slug":"new-fashion-32inch-pink-black-silver-rose-gold-balloon-numbers-0-9-number-balloons-foil","status":"publish","type":"product","link":"https:\/\/www.sellersunionagent.com\/pl\/new-fashion-32inch-pink-black-silver-rose-gold-balloon-numbers-0-9-number-balloons-foil\/","title":{"rendered":"Nowa moda 32-calowe r\u00f3\u017cowe czarne srebrne r\u00f3\u017cowe z\u0142ote balony z cyframi 0-9 balony foliowe"},"content":{"rendered":"<h1 title=\"Nowa moda 32-calowe r\u00f3\u017cowe czarne srebrne r\u00f3\u017cowe z\u0142ote balony z cyframi 0-9 balony foliowe\" data-spm-anchor-id=\"a2700.details.0.i1.71104ed0XAmtRP\">Nowa moda 32-calowe r\u00f3\u017cowe czarne srebrne r\u00f3\u017cowe z\u0142ote balony z cyframi 0-9 balony foliowe<\/h1>\n<div class=\"elementor-element elementor-element-42815df elementor-widget elementor-widget-heading\" data-id=\"42815df\" data-element_type=\"widget\" data-widget_type=\"heading.default\">\n<div class=\"elementor-widget-container\">\n<h3><\/h3>\n<h3 class=\"elementor-heading-title elementor-size-default\"><strong>Typ<\/strong>:balloons foil<\/h3>\n<\/div>\n<\/div>\n<div class=\"elementor-element elementor-element-c17fac7 elementor-widget elementor-widget-woocommerce-product-short-description\" data-id=\"c17fac7\" data-element_type=\"widget\" data-widget_type=\"woocommerce-product-short-description.default\">\n<div class=\"elementor-widget-container\">\n<div class=\"woocommerce-product-details__short-description\">\n<h3><strong>Numer pozycji:<\/strong> PT0005<\/h3>\n<h3><strong>Rozmiar elementu<\/strong>: 20X15X10CM<\/h3>\n<h3><strong>Kolory<\/strong>: gold\/ silver\/pink\/rainbow\/blue\/rose<\/h3>\n<h3><strong>Material: Helium Foil<\/strong><\/h3>\n<\/div>\n<\/div>\n<\/div>\n<p>&nbsp;<\/p>\n<ul>\n<li>\n<h4>\u0142atwe u\u017cytkowanie<\/h4>\n<\/li>\n<li>\n<h4>Easy to store<\/h4>\n<\/li>\n<li>\n<h4>Unbreakable<\/h4>\n<\/li>\n<li>\n<h4>Trendy<\/h4>\n<\/li>\n<\/ul>\n<p><img fetchpriority=\"high\" decoding=\"async\" class=\"size-full wp-image-18752 aligncenter\" title=\"Hb789ed6e89ed473e81d63bd69ca40f45a\" src=\"https:\/\/www.sellersunionagent.com\/wp-content\/uploads\/2024\/08\/Hb789ed6e89ed473e81d63bd69ca40f45a.png\" alt=\"Hb789ed6e89ed473e81d63bd69ca40f45a\" width=\"750\" height=\"750\" \/><\/p>\n<p><img decoding=\"async\" class=\"size-medium wp-image-18751 aligncenter\" title=\"Had15048ad82a470592b77c02d3605ddch\" src=\"https:\/\/www.sellersunionagent.com\/wp-content\/uploads\/2024\/08\/Had15048ad82a470592b77c02d3605ddch.png\" alt=\"Had15048ad82a470592b77c02d3605ddch\" width=\"750\" height=\"750\" \/><\/p>\n<p><img decoding=\"async\" class=\"size-medium wp-image-18750 aligncenter\" title=\"Ha4df8ba2427b47fa8ebfc25ce1cd773aT\" src=\"https:\/\/www.sellersunionagent.com\/wp-content\/uploads\/2024\/08\/Ha4df8ba2427b47fa8ebfc25ce1cd773aT.png\" alt=\"Ha4df8ba2427b47fa8ebfc25ce1cd773aT\" width=\"750\" height=\"750\" \/><\/p>\n<p><img loading=\"lazy\" decoding=\"async\" class=\"size-medium wp-image-18749 aligncenter\" title=\"H75aa5d7291dc4acaa3b235f0152dd5bbF\" src=\"https:\/\/www.sellersunionagent.com\/wp-content\/uploads\/2024\/08\/H75aa5d7291dc4acaa3b235f0152dd5bbF.png\" alt=\"H75aa5d7291dc4acaa3b235f0152dd5bbF\" width=\"750\" height=\"750\" \/><\/p>\n<p><img loading=\"lazy\" decoding=\"async\" class=\"size-medium wp-image-18748 aligncenter\" title=\"H60d00279096c445dba2fc36cb234d5cfT\" src=\"https:\/\/www.sellersunionagent.com\/wp-content\/uploads\/2024\/08\/H60d00279096c445dba2fc36cb234d5cfT.png\" alt=\"H60d00279096c445dba2fc36cb234d5cfT\" width=\"750\" height=\"750\" \/><\/p>\n<p><img loading=\"lazy\" decoding=\"async\" class=\"size-medium wp-image-18747 aligncenter\" title=\"Hcd8b400721714f44977ec200376c2ef1L\" src=\"https:\/\/www.sellersunionagent.com\/wp-content\/uploads\/2024\/08\/Hcd8b400721714f44977ec200376c2ef1L.png\" alt=\"Hcd8b400721714f44977ec200376c2ef1L\" width=\"750\" height=\"750\" \/><\/p>\n<p><img loading=\"lazy\" decoding=\"async\" class=\"size-medium wp-image-18746 aligncenter\" title=\"Hc450fc5b4651400f895379f2117508f0d\" src=\"https:\/\/www.sellersunionagent.com\/wp-content\/uploads\/2024\/08\/Hc450fc5b4651400f895379f2117508f0d.png\" alt=\"Hc450fc5b4651400f895379f2117508f0d\" width=\"750\" height=\"750\" \/><\/p>\n<p><img loading=\"lazy\" decoding=\"async\" class=\"size-full wp-image-18745 aligncenter\" title=\"H937f895ba56b4e21ae6f82ab7b7c9a8dU\" src=\"https:\/\/www.sellersunionagent.com\/wp-content\/uploads\/2024\/08\/H937f895ba56b4e21ae6f82ab7b7c9a8dU.png\" alt=\"H937f895ba56b4e21ae6f82ab7b7c9a8dU\" width=\"800\" height=\"800\" \/><\/p>","protected":false},"excerpt":{"rendered":"<div class=\"elementor-element elementor-element-42815df elementor-widget elementor-widget-heading\" data-id=\"42815df\" data-element_type=\"widget\" data-widget_type=\"heading.default\">\n<div class=\"elementor-widget-container\">\n<h3 class=\"elementor-heading-title elementor-size-default\"><strong>MOQ<\/strong>:  1000 szt.<br \/>\n<strong>Bezp\u0142atna pr\u00f3bka<\/strong>:  Obs\u0142ugiwane<br \/>\n<strong>Personalizacja<\/strong>logo \/ kolor \/ materia\u0142y \/ opakowanie itp.<br \/>\n<strong>Zni\u017cka<\/strong>:  Pierwsze zam\u00f3wienia ju\u017c od 10% taniej.<br \/>\n<strong>Wska\u017anik terminowo\u015bci dostaw<\/strong>:\u00a0 100%<br \/>\n<strong>Przesy\u0142ki og\u00f3\u0142em<\/strong>:  10000 szt.<br \/>\n<strong>Wysy\u0142ka<\/strong>: Fracht morski Fracht l\u0105dowy<\/h3>\n<\/div>\n<\/div>","protected":false},"featured_media":18746,"comment_status":"open","ping_status":"closed","template":"","meta":{"_acf_changed":false},"product_brand":[],"product_cat":[229],"product_tag":[],"class_list":{"0":"post-18743","1":"product","2":"type-product","3":"status-publish","4":"has-post-thumbnail","6":"product_cat-party-supplies","8":"first","9":"instock","10":"shipping-taxable","11":"product-type-simple","12":"swiper-slide"},"acf":[],"_links":{"self":[{"href":"https:\/\/www.sellersunionagent.com\/pl\/wp-json\/wp\/v2\/product\/18743","targetHints":{"allow":["GET"]}}],"collection":[{"href":"https:\/\/www.sellersunionagent.com\/pl\/wp-json\/wp\/v2\/product"}],"about":[{"href":"https:\/\/www.sellersunionagent.com\/pl\/wp-json\/wp\/v2\/types\/product"}],"replies":[{"embeddable":true,"href":"https:\/\/www.sellersunionagent.com\/pl\/wp-json\/wp\/v2\/comments?post=18743"}],"wp:featuredmedia":[{"embeddable":true,"href":"https:\/\/www.sellersunionagent.com\/pl\/wp-json\/wp\/v2\/media\/18746"}],"wp:attachment":[{"href":"https:\/\/www.sellersunionagent.com\/pl\/wp-json\/wp\/v2\/media?parent=18743"}],"wp:term":[{"taxonomy":"product_brand","embeddable":true,"href":"https:\/\/www.sellersunionagent.com\/pl\/wp-json\/wp\/v2\/product_brand?post=18743"},{"taxonomy":"product_cat","embeddable":true,"href":"https:\/\/www.sellersunionagent.com\/pl\/wp-json\/wp\/v2\/product_cat?post=18743"},{"taxonomy":"product_tag","embeddable":true,"href":"https:\/\/www.sellersunionagent.com\/pl\/wp-json\/wp\/v2\/product_tag?post=18743"}],"curies":[{"name":"wp","href":"https:\/\/api.w.org\/{rel}","templated":true}]}}