{"id":18717,"date":"2024-08-16T15:33:56","date_gmt":"2024-08-16T07:33:56","guid":{"rendered":"https:\/\/sellersunionagent.com\/?post_type=product&#038;p=18717"},"modified":"2025-11-28T09:12:18","modified_gmt":"2025-11-28T01:12:18","slug":"solarny-sznur-swietlny-mala-kula-babelkowa-festiwalowy-ogrod-zewnetrzny-dekoracyjny-sznur-swietlny-30szt-lampki-choinkowe","status":"publish","type":"product","link":"https:\/\/www.sellersunionagent.com\/pl\/solar-light-string-small-bubble-ball-festival-garden-outdoor-decorative-light-string-30pcs-christmas-lights\/","title":{"rendered":"\u0141a\u0144cuch \u015bwietlny Solar Light String Small Bubble Ball Festival Garden Outdoor Decorative Light String 30pcs Christmas Lights"},"content":{"rendered":"<h1 title=\"\u0141a\u0144cuch \u015bwietlny Solar Light String Small Bubble Ball Festival Garden Outdoor Decorative Light String 30pcs Christmas Lights\" data-spm-anchor-id=\"a2700.details.0.i34.197b2de3g90PYD\">\u0141a\u0144cuch \u015bwietlny Solar Light String Small Bubble Ball Festival Garden Outdoor Decorative Light String 30pcs Christmas Lights<\/h1>\n<h3>Typ: Lampki choinkowe<\/h3>\n<h3>Nr artyku\u0142u: SUCH01<\/h3>\n<h3>Rozmiar produktu: 6,5 m<\/h3>\n<h3>Kolor: bia\u0142y\/szary\/kolorowy<\/h3>\n<h3>Materia\u0142: PVC+LED<\/h3>\n<ul>\n<li>kreatywny<\/li>\n<li>Poczucie atmosfery<\/li>\n<li>\u0141atwy w u\u017cyciu<\/li>\n<li>Elementy dekoracyjne<\/li>\n<\/ul>\n<p><img fetchpriority=\"high\" decoding=\"async\" class=\"size-full wp-image-18723\" title=\"Hf3224f47a2d1460bb229094c1404111fB\" src=\"https:\/\/www.sellersunionagent.com\/wp-content\/uploads\/2024\/08\/Hf3224f47a2d1460bb229094c1404111fB.png\" alt=\"Hf3224f47a2d1460bb229094c1404111fB\" width=\"800\" height=\"800\" \/><\/p>\n<p><img decoding=\"async\" class=\"size-medium wp-image-18722\" title=\"Hebc6132dbdae430c93439df2c2c98135Y\" src=\"https:\/\/www.sellersunionagent.com\/wp-content\/uploads\/2024\/08\/Hebc6132dbdae430c93439df2c2c98135Y.png\" alt=\"Hebc6132dbdae430c93439df2c2c98135Y\" width=\"800\" height=\"800\" \/><\/p>\n<p><img decoding=\"async\" class=\"size-medium wp-image-18721\" title=\"Hc811dc634cb44de89bc28f727057d521x\" src=\"https:\/\/www.sellersunionagent.com\/wp-content\/uploads\/2024\/08\/Hc811dc634cb44de89bc28f727057d521x.png\" alt=\"Hc811dc634cb44de89bc28f727057d521x\" width=\"740\" height=\"740\" \/><\/p>\n<p><img loading=\"lazy\" decoding=\"async\" class=\"size-medium wp-image-18720\" title=\"H8137da11665d4df6961e5844441384aag\" src=\"https:\/\/www.sellersunionagent.com\/wp-content\/uploads\/2024\/08\/H8137da11665d4df6961e5844441384aag.png\" alt=\"H8137da11665d4df6961e5844441384aag\" width=\"740\" height=\"740\" \/><\/p>\n<p><img loading=\"lazy\" decoding=\"async\" class=\"size-medium wp-image-18719\" title=\"H827abacf72f140a18f610ed5c153e604P\" src=\"https:\/\/www.sellersunionagent.com\/wp-content\/uploads\/2024\/08\/H827abacf72f140a18f610ed5c153e604P.png\" alt=\"H827abacf72f140a18f610ed5c153e604P\" width=\"800\" height=\"800\" \/><\/p>\n<p><img loading=\"lazy\" decoding=\"async\" class=\"size-full wp-image-18718\" title=\"H36f65a1114e14564bc81fb607777de0dq\" src=\"https:\/\/www.sellersunionagent.com\/wp-content\/uploads\/2024\/08\/H36f65a1114e14564bc81fb607777de0dq.png\" alt=\"H36f65a1114e14564bc81fb607777de0dq\" width=\"749\" height=\"750\" \/><\/p>","protected":false},"excerpt":{"rendered":"<p><strong>MOQ<\/strong>:  1000 szt.<br \/>\n<strong>Bezp\u0142atna pr\u00f3bka<\/strong>:  Obs\u0142ugiwane<br \/>\n<strong>Personalizacja<\/strong>logo \/ kolor \/ materia\u0142y \/ opakowanie itp.<br \/>\n<strong>Zni\u017cka<\/strong>:  Pierwsze zam\u00f3wienia ju\u017c od 10% taniej.<br \/>\n<strong>Wska\u017anik terminowo\u015bci dostaw<\/strong>:\u00a0 100%<br \/>\n<strong>Przesy\u0142ki og\u00f3\u0142em<\/strong>:  10000 szt.<br \/>\n<strong>Wysy\u0142ka<\/strong>: Fracht morski Fracht l\u0105dowy<\/p>","protected":false},"featured_media":18718,"comment_status":"open","ping_status":"closed","template":"","meta":{"_acf_changed":false},"product_brand":[],"product_cat":[235,319],"product_tag":[],"class_list":{"0":"post-18717","1":"product","2":"type-product","3":"status-publish","4":"has-post-thumbnail","6":"product_cat-christmas-decoration","7":"product_cat-christmas-lighting","9":"first","10":"instock","11":"shipping-taxable","12":"product-type-simple","13":"swiper-slide"},"acf":[],"_links":{"self":[{"href":"https:\/\/www.sellersunionagent.com\/pl\/wp-json\/wp\/v2\/product\/18717","targetHints":{"allow":["GET"]}}],"collection":[{"href":"https:\/\/www.sellersunionagent.com\/pl\/wp-json\/wp\/v2\/product"}],"about":[{"href":"https:\/\/www.sellersunionagent.com\/pl\/wp-json\/wp\/v2\/types\/product"}],"replies":[{"embeddable":true,"href":"https:\/\/www.sellersunionagent.com\/pl\/wp-json\/wp\/v2\/comments?post=18717"}],"wp:featuredmedia":[{"embeddable":true,"href":"https:\/\/www.sellersunionagent.com\/pl\/wp-json\/wp\/v2\/media\/18718"}],"wp:attachment":[{"href":"https:\/\/www.sellersunionagent.com\/pl\/wp-json\/wp\/v2\/media?parent=18717"}],"wp:term":[{"taxonomy":"product_brand","embeddable":true,"href":"https:\/\/www.sellersunionagent.com\/pl\/wp-json\/wp\/v2\/product_brand?post=18717"},{"taxonomy":"product_cat","embeddable":true,"href":"https:\/\/www.sellersunionagent.com\/pl\/wp-json\/wp\/v2\/product_cat?post=18717"},{"taxonomy":"product_tag","embeddable":true,"href":"https:\/\/www.sellersunionagent.com\/pl\/wp-json\/wp\/v2\/product_tag?post=18717"}],"curies":[{"name":"wp","href":"https:\/\/api.w.org\/{rel}","templated":true}]}}