{"id":18716,"date":"2024-08-16T15:19:21","date_gmt":"2024-08-16T07:19:21","guid":{"rendered":"https:\/\/sellersunionagent.com\/?post_type=product&#038;p=18716"},"modified":"2024-08-16T15:19:21","modified_gmt":"2024-08-16T07:19:21","slug":"kombinacja-domowa-skladany-stojak-na-buty-organizer-na-buty-pojemnik-na-buty-pudelka-do-przechowywania-butow","status":"publish","type":"product","link":"https:\/\/www.sellersunionagent.com\/pl\/home-combination-foldable-shoe-box-rack-shoe-display-organizer-container-shoe-storage-boxes\/","title":{"rendered":"Dom Kombinacja Sk\u0142adany stojak na buty Organizer na buty Pojemnik na buty Pude\u0142ka do przechowywania but\u00f3w"},"content":{"rendered":"<h2>Dom Kombinacja Sk\u0142adany stojak na buty Organizer na buty Pojemnik na buty Pude\u0142ka do przechowywania but\u00f3w<\/h2>\n<h3>Typ: Schowek na buty<\/h3>\n<h3>Pozycja nr: SUSH01<\/h3>\n<h3>Rozmiar produktu: 26,4 * 34,5 * 17 cm<\/h3>\n<h3>Kolor: bia\u0142y i szary<\/h3>\n<h3>Materia\u0142: Tworzywo sztuczne<\/h3>\n<ul>\n<li>minimalistyczny<\/li>\n<li>Sk\u0142adany<\/li>\n<li>\u0141atwa instalacja<\/li>\n<li>Wiele rozmiar\u00f3w<\/li>\n<\/ul>\n<p><img fetchpriority=\"high\" decoding=\"async\" class=\"size-full wp-image-18710\" title=\"Hfe7d68e20cb54da980664253586578a5h\" src=\"https:\/\/www.sellersunionagent.com\/wp-content\/uploads\/2024\/08\/Hfe7d68e20cb54da980664253586578a5h.png\" alt=\"Hfe7d68e20cb54da980664253586578a5h\" width=\"800\" height=\"800\" \/><\/p>\n<p><img decoding=\"async\" class=\"size-full wp-image-18708\" title=\"Ha6f53ba878894effa31e5b38d6670329K\" src=\"https:\/\/www.sellersunionagent.com\/wp-content\/uploads\/2024\/08\/Ha6f53ba878894effa31e5b38d6670329K.png\" alt=\"Ha6f53ba878894effa31e5b38d6670329K\" width=\"800\" height=\"800\" \/><\/p>\n<p><img decoding=\"async\" class=\"size-full wp-image-18707\" title=\"H2624cd8428d94a19bec8f4b96bc0fac36\" src=\"https:\/\/www.sellersunionagent.com\/wp-content\/uploads\/2024\/08\/H2624cd8428d94a19bec8f4b96bc0fac36.png\" alt=\"H2624cd8428d94a19bec8f4b96bc0fac36\" width=\"800\" height=\"800\" \/><\/p>\n<p><img loading=\"lazy\" decoding=\"async\" class=\"size-full wp-image-18706\" title=\"H9e05bcbf90e542be9a9feb0718813b645\" src=\"https:\/\/www.sellersunionagent.com\/wp-content\/uploads\/2024\/08\/H9e05bcbf90e542be9a9feb0718813b645.png\" alt=\"H9e05bcbf90e542be9a9feb0718813b645\" width=\"800\" height=\"800\" \/><\/p>\n<p><img loading=\"lazy\" decoding=\"async\" class=\"size-full wp-image-18709\" title=\"Hb21a4294e00b4dffbf0600c5b069ec1aI\" src=\"https:\/\/www.sellersunionagent.com\/wp-content\/uploads\/2024\/08\/Hb21a4294e00b4dffbf0600c5b069ec1aI.png\" alt=\"Hb21a4294e00b4dffbf0600c5b069ec1aI\" width=\"800\" height=\"800\" \/><\/p>\n<p><img loading=\"lazy\" decoding=\"async\" class=\"size-full wp-image-18705\" title=\"H0aea862aceb246bdbc4387b492477f85U\" src=\"https:\/\/www.sellersunionagent.com\/wp-content\/uploads\/2024\/08\/H0aea862aceb246bdbc4387b492477f85U.png\" alt=\"H0aea862aceb246bdbc4387b492477f85U\" width=\"800\" height=\"800\" \/><\/p>","protected":false},"excerpt":{"rendered":"<p><strong>MOQ<\/strong>:  1000 szt.<br \/>\n<strong>Bezp\u0142atna pr\u00f3bka<\/strong>:  Obs\u0142ugiwane<br \/>\n<strong>Personalizacja<\/strong>logo \/ kolor \/ materia\u0142y \/ opakowanie itp.<br \/>\n<strong>Zni\u017cka<\/strong>:  Pierwsze zam\u00f3wienia ju\u017c od 10% taniej.<br \/>\n<strong>Wska\u017anik terminowo\u015bci dostaw<\/strong>:\u00a0 100%<br \/>\n<strong>Przesy\u0142ki og\u00f3\u0142em<\/strong>:  10000 szt.<br \/>\n<strong>Wysy\u0142ka<\/strong>: Fracht morski Fracht l\u0105dowy<\/p>","protected":false},"featured_media":18708,"comment_status":"open","ping_status":"closed","template":"","meta":{"_acf_changed":false},"product_brand":[],"product_cat":[186,31],"product_tag":[],"class_list":{"0":"post-18716","1":"product","2":"type-product","3":"status-publish","4":"has-post-thumbnail","6":"product_cat-living-room","7":"product_cat-home-storage","9":"first","10":"instock","11":"shipping-taxable","12":"product-type-simple","13":"swiper-slide"},"acf":[],"_links":{"self":[{"href":"https:\/\/www.sellersunionagent.com\/pl\/wp-json\/wp\/v2\/product\/18716","targetHints":{"allow":["GET"]}}],"collection":[{"href":"https:\/\/www.sellersunionagent.com\/pl\/wp-json\/wp\/v2\/product"}],"about":[{"href":"https:\/\/www.sellersunionagent.com\/pl\/wp-json\/wp\/v2\/types\/product"}],"replies":[{"embeddable":true,"href":"https:\/\/www.sellersunionagent.com\/pl\/wp-json\/wp\/v2\/comments?post=18716"}],"wp:featuredmedia":[{"embeddable":true,"href":"https:\/\/www.sellersunionagent.com\/pl\/wp-json\/wp\/v2\/media\/18708"}],"wp:attachment":[{"href":"https:\/\/www.sellersunionagent.com\/pl\/wp-json\/wp\/v2\/media?parent=18716"}],"wp:term":[{"taxonomy":"product_brand","embeddable":true,"href":"https:\/\/www.sellersunionagent.com\/pl\/wp-json\/wp\/v2\/product_brand?post=18716"},{"taxonomy":"product_cat","embeddable":true,"href":"https:\/\/www.sellersunionagent.com\/pl\/wp-json\/wp\/v2\/product_cat?post=18716"},{"taxonomy":"product_tag","embeddable":true,"href":"https:\/\/www.sellersunionagent.com\/pl\/wp-json\/wp\/v2\/product_tag?post=18716"}],"curies":[{"name":"wp","href":"https:\/\/api.w.org\/{rel}","templated":true}]}}