{"id":17669,"date":"2024-06-26T18:14:07","date_gmt":"2024-06-26T10:14:07","guid":{"rendered":"https:\/\/sellersunionagent.com\/?post_type=product&#038;p=17669"},"modified":"2024-06-26T18:23:42","modified_gmt":"2024-06-26T10:23:42","slug":"organizer-na-pedzle-do-makijazu","status":"publish","type":"product","link":"https:\/\/www.sellersunionagent.com\/pl\/makeup-brush-organizer\/","title":{"rendered":"Organizer na p\u0119dzle do makija\u017cu"},"content":{"rendered":"<h1><span style=\"color: #000000\">Organizer na p\u0119dzle do makija\u017cu<\/span><\/h1>\n<div data-id=\"42815df\" data-element_type=\"widget\" data-widget_type=\"heading.default\">\n<div>\n<h3><span style=\"color: #000000\"><strong>Typ<\/strong>: Pude\u0142ko do przechowywania<\/span><\/h3>\n<\/div>\n<\/div>\n<div class=\"elementor-element elementor-element-c17fac7 elementor-widget elementor-widget-woocommerce-product-short-description\" data-id=\"c17fac7\" data-element_type=\"widget\" data-widget_type=\"woocommerce-product-short-description.default\">\n<div class=\"elementor-widget-container\">\n<div class=\"woocommerce-product-details__short-description\">\n<h3><span style=\"color: #000000\"><strong>Numer pozycji:<\/strong> SUBL03<\/span><\/h3>\n<h3><span style=\"color: #000000\"><strong>Rozmiar elementu<\/strong>: 15*12.5CM<\/span><\/h3>\n<h3><span style=\"color: #000000\"><strong>Kolory<\/strong>: Be\u017cowy\/pomara\u0144czowy\/niebieski\/r\u00f3\u017cowy\/bia\u0142y<\/span><\/h3>\n<h3><span style=\"color: #000000\"><strong>Materia\u0142:<\/strong> ABS<\/span><\/h3>\n<ul>\n<li>\n<h4><span style=\"color: #000000\">Du\u017ca pojemno\u015b\u0107<\/span><\/h4>\n<\/li>\n<li>\n<h4><span style=\"color: #000000\">Obr\u00f3t o 360<\/span><\/h4>\n<\/li>\n<li>\n<h4><span style=\"color: #000000\">Dobry materia\u0142<\/span><\/h4>\n<\/li>\n<li>\n<h4><span style=\"color: #000000\">Oszcz\u0119dno\u015b\u0107 miejsca<img fetchpriority=\"high\" decoding=\"async\" class=\"aligncenter wp-image-17670\" src=\"https:\/\/www.sellersunionagent.com\/wp-content\/uploads\/2024\/06\/\u8be6\u60c5-07-2.jpg\" alt=\"Organizer na p\u0119dzle do makija\u017cu\" width=\"600\" height=\"721\" \/> <img decoding=\"async\" class=\"aligncenter wp-image-17671\" src=\"https:\/\/www.sellersunionagent.com\/wp-content\/uploads\/2024\/06\/\u8be6\u60c5-09-2.jpg\" alt=\"Organizer na p\u0119dzle do makija\u017cu\" width=\"600\" height=\"564\" \/> <img decoding=\"async\" class=\"aligncenter wp-image-17672\" src=\"https:\/\/www.sellersunionagent.com\/wp-content\/uploads\/2024\/06\/\u8be6\u60c5-10-2.jpg\" alt=\"Organizer na p\u0119dzle do makija\u017cu\" width=\"600\" height=\"718\" \/> <img loading=\"lazy\" decoding=\"async\" class=\"aligncenter wp-image-17673\" src=\"https:\/\/www.sellersunionagent.com\/wp-content\/uploads\/2024\/06\/\u8be6\u60c5-11-3.jpg\" alt=\"Organizer na p\u0119dzle do makija\u017cu\" width=\"600\" height=\"558\" \/> <img loading=\"lazy\" decoding=\"async\" class=\"aligncenter wp-image-17674\" src=\"https:\/\/www.sellersunionagent.com\/wp-content\/uploads\/2024\/06\/\u8be6\u60c5-12-2.jpg\" alt=\"Organizer na p\u0119dzle do makija\u017cu\" width=\"600\" height=\"693\" \/> <img loading=\"lazy\" decoding=\"async\" class=\"aligncenter wp-image-17675\" src=\"https:\/\/www.sellersunionagent.com\/wp-content\/uploads\/2024\/06\/\u8be6\u60c5-13-4.jpg\" alt=\"Organizer na p\u0119dzle do makija\u017cu\" width=\"600\" height=\"692\" \/> <img loading=\"lazy\" decoding=\"async\" class=\"aligncenter wp-image-17676\" src=\"https:\/\/www.sellersunionagent.com\/wp-content\/uploads\/2024\/06\/\u8be6\u60c5-14-3.jpg\" alt=\"Organizer na p\u0119dzle do makija\u017cu\" width=\"600\" height=\"690\" \/> <img loading=\"lazy\" decoding=\"async\" class=\"aligncenter wp-image-17677\" src=\"https:\/\/www.sellersunionagent.com\/wp-content\/uploads\/2024\/06\/\u8be6\u60c5-15-3.jpg\" alt=\"Organizer na p\u0119dzle do makija\u017cu\" width=\"600\" height=\"687\" \/> <img loading=\"lazy\" decoding=\"async\" class=\"aligncenter wp-image-17678\" src=\"https:\/\/www.sellersunionagent.com\/wp-content\/uploads\/2024\/06\/\u8be6\u60c5-16-3.jpg\" alt=\"Organizer na p\u0119dzle do makija\u017cu\" width=\"600\" height=\"687\" \/> <img loading=\"lazy\" decoding=\"async\" class=\"aligncenter wp-image-17679\" src=\"https:\/\/www.sellersunionagent.com\/wp-content\/uploads\/2024\/06\/\u8be6\u60c5-17-3.jpg\" alt=\"Organizer na p\u0119dzle do makija\u017cu\" width=\"600\" height=\"594\" \/> <img loading=\"lazy\" decoding=\"async\" class=\"aligncenter wp-image-17680\" src=\"https:\/\/www.sellersunionagent.com\/wp-content\/uploads\/2024\/06\/\u4e3b\u56fe-03-3.jpg\" alt=\"Organizer na p\u0119dzle do makija\u017cu\" width=\"600\" height=\"600\" \/><\/span><\/h4>\n<\/li>\n<\/ul>\n<\/div>\n<\/div>\n<\/div>","protected":false},"excerpt":{"rendered":"<h1><span style=\"color: #000000\">Organizer na p\u0119dzle do makija\u017cu<\/span><\/h1>\n<div data-id=\"42815df\" data-element_type=\"widget\" data-widget_type=\"heading.default\">\n<div>\n<h3><span style=\"color: #000000\"><strong>Typ<\/strong>: Pude\u0142ko do przechowywania<\/span><\/h3>\n<\/div>\n<\/div>\n<div class=\"elementor-element elementor-element-c17fac7 elementor-widget elementor-widget-woocommerce-product-short-description\" data-id=\"c17fac7\" data-element_type=\"widget\" data-widget_type=\"woocommerce-product-short-description.default\">\n<div class=\"elementor-widget-container\">\n<div class=\"woocommerce-product-details__short-description\">\n<h3><span style=\"color: #000000\"><strong>Numer pozycji:<\/strong> SUBL03<\/span><\/h3>\n<h3><span style=\"color: #000000\"><strong>Rozmiar elementu<\/strong>: 15*12.5CM<\/span><\/h3>\n<h3><span style=\"color: #000000\"><strong>Kolory<\/strong>: Be\u017cowy\/pomara\u0144czowy\/niebieski\/r\u00f3\u017cowy\/bia\u0142y<\/span><\/h3>\n<h3><span style=\"color: #000000\"><strong>Materia\u0142:<\/strong> ABS<\/span><\/h3>\n<ul>\n<li>\n<h4><span style=\"color: #000000\">Du\u017ca pojemno\u015b\u0107<\/span><\/h4>\n<\/li>\n<li>\n<h4><span style=\"color: #000000\">Obr\u00f3t o 360<\/span><\/h4>\n<\/li>\n<li>\n<h4><span style=\"color: #000000\">Dobry materia\u0142<\/span><\/h4>\n<\/li>\n<li>\n<h4><span style=\"color: #000000\">Oszcz\u0119dno\u015b\u0107 miejsca<\/span><\/h4>\n<\/li>\n<\/ul>\n<\/div>\n<\/div>\n<\/div>","protected":false},"featured_media":17681,"comment_status":"open","ping_status":"closed","template":"","meta":{"_acf_changed":false},"product_brand":[],"product_cat":[189,186],"product_tag":[],"class_list":{"0":"post-17669","1":"product","2":"type-product","3":"status-publish","4":"has-post-thumbnail","6":"product_cat-bathroom","7":"product_cat-living-room","9":"first","10":"instock","11":"shipping-taxable","12":"product-type-simple","13":"swiper-slide"},"acf":[],"_links":{"self":[{"href":"https:\/\/www.sellersunionagent.com\/pl\/wp-json\/wp\/v2\/product\/17669","targetHints":{"allow":["GET"]}}],"collection":[{"href":"https:\/\/www.sellersunionagent.com\/pl\/wp-json\/wp\/v2\/product"}],"about":[{"href":"https:\/\/www.sellersunionagent.com\/pl\/wp-json\/wp\/v2\/types\/product"}],"replies":[{"embeddable":true,"href":"https:\/\/www.sellersunionagent.com\/pl\/wp-json\/wp\/v2\/comments?post=17669"}],"wp:featuredmedia":[{"embeddable":true,"href":"https:\/\/www.sellersunionagent.com\/pl\/wp-json\/wp\/v2\/media\/17681"}],"wp:attachment":[{"href":"https:\/\/www.sellersunionagent.com\/pl\/wp-json\/wp\/v2\/media?parent=17669"}],"wp:term":[{"taxonomy":"product_brand","embeddable":true,"href":"https:\/\/www.sellersunionagent.com\/pl\/wp-json\/wp\/v2\/product_brand?post=17669"},{"taxonomy":"product_cat","embeddable":true,"href":"https:\/\/www.sellersunionagent.com\/pl\/wp-json\/wp\/v2\/product_cat?post=17669"},{"taxonomy":"product_tag","embeddable":true,"href":"https:\/\/www.sellersunionagent.com\/pl\/wp-json\/wp\/v2\/product_tag?post=17669"}],"curies":[{"name":"wp","href":"https:\/\/api.w.org\/{rel}","templated":true}]}}