{"id":17510,"date":"2024-06-26T15:04:53","date_gmt":"2024-06-26T07:04:53","guid":{"rendered":"https:\/\/sellersunionagent.com\/?post_type=product&#038;p=17510"},"modified":"2024-06-26T15:26:55","modified_gmt":"2024-06-26T07:26:55","slug":"schowek-pod-lozkiem","status":"publish","type":"product","link":"https:\/\/www.sellersunionagent.com\/pl\/under-bed-storage-box\/","title":{"rendered":"Schowek pod \u0142\u00f3\u017ckiem"},"content":{"rendered":"<h1>Schowek pod \u0142\u00f3\u017ckiem<\/h1>\n<div data-id=\"42815df\" data-element_type=\"widget\" data-widget_type=\"heading.default\">\n<div>\n<h3><span style=\"color: #000000\"><strong>Typ<\/strong>: Pude\u0142ko do przechowywania<\/span><\/h3>\n<\/div>\n<\/div>\n<div class=\"elementor-element elementor-element-c17fac7 elementor-widget elementor-widget-woocommerce-product-short-description\" data-id=\"c17fac7\" data-element_type=\"widget\" data-widget_type=\"woocommerce-product-short-description.default\">\n<div class=\"elementor-widget-container\">\n<div class=\"woocommerce-product-details__short-description\">\n<h3><span style=\"color: #000000\"><strong>Numer pozycji:<\/strong> SUNE01<\/span><\/h3>\n<h3><span style=\"color: #000000\"><strong>Rozmiar elementu<\/strong>: 58.5*42*16CM90*42*16CM<\/span><\/h3>\n<h3><span style=\"color: #000000\"><strong>Kolory<\/strong>czarny\/bia\u0142y<\/span><\/h3>\n<h3><span style=\"color: #000000\"><strong>Materia\u0142:<\/strong> tworzywo pp + materia\u0142owa os\u0142ona + rura ze stali w\u0119glowej<\/span><\/h3>\n<\/div>\n<\/div>\n<\/div>\n<p>&nbsp;<\/p>\n<ul>\n<li>\n<h4><span style=\"color: #000000\">Grubszy materia\u0142<\/span><\/h4>\n<\/li>\n<li>\n<h4><span style=\"color: #000000\">bez zapachu, zdrowy<\/span><\/h4>\n<\/li>\n<li>\n<h4><span style=\"color: #000000\">\u0141atwy do przenoszenia za pomoc\u0105 ko\u0142a pasowego<\/span><img fetchpriority=\"high\" decoding=\"async\" class=\"aligncenter wp-image-17529\" src=\"https:\/\/www.sellersunionagent.com\/wp-content\/uploads\/2024\/06\/cama18.jpg\" alt=\"Schowek pod \u0142\u00f3\u017ckiem\" width=\"600\" height=\"600\" \/> <img decoding=\"async\" class=\"aligncenter wp-image-17526\" src=\"https:\/\/www.sellersunionagent.com\/wp-content\/uploads\/2024\/06\/cama15.jpg\" alt=\"Schowek pod \u0142\u00f3\u017ckiem\" width=\"600\" height=\"600\" \/> <img decoding=\"async\" class=\"aligncenter wp-image-17525\" src=\"https:\/\/www.sellersunionagent.com\/wp-content\/uploads\/2024\/06\/cama14.jpg\" alt=\"Schowek pod \u0142\u00f3\u017ckiem\" width=\"600\" height=\"600\" \/> <img loading=\"lazy\" decoding=\"async\" class=\"aligncenter wp-image-17524\" src=\"https:\/\/www.sellersunionagent.com\/wp-content\/uploads\/2024\/06\/cama13.jpg\" alt=\"Schowek pod \u0142\u00f3\u017ckiem\" width=\"600\" height=\"600\" \/> <img loading=\"lazy\" decoding=\"async\" class=\"aligncenter wp-image-17516\" src=\"https:\/\/www.sellersunionagent.com\/wp-content\/uploads\/2024\/06\/cama5.jpg\" alt=\"Schowek pod \u0142\u00f3\u017ckiem\" width=\"600\" height=\"685\" \/> <img loading=\"lazy\" decoding=\"async\" class=\"aligncenter wp-image-17517\" src=\"https:\/\/www.sellersunionagent.com\/wp-content\/uploads\/2024\/06\/cama6.jpg\" alt=\"Schowek pod \u0142\u00f3\u017ckiem\" width=\"600\" height=\"680\" \/> <img loading=\"lazy\" decoding=\"async\" class=\"aligncenter wp-image-17518\" src=\"https:\/\/www.sellersunionagent.com\/wp-content\/uploads\/2024\/06\/cama7.jpg\" alt=\"Schowek pod \u0142\u00f3\u017ckiem\" width=\"600\" height=\"674\" \/> <img loading=\"lazy\" decoding=\"async\" class=\"aligncenter wp-image-17519\" src=\"https:\/\/www.sellersunionagent.com\/wp-content\/uploads\/2024\/06\/cama8.jpg\" alt=\"Schowek pod \u0142\u00f3\u017ckiem\" width=\"600\" height=\"682\" \/> <img loading=\"lazy\" decoding=\"async\" class=\"aligncenter wp-image-17520\" src=\"https:\/\/www.sellersunionagent.com\/wp-content\/uploads\/2024\/06\/cama9.jpg\" alt=\"Schowek pod \u0142\u00f3\u017ckiem\" width=\"600\" height=\"396\" \/> <img loading=\"lazy\" decoding=\"async\" class=\"aligncenter wp-image-17528\" src=\"https:\/\/www.sellersunionagent.com\/wp-content\/uploads\/2024\/06\/cama17.jpg\" alt=\"Schowek pod \u0142\u00f3\u017ckiem\" width=\"600\" height=\"600\" \/> <img loading=\"lazy\" decoding=\"async\" class=\"aligncenter wp-image-17527\" src=\"https:\/\/www.sellersunionagent.com\/wp-content\/uploads\/2024\/06\/cama16.jpg\" alt=\"Schowek pod \u0142\u00f3\u017ckiem\" width=\"600\" height=\"600\" \/> <img loading=\"lazy\" decoding=\"async\" class=\"aligncenter wp-image-17521\" src=\"https:\/\/www.sellersunionagent.com\/wp-content\/uploads\/2024\/06\/cama10.jpg\" alt=\"Schowek pod \u0142\u00f3\u017ckiem\" width=\"600\" height=\"977\" \/> <img loading=\"lazy\" decoding=\"async\" class=\"aligncenter wp-image-17515\" src=\"https:\/\/www.sellersunionagent.com\/wp-content\/uploads\/2024\/06\/cama4.jpg\" alt=\"Schowek pod \u0142\u00f3\u017ckiem\" width=\"600\" height=\"677\" \/> <img loading=\"lazy\" decoding=\"async\" class=\"aligncenter wp-image-17514\" src=\"https:\/\/www.sellersunionagent.com\/wp-content\/uploads\/2024\/06\/cama3.jpg\" alt=\"Schowek pod \u0142\u00f3\u017ckiem\" width=\"600\" height=\"574\" \/> <img loading=\"lazy\" decoding=\"async\" class=\"aligncenter wp-image-17513\" src=\"https:\/\/www.sellersunionagent.com\/wp-content\/uploads\/2024\/06\/cama2.jpg\" alt=\"Schowek pod \u0142\u00f3\u017ckiem\" width=\"600\" height=\"596\" \/> <img loading=\"lazy\" decoding=\"async\" class=\"aligncenter wp-image-17512\" src=\"https:\/\/www.sellersunionagent.com\/wp-content\/uploads\/2024\/06\/cama1.jpg\" alt=\"Schowek pod \u0142\u00f3\u017ckiem\" width=\"600\" height=\"485\" \/> <img loading=\"lazy\" decoding=\"async\" class=\"aligncenter wp-image-17511\" src=\"https:\/\/www.sellersunionagent.com\/wp-content\/uploads\/2024\/06\/cama.jpg\" alt=\"Schowek pod \u0142\u00f3\u017ckiem\" width=\"600\" height=\"556\" \/> <img loading=\"lazy\" decoding=\"async\" class=\"aligncenter wp-image-17522\" src=\"https:\/\/www.sellersunionagent.com\/wp-content\/uploads\/2024\/06\/cama11.png\" alt=\"\" width=\"600\" height=\"116\" \/><\/h4>\n<\/li>\n<\/ul>","protected":false},"excerpt":{"rendered":"<div data-id=\"42815df\" data-element_type=\"widget\" data-widget_type=\"heading.default\">\n<div>\n<h3><span style=\"color: #000000\"><strong>Typ<\/strong>: Pude\u0142ko do przechowywania<\/span><\/h3>\n<\/div>\n<\/div>\n<div class=\"elementor-element elementor-element-c17fac7 elementor-widget elementor-widget-woocommerce-product-short-description\" data-id=\"c17fac7\" data-element_type=\"widget\" data-widget_type=\"woocommerce-product-short-description.default\">\n<div class=\"elementor-widget-container\">\n<div class=\"woocommerce-product-details__short-description\">\n<h3><span style=\"color: #000000\"><strong>Numer pozycji:<\/strong> SUNE01<\/span><\/h3>\n<h3><span style=\"color: #000000\"><strong>Rozmiar elementu<\/strong>: 58.5*42*16CM90*42*16CM<\/span><\/h3>\n<h3><span style=\"color: #000000\"><strong>Kolory<\/strong>czarny\/bia\u0142y<\/span><\/h3>\n<h3><span style=\"color: #000000\"><strong>Materia\u0142:<\/strong> tworzywo pp + materia\u0142owa os\u0142ona + rura ze stali w\u0119glowej<\/span><\/h3>\n<\/div>\n<\/div>\n<\/div>\n<p>&nbsp;<\/p>\n<ul>\n<li>\n<h4><span style=\"color: #000000\">Grubszy materia\u0142<\/span><\/h4>\n<\/li>\n<li>\n<h4><span style=\"color: #000000\">bez zapachu, zdrowy<\/span><\/h4>\n<\/li>\n<li>\n<h4><span style=\"color: #000000\">\u0141atwy do przenoszenia za pomoc\u0105 ko\u0142a pasowego<\/span><\/h4>\n<\/li>\n<\/ul>","protected":false},"featured_media":17527,"comment_status":"open","ping_status":"closed","template":"","meta":{"_acf_changed":false},"product_brand":[],"product_cat":[233,187,186],"product_tag":[],"class_list":{"0":"post-17510","1":"product","2":"type-product","3":"status-publish","4":"has-post-thumbnail","6":"product_cat-home-decoration","7":"product_cat-bedroom","8":"product_cat-living-room","10":"first","11":"instock","12":"shipping-taxable","13":"product-type-simple","14":"swiper-slide"},"acf":[],"_links":{"self":[{"href":"https:\/\/www.sellersunionagent.com\/pl\/wp-json\/wp\/v2\/product\/17510","targetHints":{"allow":["GET"]}}],"collection":[{"href":"https:\/\/www.sellersunionagent.com\/pl\/wp-json\/wp\/v2\/product"}],"about":[{"href":"https:\/\/www.sellersunionagent.com\/pl\/wp-json\/wp\/v2\/types\/product"}],"replies":[{"embeddable":true,"href":"https:\/\/www.sellersunionagent.com\/pl\/wp-json\/wp\/v2\/comments?post=17510"}],"wp:featuredmedia":[{"embeddable":true,"href":"https:\/\/www.sellersunionagent.com\/pl\/wp-json\/wp\/v2\/media\/17527"}],"wp:attachment":[{"href":"https:\/\/www.sellersunionagent.com\/pl\/wp-json\/wp\/v2\/media?parent=17510"}],"wp:term":[{"taxonomy":"product_brand","embeddable":true,"href":"https:\/\/www.sellersunionagent.com\/pl\/wp-json\/wp\/v2\/product_brand?post=17510"},{"taxonomy":"product_cat","embeddable":true,"href":"https:\/\/www.sellersunionagent.com\/pl\/wp-json\/wp\/v2\/product_cat?post=17510"},{"taxonomy":"product_tag","embeddable":true,"href":"https:\/\/www.sellersunionagent.com\/pl\/wp-json\/wp\/v2\/product_tag?post=17510"}],"curies":[{"name":"wp","href":"https:\/\/api.w.org\/{rel}","templated":true}]}}