{"id":17492,"date":"2024-06-26T12:05:38","date_gmt":"2024-06-26T04:05:38","guid":{"rendered":"https:\/\/sellersunionagent.com\/?post_type=product&#038;p=17492"},"modified":"2024-06-26T14:33:28","modified_gmt":"2024-06-26T06:33:28","slug":"taca-kuchenna-taca-na-owoce","status":"publish","type":"product","link":"https:\/\/www.sellersunionagent.com\/pl\/kitchen-tray-fruit-tray\/","title":{"rendered":"Taca kuchenna - Taca na owoce"},"content":{"rendered":"<h2><span style=\"color: #000000\">Taca kuchenna - Taca na owoce<\/span><\/h2>\n<h3><span style=\"color: #000000\"><strong>Typ<\/strong>: Pude\u0142ko do przechowywania<\/span><\/h3>\n<h3><span style=\"color: #000000\"><strong>Numer pozycji:<\/strong> SUHY001<\/span><\/h3>\n<h3><span style=\"color: #000000\"><strong>Kolory<\/strong>: Kolor przezroczysty<\/span><\/h3>\n<h3><span style=\"color: #000000\"><strong>Materia\u0142: <\/strong>plastik\u00a0 \u00a0<\/span><\/h3>\n<div><\/div>\n<div>\n<ul>\n<li><span style=\"color: #000000\">Wygodne przechowywanie<\/span><\/li>\n<li><span style=\"color: #000000\">Mo\u017cliwo\u015b\u0107 obracania w wielu kierunkach<\/span><img fetchpriority=\"high\" decoding=\"async\" class=\"aligncenter wp-image-17500\" src=\"https:\/\/www.sellersunionagent.com\/wp-content\/uploads\/2024\/06\/bb8.jpg\" alt=\"\" width=\"600\" height=\"600\" \/> <img decoding=\"async\" class=\"aligncenter wp-image-17499\" src=\"https:\/\/www.sellersunionagent.com\/wp-content\/uploads\/2024\/06\/bb7.jpg\" alt=\"\" width=\"600\" height=\"600\" \/> <img decoding=\"async\" class=\"aligncenter wp-image-17498\" src=\"https:\/\/www.sellersunionagent.com\/wp-content\/uploads\/2024\/06\/bb6.jpg\" alt=\"\" width=\"600\" height=\"600\" \/> <img loading=\"lazy\" decoding=\"async\" class=\"aligncenter wp-image-17497\" src=\"https:\/\/www.sellersunionagent.com\/wp-content\/uploads\/2024\/06\/bb5.jpg\" alt=\"\" width=\"600\" height=\"600\" \/> <img loading=\"lazy\" decoding=\"async\" class=\"aligncenter wp-image-17496\" src=\"https:\/\/www.sellersunionagent.com\/wp-content\/uploads\/2024\/06\/bb4.jpg\" alt=\"\" width=\"600\" height=\"600\" \/> <img loading=\"lazy\" decoding=\"async\" class=\"aligncenter wp-image-17495\" src=\"https:\/\/www.sellersunionagent.com\/wp-content\/uploads\/2024\/06\/bb3.jpg\" alt=\"\" width=\"600\" height=\"600\" \/> <img loading=\"lazy\" decoding=\"async\" class=\"aligncenter wp-image-17494\" src=\"https:\/\/www.sellersunionagent.com\/wp-content\/uploads\/2024\/06\/bb2.jpg\" alt=\"\" width=\"600\" height=\"600\" \/> <img loading=\"lazy\" decoding=\"async\" class=\"aligncenter wp-image-17493\" src=\"https:\/\/www.sellersunionagent.com\/wp-content\/uploads\/2024\/06\/bb1.jpg\" alt=\"\" width=\"600\" height=\"600\" \/> <img loading=\"lazy\" decoding=\"async\" class=\"aligncenter wp-image-17501\" src=\"https:\/\/www.sellersunionagent.com\/wp-content\/uploads\/2024\/06\/bb9.jpg\" alt=\"\" width=\"600\" height=\"600\" \/> <img loading=\"lazy\" decoding=\"async\" class=\"aligncenter wp-image-17502\" src=\"https:\/\/www.sellersunionagent.com\/wp-content\/uploads\/2024\/06\/bb10.jpg\" alt=\"\" width=\"600\" height=\"600\" \/> <img loading=\"lazy\" decoding=\"async\" class=\"aligncenter wp-image-17503\" src=\"https:\/\/www.sellersunionagent.com\/wp-content\/uploads\/2024\/06\/bb11.jpg\" alt=\"\" width=\"600\" height=\"600\" \/> <img loading=\"lazy\" decoding=\"async\" class=\"aligncenter wp-image-17504\" src=\"https:\/\/www.sellersunionagent.com\/wp-content\/uploads\/2024\/06\/bb12.jpg\" alt=\"\" width=\"600\" height=\"600\" \/> <img loading=\"lazy\" decoding=\"async\" class=\"aligncenter wp-image-17506\" src=\"https:\/\/www.sellersunionagent.com\/wp-content\/uploads\/2024\/06\/bb14.jpg\" alt=\"\" width=\"600\" height=\"600\" \/> <img loading=\"lazy\" decoding=\"async\" class=\"aligncenter wp-image-17507\" src=\"https:\/\/www.sellersunionagent.com\/wp-content\/uploads\/2024\/06\/bb15.jpg\" alt=\"\" width=\"600\" height=\"600\" \/><\/li>\n<\/ul>\n<\/div>","protected":false},"excerpt":{"rendered":"<h2><span style=\"color: #000000\">Taca kuchenna - Taca na owoce<\/span><\/h2>\n<h3 class=\"elementor-element elementor-element-42815df elementor-widget elementor-widget-heading\" data-id=\"42815df\" data-element_type=\"widget\" data-widget_type=\"heading.default\"><span style=\"color: #000000\"><strong>Typ<\/strong>: Pude\u0142ko do przechowywania<\/span><\/h3>\n<div class=\"elementor-widget-container\">\n<h3 class=\"woocommerce-product-details__short-description\"><span style=\"color: #000000\"><strong>Numer pozycji:<\/strong> SUHY001<\/span><\/h3>\n<h3 class=\"woocommerce-product-details__short-description\"><span style=\"color: #000000\"><strong>Kolory<\/strong>: Kolor przezroczysty<\/span><\/h3>\n<h3 class=\"woocommerce-product-details__short-description\"><span style=\"color: #000000\"><strong>Materia\u0142: <\/strong>plastik\u00a0 \u00a0<\/span><\/h3>\n<div><\/div>\n<div>\n<ul>\n<li>\n<h3><span style=\"color: #000000\">Wygodne przechowywanie<\/span><\/h3>\n<\/li>\n<li>\n<h3><span style=\"color: #000000\">Mo\u017cliwo\u015b\u0107 obracania w wielu kierunkach<\/span><\/h3>\n<\/li>\n<\/ul>\n<\/div>\n<\/div>","protected":false},"featured_media":17502,"comment_status":"open","ping_status":"closed","template":"","meta":{"_acf_changed":false},"product_brand":[],"product_cat":[231,188],"product_tag":[],"class_list":{"0":"post-17492","1":"product","2":"type-product","3":"status-publish","4":"has-post-thumbnail","6":"product_cat-kitchenware","7":"product_cat-kitchen","9":"first","10":"instock","11":"shipping-taxable","12":"product-type-simple","13":"swiper-slide"},"acf":[],"_links":{"self":[{"href":"https:\/\/www.sellersunionagent.com\/pl\/wp-json\/wp\/v2\/product\/17492","targetHints":{"allow":["GET"]}}],"collection":[{"href":"https:\/\/www.sellersunionagent.com\/pl\/wp-json\/wp\/v2\/product"}],"about":[{"href":"https:\/\/www.sellersunionagent.com\/pl\/wp-json\/wp\/v2\/types\/product"}],"replies":[{"embeddable":true,"href":"https:\/\/www.sellersunionagent.com\/pl\/wp-json\/wp\/v2\/comments?post=17492"}],"wp:featuredmedia":[{"embeddable":true,"href":"https:\/\/www.sellersunionagent.com\/pl\/wp-json\/wp\/v2\/media\/17502"}],"wp:attachment":[{"href":"https:\/\/www.sellersunionagent.com\/pl\/wp-json\/wp\/v2\/media?parent=17492"}],"wp:term":[{"taxonomy":"product_brand","embeddable":true,"href":"https:\/\/www.sellersunionagent.com\/pl\/wp-json\/wp\/v2\/product_brand?post=17492"},{"taxonomy":"product_cat","embeddable":true,"href":"https:\/\/www.sellersunionagent.com\/pl\/wp-json\/wp\/v2\/product_cat?post=17492"},{"taxonomy":"product_tag","embeddable":true,"href":"https:\/\/www.sellersunionagent.com\/pl\/wp-json\/wp\/v2\/product_tag?post=17492"}],"curies":[{"name":"wp","href":"https:\/\/api.w.org\/{rel}","templated":true}]}}