{"id":17446,"date":"2024-06-26T09:50:26","date_gmt":"2024-06-26T01:50:26","guid":{"rendered":"https:\/\/sellersunionagent.com\/?post_type=product&#038;p=17446"},"modified":"2024-06-26T10:38:11","modified_gmt":"2024-06-26T02:38:11","slug":"kombinowane-obrotowe-etui-do-makijazu","status":"publish","type":"product","link":"https:\/\/www.sellersunionagent.com\/pl\/combination-rotating-makeup-case\/","title":{"rendered":"Obrotowe etui na kosmetyki do makija\u017cu"},"content":{"rendered":"<h1>Obrotowe etui na kosmetyki do makija\u017cu<\/h1>\n<div data-id=\"42815df\" data-element_type=\"widget\" data-widget_type=\"heading.default\">\n<div>\n<h3><strong>Typ<\/strong>: Pude\u0142ko do przechowywania<\/h3>\n<\/div>\n<\/div>\n<div class=\"elementor-element elementor-element-c17fac7 elementor-widget elementor-widget-woocommerce-product-short-description\" data-id=\"c17fac7\" data-element_type=\"widget\" data-widget_type=\"woocommerce-product-short-description.default\">\n<div class=\"elementor-widget-container\">\n<div class=\"woocommerce-product-details__short-description\">\n<h3><strong>Numer pozycji:<\/strong> SU8056<\/h3>\n<h3><strong>Rozmiar elementu<\/strong>: 34.5*14.7*14.3CM<\/h3>\n<h3><strong>Kolory<\/strong>czarny\/be\u017cowy<\/h3>\n<h3><strong>Materia\u0142:<\/strong> ABS+PET<\/h3>\n<\/div>\n<\/div>\n<\/div>\n<p>&nbsp;<\/p>\n<ul>\n<li>\n<h4>Mo\u017cliwo\u015b\u0107 obracania<\/h4>\n<\/li>\n<li>\n<h4>\u0141atwa aran\u017cacja<\/h4>\n<\/li>\n<li>\n<h4>Wysoko\u015b\u0107 nie jest ograniczona<\/h4>\n<\/li>\n<li>\n<h4>Dost\u0119pne s\u0105 dwa kolory<\/h4>\n<p><img fetchpriority=\"high\" decoding=\"async\" class=\"wp-image-17447 aligncenter\" title=\"Obrotowe etui na kosmetyki do makija\u017cu\" src=\"https:\/\/www.sellersunionagent.com\/wp-content\/uploads\/2024\/06\/caja.jpg\" alt=\"Obrotowe etui na kosmetyki do makija\u017cu\" width=\"600\" height=\"697\" \/><img decoding=\"async\" class=\"aligncenter wp-image-17450\" src=\"https:\/\/www.sellersunionagent.com\/wp-content\/uploads\/2024\/06\/caja1.jpg\" alt=\"Obrotowe etui na kosmetyki do makija\u017cu\" width=\"600\" height=\"302\" \/> <img decoding=\"async\" class=\"aligncenter wp-image-17451\" src=\"https:\/\/www.sellersunionagent.com\/wp-content\/uploads\/2024\/06\/caja2.jpg\" alt=\"Obrotowe etui na kosmetyki do makija\u017cu\" width=\"600\" height=\"579\" \/> <img loading=\"lazy\" decoding=\"async\" class=\"aligncenter wp-image-17452\" src=\"https:\/\/www.sellersunionagent.com\/wp-content\/uploads\/2024\/06\/caja3.jpg\" alt=\"Obrotowe etui na kosmetyki do makija\u017cu\" width=\"600\" height=\"820\" \/> <img loading=\"lazy\" decoding=\"async\" class=\"aligncenter wp-image-17453\" src=\"https:\/\/www.sellersunionagent.com\/wp-content\/uploads\/2024\/06\/caja4.jpg\" alt=\"Obrotowe etui na kosmetyki do makija\u017cu\" width=\"600\" height=\"820\" \/> <img loading=\"lazy\" decoding=\"async\" class=\"aligncenter wp-image-17454\" src=\"https:\/\/www.sellersunionagent.com\/wp-content\/uploads\/2024\/06\/caja5.jpg\" alt=\"Obrotowe etui na kosmetyki do makija\u017cu\" width=\"600\" height=\"820\" \/> <img loading=\"lazy\" decoding=\"async\" class=\"aligncenter wp-image-17455\" src=\"https:\/\/www.sellersunionagent.com\/wp-content\/uploads\/2024\/06\/caja6.jpg\" alt=\"Obrotowe etui na kosmetyki do makija\u017cu\" width=\"600\" height=\"820\" \/> <img loading=\"lazy\" decoding=\"async\" class=\"aligncenter wp-image-17456\" src=\"https:\/\/www.sellersunionagent.com\/wp-content\/uploads\/2024\/06\/caja7.jpg\" alt=\"Obrotowe etui na kosmetyki do makija\u017cu\" width=\"600\" height=\"678\" \/> <img loading=\"lazy\" decoding=\"async\" class=\"aligncenter wp-image-17457\" src=\"https:\/\/www.sellersunionagent.com\/wp-content\/uploads\/2024\/06\/caja8.jpg\" alt=\"Obrotowe etui na kosmetyki do makija\u017cu\" width=\"600\" height=\"600\" \/> <img loading=\"lazy\" decoding=\"async\" class=\"aligncenter wp-image-17458\" src=\"https:\/\/www.sellersunionagent.com\/wp-content\/uploads\/2024\/06\/caja9.jpg\" alt=\"Obrotowe etui na kosmetyki do makija\u017cu\" width=\"600\" height=\"600\" \/> <img loading=\"lazy\" decoding=\"async\" class=\"aligncenter wp-image-17459\" src=\"https:\/\/www.sellersunionagent.com\/wp-content\/uploads\/2024\/06\/caja10.jpg\" alt=\"Obrotowe etui na kosmetyki do makija\u017cu\" width=\"600\" height=\"600\" \/> <img loading=\"lazy\" decoding=\"async\" class=\"aligncenter wp-image-17460\" src=\"https:\/\/www.sellersunionagent.com\/wp-content\/uploads\/2024\/06\/caja11.jpg\" alt=\"Obrotowe etui na kosmetyki do makija\u017cu\" width=\"600\" height=\"600\" \/> <img loading=\"lazy\" decoding=\"async\" class=\"aligncenter wp-image-17461\" src=\"https:\/\/www.sellersunionagent.com\/wp-content\/uploads\/2024\/06\/caja12.jpg\" alt=\"Obrotowe etui na kosmetyki do makija\u017cu\" width=\"600\" height=\"600\" \/> <img loading=\"lazy\" decoding=\"async\" class=\"aligncenter wp-image-17462\" src=\"https:\/\/www.sellersunionagent.com\/wp-content\/uploads\/2024\/06\/caja13.jpg\" alt=\"Obrotowe etui na kosmetyki do makija\u017cu\" width=\"600\" height=\"600\" \/> <img loading=\"lazy\" decoding=\"async\" class=\"aligncenter wp-image-17463\" src=\"https:\/\/www.sellersunionagent.com\/wp-content\/uploads\/2024\/06\/caja14.jpg\" alt=\"Obrotowe etui na kosmetyki do makija\u017cu\" width=\"600\" height=\"600\" \/> <img loading=\"lazy\" decoding=\"async\" class=\"aligncenter wp-image-17464\" src=\"https:\/\/www.sellersunionagent.com\/wp-content\/uploads\/2024\/06\/caja16.jpg\" alt=\"Obrotowe etui na kosmetyki do makija\u017cu\" width=\"600\" height=\"600\" \/> <img loading=\"lazy\" decoding=\"async\" class=\"aligncenter wp-image-17465\" src=\"https:\/\/www.sellersunionagent.com\/wp-content\/uploads\/2024\/06\/caja17.jpg\" alt=\"Obrotowe etui na kosmetyki do makija\u017cu\" width=\"600\" height=\"600\" \/><\/li>\n<\/ul>","protected":false},"excerpt":{"rendered":"<div class=\"elementor-element elementor-element-42815df elementor-widget elementor-widget-heading\" data-id=\"42815df\" data-element_type=\"widget\" data-widget_type=\"heading.default\">\n<div class=\"elementor-widget-container\">\n<h3><strong>Typ<\/strong>: Pude\u0142ko do przechowywania<\/h3>\n<\/div>\n<\/div>\n<div class=\"elementor-element elementor-element-c17fac7 elementor-widget elementor-widget-woocommerce-product-short-description\" data-id=\"c17fac7\" data-element_type=\"widget\" data-widget_type=\"woocommerce-product-short-description.default\">\n<div class=\"elementor-widget-container\">\n<div class=\"woocommerce-product-details__short-description\">\n<h3><strong>Numer pozycji:<\/strong> SU8056<\/h3>\n<h3><strong>Rozmiar elementu<\/strong>: 34.5*14.7*14.3CM<\/h3>\n<h3><strong>Kolory<\/strong>czarny\/be\u017cowy<\/h3>\n<h3><strong>Materia\u0142: ABS+PET<\/strong><\/h3>\n<\/div>\n<\/div>\n<\/div>\n<p>&nbsp;<\/p>\n<ul>\n<li>\n<h4>Mo\u017cliwo\u015b\u0107 obracania<\/h4>\n<\/li>\n<li>\n<h4>\u0141atwa aran\u017cacja<\/h4>\n<\/li>\n<li>\n<h4>Wysoko\u015b\u0107 nie jest ograniczona<\/h4>\n<\/li>\n<li>\n<h4>Dost\u0119pne s\u0105 dwa kolory<\/h4>\n<\/li>\n<\/ul>","protected":false},"featured_media":17449,"comment_status":"open","ping_status":"closed","template":"","meta":{"_acf_changed":false},"product_brand":[],"product_cat":[189,187,186],"product_tag":[],"class_list":{"0":"post-17446","1":"product","2":"type-product","3":"status-publish","4":"has-post-thumbnail","6":"product_cat-bathroom","7":"product_cat-bedroom","8":"product_cat-living-room","10":"first","11":"instock","12":"shipping-taxable","13":"product-type-simple","14":"swiper-slide"},"acf":[],"_links":{"self":[{"href":"https:\/\/www.sellersunionagent.com\/pl\/wp-json\/wp\/v2\/product\/17446","targetHints":{"allow":["GET"]}}],"collection":[{"href":"https:\/\/www.sellersunionagent.com\/pl\/wp-json\/wp\/v2\/product"}],"about":[{"href":"https:\/\/www.sellersunionagent.com\/pl\/wp-json\/wp\/v2\/types\/product"}],"replies":[{"embeddable":true,"href":"https:\/\/www.sellersunionagent.com\/pl\/wp-json\/wp\/v2\/comments?post=17446"}],"wp:featuredmedia":[{"embeddable":true,"href":"https:\/\/www.sellersunionagent.com\/pl\/wp-json\/wp\/v2\/media\/17449"}],"wp:attachment":[{"href":"https:\/\/www.sellersunionagent.com\/pl\/wp-json\/wp\/v2\/media?parent=17446"}],"wp:term":[{"taxonomy":"product_brand","embeddable":true,"href":"https:\/\/www.sellersunionagent.com\/pl\/wp-json\/wp\/v2\/product_brand?post=17446"},{"taxonomy":"product_cat","embeddable":true,"href":"https:\/\/www.sellersunionagent.com\/pl\/wp-json\/wp\/v2\/product_cat?post=17446"},{"taxonomy":"product_tag","embeddable":true,"href":"https:\/\/www.sellersunionagent.com\/pl\/wp-json\/wp\/v2\/product_tag?post=17446"}],"curies":[{"name":"wp","href":"https:\/\/api.w.org\/{rel}","templated":true}]}}