{"id":17132,"date":"2024-06-03T10:22:59","date_gmt":"2024-06-03T02:22:59","guid":{"rendered":"https:\/\/sellersunionagent.com\/?post_type=product&#038;p=17132"},"modified":"2024-06-03T10:22:59","modified_gmt":"2024-06-03T02:22:59","slug":"expandable-drawer-dividers","status":"publish","type":"product","link":"https:\/\/www.sellersunionagent.com\/pl\/expandable-drawer-dividers\/","title":{"rendered":"Rozszerzalne przegr\u00f3dki do szuflad"},"content":{"rendered":"<h1>Rozszerzalne przegr\u00f3dki do szuflad<\/h1>\n<h3><strong>Typ<\/strong><strong><b>: <\/b><\/strong>drawer dividers<\/h3>\n<h3><strong>Numer pozycji:<\/strong><strong><b> SUHY01<\/b><\/strong><\/h3>\n<h3><strong>Rozmiar elementu<\/strong><strong><b>: 27.5~44*10.5*4CM\/37.5~54*10.5*4CM\/32.2~55*12.7*4CM\/34~56*6*4CM<\/b><\/strong><\/h3>\n<h3><strong>Kolory<\/strong><strong><b>bia\u0142y<\/b><\/strong><\/h3>\n<h3><strong>Material: ABS<\/strong><\/h3>\n<p>&nbsp;<\/p>\n<ul>\n<li>\n<h4><strong><b>Kreatywny<\/b><\/strong><\/h4>\n<\/li>\n<li>\n<h4>Stretchable<\/h4>\n<\/li>\n<li>\n<h4>Sorting and storing<\/h4>\n<\/li>\n<li>\n<h4><strong><b>\u0141atwy do przenoszenia<\/b><\/strong><\/h4>\n<\/li>\n<li>\n<h4>\u0141atwa instalacja<\/h4>\n<\/li>\n<\/ul>\n<p>&nbsp;<\/p>\n<p><img fetchpriority=\"high\" decoding=\"async\" class=\"aligncenter wp-image-17143\" title=\"\u8be6\u60c5 002\" src=\"https:\/\/www.sellersunionagent.com\/wp-content\/uploads\/2024\/06\/\u8be6\u60c5_002.webp\" alt=\"\u8be6\u60c5 002\" width=\"600\" height=\"631\" \/> <img decoding=\"async\" class=\"aligncenter wp-image-17157\" title=\"\u8be6\u60c5 026\" src=\"https:\/\/www.sellersunionagent.com\/wp-content\/uploads\/2024\/06\/\u8be6\u60c5_026.webp\" alt=\"\u8be6\u60c5 026\" width=\"600\" height=\"691\" \/> <img decoding=\"async\" class=\"aligncenter wp-image-17158\" title=\"\u8be6\u60c5 027\" src=\"https:\/\/www.sellersunionagent.com\/wp-content\/uploads\/2024\/06\/\u8be6\u60c5_027.webp\" alt=\"\u8be6\u60c5 027\" width=\"600\" height=\"699\" \/> <img loading=\"lazy\" decoding=\"async\" class=\"aligncenter wp-image-17167\" title=\"\u4e3b\u56fe 011\" src=\"https:\/\/www.sellersunionagent.com\/wp-content\/uploads\/2024\/06\/\u4e3b\u56fe_011.webp\" alt=\"\u4e3b\u56fe 011\" width=\"600\" height=\"600\" \/> <img loading=\"lazy\" decoding=\"async\" class=\"aligncenter wp-image-17146\" title=\"size 1\" src=\"https:\/\/www.sellersunionagent.com\/wp-content\/uploads\/2024\/06\/size-1.webp\" alt=\"size 1\" width=\"600\" height=\"600\" \/> <img loading=\"lazy\" decoding=\"async\" class=\"aligncenter wp-image-17147\" title=\"size 3\" src=\"https:\/\/www.sellersunionagent.com\/wp-content\/uploads\/2024\/06\/size-3.webp\" alt=\"size 3\" width=\"600\" height=\"600\" \/> <img loading=\"lazy\" decoding=\"async\" class=\"aligncenter wp-image-17148\" title=\"size2\" src=\"https:\/\/www.sellersunionagent.com\/wp-content\/uploads\/2024\/06\/size2.webp\" alt=\"size2\" width=\"600\" height=\"600\" \/><\/p>","protected":false},"excerpt":{"rendered":"<p><strong>MOQ<\/strong>:  1000 szt.<br \/>\n<strong>Bezp\u0142atna pr\u00f3bka<\/strong>:  Obs\u0142ugiwane<br \/>\n<strong>Personalizacja<\/strong>logo \/ kolor \/ materia\u0142y \/ opakowanie itp.<br \/>\n<strong>Zni\u017cka<\/strong>:  Pierwsze zam\u00f3wienia ju\u017c od 10% taniej.<br \/>\n<strong>Wska\u017anik terminowo\u015bci dostaw<\/strong>:\u00a0 100%<br \/>\n<strong>Przesy\u0142ki og\u00f3\u0142em<\/strong>:  10000 szt.<br \/>\n<strong>Wysy\u0142ka<\/strong>: Fracht morski Fracht l\u0105dowy<\/p>","protected":false},"featured_media":17133,"comment_status":"open","ping_status":"closed","template":"","meta":{"_acf_changed":false},"product_brand":[],"product_cat":[31,187],"product_tag":[],"class_list":{"0":"post-17132","1":"product","2":"type-product","3":"status-publish","4":"has-post-thumbnail","6":"product_cat-home-storage","7":"product_cat-bedroom","9":"first","10":"instock","11":"shipping-taxable","12":"product-type-simple","13":"swiper-slide"},"acf":[],"_links":{"self":[{"href":"https:\/\/www.sellersunionagent.com\/pl\/wp-json\/wp\/v2\/product\/17132","targetHints":{"allow":["GET"]}}],"collection":[{"href":"https:\/\/www.sellersunionagent.com\/pl\/wp-json\/wp\/v2\/product"}],"about":[{"href":"https:\/\/www.sellersunionagent.com\/pl\/wp-json\/wp\/v2\/types\/product"}],"replies":[{"embeddable":true,"href":"https:\/\/www.sellersunionagent.com\/pl\/wp-json\/wp\/v2\/comments?post=17132"}],"wp:featuredmedia":[{"embeddable":true,"href":"https:\/\/www.sellersunionagent.com\/pl\/wp-json\/wp\/v2\/media\/17133"}],"wp:attachment":[{"href":"https:\/\/www.sellersunionagent.com\/pl\/wp-json\/wp\/v2\/media?parent=17132"}],"wp:term":[{"taxonomy":"product_brand","embeddable":true,"href":"https:\/\/www.sellersunionagent.com\/pl\/wp-json\/wp\/v2\/product_brand?post=17132"},{"taxonomy":"product_cat","embeddable":true,"href":"https:\/\/www.sellersunionagent.com\/pl\/wp-json\/wp\/v2\/product_cat?post=17132"},{"taxonomy":"product_tag","embeddable":true,"href":"https:\/\/www.sellersunionagent.com\/pl\/wp-json\/wp\/v2\/product_tag?post=17132"}],"curies":[{"name":"wp","href":"https:\/\/api.w.org\/{rel}","templated":true}]}}