{"id":17042,"date":"2024-05-30T15:43:48","date_gmt":"2024-05-30T07:43:48","guid":{"rendered":"https:\/\/sellersunionagent.com\/?post_type=product&#038;p=17042"},"modified":"2024-05-30T15:43:48","modified_gmt":"2024-05-30T07:43:48","slug":"creative-seven-days-pill-box","status":"publish","type":"product","link":"https:\/\/www.sellersunionagent.com\/pl\/creative-seven-days-pill-box\/","title":{"rendered":"Creative Seven Days Pill Box"},"content":{"rendered":"<h1>Creative Seven Days Pill Box<\/h1>\n<div class=\"elementor-element elementor-element-42815df elementor-widget elementor-widget-heading\" data-id=\"42815df\" data-element_type=\"widget\" data-widget_type=\"heading.default\">\n<div class=\"elementor-widget-container\">\n<h3 class=\"elementor-heading-title elementor-size-default\"><strong>Typ<\/strong>: Pill Box<\/h3>\n<\/div>\n<\/div>\n<div class=\"elementor-element elementor-element-c17fac7 elementor-widget elementor-widget-woocommerce-product-short-description\" data-id=\"c17fac7\" data-element_type=\"widget\" data-widget_type=\"woocommerce-product-short-description.default\">\n<div class=\"elementor-widget-container\">\n<div class=\"woocommerce-product-details__short-description\">\n<h3><strong>Numer pozycji:<\/strong> SUHR01<\/h3>\n<h3><strong>Rozmiar elementu<\/strong>: 15.7*11.8*4CM<\/h3>\n<h3><strong>Kolory<\/strong>: black\/rainbow<\/h3>\n<h3><strong>Materia\u0142: tworzywo sztuczne<\/strong><\/h3>\n<\/div>\n<\/div>\n<\/div>\n<p>&nbsp;<\/p>\n<ul>\n<li>\n<h4>Przeno\u015bny<\/h4>\n<\/li>\n<li>\n<h4>Kreatywny<\/h4>\n<\/li>\n<li>\n<h4>Materia\u0142y zabezpieczaj\u0105ce<\/h4>\n<\/li>\n<li>\n<h4>Drustproof<\/h4>\n<\/li>\n<\/ul>\n<p>&nbsp;<\/p>\n<p><img fetchpriority=\"high\" decoding=\"async\" class=\"aligncenter wp-image-17058\" title=\"1\" src=\"https:\/\/www.sellersunionagent.com\/wp-content\/uploads\/2024\/05\/1.webp\" alt=\"1\" width=\"600\" height=\"600\" \/> <img decoding=\"async\" class=\"aligncenter wp-image-17054\" title=\"\u4e3b\u56fe 004\" src=\"https:\/\/www.sellersunionagent.com\/wp-content\/uploads\/2024\/05\/\u4e3b\u56fe_004.webp\" alt=\"\u4e3b\u56fe 004\" width=\"600\" height=\"600\" \/> <img decoding=\"async\" class=\"aligncenter wp-image-17053\" title=\"\u4e3b\u56fe 003\" src=\"https:\/\/www.sellersunionagent.com\/wp-content\/uploads\/2024\/05\/\u4e3b\u56fe_003-2.webp\" alt=\"\u4e3b\u56fe 003\" width=\"600\" height=\"600\" \/> <img loading=\"lazy\" decoding=\"async\" class=\"aligncenter wp-image-17052\" title=\"\u4e3b\u56fe 002\" src=\"https:\/\/www.sellersunionagent.com\/wp-content\/uploads\/2024\/05\/\u4e3b\u56fe_002-1.webp\" alt=\"\u4e3b\u56fe 002\" width=\"600\" height=\"600\" \/> <img loading=\"lazy\" decoding=\"async\" class=\"aligncenter wp-image-17043\" title=\"\u8be6\u60c5 001\" src=\"https:\/\/www.sellersunionagent.com\/wp-content\/uploads\/2024\/05\/\u8be6\u60c5_001.webp\" alt=\"\u8be6\u60c5 001\" width=\"600\" height=\"601\" \/> <img loading=\"lazy\" decoding=\"async\" class=\"aligncenter wp-image-17045\" title=\"\u8be6\u60c5 004\" src=\"https:\/\/www.sellersunionagent.com\/wp-content\/uploads\/2024\/05\/\u8be6\u60c5_004.webp\" alt=\"\u8be6\u60c5 004\" width=\"600\" height=\"600\" \/><\/p>","protected":false},"excerpt":{"rendered":"<p><strong>MOQ<\/strong>:  1000 szt.<br \/>\n<strong>Bezp\u0142atna pr\u00f3bka<\/strong>:  Obs\u0142ugiwane<br \/>\n<strong>Personalizacja<\/strong>logo \/ kolor \/ materia\u0142y \/ opakowanie itp.<br \/>\n<strong>Zni\u017cka<\/strong>:  Pierwsze zam\u00f3wienia ju\u017c od 10% taniej.<br \/>\n<strong>Wska\u017anik terminowo\u015bci dostaw<\/strong>:\u00a0 100%<br \/>\n<strong>Przesy\u0142ki og\u00f3\u0142em<\/strong>:  10000 szt.<br \/>\n<strong>Wysy\u0142ka<\/strong>: Fracht morski Fracht l\u0105dowy<\/p>","protected":false},"featured_media":17058,"comment_status":"open","ping_status":"closed","template":"","meta":{"_acf_changed":false},"product_brand":[],"product_cat":[31],"product_tag":[],"class_list":{"0":"post-17042","1":"product","2":"type-product","3":"status-publish","4":"has-post-thumbnail","6":"product_cat-home-storage","8":"first","9":"instock","10":"shipping-taxable","11":"product-type-simple","12":"swiper-slide"},"acf":[],"_links":{"self":[{"href":"https:\/\/www.sellersunionagent.com\/pl\/wp-json\/wp\/v2\/product\/17042","targetHints":{"allow":["GET"]}}],"collection":[{"href":"https:\/\/www.sellersunionagent.com\/pl\/wp-json\/wp\/v2\/product"}],"about":[{"href":"https:\/\/www.sellersunionagent.com\/pl\/wp-json\/wp\/v2\/types\/product"}],"replies":[{"embeddable":true,"href":"https:\/\/www.sellersunionagent.com\/pl\/wp-json\/wp\/v2\/comments?post=17042"}],"wp:featuredmedia":[{"embeddable":true,"href":"https:\/\/www.sellersunionagent.com\/pl\/wp-json\/wp\/v2\/media\/17058"}],"wp:attachment":[{"href":"https:\/\/www.sellersunionagent.com\/pl\/wp-json\/wp\/v2\/media?parent=17042"}],"wp:term":[{"taxonomy":"product_brand","embeddable":true,"href":"https:\/\/www.sellersunionagent.com\/pl\/wp-json\/wp\/v2\/product_brand?post=17042"},{"taxonomy":"product_cat","embeddable":true,"href":"https:\/\/www.sellersunionagent.com\/pl\/wp-json\/wp\/v2\/product_cat?post=17042"},{"taxonomy":"product_tag","embeddable":true,"href":"https:\/\/www.sellersunionagent.com\/pl\/wp-json\/wp\/v2\/product_tag?post=17042"}],"curies":[{"name":"wp","href":"https:\/\/api.w.org\/{rel}","templated":true}]}}