{"id":16698,"date":"2024-05-24T15:17:41","date_gmt":"2024-05-24T07:17:41","guid":{"rendered":"https:\/\/sellersunionagent.com\/?post_type=product&#038;p=16698"},"modified":"2025-11-28T10:28:48","modified_gmt":"2025-11-28T02:28:48","slug":"folding-christmas-decoration-ball-storage-box","status":"publish","type":"product","link":"https:\/\/www.sellersunionagent.com\/pl\/folding-christmas-decoration-ball-storage-box\/","title":{"rendered":"Sk\u0142adane pude\u0142ko do przechowywania ozd\u00f3b \u015bwi\u0105tecznych"},"content":{"rendered":"<p>Sk\u0142adane pude\u0142ko do przechowywania ozd\u00f3b \u015bwi\u0105tecznych<\/p>\n<div class=\"elementor-element elementor-element-42815df elementor-widget elementor-widget-heading\" data-id=\"42815df\" data-element_type=\"widget\" data-widget_type=\"heading.default\">\n<div class=\"elementor-widget-container\">\n<p class=\"elementor-heading-title elementor-size-default\"><strong>Typ<\/strong>: Storage Box<\/p>\n<\/div>\n<\/div>\n<div class=\"elementor-element elementor-element-c17fac7 elementor-widget elementor-widget-woocommerce-product-short-description\" data-id=\"c17fac7\" data-element_type=\"widget\" data-widget_type=\"woocommerce-product-short-description.default\">\n<div class=\"elementor-widget-container\">\n<div class=\"woocommerce-product-details__short-description\">\n<p><strong>Numer pozycji:<\/strong> JG001<\/p>\n<p><strong>Rozmiar elementu<\/strong>: 38*38*38cm<\/p>\n<p><strong>Kolory<\/strong>: red<\/p>\n<p><strong>Materia\u0142:\u00a0<\/strong>PP+nonwoven<\/p>\n<p>&nbsp;<\/p>\n<\/div>\n<\/div>\n<\/div>\n<p>&nbsp;<\/p>\n<ul>\n<li>Przedzia\u0142owe przechowywanie<\/li>\n<li>Przechowywanie w stosie<\/li>\n<li>Recycling<\/li>\n<li>Insect proofing<\/li>\n<li>Py\u0142oszczelno\u015b\u0107<\/li>\n<li>Pi\u0119kny i trwa\u0142y<\/li>\n<li><img fetchpriority=\"high\" decoding=\"async\" class=\"aligncenter wp-image-16713\" title=\"\u8be6\u60c5 08\" src=\"https:\/\/www.sellersunionagent.com\/wp-content\/uploads\/2024\/05\/\u8be6\u60c5-08-7.jpg\" alt=\"\u8be6\u60c5 08\" width=\"600\" height=\"280\" \/> <img decoding=\"async\" class=\"aligncenter wp-image-16711\" title=\"\u8be6\u60c5 06\" src=\"https:\/\/www.sellersunionagent.com\/wp-content\/uploads\/2024\/05\/\u8be6\u60c5-06-6.jpg\" alt=\"\u8be6\u60c5 06\" width=\"600\" height=\"620\" \/> <img decoding=\"async\" class=\"aligncenter wp-image-16708\" title=\"\u8be6\u60c5 05\" src=\"https:\/\/www.sellersunionagent.com\/wp-content\/uploads\/2024\/05\/\u8be6\u60c5-05-2.jpg\" alt=\"\u8be6\u60c5 05\" width=\"600\" height=\"610\" \/> <img loading=\"lazy\" decoding=\"async\" class=\"aligncenter wp-image-16705\" title=\"\u5c3a\u5bf8\" src=\"https:\/\/www.sellersunionagent.com\/wp-content\/uploads\/2024\/05\/\u5c3a\u5bf8-7.jpg\" alt=\"\u5c3a\u5bf8\" width=\"600\" height=\"600\" \/> <img loading=\"lazy\" decoding=\"async\" class=\"aligncenter wp-image-16704\" title=\"\u8be6\u60c5 10\" src=\"https:\/\/www.sellersunionagent.com\/wp-content\/uploads\/2024\/05\/\u8be6\u60c5-10-2.jpg\" alt=\"\u8be6\u60c5 10\" width=\"600\" height=\"600\" \/> <img loading=\"lazy\" decoding=\"async\" class=\"aligncenter wp-image-16702\" title=\"\u8be6\u60c5 11\" src=\"https:\/\/www.sellersunionagent.com\/wp-content\/uploads\/2024\/05\/\u8be6\u60c5-11-5.jpg\" alt=\"\u8be6\u60c5 11\" width=\"600\" height=\"600\" \/><\/li>\n<\/ul>","protected":false},"excerpt":{"rendered":"<p><strong>MOQ<\/strong>:  1000 szt.<br \/>\n<strong>Bezp\u0142atna pr\u00f3bka<\/strong>:  Obs\u0142ugiwane<br \/>\n<strong>Personalizacja<\/strong>logo \/ kolor \/ materia\u0142y \/ opakowanie itp.<br \/>\n<strong>Zni\u017cka<\/strong>:  Pierwsze zam\u00f3wienia ju\u017c od 10% taniej.<br \/>\n<strong>Wska\u017anik terminowo\u015bci dostaw<\/strong>:\u00a0 100%<br \/>\n<strong>Przesy\u0142ki og\u00f3\u0142em<\/strong>:  10000 szt.<br \/>\n<strong>Wysy\u0142ka<\/strong>: Fracht morski Fracht l\u0105dowy<\/p>","protected":false},"featured_media":16699,"comment_status":"open","ping_status":"closed","template":"","meta":{"_acf_changed":false},"product_brand":[],"product_cat":[235,318],"product_tag":[],"class_list":{"0":"post-16698","1":"product","2":"type-product","3":"status-publish","4":"has-post-thumbnail","6":"product_cat-christmas-decoration","7":"product_cat-christmas-tree-ornaments","9":"first","10":"instock","11":"shipping-taxable","12":"product-type-simple","13":"swiper-slide"},"acf":[],"_links":{"self":[{"href":"https:\/\/www.sellersunionagent.com\/pl\/wp-json\/wp\/v2\/product\/16698","targetHints":{"allow":["GET"]}}],"collection":[{"href":"https:\/\/www.sellersunionagent.com\/pl\/wp-json\/wp\/v2\/product"}],"about":[{"href":"https:\/\/www.sellersunionagent.com\/pl\/wp-json\/wp\/v2\/types\/product"}],"replies":[{"embeddable":true,"href":"https:\/\/www.sellersunionagent.com\/pl\/wp-json\/wp\/v2\/comments?post=16698"}],"wp:featuredmedia":[{"embeddable":true,"href":"https:\/\/www.sellersunionagent.com\/pl\/wp-json\/wp\/v2\/media\/16699"}],"wp:attachment":[{"href":"https:\/\/www.sellersunionagent.com\/pl\/wp-json\/wp\/v2\/media?parent=16698"}],"wp:term":[{"taxonomy":"product_brand","embeddable":true,"href":"https:\/\/www.sellersunionagent.com\/pl\/wp-json\/wp\/v2\/product_brand?post=16698"},{"taxonomy":"product_cat","embeddable":true,"href":"https:\/\/www.sellersunionagent.com\/pl\/wp-json\/wp\/v2\/product_cat?post=16698"},{"taxonomy":"product_tag","embeddable":true,"href":"https:\/\/www.sellersunionagent.com\/pl\/wp-json\/wp\/v2\/product_tag?post=16698"}],"curies":[{"name":"wp","href":"https:\/\/api.w.org\/{rel}","templated":true}]}}