{"id":16652,"date":"2024-05-24T14:32:32","date_gmt":"2024-05-24T06:32:32","guid":{"rendered":"https:\/\/sellersunionagent.com\/?post_type=product&#038;p=16652"},"modified":"2024-05-24T14:32:32","modified_gmt":"2024-05-24T06:32:32","slug":"przezroczysty-sloik-do-przechowywania-zywnosci","status":"publish","type":"product","link":"https:\/\/www.sellersunionagent.com\/pl\/transparent-food-seal-storage-jar\/","title":{"rendered":"Przezroczysty s\u0142oik do przechowywania \u017cywno\u015bci"},"content":{"rendered":"<p>Przezroczysty s\u0142oik do przechowywania \u017cywno\u015bci<\/p>\n<div class=\"elementor-element elementor-element-42815df elementor-widget elementor-widget-heading\" data-id=\"42815df\" data-element_type=\"widget\" data-widget_type=\"heading.default\">\n<div class=\"elementor-widget-container\">\n<p class=\"elementor-heading-title elementor-size-default\"><strong>Typ<\/strong>: S\u0142oik do przechowywania<\/p>\n<\/div>\n<\/div>\n<div class=\"elementor-element elementor-element-c17fac7 elementor-widget elementor-widget-woocommerce-product-short-description\" data-id=\"c17fac7\" data-element_type=\"widget\" data-widget_type=\"woocommerce-product-short-description.default\">\n<div class=\"elementor-widget-container\">\n<div class=\"woocommerce-product-details__short-description\">\n<p><strong>Numer pozycji:<\/strong> Y001<\/p>\n<p><strong>Rozmiar elementu<\/strong>: 450ML\/650ML\/900ML\/1400ML\/2000ML<\/p>\n<p><strong>Kolory<\/strong>: Przezroczysty<\/p>\n<p><strong>Materia\u0142:\u00a0<\/strong>PET + bambus<\/p>\n<p>&nbsp;<\/p>\n<\/div>\n<\/div>\n<\/div>\n<p>&nbsp;<\/p>\n<ul>\n<li>Przedzia\u0142owe przechowywanie<\/li>\n<li>Uszczelniona konstrukcja<\/li>\n<li>Mo\u017cliwo\u015b\u0107 sztaplowania<\/li>\n<li>Py\u0142oszczelno\u015b\u0107<\/li>\n<li>Wodoodporny<\/li>\n<li>Pi\u0119kny i trwa\u0142y<\/li>\n<li><img fetchpriority=\"high\" decoding=\"async\" class=\"aligncenter wp-image-16660\" title=\"\u8be6\u60c52\" src=\"https:\/\/www.sellersunionagent.com\/wp-content\/uploads\/2024\/05\/\u8be6\u60c52-1.jpg\" alt=\"\u8be6\u60c52\" width=\"600\" height=\"798\" \/> <img decoding=\"async\" class=\"aligncenter wp-image-16667\" title=\"\u8be6\u60c55\" src=\"https:\/\/www.sellersunionagent.com\/wp-content\/uploads\/2024\/05\/\u8be6\u60c55.jpg\" alt=\"\u8be6\u60c55\" width=\"600\" height=\"756\" \/> <img decoding=\"async\" class=\"aligncenter wp-image-16666\" title=\"\u8be6\u60c54\" src=\"https:\/\/www.sellersunionagent.com\/wp-content\/uploads\/2024\/05\/\u8be6\u60c54-1.jpg\" alt=\"\u8be6\u60c54\" width=\"600\" height=\"1005\" \/> <img loading=\"lazy\" decoding=\"async\" class=\"aligncenter wp-image-16664\" title=\"\u8be6\u60c5 04\" src=\"https:\/\/www.sellersunionagent.com\/wp-content\/uploads\/2024\/05\/\u8be6\u60c5-04-7.jpg\" alt=\"\u8be6\u60c5 04\" width=\"600\" height=\"863\" \/><\/li>\n<\/ul>","protected":false},"excerpt":{"rendered":"<p><strong>MOQ<\/strong>:  1000 szt.<br \/>\n<strong>Bezp\u0142atna pr\u00f3bka<\/strong>:  Obs\u0142ugiwane<br \/>\n<strong>Personalizacja<\/strong>logo \/ kolor \/ materia\u0142y \/ opakowanie itp.<br \/>\n<strong>Zni\u017cka<\/strong>:  Pierwsze zam\u00f3wienia ju\u017c od 10% taniej.<br \/>\n<strong>Wska\u017anik terminowo\u015bci dostaw<\/strong>:\u00a0 100%<br \/>\n<strong>Przesy\u0142ki og\u00f3\u0142em<\/strong>:  10000 szt.<br \/>\n<strong>Wysy\u0142ka<\/strong>: Fracht morski Fracht l\u0105dowy<\/p>","protected":false},"featured_media":16654,"comment_status":"open","ping_status":"closed","template":"","meta":{"_acf_changed":false},"product_brand":[],"product_cat":[188,31],"product_tag":[],"class_list":{"0":"post-16652","1":"product","2":"type-product","3":"status-publish","4":"has-post-thumbnail","6":"product_cat-kitchen","7":"product_cat-home-storage","9":"first","10":"instock","11":"shipping-taxable","12":"product-type-simple","13":"swiper-slide"},"acf":[],"_links":{"self":[{"href":"https:\/\/www.sellersunionagent.com\/pl\/wp-json\/wp\/v2\/product\/16652","targetHints":{"allow":["GET"]}}],"collection":[{"href":"https:\/\/www.sellersunionagent.com\/pl\/wp-json\/wp\/v2\/product"}],"about":[{"href":"https:\/\/www.sellersunionagent.com\/pl\/wp-json\/wp\/v2\/types\/product"}],"replies":[{"embeddable":true,"href":"https:\/\/www.sellersunionagent.com\/pl\/wp-json\/wp\/v2\/comments?post=16652"}],"wp:featuredmedia":[{"embeddable":true,"href":"https:\/\/www.sellersunionagent.com\/pl\/wp-json\/wp\/v2\/media\/16654"}],"wp:attachment":[{"href":"https:\/\/www.sellersunionagent.com\/pl\/wp-json\/wp\/v2\/media?parent=16652"}],"wp:term":[{"taxonomy":"product_brand","embeddable":true,"href":"https:\/\/www.sellersunionagent.com\/pl\/wp-json\/wp\/v2\/product_brand?post=16652"},{"taxonomy":"product_cat","embeddable":true,"href":"https:\/\/www.sellersunionagent.com\/pl\/wp-json\/wp\/v2\/product_cat?post=16652"},{"taxonomy":"product_tag","embeddable":true,"href":"https:\/\/www.sellersunionagent.com\/pl\/wp-json\/wp\/v2\/product_tag?post=16652"}],"curies":[{"name":"wp","href":"https:\/\/api.w.org\/{rel}","templated":true}]}}