{"id":16630,"date":"2024-05-24T12:01:30","date_gmt":"2024-05-24T04:01:30","guid":{"rendered":"https:\/\/sellersunionagent.com\/?post_type=product&#038;p=16630"},"modified":"2024-05-24T12:01:30","modified_gmt":"2024-05-24T04:01:30","slug":"large-capacity-cosmetic-bag-organiser-wash-bag","status":"publish","type":"product","link":"https:\/\/www.sellersunionagent.com\/pl\/large-capacity-cosmetic-bag-organiser-wash-bag\/","title":{"rendered":"Kosmetyczka o du\u017cej pojemno\u015bci z organizerem"},"content":{"rendered":"<p>Kosmetyczka o du\u017cej pojemno\u015bci z organizerem<\/p>\n<div class=\"elementor-element elementor-element-42815df elementor-widget elementor-widget-heading\" data-id=\"42815df\" data-element_type=\"widget\" data-widget_type=\"heading.default\">\n<div class=\"elementor-widget-container\">\n<p class=\"elementor-heading-title elementor-size-default\"><strong>Typ<\/strong>: kosmetyczka<\/p>\n<\/div>\n<\/div>\n<div class=\"elementor-element elementor-element-c17fac7 elementor-widget elementor-widget-woocommerce-product-short-description\" data-id=\"c17fac7\" data-element_type=\"widget\" data-widget_type=\"woocommerce-product-short-description.default\">\n<div class=\"elementor-widget-container\">\n<div class=\"woocommerce-product-details__short-description\">\n<p><strong>Numer pozycji:<\/strong> QR001<\/p>\n<p><strong>Rozmiar elementu<\/strong>: 21*9*9cm<\/p>\n<p><strong>Kolory<\/strong>: Brown\/beige<\/p>\n<p><strong>Material: PP grass<\/strong><\/p>\n<p>&nbsp;<\/p>\n<\/div>\n<\/div>\n<\/div>\n<p>&nbsp;<\/p>\n<ul>\n<li>Przedzia\u0142owe przechowywanie<\/li>\n<li>durability<\/li>\n<li>textured<\/li>\n<li>Wygodny do przenoszenia<\/li>\n<li>Pi\u0119kny i trwa\u0142y<\/li>\n<li><img fetchpriority=\"high\" decoding=\"async\" class=\"aligncenter wp-image-16637\" title=\"\u8be6\u60c5 14\" src=\"https:\/\/www.sellersunionagent.com\/wp-content\/uploads\/2024\/05\/\u8be6\u60c5-14-2.jpg\" alt=\"\u8be6\u60c5 14\" width=\"600\" height=\"722\" \/> <img decoding=\"async\" class=\"aligncenter wp-image-16640\" title=\"\u8be6\u60c5 17\" src=\"https:\/\/www.sellersunionagent.com\/wp-content\/uploads\/2024\/05\/\u8be6\u60c5-17.jpg\" alt=\"\u8be6\u60c5 17\" width=\"600\" height=\"529\" \/> <img decoding=\"async\" class=\"aligncenter wp-image-16641\" title=\"\u8be6\u60c5 10\" src=\"https:\/\/www.sellersunionagent.com\/wp-content\/uploads\/2024\/05\/\u8be6\u60c5-10-1.jpg\" alt=\"\u8be6\u60c5 10\" width=\"600\" height=\"653\" \/> <img loading=\"lazy\" decoding=\"async\" class=\"aligncenter wp-image-16644\" title=\"\u8be6\u60c5 11\" src=\"https:\/\/www.sellersunionagent.com\/wp-content\/uploads\/2024\/05\/\u8be6\u60c5-11-4.jpg\" alt=\"\u8be6\u60c5 11\" width=\"600\" height=\"525\" \/> <img loading=\"lazy\" decoding=\"async\" class=\"aligncenter wp-image-16646\" title=\"\u8be6\u60c5 12\" src=\"https:\/\/www.sellersunionagent.com\/wp-content\/uploads\/2024\/05\/\u8be6\u60c5-12-6.jpg\" alt=\"\u8be6\u60c5 12\" width=\"600\" height=\"523\" \/> <img loading=\"lazy\" decoding=\"async\" class=\"aligncenter wp-image-16648\" title=\"\u8be6\u60c5 13\" src=\"https:\/\/www.sellersunionagent.com\/wp-content\/uploads\/2024\/05\/\u8be6\u60c5-13-2.jpg\" alt=\"\u8be6\u60c5 13\" width=\"600\" height=\"213\" \/><\/li>\n<\/ul>","protected":false},"excerpt":{"rendered":"<p><strong>MOQ<\/strong>:  1000 szt.<br \/>\n<strong>Bezp\u0142atna pr\u00f3bka<\/strong>:  Obs\u0142ugiwane<br \/>\n<strong>Personalizacja<\/strong>logo \/ kolor \/ materia\u0142y \/ opakowanie itp.<br \/>\n<strong>Zni\u017cka<\/strong>:  Pierwsze zam\u00f3wienia ju\u017c od 10% taniej.<br \/>\n<strong>Wska\u017anik terminowo\u015bci dostaw<\/strong>:\u00a0 100%<br \/>\n<strong>Przesy\u0142ki og\u00f3\u0142em<\/strong>:  10000 szt.<br \/>\n<strong>Wysy\u0142ka<\/strong>: Fracht morski Fracht l\u0105dowy<\/p>","protected":false},"featured_media":16631,"comment_status":"open","ping_status":"closed","template":"","meta":{"_acf_changed":false},"product_brand":[],"product_cat":[30],"product_tag":[],"class_list":{"0":"post-16630","1":"product","2":"type-product","3":"status-publish","4":"has-post-thumbnail","6":"product_cat-makeup-bag","8":"first","9":"instock","10":"shipping-taxable","11":"product-type-simple","12":"swiper-slide"},"acf":[],"_links":{"self":[{"href":"https:\/\/www.sellersunionagent.com\/pl\/wp-json\/wp\/v2\/product\/16630","targetHints":{"allow":["GET"]}}],"collection":[{"href":"https:\/\/www.sellersunionagent.com\/pl\/wp-json\/wp\/v2\/product"}],"about":[{"href":"https:\/\/www.sellersunionagent.com\/pl\/wp-json\/wp\/v2\/types\/product"}],"replies":[{"embeddable":true,"href":"https:\/\/www.sellersunionagent.com\/pl\/wp-json\/wp\/v2\/comments?post=16630"}],"wp:featuredmedia":[{"embeddable":true,"href":"https:\/\/www.sellersunionagent.com\/pl\/wp-json\/wp\/v2\/media\/16631"}],"wp:attachment":[{"href":"https:\/\/www.sellersunionagent.com\/pl\/wp-json\/wp\/v2\/media?parent=16630"}],"wp:term":[{"taxonomy":"product_brand","embeddable":true,"href":"https:\/\/www.sellersunionagent.com\/pl\/wp-json\/wp\/v2\/product_brand?post=16630"},{"taxonomy":"product_cat","embeddable":true,"href":"https:\/\/www.sellersunionagent.com\/pl\/wp-json\/wp\/v2\/product_cat?post=16630"},{"taxonomy":"product_tag","embeddable":true,"href":"https:\/\/www.sellersunionagent.com\/pl\/wp-json\/wp\/v2\/product_tag?post=16630"}],"curies":[{"name":"wp","href":"https:\/\/api.w.org\/{rel}","templated":true}]}}