{"id":16607,"date":"2024-05-24T11:53:10","date_gmt":"2024-05-24T03:53:10","guid":{"rendered":"https:\/\/sellersunionagent.com\/?post_type=product&#038;p=16607"},"modified":"2024-05-24T11:53:10","modified_gmt":"2024-05-24T03:53:10","slug":"flip-top-combination-shoe-cabinet","status":"publish","type":"product","link":"https:\/\/www.sellersunionagent.com\/pl\/flip-top-combination-shoe-cabinet\/","title":{"rendered":"Flip Top Combination Shoe Cabinet"},"content":{"rendered":"<p>Flip Top Combination Shoe Cabinet<\/p>\n<div class=\"elementor-element elementor-element-42815df elementor-widget elementor-widget-heading\" data-id=\"42815df\" data-element_type=\"widget\" data-widget_type=\"heading.default\">\n<div class=\"elementor-widget-container\">\n<p class=\"elementor-heading-title elementor-size-default\"><strong>Typ<\/strong>: Shoe Cabinet<\/p>\n<\/div>\n<\/div>\n<div class=\"elementor-element elementor-element-c17fac7 elementor-widget elementor-widget-woocommerce-product-short-description\" data-id=\"c17fac7\" data-element_type=\"widget\" data-widget_type=\"woocommerce-product-short-description.default\">\n<div class=\"elementor-widget-container\">\n<div class=\"woocommerce-product-details__short-description\">\n<p><strong>Numer pozycji:<\/strong> MA001<\/p>\n<p><strong>Rozmiar elementu<\/strong>: 34*27*19cm\/27*34*22cm<\/p>\n<p><strong>Kolory<\/strong>: Transparent\/transparent black<\/p>\n<p><strong>Materia\u0142:\u00a0<\/strong>PP+ABS<\/p>\n<p>&nbsp;<\/p>\n<\/div>\n<\/div>\n<\/div>\n<p>&nbsp;<\/p>\n<ul>\n<li>Przedzia\u0142owe przechowywanie<\/li>\n<li>Zdejmowany<\/li>\n<li>Py\u0142oszczelno\u015b\u0107<\/li>\n<li>Wodoodporny<\/li>\n<li>Wygodny do przenoszenia<\/li>\n<li>Pi\u0119kny i trwa\u0142y<\/li>\n<li><img fetchpriority=\"high\" decoding=\"async\" class=\"aligncenter wp-image-16624\" title=\"\u8be6\u60c5 06\" src=\"https:\/\/www.sellersunionagent.com\/wp-content\/uploads\/2024\/05\/\u8be6\u60c5-06-5.jpg\" alt=\"\u8be6\u60c5 06\" width=\"600\" height=\"917\" \/> <img decoding=\"async\" class=\"aligncenter wp-image-16621\" title=\"\u8be6\u60c5 03\" src=\"https:\/\/www.sellersunionagent.com\/wp-content\/uploads\/2024\/05\/\u8be6\u60c5-03-4.jpg\" alt=\"\u8be6\u60c5 03\" width=\"600\" height=\"734\" \/> <img decoding=\"async\" class=\"aligncenter wp-image-16615\" title=\"\u8be6\u60c5 08\" src=\"https:\/\/www.sellersunionagent.com\/wp-content\/uploads\/2024\/05\/\u8be6\u60c5-08-5.jpg\" alt=\"\u8be6\u60c5 08\" width=\"600\" height=\"955\" \/> <img loading=\"lazy\" decoding=\"async\" class=\"aligncenter wp-image-16617\" title=\"\u8be6\u60c5 12\" src=\"https:\/\/www.sellersunionagent.com\/wp-content\/uploads\/2024\/05\/\u8be6\u60c5-12-5.jpg\" alt=\"\u8be6\u60c5 12\" width=\"600\" height=\"972\" \/> <img loading=\"lazy\" decoding=\"async\" class=\"aligncenter wp-image-16626\" title=\"\u4e3b\u56fe 08\" src=\"https:\/\/www.sellersunionagent.com\/wp-content\/uploads\/2024\/05\/\u4e3b\u56fe-08-2.jpg\" alt=\"\u4e3b\u56fe 08\" width=\"600\" height=\"600\" \/> <img loading=\"lazy\" decoding=\"async\" class=\"aligncenter wp-image-16627\" title=\"\u4e3b\u56fe 09\" src=\"https:\/\/www.sellersunionagent.com\/wp-content\/uploads\/2024\/05\/\u4e3b\u56fe-09-1.jpg\" alt=\"\u4e3b\u56fe 09\" width=\"600\" height=\"600\" \/><\/li>\n<\/ul>","protected":false},"excerpt":{"rendered":"<p><strong>MOQ<\/strong>:  1000 szt.<br \/>\n<strong>Bezp\u0142atna pr\u00f3bka<\/strong>:  Obs\u0142ugiwane<br \/>\n<strong>Personalizacja<\/strong>logo \/ kolor \/ materia\u0142y \/ opakowanie itp.<br \/>\n<strong>Zni\u017cka<\/strong>:  Pierwsze zam\u00f3wienia ju\u017c od 10% taniej.<br \/>\n<strong>Wska\u017anik terminowo\u015bci dostaw<\/strong>:\u00a0 100%<br \/>\n<strong>Przesy\u0142ki og\u00f3\u0142em<\/strong>:  10000 szt.<br \/>\n<strong>Wysy\u0142ka<\/strong>: Fracht morski Fracht l\u0105dowy<\/p>","protected":false},"featured_media":16608,"comment_status":"open","ping_status":"closed","template":"","meta":{"_acf_changed":false},"product_brand":[],"product_cat":[31,186],"product_tag":[],"class_list":{"0":"post-16607","1":"product","2":"type-product","3":"status-publish","4":"has-post-thumbnail","6":"product_cat-home-storage","7":"product_cat-living-room","9":"first","10":"instock","11":"shipping-taxable","12":"product-type-simple","13":"swiper-slide"},"acf":[],"_links":{"self":[{"href":"https:\/\/www.sellersunionagent.com\/pl\/wp-json\/wp\/v2\/product\/16607","targetHints":{"allow":["GET"]}}],"collection":[{"href":"https:\/\/www.sellersunionagent.com\/pl\/wp-json\/wp\/v2\/product"}],"about":[{"href":"https:\/\/www.sellersunionagent.com\/pl\/wp-json\/wp\/v2\/types\/product"}],"replies":[{"embeddable":true,"href":"https:\/\/www.sellersunionagent.com\/pl\/wp-json\/wp\/v2\/comments?post=16607"}],"wp:featuredmedia":[{"embeddable":true,"href":"https:\/\/www.sellersunionagent.com\/pl\/wp-json\/wp\/v2\/media\/16608"}],"wp:attachment":[{"href":"https:\/\/www.sellersunionagent.com\/pl\/wp-json\/wp\/v2\/media?parent=16607"}],"wp:term":[{"taxonomy":"product_brand","embeddable":true,"href":"https:\/\/www.sellersunionagent.com\/pl\/wp-json\/wp\/v2\/product_brand?post=16607"},{"taxonomy":"product_cat","embeddable":true,"href":"https:\/\/www.sellersunionagent.com\/pl\/wp-json\/wp\/v2\/product_cat?post=16607"},{"taxonomy":"product_tag","embeddable":true,"href":"https:\/\/www.sellersunionagent.com\/pl\/wp-json\/wp\/v2\/product_tag?post=16607"}],"curies":[{"name":"wp","href":"https:\/\/api.w.org\/{rel}","templated":true}]}}