{"id":16513,"date":"2024-05-24T10:46:39","date_gmt":"2024-05-24T02:46:39","guid":{"rendered":"https:\/\/sellersunionagent.com\/?post_type=product&#038;p=16513"},"modified":"2024-05-24T10:46:39","modified_gmt":"2024-05-24T02:46:39","slug":"dwurzedowy-teczowy-organizer-na-tabletki","status":"publish","type":"product","link":"https:\/\/www.sellersunionagent.com\/pl\/double-row-rainbow-pill-dispenser-organiser\/","title":{"rendered":"Dwurz\u0119dowy, t\u0119czowy organizer na tabletki"},"content":{"rendered":"<p>Dwurz\u0119dowy, t\u0119czowy organizer na tabletki<\/p>\n<div class=\"elementor-element elementor-element-42815df elementor-widget elementor-widget-heading\" data-id=\"42815df\" data-element_type=\"widget\" data-widget_type=\"heading.default\">\n<div class=\"elementor-widget-container\">\n<p class=\"elementor-heading-title elementor-size-default\"><strong>Typ<\/strong>: Pill Organiser<\/p>\n<\/div>\n<\/div>\n<div class=\"elementor-element elementor-element-c17fac7 elementor-widget elementor-widget-woocommerce-product-short-description\" data-id=\"c17fac7\" data-element_type=\"widget\" data-widget_type=\"woocommerce-product-short-description.default\">\n<div class=\"elementor-widget-container\">\n<div class=\"woocommerce-product-details__short-description\">\n<p><strong>Numer pozycji:<\/strong> KX311<\/p>\n<p><strong>Rozmiar elementu<\/strong>23,2*11,2*29 cm<\/p>\n<p><strong>Kolory<\/strong>: Czarny\/kolor t\u0119czy<\/p>\n<p><strong>Materia\u0142: <\/strong>PP<\/p>\n<p>&nbsp;<\/p>\n<\/div>\n<\/div>\n<\/div>\n<p>&nbsp;<\/p>\n<ul>\n<li>Konstrukcja klipsa<\/li>\n<li>Wygodny do przenoszenia<\/li>\n<li>Py\u0142oszczelno\u015b\u0107<\/li>\n<li>Wodoodporny<\/li>\n<li>Du\u017ca pojemno\u015b\u0107<\/li>\n<li>Pi\u0119kny i trwa\u0142y<\/li>\n<li><img fetchpriority=\"high\" decoding=\"async\" class=\"aligncenter wp-image-16522\" title=\"\u5c3a\u5bf8\" src=\"https:\/\/www.sellersunionagent.com\/wp-content\/uploads\/2024\/05\/\u5c3a\u5bf8-6.jpg\" alt=\"\u5c3a\u5bf8\" width=\"600\" height=\"379\" \/> <img decoding=\"async\" class=\"aligncenter wp-image-16523\" title=\"\u8be6\u60c513 \u526f\u672c\" src=\"https:\/\/www.sellersunionagent.com\/wp-content\/uploads\/2024\/05\/\u8be6\u60c513_\u526f\u672c.jpg\" alt=\"\u8be6\u60c513 \u526f\u672c\" width=\"600\" height=\"554\" \/> <img decoding=\"async\" class=\"aligncenter wp-image-16524\" title=\"\u4e3b\u56fe\" src=\"https:\/\/www.sellersunionagent.com\/wp-content\/uploads\/2024\/05\/\u4e3b\u56fe-1.jpg\" alt=\"\u4e3b\u56fe\" width=\"600\" height=\"600\" \/> <img loading=\"lazy\" decoding=\"async\" class=\"aligncenter wp-image-16527\" title=\"\u4e3b\u56fe 01\" src=\"https:\/\/www.sellersunionagent.com\/wp-content\/uploads\/2024\/05\/\u4e3b\u56fe-01-1.jpg\" alt=\"\u4e3b\u56fe 01\" width=\"600\" height=\"600\" \/> <img loading=\"lazy\" decoding=\"async\" class=\"aligncenter wp-image-16529\" title=\"\u4e3b\u56fe2\" src=\"https:\/\/www.sellersunionagent.com\/wp-content\/uploads\/2024\/05\/\u4e3b\u56fe2.jpg\" alt=\"\u4e3b\u56fe2\" width=\"600\" height=\"600\" \/> <img loading=\"lazy\" decoding=\"async\" class=\"aligncenter wp-image-16531\" title=\"\u8be6\u60c511\" src=\"https:\/\/www.sellersunionagent.com\/wp-content\/uploads\/2024\/05\/\u8be6\u60c511.jpg\" alt=\"\u8be6\u60c511\" width=\"600\" height=\"1090\" \/><\/li>\n<\/ul>","protected":false},"excerpt":{"rendered":"<p><strong>MOQ<\/strong>:  1000 szt.<br \/>\n<strong>Bezp\u0142atna pr\u00f3bka<\/strong>:  Obs\u0142ugiwane<br \/>\n<strong>Personalizacja<\/strong>logo \/ kolor \/ materia\u0142y \/ opakowanie itp.<br \/>\n<strong>Zni\u017cka<\/strong>:  Pierwsze zam\u00f3wienia ju\u017c od 10% taniej.<br \/>\n<strong>Wska\u017anik terminowo\u015bci dostaw<\/strong>:\u00a0 100%<br \/>\n<strong>Przesy\u0142ki og\u00f3\u0142em<\/strong>:  10000 szt.<br \/>\n<strong>Wysy\u0142ka<\/strong>: Fracht morski Fracht l\u0105dowy<\/p>","protected":false},"featured_media":16519,"comment_status":"open","ping_status":"closed","template":"","meta":{"_acf_changed":false},"product_brand":[],"product_cat":[31],"product_tag":[],"class_list":{"0":"post-16513","1":"product","2":"type-product","3":"status-publish","4":"has-post-thumbnail","6":"product_cat-home-storage","8":"first","9":"instock","10":"shipping-taxable","11":"product-type-simple","12":"swiper-slide"},"acf":[],"_links":{"self":[{"href":"https:\/\/www.sellersunionagent.com\/pl\/wp-json\/wp\/v2\/product\/16513","targetHints":{"allow":["GET"]}}],"collection":[{"href":"https:\/\/www.sellersunionagent.com\/pl\/wp-json\/wp\/v2\/product"}],"about":[{"href":"https:\/\/www.sellersunionagent.com\/pl\/wp-json\/wp\/v2\/types\/product"}],"replies":[{"embeddable":true,"href":"https:\/\/www.sellersunionagent.com\/pl\/wp-json\/wp\/v2\/comments?post=16513"}],"wp:featuredmedia":[{"embeddable":true,"href":"https:\/\/www.sellersunionagent.com\/pl\/wp-json\/wp\/v2\/media\/16519"}],"wp:attachment":[{"href":"https:\/\/www.sellersunionagent.com\/pl\/wp-json\/wp\/v2\/media?parent=16513"}],"wp:term":[{"taxonomy":"product_brand","embeddable":true,"href":"https:\/\/www.sellersunionagent.com\/pl\/wp-json\/wp\/v2\/product_brand?post=16513"},{"taxonomy":"product_cat","embeddable":true,"href":"https:\/\/www.sellersunionagent.com\/pl\/wp-json\/wp\/v2\/product_cat?post=16513"},{"taxonomy":"product_tag","embeddable":true,"href":"https:\/\/www.sellersunionagent.com\/pl\/wp-json\/wp\/v2\/product_tag?post=16513"}],"curies":[{"name":"wp","href":"https:\/\/api.w.org\/{rel}","templated":true}]}}