{"id":16446,"date":"2024-05-24T09:56:47","date_gmt":"2024-05-24T01:56:47","guid":{"rendered":"https:\/\/sellersunionagent.com\/?post_type=product&#038;p=16446"},"modified":"2024-05-24T09:57:37","modified_gmt":"2024-05-24T01:57:37","slug":"foot-operated-waste-bin-with-lid","status":"publish","type":"product","link":"https:\/\/www.sellersunionagent.com\/pl\/foot-operated-waste-bin-with-lid\/","title":{"rendered":"Foot operated waste bin with lid"},"content":{"rendered":"<p>Foot operated waste bin with lid<\/p>\n<div class=\"elementor-element elementor-element-42815df elementor-widget elementor-widget-heading\" data-id=\"42815df\" data-element_type=\"widget\" data-widget_type=\"heading.default\">\n<div class=\"elementor-widget-container\">\n<p class=\"elementor-heading-title elementor-size-default\"><strong>Typ<\/strong>: Rubbish bin<\/p>\n<\/div>\n<\/div>\n<div class=\"elementor-element elementor-element-c17fac7 elementor-widget elementor-widget-woocommerce-product-short-description\" data-id=\"c17fac7\" data-element_type=\"widget\" data-widget_type=\"woocommerce-product-short-description.default\">\n<div class=\"elementor-widget-container\">\n<div class=\"woocommerce-product-details__short-description\">\n<p><strong>Numer pozycji:<\/strong> SU0027<\/p>\n<p><strong>Rozmiar elementu<\/strong>: 17*26cm\/ 20*28cm\/ 25*38cm\/ 29*44cm\/ 29*64.5cm<\/p>\n<p><strong>Material: stainless steels<\/strong><\/p>\n<p>&nbsp;<\/p>\n<\/div>\n<\/div>\n<\/div>\n<p>&nbsp;<\/p>\n<ul>\n<li>Du\u017ca pojemno\u015b\u0107<\/li>\n<li>Easy to close<\/li>\n<li>Inner liner design<\/li>\n<li>Rounded edges<\/li>\n<li>Corrosion resistant<\/li>\n<li>\u0141atwy do czyszczenia<\/li>\n<li><img fetchpriority=\"high\" decoding=\"async\" class=\"wp-image-16455 aligncenter\" title=\"\u4e3b\u56fe 04\" src=\"https:\/\/www.sellersunionagent.com\/wp-content\/uploads\/2024\/05\/\u4e3b\u56fe-04-3.jpg\" alt=\"\u4e3b\u56fe 04\" width=\"600\" height=\"600\" \/><img decoding=\"async\" class=\"wp-image-16456 aligncenter\" title=\"\u5c3a\u5bf8\" src=\"https:\/\/www.sellersunionagent.com\/wp-content\/uploads\/2024\/05\/\u5c3a\u5bf8-5.jpg\" alt=\"\u5c3a\u5bf8\" width=\"600\" height=\"453\" \/><img decoding=\"async\" class=\"wp-image-16457 aligncenter\" title=\"\u8be6\u60c5 02\" src=\"https:\/\/www.sellersunionagent.com\/wp-content\/uploads\/2024\/05\/\u8be6\u60c5-02-3.jpg\" alt=\"\u8be6\u60c5 02\" width=\"600\" height=\"600\" \/>\n<p><img loading=\"lazy\" decoding=\"async\" class=\"wp-image-16460 aligncenter\" title=\"\u8be6\u60c5 04\" src=\"https:\/\/www.sellersunionagent.com\/wp-content\/uploads\/2024\/05\/\u8be6\u60c5-04-4.jpg\" alt=\"\u8be6\u60c5 04\" width=\"600\" height=\"389\" \/><\/p>\n<p><img loading=\"lazy\" decoding=\"async\" class=\"wp-image-16462 aligncenter\" title=\"\u8be6\u60c5 12\" src=\"https:\/\/www.sellersunionagent.com\/wp-content\/uploads\/2024\/05\/\u8be6\u60c5-12-3.jpg\" alt=\"\u8be6\u60c5 12\" width=\"600\" height=\"595\" \/><\/p>\n<p><img loading=\"lazy\" decoding=\"async\" class=\"wp-image-16464 aligncenter\" title=\"\u4e3b\u56fe 03\" src=\"https:\/\/www.sellersunionagent.com\/wp-content\/uploads\/2024\/05\/\u4e3b\u56fe-03-3.jpg\" alt=\"\u4e3b\u56fe 03\" width=\"600\" height=\"600\" \/><\/li>\n<\/ul>","protected":false},"excerpt":{"rendered":"<p><strong>MOQ<\/strong>:  1000 szt.<br \/>\n<strong>Bezp\u0142atna pr\u00f3bka<\/strong>:  Obs\u0142ugiwane<br \/>\n<strong>Personalizacja<\/strong>logo \/ kolor \/ materia\u0142y \/ opakowanie itp.<br \/>\n<strong>Zni\u017cka<\/strong>:  Pierwsze zam\u00f3wienia ju\u017c od 10% taniej.<br \/>\n<strong>Wska\u017anik terminowo\u015bci dostaw<\/strong>:\u00a0 100%<br \/>\n<strong>Przesy\u0142ki og\u00f3\u0142em<\/strong>:  10000 szt.<br \/>\n<strong>Wysy\u0142ka<\/strong>: Fracht morski Fracht l\u0105dowy<\/p>","protected":false},"featured_media":16450,"comment_status":"open","ping_status":"closed","template":"","meta":{"_acf_changed":false},"product_brand":[],"product_cat":[31],"product_tag":[],"class_list":{"0":"post-16446","1":"product","2":"type-product","3":"status-publish","4":"has-post-thumbnail","6":"product_cat-home-storage","8":"first","9":"instock","10":"shipping-taxable","11":"product-type-simple","12":"swiper-slide"},"acf":[],"_links":{"self":[{"href":"https:\/\/www.sellersunionagent.com\/pl\/wp-json\/wp\/v2\/product\/16446","targetHints":{"allow":["GET"]}}],"collection":[{"href":"https:\/\/www.sellersunionagent.com\/pl\/wp-json\/wp\/v2\/product"}],"about":[{"href":"https:\/\/www.sellersunionagent.com\/pl\/wp-json\/wp\/v2\/types\/product"}],"replies":[{"embeddable":true,"href":"https:\/\/www.sellersunionagent.com\/pl\/wp-json\/wp\/v2\/comments?post=16446"}],"wp:featuredmedia":[{"embeddable":true,"href":"https:\/\/www.sellersunionagent.com\/pl\/wp-json\/wp\/v2\/media\/16450"}],"wp:attachment":[{"href":"https:\/\/www.sellersunionagent.com\/pl\/wp-json\/wp\/v2\/media?parent=16446"}],"wp:term":[{"taxonomy":"product_brand","embeddable":true,"href":"https:\/\/www.sellersunionagent.com\/pl\/wp-json\/wp\/v2\/product_brand?post=16446"},{"taxonomy":"product_cat","embeddable":true,"href":"https:\/\/www.sellersunionagent.com\/pl\/wp-json\/wp\/v2\/product_cat?post=16446"},{"taxonomy":"product_tag","embeddable":true,"href":"https:\/\/www.sellersunionagent.com\/pl\/wp-json\/wp\/v2\/product_tag?post=16446"}],"curies":[{"name":"wp","href":"https:\/\/api.w.org\/{rel}","templated":true}]}}