{"id":16427,"date":"2024-05-24T09:31:26","date_gmt":"2024-05-24T01:31:26","guid":{"rendered":"https:\/\/sellersunionagent.com\/?post_type=product&#038;p=16427"},"modified":"2024-05-24T09:32:10","modified_gmt":"2024-05-24T01:32:10","slug":"organizer-do-szuflady-na-biurko","status":"publish","type":"product","link":"https:\/\/www.sellersunionagent.com\/pl\/desktop-drawer-compartment-organiser\/","title":{"rendered":"Organizer do szuflad na biurko"},"content":{"rendered":"<p>Organizer do szuflad na biurko<\/p>\n<div class=\"elementor-element elementor-element-42815df elementor-widget elementor-widget-heading\" data-id=\"42815df\" data-element_type=\"widget\" data-widget_type=\"heading.default\">\n<div class=\"elementor-widget-container\">\n<p class=\"elementor-heading-title elementor-size-default\"><strong>Typ<\/strong>: Desktop Organiser<\/p>\n<\/div>\n<\/div>\n<div class=\"elementor-element elementor-element-c17fac7 elementor-widget elementor-widget-woocommerce-product-short-description\" data-id=\"c17fac7\" data-element_type=\"widget\" data-widget_type=\"woocommerce-product-short-description.default\">\n<div class=\"elementor-widget-container\">\n<div class=\"woocommerce-product-details__short-description\">\n<p><strong>Numer pozycji:<\/strong> SU0026<\/p>\n<p><strong>Rozmiar elementu<\/strong>23,3*17*20,2cm\/ 23,3*17*26,8cm\/ 27,6*20*16,1cm\/27,6*20*23,8cm\/27,6*20*31,7cm<\/p>\n<p><strong>Kolory<\/strong>: Przezroczysty<\/p>\n<p><strong>Materia\u0142: <\/strong>PP<\/p>\n<p>&nbsp;<\/p>\n<\/div>\n<\/div>\n<\/div>\n<p>&nbsp;<\/p>\n<ul>\n<li>Du\u017ca pojemno\u015b\u0107<\/li>\n<li>P\u0142ynny odbi\u00f3r<\/li>\n<li>Komory o r\u00f3\u017cnych rozmiarach<\/li>\n<li>Wodoodporny<\/li>\n<li>Wygodny do przenoszenia<\/li>\n<li>Pi\u0119kny i trwa\u0142y<\/li>\n<li><img fetchpriority=\"high\" decoding=\"async\" class=\"wp-image-16437 aligncenter\" title=\"\u8be6\u60c5 01\" src=\"https:\/\/www.sellersunionagent.com\/wp-content\/uploads\/2024\/05\/\u8be6\u60c5-01-3.jpg\" alt=\"\u8be6\u60c5 01\" width=\"600\" height=\"919\" \/><\/li>\n<li><img decoding=\"async\" class=\"wp-image-16438 aligncenter\" title=\"\u8be6\u60c5 02\" src=\"https:\/\/www.sellersunionagent.com\/wp-content\/uploads\/2024\/05\/\u8be6\u60c5-02-2.jpg\" alt=\"\u8be6\u60c5 02\" width=\"600\" height=\"955\" \/> <img decoding=\"async\" class=\"wp-image-16440 aligncenter\" title=\"\u8be6\u60c5 03\" src=\"https:\/\/www.sellersunionagent.com\/wp-content\/uploads\/2024\/05\/\u8be6\u60c5-03-1.jpg\" alt=\"\u8be6\u60c5 03\" width=\"600\" height=\"686\" \/><img loading=\"lazy\" decoding=\"async\" class=\"aligncenter wp-image-16442\" title=\"\u8be6\u60c5 06\" src=\"https:\/\/www.sellersunionagent.com\/wp-content\/uploads\/2024\/05\/\u8be6\u60c5-06-3.jpg\" alt=\"\u8be6\u60c5 06\" width=\"600\" height=\"530\" \/><img loading=\"lazy\" decoding=\"async\" class=\"aligncenter wp-image-16436\" title=\"\u8be6\u60c5 07\" src=\"https:\/\/www.sellersunionagent.com\/wp-content\/uploads\/2024\/05\/\u8be6\u60c5-07.jpg\" alt=\"\u8be6\u60c5 07\" width=\"600\" height=\"640\" \/><\/li>\n<\/ul>","protected":false},"excerpt":{"rendered":"<p><strong>MOQ<\/strong>:  1000 szt.<br \/>\n<strong>Bezp\u0142atna pr\u00f3bka<\/strong>:  Obs\u0142ugiwane<br \/>\n<strong>Personalizacja<\/strong>logo \/ kolor \/ materia\u0142y \/ opakowanie itp.<br \/>\n<strong>Zni\u017cka<\/strong>:  Pierwsze zam\u00f3wienia ju\u017c od 10% taniej.<br \/>\n<strong>Wska\u017anik terminowo\u015bci dostaw<\/strong>:\u00a0 100%<br \/>\n<strong>Przesy\u0142ki og\u00f3\u0142em<\/strong>:  10000 szt.<br \/>\n<strong>Wysy\u0142ka<\/strong>: Fracht morski Fracht l\u0105dowy<\/p>","protected":false},"featured_media":16428,"comment_status":"open","ping_status":"closed","template":"","meta":{"_acf_changed":false},"product_brand":[],"product_cat":[188],"product_tag":[],"class_list":{"0":"post-16427","1":"product","2":"type-product","3":"status-publish","4":"has-post-thumbnail","6":"product_cat-kitchen","8":"first","9":"instock","10":"shipping-taxable","11":"product-type-simple","12":"swiper-slide"},"acf":[],"_links":{"self":[{"href":"https:\/\/www.sellersunionagent.com\/pl\/wp-json\/wp\/v2\/product\/16427","targetHints":{"allow":["GET"]}}],"collection":[{"href":"https:\/\/www.sellersunionagent.com\/pl\/wp-json\/wp\/v2\/product"}],"about":[{"href":"https:\/\/www.sellersunionagent.com\/pl\/wp-json\/wp\/v2\/types\/product"}],"replies":[{"embeddable":true,"href":"https:\/\/www.sellersunionagent.com\/pl\/wp-json\/wp\/v2\/comments?post=16427"}],"wp:featuredmedia":[{"embeddable":true,"href":"https:\/\/www.sellersunionagent.com\/pl\/wp-json\/wp\/v2\/media\/16428"}],"wp:attachment":[{"href":"https:\/\/www.sellersunionagent.com\/pl\/wp-json\/wp\/v2\/media?parent=16427"}],"wp:term":[{"taxonomy":"product_brand","embeddable":true,"href":"https:\/\/www.sellersunionagent.com\/pl\/wp-json\/wp\/v2\/product_brand?post=16427"},{"taxonomy":"product_cat","embeddable":true,"href":"https:\/\/www.sellersunionagent.com\/pl\/wp-json\/wp\/v2\/product_cat?post=16427"},{"taxonomy":"product_tag","embeddable":true,"href":"https:\/\/www.sellersunionagent.com\/pl\/wp-json\/wp\/v2\/product_tag?post=16427"}],"curies":[{"name":"wp","href":"https:\/\/api.w.org\/{rel}","templated":true}]}}