{"id":16366,"date":"2024-05-23T18:30:12","date_gmt":"2024-05-23T10:30:12","guid":{"rendered":"https:\/\/sellersunionagent.com\/?post_type=product&#038;p=16366"},"modified":"2024-05-23T18:31:42","modified_gmt":"2024-05-23T10:31:42","slug":"skandynawski-kreatywny-prosty-zelazny-kosz-na-owoce","status":"publish","type":"product","link":"https:\/\/www.sellersunionagent.com\/pl\/scandinavian-creative-simple-iron-fruit-basket\/","title":{"rendered":"Skandynawski kreatywny prosty \u017celazny kosz na owoce"},"content":{"rendered":"<p>Skandynawski kreatywny prosty \u017celazny kosz na owoce<\/p>\n<div class=\"elementor-element elementor-element-42815df elementor-widget elementor-widget-heading\" data-id=\"42815df\" data-element_type=\"widget\" data-widget_type=\"heading.default\">\n<div class=\"elementor-widget-container\">\n<p class=\"elementor-heading-title elementor-size-default\"><strong>Typ<\/strong>: Kosz owoc\u00f3w<\/p>\n<\/div>\n<\/div>\n<div class=\"elementor-element elementor-element-c17fac7 elementor-widget elementor-widget-woocommerce-product-short-description\" data-id=\"c17fac7\" data-element_type=\"widget\" data-widget_type=\"woocommerce-product-short-description.default\">\n<div class=\"elementor-widget-container\">\n<div class=\"woocommerce-product-details__short-description\">\n<p><strong>Numer pozycji:<\/strong> SU0025<\/p>\n<p><strong>Rozmiar elementu<\/strong>: 12.5*22*31\/36.5*22*31cm<\/p>\n<p><strong>Kolory<\/strong>czarny<\/p>\n<p><strong>Materia\u0142: \u017belazo<\/strong><\/p>\n<p>&nbsp;<\/p>\n<\/div>\n<\/div>\n<\/div>\n<p>&nbsp;<\/p>\n<ul>\n<li>Du\u017ca pojemno\u015b\u0107<\/li>\n<li>Nie rdzewieje i nie blaknie<\/li>\n<li>Wzmocnione i no\u015bne<\/li>\n<li>G\u0142adka w dotyku<\/li>\n<li>Zakrzywiona konstrukcja<\/li>\n<li>Pi\u0119kny i trwa\u0142y<\/li>\n<li><img fetchpriority=\"high\" decoding=\"async\" class=\"aligncenter wp-image-16393\" title=\"\u8be6\u60c5 06\" src=\"https:\/\/www.sellersunionagent.com\/wp-content\/uploads\/2024\/05\/\u8be6\u60c5-06-2.jpg\" alt=\"\u8be6\u60c5 06\" width=\"600\" height=\"1159\" \/><img decoding=\"async\" class=\"wp-image-16395 aligncenter\" title=\"\u8be6\u60c5 09\" src=\"https:\/\/www.sellersunionagent.com\/wp-content\/uploads\/2024\/05\/\u8be6\u60c5-09-1.jpg\" alt=\"\u8be6\u60c5 09\" width=\"600\" height=\"430\" \/><img decoding=\"async\" class=\"wp-image-16391 aligncenter\" title=\"\u8be6\u60c5 01\" src=\"https:\/\/www.sellersunionagent.com\/wp-content\/uploads\/2024\/05\/\u8be6\u60c5-01-2.jpg\" alt=\"\u8be6\u60c5 01\" width=\"600\" height=\"395\" \/>\n<p><img loading=\"lazy\" decoding=\"async\" class=\"wp-image-16387 aligncenter\" title=\"\u4e3b\u56fe 07\" src=\"https:\/\/www.sellersunionagent.com\/wp-content\/uploads\/2024\/05\/\u4e3b\u56fe-07-3.jpg\" alt=\"\u4e3b\u56fe 07\" width=\"600\" height=\"600\" \/><\/p>\n<p><img loading=\"lazy\" decoding=\"async\" class=\"wp-image-16375 aligncenter\" title=\"\u4e3b\u56fe 06\" src=\"https:\/\/www.sellersunionagent.com\/wp-content\/uploads\/2024\/05\/\u4e3b\u56fe-06-2.jpg\" alt=\"\u4e3b\u56fe 06\" width=\"600\" height=\"600\" \/><\/li>\n<\/ul>","protected":false},"excerpt":{"rendered":"<p><strong>MOQ<\/strong>:  1000 szt.<br \/>\n<strong>Bezp\u0142atna pr\u00f3bka<\/strong>:  Obs\u0142ugiwane<br \/>\n<strong>Personalizacja<\/strong>logo \/ kolor \/ materia\u0142y \/ opakowanie itp.<br \/>\n<strong>Zni\u017cka<\/strong>:  Pierwsze zam\u00f3wienia ju\u017c od 10% taniej.<br \/>\n<strong>Wska\u017anik terminowo\u015bci dostaw<\/strong>:\u00a0 100%<br \/>\n<strong>Przesy\u0142ki og\u00f3\u0142em<\/strong>:  10000 szt.<br \/>\n<strong>Wysy\u0142ka<\/strong>: Fracht morski Fracht l\u0105dowy<\/p>","protected":false},"featured_media":16388,"comment_status":"open","ping_status":"closed","template":"","meta":{"_acf_changed":false},"product_brand":[],"product_cat":[188],"product_tag":[],"class_list":{"0":"post-16366","1":"product","2":"type-product","3":"status-publish","4":"has-post-thumbnail","6":"product_cat-kitchen","8":"first","9":"instock","10":"shipping-taxable","11":"product-type-simple","12":"swiper-slide"},"acf":[],"_links":{"self":[{"href":"https:\/\/www.sellersunionagent.com\/pl\/wp-json\/wp\/v2\/product\/16366","targetHints":{"allow":["GET"]}}],"collection":[{"href":"https:\/\/www.sellersunionagent.com\/pl\/wp-json\/wp\/v2\/product"}],"about":[{"href":"https:\/\/www.sellersunionagent.com\/pl\/wp-json\/wp\/v2\/types\/product"}],"replies":[{"embeddable":true,"href":"https:\/\/www.sellersunionagent.com\/pl\/wp-json\/wp\/v2\/comments?post=16366"}],"wp:featuredmedia":[{"embeddable":true,"href":"https:\/\/www.sellersunionagent.com\/pl\/wp-json\/wp\/v2\/media\/16388"}],"wp:attachment":[{"href":"https:\/\/www.sellersunionagent.com\/pl\/wp-json\/wp\/v2\/media?parent=16366"}],"wp:term":[{"taxonomy":"product_brand","embeddable":true,"href":"https:\/\/www.sellersunionagent.com\/pl\/wp-json\/wp\/v2\/product_brand?post=16366"},{"taxonomy":"product_cat","embeddable":true,"href":"https:\/\/www.sellersunionagent.com\/pl\/wp-json\/wp\/v2\/product_cat?post=16366"},{"taxonomy":"product_tag","embeddable":true,"href":"https:\/\/www.sellersunionagent.com\/pl\/wp-json\/wp\/v2\/product_tag?post=16366"}],"curies":[{"name":"wp","href":"https:\/\/api.w.org\/{rel}","templated":true}]}}