{"id":16352,"date":"2024-05-23T18:05:46","date_gmt":"2024-05-23T10:05:46","guid":{"rendered":"https:\/\/sellersunionagent.com\/?post_type=product&#038;p=16352"},"modified":"2024-05-23T18:05:46","modified_gmt":"2024-05-23T10:05:46","slug":"food-grade-freezer-crisper-fridge-drawer","status":"publish","type":"product","link":"https:\/\/www.sellersunionagent.com\/pl\/food-grade-freezer-crisper-fridge-drawer\/","title":{"rendered":"Food grade freezer crisper fridge drawer"},"content":{"rendered":"<h2>Food grade freezer crisper fridge drawer<\/h2>\n<div class=\"elementor-element elementor-element-42815df elementor-widget elementor-widget-heading\" data-id=\"42815df\" data-element_type=\"widget\" data-widget_type=\"heading.default\">\n<div class=\"elementor-widget-container\">\n<p class=\"elementor-heading-title elementor-size-default\"><strong>Typ<\/strong>:fridge drawer<\/p>\n<\/div>\n<\/div>\n<div class=\"elementor-element elementor-element-c17fac7 elementor-widget elementor-widget-woocommerce-product-short-description\" data-id=\"c17fac7\" data-element_type=\"widget\" data-widget_type=\"woocommerce-product-short-description.default\">\n<div class=\"elementor-widget-container\">\n<div class=\"woocommerce-product-details__short-description\">\n<p><strong>Numer pozycji:<\/strong> SU0024<\/p>\n<p><strong>Rozmiar elementu<\/strong>: 12*11*33.5cm\/ 20.5*11*33.5cm\/20.5*15*33.5cm<\/p>\n<p><strong>Kolory<\/strong>: Transparent\/ translucent grey<\/p>\n<p><strong>Materia\u0142: <\/strong>PET<\/p>\n<p>&nbsp;<\/p>\n<\/div>\n<\/div>\n<\/div>\n<p>&nbsp;<\/p>\n<ul>\n<li>Du\u017ca pojemno\u015b\u0107<\/li>\n<li>safe and harmless<\/li>\n<li>Prevents crosstalk<\/li>\n<li>Convenient and labour-saving<\/li>\n<li>At a glance<\/li>\n<li>Wygodny do przenoszenia<\/li>\n<li>Pi\u0119kny i trwa\u0142y<\/li>\n<li><img fetchpriority=\"high\" decoding=\"async\" class=\"aligncenter wp-image-16361\" title=\"SKU 01 \u4e2d\u53f7\u900f\u660e1\u4e2a\u72ec\u7acb\u76d2\u88c5\" src=\"https:\/\/www.sellersunionagent.com\/wp-content\/uploads\/2024\/05\/SKU-01-\u4e2d\u53f7\u900f\u660e1\u4e2a\u72ec\u7acb\u76d2\u88c5.jpg\" alt=\"SKU 01 \u4e2d\u53f7\u900f\u660e1\u4e2a\u72ec\u7acb\u76d2\u88c5\" width=\"600\" height=\"600\" \/><img decoding=\"async\" class=\"aligncenter wp-image-16362\" title=\"SKU 05 \u5927\u53f7\u900f\u660e1\u4e2a\u72ec\u7acb\u76d2\u88c5\" src=\"https:\/\/www.sellersunionagent.com\/wp-content\/uploads\/2024\/05\/SKU-05-\u5927\u53f7\u900f\u660e1\u4e2a\u72ec\u7acb\u76d2\u88c5.jpg\" alt=\"SKU 05 \u5927\u53f7\u900f\u660e1\u4e2a\u72ec\u7acb\u76d2\u88c5\" width=\"600\" height=\"600\" \/><img decoding=\"async\" class=\"aligncenter wp-image-16363\" title=\"SKU 09 \u7279\u5927\u53f7\u900f\u660e1\u4e2a\u72ec\u7acb\u76d2\u88c5\" src=\"https:\/\/www.sellersunionagent.com\/wp-content\/uploads\/2024\/05\/SKU-09-\u7279\u5927\u53f7\u900f\u660e1\u4e2a\u72ec\u7acb\u76d2\u88c5.jpg\" alt=\"SKU 09 \u7279\u5927\u53f7\u900f\u660e1\u4e2a\u72ec\u7acb\u76d2\u88c5\" width=\"600\" height=\"600\" \/><img loading=\"lazy\" decoding=\"async\" class=\"aligncenter wp-image-16364\" title=\"\u8be6\u60c5 14\" src=\"https:\/\/www.sellersunionagent.com\/wp-content\/uploads\/2024\/05\/\u8be6\u60c5-14.jpg\" alt=\"\u8be6\u60c5 14\" width=\"600\" height=\"826\" \/><\/li>\n<\/ul>","protected":false},"excerpt":{"rendered":"<p><strong>MOQ<\/strong>:  1000 szt.<br \/>\n<strong>Bezp\u0142atna pr\u00f3bka<\/strong>:  Obs\u0142ugiwane<br \/>\n<strong>Personalizacja<\/strong>logo \/ kolor \/ materia\u0142y \/ opakowanie itp.<br \/>\n<strong>Zni\u017cka<\/strong>:  Pierwsze zam\u00f3wienia ju\u017c od 10% taniej.<br \/>\n<strong>Wska\u017anik terminowo\u015bci dostaw<\/strong>:\u00a0 100%<br \/>\n<strong>Przesy\u0142ki og\u00f3\u0142em<\/strong>:  10000 szt.<br \/>\n<strong>Wysy\u0142ka<\/strong>: Fracht morski Fracht l\u0105dowy<\/p>","protected":false},"featured_media":16354,"comment_status":"open","ping_status":"closed","template":"","meta":{"_acf_changed":false},"product_brand":[],"product_cat":[231,188],"product_tag":[],"class_list":{"0":"post-16352","1":"product","2":"type-product","3":"status-publish","4":"has-post-thumbnail","6":"product_cat-kitchenware","7":"product_cat-kitchen","9":"first","10":"instock","11":"shipping-taxable","12":"product-type-simple","13":"swiper-slide"},"acf":[],"_links":{"self":[{"href":"https:\/\/www.sellersunionagent.com\/pl\/wp-json\/wp\/v2\/product\/16352","targetHints":{"allow":["GET"]}}],"collection":[{"href":"https:\/\/www.sellersunionagent.com\/pl\/wp-json\/wp\/v2\/product"}],"about":[{"href":"https:\/\/www.sellersunionagent.com\/pl\/wp-json\/wp\/v2\/types\/product"}],"replies":[{"embeddable":true,"href":"https:\/\/www.sellersunionagent.com\/pl\/wp-json\/wp\/v2\/comments?post=16352"}],"wp:featuredmedia":[{"embeddable":true,"href":"https:\/\/www.sellersunionagent.com\/pl\/wp-json\/wp\/v2\/media\/16354"}],"wp:attachment":[{"href":"https:\/\/www.sellersunionagent.com\/pl\/wp-json\/wp\/v2\/media?parent=16352"}],"wp:term":[{"taxonomy":"product_brand","embeddable":true,"href":"https:\/\/www.sellersunionagent.com\/pl\/wp-json\/wp\/v2\/product_brand?post=16352"},{"taxonomy":"product_cat","embeddable":true,"href":"https:\/\/www.sellersunionagent.com\/pl\/wp-json\/wp\/v2\/product_cat?post=16352"},{"taxonomy":"product_tag","embeddable":true,"href":"https:\/\/www.sellersunionagent.com\/pl\/wp-json\/wp\/v2\/product_tag?post=16352"}],"curies":[{"name":"wp","href":"https:\/\/api.w.org\/{rel}","templated":true}]}}