{"id":16333,"date":"2024-05-23T17:49:35","date_gmt":"2024-05-23T09:49:35","guid":{"rendered":"https:\/\/sellersunionagent.com\/?post_type=product&#038;p=16333"},"modified":"2024-05-23T17:50:35","modified_gmt":"2024-05-23T09:50:35","slug":"multifunctional-fruit-and-vegetable-snacks-storage-shelf","status":"publish","type":"product","link":"https:\/\/www.sellersunionagent.com\/pl\/multifunctional-fruit-and-vegetable-snacks-storage-shelf\/","title":{"rendered":"Multifunctional Fruit and Vegetable Snacks Storage Shelf"},"content":{"rendered":"<p>Multifunctional Fruit and Vegetable Snacks Storage Shelf<\/p>\n<div class=\"elementor-element elementor-element-42815df elementor-widget elementor-widget-heading\" data-id=\"42815df\" data-element_type=\"widget\" data-widget_type=\"heading.default\">\n<div class=\"elementor-widget-container\">\n<p class=\"elementor-heading-title elementor-size-default\"><strong>Typ<\/strong>: Storage Shelf<\/p>\n<\/div>\n<\/div>\n<div class=\"elementor-element elementor-element-c17fac7 elementor-widget elementor-widget-woocommerce-product-short-description\" data-id=\"c17fac7\" data-element_type=\"widget\" data-widget_type=\"woocommerce-product-short-description.default\">\n<div class=\"elementor-widget-container\">\n<div class=\"woocommerce-product-details__short-description\">\n<p><strong>Numer pozycji:<\/strong> SU0023<\/p>\n<p><strong>Rozmiar elementu<\/strong>: 31*21*31cm<\/p>\n<p><strong>Kolory<\/strong>: white\/gold\/ black<\/p>\n<p><strong>Materia\u0142: <\/strong>\u017celazo<\/p>\n<p>&nbsp;<\/p>\n<\/div>\n<\/div>\n<\/div>\n<p>&nbsp;<\/p>\n<ul>\n<li>Du\u017ca pojemno\u015b\u0107<\/li>\n<li>Unique styling<\/li>\n<li>Structural consolidation<\/li>\n<li>Wodoodporny<\/li>\n<li>Ventilation<\/li>\n<li>Pi\u0119kny i trwa\u0142y<\/li>\n<li><img fetchpriority=\"high\" decoding=\"async\" class=\"aligncenter wp-image-16338 size-full\" title=\"\u8be6\u60c5 01\" src=\"https:\/\/www.sellersunionagent.com\/wp-content\/uploads\/2024\/05\/-01-e1716457327940.jpg\" alt=\"Multifunctional Fruit and Vegetable Snacks Storage Shelf\" width=\"750\" height=\"385\" \/> <img decoding=\"async\" class=\"wp-image-16340 size-full aligncenter\" title=\"\u8be6\u60c5 02\" src=\"https:\/\/www.sellersunionagent.com\/wp-content\/uploads\/2024\/05\/-02-e1716457423207.jpg\" alt=\"\u8be6\u60c5 02\" width=\"750\" height=\"391\" \/> <img decoding=\"async\" class=\"wp-image-16342 size-full aligncenter\" title=\"\u8be6\u60c5 04\" src=\"https:\/\/www.sellersunionagent.com\/wp-content\/uploads\/2024\/05\/-04-1-e1716457557126.jpg\" alt=\"\u8be6\u60c5 04\" width=\"750\" height=\"257\" \/><img loading=\"lazy\" decoding=\"async\" class=\"aligncenter wp-image-16347\" src=\"https:\/\/www.sellersunionagent.com\/wp-content\/uploads\/2024\/05\/1.jpg\" alt=\"Multifunctional Fruit and Vegetable Snacks Storage Shelf\" width=\"700\" height=\"700\" \/><\/li>\n<li><img loading=\"lazy\" decoding=\"async\" class=\"aligncenter wp-image-16348\" src=\"https:\/\/www.sellersunionagent.com\/wp-content\/uploads\/2024\/05\/\u8be6\u60c5-09.jpg\" alt=\"Multifunctional Fruit and Vegetable Snacks Storage Shelf\" width=\"700\" height=\"700\" \/><\/li>\n<li><img loading=\"lazy\" decoding=\"async\" class=\"wp-image-16349 aligncenter\" title=\"\u4e3b\u56fe 03\" src=\"https:\/\/www.sellersunionagent.com\/wp-content\/uploads\/2024\/05\/\u4e3b\u56fe-03.jpg\" alt=\"\u4e3b\u56fe 03\" width=\"700\" height=\"700\" \/><\/li>\n<\/ul>","protected":false},"excerpt":{"rendered":"<p><strong>MOQ<\/strong>:  1000 szt.<br \/>\n<strong>Bezp\u0142atna pr\u00f3bka<\/strong>:  Obs\u0142ugiwane<br \/>\n<strong>Personalizacja<\/strong>logo \/ kolor \/ materia\u0142y \/ opakowanie itp.<br \/>\n<strong>Zni\u017cka<\/strong>:  Pierwsze zam\u00f3wienia ju\u017c od 10% taniej.<br \/>\n<strong>Wska\u017anik terminowo\u015bci dostaw<\/strong>:\u00a0 100%<br \/>\n<strong>Przesy\u0142ki og\u00f3\u0142em<\/strong>:  10000 szt.<br \/>\n<strong>Wysy\u0142ka<\/strong>: Fracht morski Fracht l\u0105dowy<\/p>","protected":false},"featured_media":16334,"comment_status":"open","ping_status":"closed","template":"","meta":{"_acf_changed":false},"product_brand":[],"product_cat":[188,231],"product_tag":[],"class_list":{"0":"post-16333","1":"product","2":"type-product","3":"status-publish","4":"has-post-thumbnail","6":"product_cat-kitchen","7":"product_cat-kitchenware","9":"first","10":"instock","11":"shipping-taxable","12":"product-type-simple","13":"swiper-slide"},"acf":[],"_links":{"self":[{"href":"https:\/\/www.sellersunionagent.com\/pl\/wp-json\/wp\/v2\/product\/16333","targetHints":{"allow":["GET"]}}],"collection":[{"href":"https:\/\/www.sellersunionagent.com\/pl\/wp-json\/wp\/v2\/product"}],"about":[{"href":"https:\/\/www.sellersunionagent.com\/pl\/wp-json\/wp\/v2\/types\/product"}],"replies":[{"embeddable":true,"href":"https:\/\/www.sellersunionagent.com\/pl\/wp-json\/wp\/v2\/comments?post=16333"}],"wp:featuredmedia":[{"embeddable":true,"href":"https:\/\/www.sellersunionagent.com\/pl\/wp-json\/wp\/v2\/media\/16334"}],"wp:attachment":[{"href":"https:\/\/www.sellersunionagent.com\/pl\/wp-json\/wp\/v2\/media?parent=16333"}],"wp:term":[{"taxonomy":"product_brand","embeddable":true,"href":"https:\/\/www.sellersunionagent.com\/pl\/wp-json\/wp\/v2\/product_brand?post=16333"},{"taxonomy":"product_cat","embeddable":true,"href":"https:\/\/www.sellersunionagent.com\/pl\/wp-json\/wp\/v2\/product_cat?post=16333"},{"taxonomy":"product_tag","embeddable":true,"href":"https:\/\/www.sellersunionagent.com\/pl\/wp-json\/wp\/v2\/product_tag?post=16333"}],"curies":[{"name":"wp","href":"https:\/\/api.w.org\/{rel}","templated":true}]}}