{"id":16269,"date":"2024-05-23T16:15:35","date_gmt":"2024-05-23T08:15:35","guid":{"rendered":"https:\/\/sellersunionagent.com\/?post_type=product&#038;p=16269"},"modified":"2024-05-23T16:15:35","modified_gmt":"2024-05-23T08:15:35","slug":"bamboo-clothes-organiser-with-lid","status":"publish","type":"product","link":"https:\/\/www.sellersunionagent.com\/pl\/bamboo-clothes-organiser-with-lid\/","title":{"rendered":"Bambusowy organizer na ubrania z pokrywk\u0105"},"content":{"rendered":"<h2>Bambusowy organizer na ubrania z pokrywk\u0105<\/h2>\n<div class=\"elementor-element elementor-element-42815df elementor-widget elementor-widget-heading\" data-id=\"42815df\" data-element_type=\"widget\" data-widget_type=\"heading.default\">\n<div class=\"elementor-widget-container\">\n<p class=\"elementor-heading-title elementor-size-default\"><strong>Typ<\/strong>:Clothes Organiser<\/p>\n<\/div>\n<\/div>\n<div class=\"elementor-element elementor-element-c17fac7 elementor-widget elementor-widget-woocommerce-product-short-description\" data-id=\"c17fac7\" data-element_type=\"widget\" data-widget_type=\"woocommerce-product-short-description.default\">\n<div class=\"elementor-widget-container\">\n<div class=\"woocommerce-product-details__short-description\">\n<p><strong>Numer pozycji:<\/strong> GXY001<\/p>\n<p><strong>Rozmiar elementu<\/strong>: 37*57*76cm<\/p>\n<p><strong>Kolory<\/strong>: White\/ black<\/p>\n<p>&nbsp;<\/p>\n<\/div>\n<\/div>\n<\/div>\n<p>&nbsp;<\/p>\n<ul>\n<li>Du\u017ca pojemno\u015b\u0107<\/li>\n<li>Porosity<\/li>\n<li>Wodoodporny<\/li>\n<li>Wygodny do przenoszenia<\/li>\n<li>Pi\u0119kny i trwa\u0142y<\/li>\n<li>\n<figure id=\"attachment_16304\" aria-describedby=\"caption-attachment-16304\" style=\"width: 600px\" class=\"wp-caption aligncenter\"><img fetchpriority=\"high\" decoding=\"async\" class=\"wp-image-16304\" title=\"IMG 20230831 110522\" src=\"https:\/\/www.sellersunionagent.com\/wp-content\/uploads\/2024\/05\/IMG_20230831_110522.jpg\" alt=\"Bambusowy organizer na ubrania z pokrywk\u0105\" width=\"600\" height=\"600\" \/><figcaption id=\"caption-attachment-16304\" class=\"wp-caption-text\">\u00a0<\/figcaption><\/figure>\n<figure id=\"attachment_16290\" aria-describedby=\"caption-attachment-16290\" style=\"width: 600px\" class=\"wp-caption aligncenter\"><img decoding=\"async\" class=\"wp-image-16290\" title=\"\u5b89\u88c5\u6b65\u9aa4\" src=\"https:\/\/www.sellersunionagent.com\/wp-content\/uploads\/2024\/05\/\u5b89\u88c5\u6b65\u9aa4-1.jpg\" alt=\"Bambusowy organizer na ubrania z pokrywk\u0105\" width=\"600\" height=\"1040\" \/><figcaption id=\"caption-attachment-16290\" class=\"wp-caption-text\">\u00a0<\/figcaption><\/figure>\n<figure id=\"attachment_16294\" aria-describedby=\"caption-attachment-16294\" style=\"width: 600px\" class=\"wp-caption aligncenter\"><img decoding=\"async\" class=\"wp-image-16294\" title=\"\u7ec6\u82821\" src=\"https:\/\/www.sellersunionagent.com\/wp-content\/uploads\/2024\/05\/\u7ec6\u82821.jpg\" alt=\"Bambusowy organizer na ubrania z pokrywk\u0105\" width=\"600\" height=\"600\" \/><figcaption id=\"caption-attachment-16294\" class=\"wp-caption-text\">\u00a0<\/figcaption><\/figure>\n<figure id=\"attachment_16288\" aria-describedby=\"caption-attachment-16288\" style=\"width: 600px\" class=\"wp-caption aligncenter\"><img loading=\"lazy\" decoding=\"async\" class=\"wp-image-16288\" title=\"\u7ec6\u82824\" src=\"https:\/\/www.sellersunionagent.com\/wp-content\/uploads\/2024\/05\/\u7ec6\u82824.jpg\" alt=\"Bambusowy organizer na ubrania z pokrywk\u0105\" width=\"600\" height=\"600\" \/><figcaption id=\"caption-attachment-16288\" class=\"wp-caption-text\">\u00a0<\/figcaption><\/figure>\n<figure id=\"attachment_16286\" aria-describedby=\"caption-attachment-16286\" style=\"width: 600px\" class=\"wp-caption aligncenter\"><img loading=\"lazy\" decoding=\"async\" class=\"wp-image-16286\" title=\"\u7ec6\u82823\" src=\"https:\/\/www.sellersunionagent.com\/wp-content\/uploads\/2024\/05\/\u7ec6\u82823.jpg\" alt=\"Bambusowy organizer na ubrania z pokrywk\u0105\" width=\"600\" height=\"600\" \/><figcaption id=\"caption-attachment-16286\" class=\"wp-caption-text\">\u00a0<\/figcaption><\/figure>\n<p><figure id=\"attachment_16282\" aria-describedby=\"caption-attachment-16282\" style=\"width: 600px\" class=\"wp-caption aligncenter\"><img loading=\"lazy\" decoding=\"async\" class=\"wp-image-16282\" title=\"\u5c3a\u5bf8\" src=\"https:\/\/www.sellersunionagent.com\/wp-content\/uploads\/2024\/05\/\u5c3a\u5bf8-3.jpg\" alt=\"Bambusowy organizer na ubrania z pokrywk\u0105\" width=\"600\" height=\"600\" \/><figcaption id=\"caption-attachment-16282\" class=\"wp-caption-text\">\u00a0<\/figcaption><\/figure><\/li>\n<\/ul>","protected":false},"excerpt":{"rendered":"<div class=\"elementor-element elementor-element-42815df elementor-widget elementor-widget-heading\" data-id=\"42815df\" data-element_type=\"widget\" data-widget_type=\"heading.default\">\n<div class=\"elementor-widget-container\">\n<p class=\"elementor-heading-title elementor-size-default\"><strong>MOQ<\/strong>:  1000 szt.<br \/>\n<strong>Bezp\u0142atna pr\u00f3bka<\/strong>:  Obs\u0142ugiwane<br \/>\n<strong>Personalizacja<\/strong>logo \/ kolor \/ materia\u0142y \/ opakowanie itp.<br \/>\n<strong>Zni\u017cka<\/strong>:  Pierwsze zam\u00f3wienia ju\u017c od 10% taniej.<br \/>\n<strong>Wska\u017anik terminowo\u015bci dostaw<\/strong>:\u00a0 100%<br \/>\n<strong>Przesy\u0142ki og\u00f3\u0142em<\/strong>:  10000 szt.<br \/>\n<strong>Wysy\u0142ka<\/strong>: Fracht morski Fracht l\u0105dowy<\/p>\n<\/div>\n<\/div>","protected":false},"featured_media":16270,"comment_status":"open","ping_status":"closed","template":"","meta":{"_acf_changed":false},"product_brand":[],"product_cat":[189,187],"product_tag":[],"class_list":{"0":"post-16269","1":"product","2":"type-product","3":"status-publish","4":"has-post-thumbnail","6":"product_cat-bathroom","7":"product_cat-bedroom","9":"first","10":"instock","11":"shipping-taxable","12":"product-type-simple","13":"swiper-slide"},"acf":[],"_links":{"self":[{"href":"https:\/\/www.sellersunionagent.com\/pl\/wp-json\/wp\/v2\/product\/16269","targetHints":{"allow":["GET"]}}],"collection":[{"href":"https:\/\/www.sellersunionagent.com\/pl\/wp-json\/wp\/v2\/product"}],"about":[{"href":"https:\/\/www.sellersunionagent.com\/pl\/wp-json\/wp\/v2\/types\/product"}],"replies":[{"embeddable":true,"href":"https:\/\/www.sellersunionagent.com\/pl\/wp-json\/wp\/v2\/comments?post=16269"}],"wp:featuredmedia":[{"embeddable":true,"href":"https:\/\/www.sellersunionagent.com\/pl\/wp-json\/wp\/v2\/media\/16270"}],"wp:attachment":[{"href":"https:\/\/www.sellersunionagent.com\/pl\/wp-json\/wp\/v2\/media?parent=16269"}],"wp:term":[{"taxonomy":"product_brand","embeddable":true,"href":"https:\/\/www.sellersunionagent.com\/pl\/wp-json\/wp\/v2\/product_brand?post=16269"},{"taxonomy":"product_cat","embeddable":true,"href":"https:\/\/www.sellersunionagent.com\/pl\/wp-json\/wp\/v2\/product_cat?post=16269"},{"taxonomy":"product_tag","embeddable":true,"href":"https:\/\/www.sellersunionagent.com\/pl\/wp-json\/wp\/v2\/product_tag?post=16269"}],"curies":[{"name":"wp","href":"https:\/\/api.w.org\/{rel}","templated":true}]}}