{"id":15565,"date":"2023-12-07T18:01:41","date_gmt":"2023-12-07T10:01:41","guid":{"rendered":"https:\/\/sellersunionagent.com\/?post_type=product&#038;p=15565"},"modified":"2023-12-07T18:20:43","modified_gmt":"2023-12-07T10:20:43","slug":"plastikowa-lodowka-organizer-szuflada-wysuwane-pojemniki-zamrazarka-pojemnik-na-zywnosc-pudelko-kuchnia-dla-zwierzat-zestaw-szuflad-lodowka-sztaplowana","status":"publish","type":"product","link":"https:\/\/www.sellersunionagent.com\/pl\/plastic-fridge-organizer-drawer-pull-out-bins-freezer-food-storage-container-box-pet-kitchen-stackable-refrigerator-drawer-set\/","title":{"rendered":"Plastikowa lod\u00f3wka Organizer Szuflada Wysuwane Pojemniki Zamra\u017carka Pojemnik do przechowywania \u017cywno\u015bci PET Kuchnia Zestaw szuflad do lod\u00f3wki z mo\u017cliwo\u015bci\u0105 uk\u0142adania w stosy"},"content":{"rendered":"<div class=\"module_title\">\n<div class=\"product-title-container\" data-aplus-ae=\"x1_575504cc\" data-spm-anchor-id=\"a2700.details.0.i0.55ba5739uphMnu\" data-aplus-clk=\"x26_de86043\">\n<h1 title=\"Plastikowa lod\u00f3wka Organizer Szuflada Wysuwane Pojemniki Zamra\u017carka Pojemnik do przechowywania \u017cywno\u015bci PET Kuchnia Zestaw szuflad do lod\u00f3wki z mo\u017cliwo\u015bci\u0105 uk\u0142adania w stosy\" data-spm-anchor-id=\"a2700.details.0.i99.3c467220n7FyAy\">Plastikowa lod\u00f3wka Organizer Szuflada Wysuwane Pojemniki Zamra\u017carka Pojemnik do przechowywania \u017cywno\u015bci PET Kuchnia Zestaw szuflad do lod\u00f3wki z mo\u017cliwo\u015bci\u0105 uk\u0142adania w stosy<\/h1>\n<\/div>\n<\/div>\n<div class=\"module_comment\">\n<div class=\"product-comment\" data-aplus-ae=\"x2_684ba8d4\" data-spm-anchor-id=\"a2700.details.0.i1.55ba5739uphMnu\" data-aplus-clk=\"x27_120ec00c\">\n<div class=\"detail-comment\">\n<div class=\"detail-star detail-separator\">\n<div class=\"detail-next-rating detail-next-rating-small detail-next-rating-grade-high\" role=\"group\" aria-label=\"\u8bc4\u5206\u9009\u9879\">\n<div class=\"detail-next-rating-base detail-next-rating-base-disabled\">\n<div class=\"detail-next-rating-underlay\" aria-hidden=\"true\">\n<p><strong>Typ<\/strong>: Uchwyty i stojaki do przechowywania<\/p>\n<p><strong>Numer pozycji:<\/strong> YM6439<\/p>\n<p><strong>Rozmiar elementu<\/strong>: 34*12,6*11cm<\/p>\n<p><strong>Kolory<\/strong>: Jasne<\/p>\n<p><strong>Materia\u0142:<\/strong>PET<\/p>\n<div class=\"left\"><strong>U\u017cycie:<\/strong> Pojemnik na \u017cywno\u015b\u0107<\/div>\n<p>&nbsp;<\/p>\n<p>&nbsp;<\/p>\n<ul>\n<li>Dost\u0119pne s\u0105 niestandardowe materia\u0142y i rozmiary<\/li>\n<li>Wielofunkcyjny, mo\u017ce by\u0107 u\u017cywany zar\u00f3wno w szufladach, jak i lod\u00f3wkach<\/li>\n<li>Du\u017ca pojemno\u015b\u0107 i du\u017ca no\u015bno\u015b\u0107<\/li>\n<li>Zdrowy materia\u0142 do bezpo\u015bredniego kontaktu z \u017cywno\u015bci\u0105<\/li>\n<\/ul>\n<p><img fetchpriority=\"high\" decoding=\"async\" class=\"wp-image-15566 aligncenter\" title=\"Organizator przechowywania\" src=\"https:\/\/www.sellersunionagent.com\/wp-content\/uploads\/2023\/12\/H563732247dc84f7ab2ed693be220eff4I.jpg_720x720q50.png\" alt=\"H563732247dc84f7ab2ed693be220eff4I.jpg 720x720q50\" width=\"600\" height=\"600\" \/><\/p>\n<p><img decoding=\"async\" class=\"wp-image-15567 size-full aligncenter\" title=\"Organizator przechowywania\" src=\"https:\/\/www.sellersunionagent.com\/wp-content\/uploads\/2023\/12\/H098385c00ce64b91bd117ec0e34437ff8.jpg_720x720q50.png\" alt=\"H098385c00ce64b91bd117ec0e34437ff8.jpg 720x720q50\" width=\"680\" height=\"680\" \/><\/p>\n<p><img decoding=\"async\" class=\"wp-image-15568 aligncenter\" title=\"H46c36720406b4ce5a14635347c8e20d3O.jpg 720x720q50\" src=\"https:\/\/www.sellersunionagent.com\/wp-content\/uploads\/2023\/12\/H46c36720406b4ce5a14635347c8e20d3O.jpg_720x720q50.png\" alt=\"H46c36720406b4ce5a14635347c8e20d3O.jpg 720x720q50\" width=\"600\" height=\"600\" \/><\/p>\n<p>&nbsp;<\/p>\n<p>&nbsp;<\/p>\n<p><img loading=\"lazy\" decoding=\"async\" class=\"wp-image-15569 aligncenter\" title=\"Organizator przechowywania\" src=\"https:\/\/www.sellersunionagent.com\/wp-content\/uploads\/2023\/12\/H2794a7a333964047b182b3b688de7937p.jpg_720x720q50.png\" alt=\"H2794a7a333964047b182b3b688de7937p.jpg 720x720q50\" width=\"600\" height=\"600\" \/><\/p>\n<p>&nbsp;<\/p>\n<p>&nbsp;<\/p>\n<\/div>\n<\/div>\n<\/div>\n<\/div>\n<\/div>\n<\/div>\n<\/div>","protected":false},"excerpt":{"rendered":"<p><strong>MOQ<\/strong>:  100 szt.<br \/>\n<strong>Bezp\u0142atna pr\u00f3bka<\/strong>:  Obs\u0142ugiwane<br \/>\n<strong>Personalizacja<\/strong>logo \/ kolor \/ materia\u0142y \/ opakowanie itp.<br \/>\n<strong>Zni\u017cka<\/strong>:  Pierwsze zam\u00f3wienia ju\u017c od 10% taniej.<br \/>\n<strong>Wska\u017anik terminowo\u015bci dostaw<\/strong>:\u00a0 100%<br \/>\n<strong>Przesy\u0142ki og\u00f3\u0142em<\/strong>:  100000 szt.<br \/>\n<strong>Wysy\u0142ka<\/strong>: Fracht morski Fracht l\u0105dowy<\/p>\n<p>&nbsp;<\/p>\n<p>&nbsp;<\/p>\n<p>Wielofunkcyjny organizer, mo\u017ce by\u0107 u\u017cywany w r\u00f3\u017cnych miejscach, szufladzie, lod\u00f3wce! Mo\u017ce by\u0107 r\u00f3wnie\u017c u\u017cywany do przechowywania kosmetyk\u00f3w do makija\u017cu<\/p>","protected":false},"featured_media":15566,"comment_status":"open","ping_status":"closed","template":"","meta":{"_acf_changed":false},"product_brand":[],"product_cat":[237],"product_tag":[87,70,93],"class_list":{"0":"post-15565","1":"product","2":"type-product","3":"status-publish","4":"has-post-thumbnail","6":"product_cat-new-arrivals","7":"product_tag-bulk-wholesale","8":"product_tag-home-storage","9":"product_tag-storage","11":"first","12":"instock","13":"shipping-taxable","14":"product-type-simple","15":"swiper-slide"},"acf":[],"_links":{"self":[{"href":"https:\/\/www.sellersunionagent.com\/pl\/wp-json\/wp\/v2\/product\/15565","targetHints":{"allow":["GET"]}}],"collection":[{"href":"https:\/\/www.sellersunionagent.com\/pl\/wp-json\/wp\/v2\/product"}],"about":[{"href":"https:\/\/www.sellersunionagent.com\/pl\/wp-json\/wp\/v2\/types\/product"}],"replies":[{"embeddable":true,"href":"https:\/\/www.sellersunionagent.com\/pl\/wp-json\/wp\/v2\/comments?post=15565"}],"wp:featuredmedia":[{"embeddable":true,"href":"https:\/\/www.sellersunionagent.com\/pl\/wp-json\/wp\/v2\/media\/15566"}],"wp:attachment":[{"href":"https:\/\/www.sellersunionagent.com\/pl\/wp-json\/wp\/v2\/media?parent=15565"}],"wp:term":[{"taxonomy":"product_brand","embeddable":true,"href":"https:\/\/www.sellersunionagent.com\/pl\/wp-json\/wp\/v2\/product_brand?post=15565"},{"taxonomy":"product_cat","embeddable":true,"href":"https:\/\/www.sellersunionagent.com\/pl\/wp-json\/wp\/v2\/product_cat?post=15565"},{"taxonomy":"product_tag","embeddable":true,"href":"https:\/\/www.sellersunionagent.com\/pl\/wp-json\/wp\/v2\/product_tag?post=15565"}],"curies":[{"name":"wp","href":"https:\/\/api.w.org\/{rel}","templated":true}]}}