{"id":15541,"date":"2023-12-05T17:12:59","date_gmt":"2023-12-05T09:12:59","guid":{"rendered":"https:\/\/sellersunionagent.com\/?post_type=product&#038;p=15541"},"modified":"2023-12-07T18:21:45","modified_gmt":"2023-12-07T10:21:45","slug":"stojak-do-suszenia-naczyn-ze-stali-nierdzewnej-organizer-kuchenny-polki-szafka-stojak-na-przybory-kuchenne-uchwyt-do-suszenia","status":"publish","type":"product","link":"https:\/\/www.sellersunionagent.com\/pl\/stainless-steel-dish-drying-rack-kitchen-storage-organizer-shelves-cabinet-sink-utensil-rack-drying-holder\/","title":{"rendered":"Stojak do suszenia naczy\u0144 ze stali nierdzewnej Organizer kuchenny P\u00f3\u0142ki Szafka Zlewozmywak Stojak na przybory Uchwyt do suszenia"},"content":{"rendered":"<div class=\"module_title\">\n<div class=\"product-title-container\" data-aplus-ae=\"x1_575504cc\" data-spm-anchor-id=\"a2700.details.0.i0.55ba5739uphMnu\" data-aplus-clk=\"x26_de86043\">\n<h1 title=\"Stojak do suszenia naczy\u0144 ze stali nierdzewnej Organizer kuchenny P\u00f3\u0142ki Szafka Zlewozmywak Stojak na przybory Uchwyt do suszenia\" data-spm-anchor-id=\"a2700.details.0.i87.60d9f456ZGu7vF\">Stojak do suszenia naczy\u0144 ze stali nierdzewnej Organizer kuchenny P\u00f3\u0142ki Szafka Zlewozmywak Stojak na przybory Uchwyt do suszenia<\/h1>\n<\/div>\n<\/div>\n<div class=\"module_comment\">\n<div class=\"product-comment\" data-aplus-ae=\"x2_684ba8d4\" data-spm-anchor-id=\"a2700.details.0.i1.55ba5739uphMnu\" data-aplus-clk=\"x27_120ec00c\">\n<div class=\"detail-comment\">\n<div class=\"detail-star detail-separator\">\n<div class=\"detail-next-rating detail-next-rating-small detail-next-rating-grade-high\" role=\"group\" aria-label=\"\u8bc4\u5206\u9009\u9879\">\n<div class=\"detail-next-rating-base detail-next-rating-base-disabled\">\n<div class=\"detail-next-rating-underlay\" aria-hidden=\"true\">\n<p><strong>Typ<\/strong>: Uchwyty i stojaki do przechowywania<\/p>\n<p><strong>Numer pozycji:<\/strong> A019, A020<\/p>\n<p><strong>Rozmiar elementu<\/strong>: 65cm*53cm*33cm,85cm*53cm*33cm<\/p>\n<p><strong>Kolory<\/strong>: Czarny<\/p>\n<p><strong>Materia\u0142:<\/strong>Metal<\/p>\n<div class=\"left\"><strong>U\u017cycie:<\/strong> Naczynie i miska<\/div>\n<p>&nbsp;<\/p>\n<p>&nbsp;<\/p>\n<ul>\n<li>Dost\u0119pne s\u0105 niestandardowe materia\u0142y i rozmiary<\/li>\n<li>Dwuwarstwowa konstrukcja oszcz\u0119dza miejsce<\/li>\n<li>Du\u017ca pojemno\u015b\u0107 i du\u017ca no\u015bno\u015b\u0107<\/li>\n<\/ul>\n<p><img fetchpriority=\"high\" decoding=\"async\" class=\"wp-image-15557 aligncenter\" title=\"Organizator przechowywania\" src=\"https:\/\/www.sellersunionagent.com\/wp-content\/uploads\/2023\/12\/H8da8f69273944bdb99fd4d7e5b0509336.jpg_720x720q50.png\" alt=\"H8da8f69273944bdb99fd4d7e5b0509336.jpg 720x720q50\" width=\"600\" height=\"600\" \/><\/p>\n<p><img decoding=\"async\" class=\"wp-image-15558 aligncenter\" title=\"Organizator przechowywania\" src=\"https:\/\/www.sellersunionagent.com\/wp-content\/uploads\/2023\/12\/H07e93c086ef547309ee05e80ac7ca7e1J.png_720x720q50.png\" alt=\"H07e93c086ef547309ee05e80ac7ca7e1J.png 720x720q50\" width=\"600\" height=\"497\" \/><img decoding=\"async\" class=\"wp-image-15559 aligncenter\" title=\"Organizator przechowywania\" src=\"https:\/\/www.sellersunionagent.com\/wp-content\/uploads\/2023\/12\/Hc2429068abff46ab9fef797aa3978770o.jpg_720x720q50.png\" alt=\"Hc2429068abff46ab9fef797aa3978770o.jpg 720x720q50\" width=\"600\" height=\"600\" \/><\/p>\n<p><img loading=\"lazy\" decoding=\"async\" class=\"wp-image-15560 aligncenter\" title=\"1701327956086\" src=\"https:\/\/www.sellersunionagent.com\/wp-content\/uploads\/2023\/12\/H132a694c88b547c380217e13b1ed682aN.jpg_720x720q50.png\" alt=\"H132a694c88b547c380217e13b1ed682aN.jpg 720x720q50\" width=\"600\" height=\"600\" \/><\/p>\n<p><img loading=\"lazy\" decoding=\"async\" class=\"wp-image-15561 aligncenter\" title=\"Organizator przechowywania\" src=\"https:\/\/www.sellersunionagent.com\/wp-content\/uploads\/2023\/12\/Hb1cc42dc406647d3a7afbe647377b3f5P.jpg_720x720q50.png\" alt=\"Hb1cc42dc406647d3a7afbe647377b3f5P.jpg 720x720q50\" width=\"600\" height=\"600\" \/><\/p>\n<p><img loading=\"lazy\" decoding=\"async\" class=\"wp-image-15562 aligncenter\" title=\"Organizator przechowywania\" src=\"https:\/\/www.sellersunionagent.com\/wp-content\/uploads\/2023\/12\/H298b7847dcde4e258af58777a46d9735k.jpg_720x720q50.png\" alt=\"H298b7847dcde4e258af58777a46d9735k.jpg 720x720q50\" width=\"600\" height=\"600\" \/><img loading=\"lazy\" decoding=\"async\" class=\"wp-image-15563 aligncenter\" title=\"Organizator przechowywania\" src=\"https:\/\/www.sellersunionagent.com\/wp-content\/uploads\/2023\/12\/H1d440757d447465c8b7d35f6decbaef5e.jpg_720x720q50.png\" alt=\"H1d440757d447465c8b7d35f6decbaef5e.jpg 720x720q50\" width=\"600\" height=\"600\" \/><\/p>\n<p>&nbsp;<\/p>\n<\/div>\n<\/div>\n<\/div>\n<\/div>\n<\/div>\n<\/div>\n<\/div>","protected":false},"excerpt":{"rendered":"<p><strong>MOQ<\/strong>:  100 szt.<br \/>\n<strong>Bezp\u0142atna pr\u00f3bka<\/strong>:  Obs\u0142ugiwane<br \/>\n<strong>Personalizacja<\/strong>logo \/ kolor \/ materia\u0142y \/ opakowanie itp.<br \/>\n<strong>Zni\u017cka<\/strong>:  Pierwsze zam\u00f3wienia ju\u017c od 10% taniej.<br \/>\n<strong>Wska\u017anik terminowo\u015bci dostaw<\/strong>:\u00a0 100%<br \/>\n<strong>Przesy\u0142ki og\u00f3\u0142em<\/strong>:  100000 szt.<br \/>\n<strong>Wysy\u0142ka<\/strong>: Fracht morski Fracht l\u0105dowy<\/p>\n<p>&nbsp;<\/p>\n<p>&nbsp;<\/p>\n<p>Wielofunkcyjny stojak na naczynia kuchenne, mo\u017ce by\u0107 wykonany ze stali nierdzewnej lub w\u0119glowej!<\/p>","protected":false},"featured_media":15557,"comment_status":"open","ping_status":"closed","template":"","meta":{"_acf_changed":false},"product_brand":[],"product_cat":[237],"product_tag":[87,70,93],"class_list":{"0":"post-15541","1":"product","2":"type-product","3":"status-publish","4":"has-post-thumbnail","6":"product_cat-new-arrivals","7":"product_tag-bulk-wholesale","8":"product_tag-home-storage","9":"product_tag-storage","11":"first","12":"instock","13":"shipping-taxable","14":"product-type-simple","15":"swiper-slide"},"acf":[],"_links":{"self":[{"href":"https:\/\/www.sellersunionagent.com\/pl\/wp-json\/wp\/v2\/product\/15541","targetHints":{"allow":["GET"]}}],"collection":[{"href":"https:\/\/www.sellersunionagent.com\/pl\/wp-json\/wp\/v2\/product"}],"about":[{"href":"https:\/\/www.sellersunionagent.com\/pl\/wp-json\/wp\/v2\/types\/product"}],"replies":[{"embeddable":true,"href":"https:\/\/www.sellersunionagent.com\/pl\/wp-json\/wp\/v2\/comments?post=15541"}],"wp:featuredmedia":[{"embeddable":true,"href":"https:\/\/www.sellersunionagent.com\/pl\/wp-json\/wp\/v2\/media\/15557"}],"wp:attachment":[{"href":"https:\/\/www.sellersunionagent.com\/pl\/wp-json\/wp\/v2\/media?parent=15541"}],"wp:term":[{"taxonomy":"product_brand","embeddable":true,"href":"https:\/\/www.sellersunionagent.com\/pl\/wp-json\/wp\/v2\/product_brand?post=15541"},{"taxonomy":"product_cat","embeddable":true,"href":"https:\/\/www.sellersunionagent.com\/pl\/wp-json\/wp\/v2\/product_cat?post=15541"},{"taxonomy":"product_tag","embeddable":true,"href":"https:\/\/www.sellersunionagent.com\/pl\/wp-json\/wp\/v2\/product_tag?post=15541"}],"curies":[{"name":"wp","href":"https:\/\/api.w.org\/{rel}","templated":true}]}}