{"id":15540,"date":"2023-12-05T17:12:56","date_gmt":"2023-12-05T09:12:56","guid":{"rendered":"https:\/\/sellersunionagent.com\/?post_type=product&#038;p=15540"},"modified":"2023-12-05T18:25:54","modified_gmt":"2023-12-05T10:25:54","slug":"zestaw-8-pojemnikow-do-szuflad-na-narzedzia-do-kuchni-do-biura","status":"publish","type":"product","link":"https:\/\/www.sellersunionagent.com\/pl\/mini-desk-drawer-organizer-trays-set-8pcs-drawer-storage-bins-set-for-tools-kitchen-office\/","title":{"rendered":"Zestaw 8 pojemnik\u00f3w do przechowywania narz\u0119dzi w szufladach Mini Desk Drawer Organizer Trays Set 8pcs Drawer Storage Bins Set for Tools Kitchen Office"},"content":{"rendered":"<div class=\"module_title\">\n<div class=\"product-title-container\" data-aplus-ae=\"x1_575504cc\" data-spm-anchor-id=\"a2700.details.0.i0.55ba5739uphMnu\" data-aplus-clk=\"x26_de86043\">\n<h1 title=\"Zestaw 8 pojemnik\u00f3w do przechowywania narz\u0119dzi w szufladach Mini Desk Drawer Organizer Trays Set 8pcs Drawer Storage Bins Set for Tools Kitchen Office\" data-spm-anchor-id=\"a2700.details.0.i81.5fef2cc5BxAXXs\">Zestaw 8 pojemnik\u00f3w do przechowywania narz\u0119dzi w szufladach Mini Desk Drawer Organizer Trays Set 8pcs Drawer Storage Bins Set for Tools Kitchen Office<\/h1>\n<\/div>\n<\/div>\n<div class=\"module_comment\">\n<div class=\"product-comment\" data-aplus-ae=\"x2_684ba8d4\" data-spm-anchor-id=\"a2700.details.0.i1.55ba5739uphMnu\" data-aplus-clk=\"x27_120ec00c\">\n<div class=\"detail-comment\">\n<div class=\"detail-star detail-separator\">\n<div class=\"detail-next-rating detail-next-rating-small detail-next-rating-grade-high\" role=\"group\" aria-label=\"\u8bc4\u5206\u9009\u9879\">\n<div class=\"detail-next-rating-base detail-next-rating-base-disabled\">\n<div class=\"detail-next-rating-underlay\" aria-hidden=\"true\">\n<p><strong>Typ<\/strong>: Pojemniki i pude\u0142ka do przechowywania<\/p>\n<p><strong>Numer pozycji:<\/strong> CH001<\/p>\n<div class=\"left\"><strong>U\u017cycie:<\/strong> Pa\u0142eczki\/\u0142y\u017ceczki, drobiazgi<\/div>\n<p><strong>Kolory<\/strong>: Opcjonalnie<\/p>\n<p><strong>Materia\u0142:<\/strong>PP<\/p>\n<div class=\"left\"><strong>Miejsce pochodzenia:<\/strong> Zhejiang, Chiny<\/div>\n<p>&nbsp;<\/p>\n<p>&nbsp;<\/p>\n<ul>\n<li>O\u015bmiocz\u0119\u015bciowy zestaw sk\u0142adaj\u0105cy si\u0119 z trzech rozmiar\u00f3w<\/li>\n<li>Dost\u0119pne s\u0105 niestandardowe kolory, logo i opakowania<\/li>\n<li>Mo\u017ce by\u0107 u\u017cywany w kuchni, salonie i ka\u017cdym innym miejscu<\/li>\n<li>U\u017cywaj w szufladzie lub w lod\u00f3wce<\/li>\n<li>P\u0142aska powierzchnia, \u0142atwa do czyszczenia<\/li>\n<\/ul>\n<p><img fetchpriority=\"high\" decoding=\"async\" class=\"wp-image-15549 aligncenter\" title=\"Organizator przechowywania\" src=\"https:\/\/www.sellersunionagent.com\/wp-content\/uploads\/2023\/12\/H8a333d8035cc4c1bbd641c7f29c66e3c0.jpg_720x720q50.png\" alt=\"H8a333d8035cc4c1bbd641c7f29c66e3c0.jpg 720x720q50\" width=\"600\" height=\"600\" \/><img decoding=\"async\" class=\"aligncenter wp-image-15551\" title=\"Organizator przechowywania\" src=\"https:\/\/www.sellersunionagent.com\/wp-content\/uploads\/2023\/12\/H4d36fb8d2fab49309eb6a3d04b1fe5bbe.jpg_720x720q50-1.png\" alt=\"H4d36fb8d2fab49309eb6a3d04b1fe5bbe.jpg 720x720q50\" width=\"600\" height=\"497\" \/><\/p>\n<p><img decoding=\"async\" class=\"wp-image-15552 aligncenter\" title=\"Organizator przechowywania\" src=\"https:\/\/www.sellersunionagent.com\/wp-content\/uploads\/2023\/12\/H2ad401bfca9145c38099c1dbbcc62cd1g.jpg_720x720q50.png\" alt=\"H2ad401bfca9145c38099c1dbbcc62cd1g.jpg 720x720q50\" width=\"600\" height=\"600\" \/><\/p>\n<p><img loading=\"lazy\" decoding=\"async\" class=\"wp-image-15553 aligncenter\" title=\"1701327956086\" src=\"https:\/\/www.sellersunionagent.com\/wp-content\/uploads\/2023\/12\/H7c947f233c3641fcb40b364998ef26cao.jpg_720x720q50.png\" alt=\"H7c947f233c3641fcb40b364998ef26cao.jpg 720x720q50\" width=\"600\" height=\"593\" \/><\/p>\n<p><img loading=\"lazy\" decoding=\"async\" class=\"wp-image-15554 aligncenter\" title=\"Organizator przechowywania\" src=\"https:\/\/www.sellersunionagent.com\/wp-content\/uploads\/2023\/12\/Ha319601cde5d4885aada2fe5a04b8dceF.jpg_720x720q50.png\" alt=\"Ha319601cde5d4885aada2fe5a04b8dceF.jpg 720x720q50\" width=\"600\" height=\"531\" \/><\/p>\n<p><img loading=\"lazy\" decoding=\"async\" class=\"wp-image-15555 aligncenter\" title=\"Organizator przechowywania\" src=\"https:\/\/www.sellersunionagent.com\/wp-content\/uploads\/2023\/12\/H5dc7ec782e424a3ea10aa365bff7cefaP.jpg_720x720q50.png\" alt=\"H5dc7ec782e424a3ea10aa365bff7cefaP.jpg 720x720q50\" width=\"600\" height=\"564\" \/><\/p>\n<p>&nbsp;<\/p>\n<p>&nbsp;<\/p>\n<\/div>\n<\/div>\n<\/div>\n<\/div>\n<\/div>\n<\/div>\n<\/div>","protected":false},"excerpt":{"rendered":"<p><strong>MOQ<\/strong>:  100 szt.<br \/>\n<strong>Bezp\u0142atna pr\u00f3bka<\/strong>:  Obs\u0142ugiwane<br \/>\n<strong>Personalizacja<\/strong>logo \/ kolor \/ materia\u0142y \/ opakowanie itp.<br \/>\n<strong>Zni\u017cka<\/strong>:  Pierwsze zam\u00f3wienia ju\u017c od 10% taniej.<br \/>\n<strong>Wska\u017anik terminowo\u015bci dostaw<\/strong>:\u00a0 100%<br \/>\n<strong>Przesy\u0142ki og\u00f3\u0142em<\/strong>:  100000 szt.<br \/>\n<strong>Wysy\u0142ka<\/strong>: Fracht morski Fracht l\u0105dowy<\/p>\n<p>&nbsp;<\/p>\n<p>&nbsp;<\/p>\n<p>Mo\u017ce by\u0107 u\u017cywany do przechowywania makija\u017cu, przechowywania w kuchni i przechowywania lek\u00f3w i tak dalej, wielofunkcyjny!<\/p>","protected":false},"featured_media":15550,"comment_status":"open","ping_status":"closed","template":"","meta":{"_acf_changed":false},"product_brand":[],"product_cat":[237],"product_tag":[87,70,93],"class_list":{"0":"post-15540","1":"product","2":"type-product","3":"status-publish","4":"has-post-thumbnail","6":"product_cat-new-arrivals","7":"product_tag-bulk-wholesale","8":"product_tag-home-storage","9":"product_tag-storage","11":"first","12":"instock","13":"shipping-taxable","14":"product-type-simple","15":"swiper-slide"},"acf":[],"_links":{"self":[{"href":"https:\/\/www.sellersunionagent.com\/pl\/wp-json\/wp\/v2\/product\/15540","targetHints":{"allow":["GET"]}}],"collection":[{"href":"https:\/\/www.sellersunionagent.com\/pl\/wp-json\/wp\/v2\/product"}],"about":[{"href":"https:\/\/www.sellersunionagent.com\/pl\/wp-json\/wp\/v2\/types\/product"}],"replies":[{"embeddable":true,"href":"https:\/\/www.sellersunionagent.com\/pl\/wp-json\/wp\/v2\/comments?post=15540"}],"wp:featuredmedia":[{"embeddable":true,"href":"https:\/\/www.sellersunionagent.com\/pl\/wp-json\/wp\/v2\/media\/15550"}],"wp:attachment":[{"href":"https:\/\/www.sellersunionagent.com\/pl\/wp-json\/wp\/v2\/media?parent=15540"}],"wp:term":[{"taxonomy":"product_brand","embeddable":true,"href":"https:\/\/www.sellersunionagent.com\/pl\/wp-json\/wp\/v2\/product_brand?post=15540"},{"taxonomy":"product_cat","embeddable":true,"href":"https:\/\/www.sellersunionagent.com\/pl\/wp-json\/wp\/v2\/product_cat?post=15540"},{"taxonomy":"product_tag","embeddable":true,"href":"https:\/\/www.sellersunionagent.com\/pl\/wp-json\/wp\/v2\/product_tag?post=15540"}],"curies":[{"name":"wp","href":"https:\/\/api.w.org\/{rel}","templated":true}]}}