{"id":15519,"date":"2023-11-30T15:28:24","date_gmt":"2023-11-30T07:28:24","guid":{"rendered":"https:\/\/sellersunionagent.com\/?post_type=product&#038;p=15519"},"modified":"2023-11-30T15:37:30","modified_gmt":"2023-11-30T07:37:30","slug":"clear-plastic-rotating-lazy-susan-kitchen-turntable-spice-organizer-rack-cabinet-storage-organizer-for-spice","status":"publish","type":"product","link":"https:\/\/www.sellersunionagent.com\/pl\/clear-plastic-rotating-lazy-susan-kitchen-turntable-spice-organizer-rack-cabinet-storage-organizer-for-spice\/","title":{"rendered":"Przezroczysty plastikowy obrotowy st\u00f3\u0142 kuchenny Lazy Susan Organizer na przyprawy Organizer do przechowywania przypraw"},"content":{"rendered":"<div class=\"module_title\">\n<div class=\"product-title-container\" data-aplus-ae=\"x1_575504cc\" data-spm-anchor-id=\"a2700.details.0.i0.55ba5739uphMnu\" data-aplus-clk=\"x26_de86043\">\n<h1 title=\"Beauty Case Skincare Storage Organizer Clear Cosmetic Makeup Organizer Belleza Makeup Display Box\" data-spm-anchor-id=\"a2700.details.0.i84.55ba5739uphMnu\">Przezroczysty plastikowy obrotowy st\u00f3\u0142 kuchenny Lazy Susan Organizer na przyprawy Organizer do przechowywania przypraw<\/h1>\n<\/div>\n<\/div>\n<div class=\"module_comment\">\n<div class=\"product-comment\" data-aplus-ae=\"x2_684ba8d4\" data-spm-anchor-id=\"a2700.details.0.i1.55ba5739uphMnu\" data-aplus-clk=\"x27_120ec00c\">\n<div class=\"detail-comment\">\n<div class=\"detail-star detail-separator\">\n<div class=\"detail-next-rating detail-next-rating-small detail-next-rating-grade-high\" role=\"group\" aria-label=\"\u8bc4\u5206\u9009\u9879\">\n<div class=\"detail-next-rating-base detail-next-rating-base-disabled\">\n<div class=\"detail-next-rating-underlay\" aria-hidden=\"true\">\n<p><strong>Typ<\/strong>: Storage Box<\/p>\n<p><strong>Numer pozycji:<\/strong> YM6413<\/p>\n<p><strong>Rozmiar elementu<\/strong>: Dia 23.5\/27cm<\/p>\n<p><strong>Kolory<\/strong>: Przezroczysty<\/p>\n<p><strong>Materia\u0142: <\/strong>PET<\/p>\n<p>&nbsp;<\/p>\n<p>&nbsp;<\/p>\n<ul>\n<li>You can choose from 6 specifications<\/li>\n<li>Comfortable and simple color scheme, beautiful and practical<\/li>\n<li>360 \u00b0 rotation, smooth retrieval, time-saving and labor-saving<\/li>\n<li>Du\u017ca pojemno\u015b\u0107 i du\u017ca no\u015bno\u015b\u0107<\/li>\n<li>Can be placed in the refrigerator, easy to clean<\/li>\n<\/ul>\n<p><img fetchpriority=\"high\" decoding=\"async\" class=\"aligncenter wp-image-15532\" title=\"Organizator przechowywania\" src=\"https:\/\/www.sellersunionagent.com\/wp-content\/uploads\/2023\/11\/1701327913745-1.png\" alt=\"Organizator przechowywania\" width=\"600\" height=\"600\" \/><\/p>\n<p><img decoding=\"async\" class=\"aligncenter wp-image-15525\" title=\"Organizator przechowywania\" src=\"https:\/\/www.sellersunionagent.com\/wp-content\/uploads\/2023\/11\/1701327901659.png\" alt=\"Organizator przechowywania\" width=\"600\" height=\"600\" \/><\/p>\n<p><img decoding=\"async\" class=\"aligncenter wp-image-15522\" title=\"Organizator przechowywania\" src=\"https:\/\/www.sellersunionagent.com\/wp-content\/uploads\/2023\/11\/\u4f01\u4e1a\u5fae\u4fe1\u622a\u56fe_17013278798920.png\" alt=\"Organizator przechowywania\" width=\"600\" height=\"600\" \/><\/p>\n<p><img loading=\"lazy\" decoding=\"async\" class=\"wp-image-15530 aligncenter\" title=\"1701327956086\" src=\"https:\/\/www.sellersunionagent.com\/wp-content\/uploads\/2023\/11\/1701327956086.png\" alt=\"Organizator przechowywania\" width=\"600\" height=\"600\" \/><\/p>\n<p><img loading=\"lazy\" decoding=\"async\" class=\"wp-image-15534 aligncenter\" title=\"Organizator przechowywania\" src=\"https:\/\/www.sellersunionagent.com\/wp-content\/uploads\/2023\/11\/\u4f01\u4e1a\u5fae\u4fe1\u622a\u56fe_1701329385850.png\" alt=\"Organizator przechowywania\" width=\"600\" height=\"600\" \/><\/p>\n<p><img loading=\"lazy\" decoding=\"async\" class=\"wp-image-15529 aligncenter\" title=\"Organizator przechowywania\" src=\"https:\/\/www.sellersunionagent.com\/wp-content\/uploads\/2023\/11\/1701327936732.png\" alt=\"Organizator przechowywania\" width=\"600\" height=\"600\" \/><\/p>\n<p><img loading=\"lazy\" decoding=\"async\" class=\"aligncenter wp-image-15527\" title=\"Organizator przechowywania\" src=\"https:\/\/www.sellersunionagent.com\/wp-content\/uploads\/2023\/11\/1701327920571.png\" alt=\"Organizator przechowywania\" width=\"600\" height=\"600\" \/><\/p>\n<p><img loading=\"lazy\" decoding=\"async\" class=\"aligncenter wp-image-15524\" title=\"Organizator przechowywania\" src=\"https:\/\/www.sellersunionagent.com\/wp-content\/uploads\/2023\/11\/1701327893429.png\" alt=\"Organizator przechowywania\" width=\"600\" height=\"879\" \/><\/p>\n<\/div>\n<\/div>\n<\/div>\n<\/div>\n<\/div>\n<\/div>\n<\/div>","protected":false},"excerpt":{"rendered":"<p><strong>MOQ<\/strong>:  100 szt.<br \/>\n<strong>Bezp\u0142atna pr\u00f3bka<\/strong>:  Obs\u0142ugiwane<br \/>\n<strong>Personalizacja<\/strong>logo \/ kolor \/ materia\u0142y \/ opakowanie itp.<br \/>\n<strong>Zni\u017cka<\/strong>:  Pierwsze zam\u00f3wienia ju\u017c od 10% taniej.<br \/>\n<strong>Wska\u017anik terminowo\u015bci dostaw<\/strong>:\u00a0 100%<br \/>\n<strong>Przesy\u0142ki og\u00f3\u0142em<\/strong>:  100000 szt.<br \/>\n<strong>Wysy\u0142ka<\/strong>: Fracht morski Fracht l\u0105dowy<\/p>\n<p>&nbsp;<\/p>\n<p>&nbsp;<\/p>\n<p>Friut&amp;snack, spice&amp;sauce, cabinet storage. They are not only practical, but also beautiful!<\/p>","protected":false},"featured_media":15526,"comment_status":"open","ping_status":"closed","template":"","meta":{"_acf_changed":false},"product_brand":[],"product_cat":[237],"product_tag":[87,70,93],"class_list":{"0":"post-15519","1":"product","2":"type-product","3":"status-publish","4":"has-post-thumbnail","6":"product_cat-new-arrivals","7":"product_tag-bulk-wholesale","8":"product_tag-home-storage","9":"product_tag-storage","11":"first","12":"instock","13":"shipping-taxable","14":"product-type-simple","15":"swiper-slide"},"acf":[],"_links":{"self":[{"href":"https:\/\/www.sellersunionagent.com\/pl\/wp-json\/wp\/v2\/product\/15519","targetHints":{"allow":["GET"]}}],"collection":[{"href":"https:\/\/www.sellersunionagent.com\/pl\/wp-json\/wp\/v2\/product"}],"about":[{"href":"https:\/\/www.sellersunionagent.com\/pl\/wp-json\/wp\/v2\/types\/product"}],"replies":[{"embeddable":true,"href":"https:\/\/www.sellersunionagent.com\/pl\/wp-json\/wp\/v2\/comments?post=15519"}],"wp:featuredmedia":[{"embeddable":true,"href":"https:\/\/www.sellersunionagent.com\/pl\/wp-json\/wp\/v2\/media\/15526"}],"wp:attachment":[{"href":"https:\/\/www.sellersunionagent.com\/pl\/wp-json\/wp\/v2\/media?parent=15519"}],"wp:term":[{"taxonomy":"product_brand","embeddable":true,"href":"https:\/\/www.sellersunionagent.com\/pl\/wp-json\/wp\/v2\/product_brand?post=15519"},{"taxonomy":"product_cat","embeddable":true,"href":"https:\/\/www.sellersunionagent.com\/pl\/wp-json\/wp\/v2\/product_cat?post=15519"},{"taxonomy":"product_tag","embeddable":true,"href":"https:\/\/www.sellersunionagent.com\/pl\/wp-json\/wp\/v2\/product_tag?post=15519"}],"curies":[{"name":"wp","href":"https:\/\/api.w.org\/{rel}","templated":true}]}}