{"id":15507,"date":"2023-11-30T14:32:17","date_gmt":"2023-11-30T06:32:17","guid":{"rendered":"https:\/\/sellersunionagent.com\/?post_type=product&#038;p=15507"},"modified":"2023-11-30T14:53:34","modified_gmt":"2023-11-30T06:53:34","slug":"przezroczyste-plastikowe-tacki-do-szuflad-do-makijazu-biuro-biurko-lazienka-sypialnia-kuchnia-zestaw-organizerow-do-szuflad","status":"publish","type":"product","link":"https:\/\/www.sellersunionagent.com\/pl\/clear-plastic-drawer-organizer-trays-for-makeup-office-desk-bathroom-bedroom-kitchen-drawer-organizer-set\/","title":{"rendered":"Przezroczyste plastikowe tace do szuflad do makija\u017cu Biuro Biurko \u0141azienka Sypialnia Kuchnia Zestaw organizer\u00f3w do szuflad"},"content":{"rendered":"<div class=\"module_title\">\n<div class=\"product-title-container\" data-aplus-ae=\"x1_575504cc\" data-spm-anchor-id=\"a2700.details.0.i0.7b07398elekfNm\" data-aplus-clk=\"x27_120ec00c\">\n<h2>Przezroczyste plastikowe tace do szuflad do makija\u017cu Biuro Biurko \u0141azienka Sypialnia Kuchnia Zestaw organizer\u00f3w do szuflad<\/h2>\n<p><strong>Typ<\/strong>: Storage Box<\/p>\n<p><strong>Numer pozycji:<\/strong> YH001<\/p>\n<p><strong>Rozmiar elementu<\/strong>: 7.5*7.5*5.5cm\/15*7.5*5.5cm\/23*15*5.5cm\/15*15*5.5cm\/23*7.5*5.5cm<\/p>\n<p><strong>Kolory<\/strong>: Przezroczysty<\/p>\n<p><strong>Materia\u0142: <\/strong>PS<\/p>\n<p>&nbsp;<\/p>\n<p>&nbsp;<\/p>\n<ul>\n<li>Dost\u0119pnych jest wiele rozmiar\u00f3w i mo\u017cna je dowolnie \u0142\u0105czy\u0107 z dowolnym zestawem<\/li>\n<li>Przejrzysty i widoczny<\/li>\n<li>Wybrany materia\u0142 PS, trwa\u0142y i wysokiej jako\u015bci<\/li>\n<\/ul>\n<\/div>\n<\/div>\n<div class=\"module_comment\">\n<div class=\"product-comment\" data-aplus-ae=\"x2_684ba8d4\" data-spm-anchor-id=\"a2700.details.0.i1.7b07398elekfNm\" data-aplus-clk=\"x28_202a6def\">\n<div class=\"detail-comment\">\n<div class=\"detail-star detail-separator\">\n<div class=\"detail-next-rating detail-next-rating-small detail-next-rating-grade-high\" role=\"group\" aria-label=\"\u8bc4\u5206\u9009\u9879\">\n<div class=\"detail-next-rating-base detail-next-rating-base-disabled\">\n<div class=\"detail-next-rating-underlay\" aria-hidden=\"true\">\n<p><img fetchpriority=\"high\" decoding=\"async\" class=\"wp-image-15508 aligncenter\" title=\"62906cb1159b790a4e5121c13c131ed3 O1CN01zckPxo1kXRUVIdDsK !!2210997744693 0 cib\" src=\"https:\/\/www.sellersunionagent.com\/wp-content\/uploads\/2023\/11\/62906cb1159b790a4e5121c13c131ed3_O1CN01zckPxo1kXRUVIdDsK_2210997744693-0-cib.jpg\" alt=\"Storage Box\" width=\"600\" height=\"597\" \/><\/p>\n<p><img decoding=\"async\" class=\"wp-image-15509 aligncenter\" title=\"07edacd9bc7f78ea8c23841d75672eef O1CN01jrOWP71kXRUQfPGxX !!2210997744693 0 cib\" src=\"https:\/\/www.sellersunionagent.com\/wp-content\/uploads\/2023\/11\/07edacd9bc7f78ea8c23841d75672eef_O1CN01jrOWP71kXRUQfPGxX_2210997744693-0-cib.jpg\" alt=\"07edacd9bc7f78ea8c23841d75672eef O1CN01jrOWP71kXRUQfPGxX !!2210997744693 0 cib\" width=\"600\" height=\"600\" \/><\/p>\n<p><img decoding=\"async\" class=\"wp-image-15512 aligncenter\" title=\"df1706302c041b0364b55690edb26c70 O1CN01AYeWJi1kXRYBss0da !!2210997744693 0 cib r =1676949383529\" src=\"https:\/\/www.sellersunionagent.com\/wp-content\/uploads\/2023\/11\/df1706302c041b0364b55690edb26c70_O1CN01AYeWJi1kXRYBss0da_2210997744693-0-cib___r__1676949383529.jpg\" alt=\"df1706302c041b0364b55690edb26c70 O1CN01AYeWJi1kXRYBss0da !!2210997744693 0 cib r =1676949383529\" width=\"600\" height=\"600\" \/><\/p>\n<p><img loading=\"lazy\" decoding=\"async\" class=\"wp-image-15515 aligncenter\" title=\"\u4f01\u4e1a\u5fae\u4fe1\u622a\u56fe 17013247198921\" src=\"https:\/\/www.sellersunionagent.com\/wp-content\/uploads\/2023\/11\/\u4f01\u4e1a\u5fae\u4fe1\u622a\u56fe_17013247198921.png\" alt=\"\u4f01\u4e1a\u5fae\u4fe1\u622a\u56fe 17013247198921\" width=\"600\" height=\"600\" \/><\/p>\n<p><img loading=\"lazy\" decoding=\"async\" class=\"wp-image-15516 aligncenter\" title=\"Storage Box\" src=\"https:\/\/www.sellersunionagent.com\/wp-content\/uploads\/2023\/11\/\u4f01\u4e1a\u5fae\u4fe1\u622a\u56fe_17013247267437.png\" alt=\"Storage Box\" width=\"600\" height=\"561\" \/><\/p>\n<p><img loading=\"lazy\" decoding=\"async\" class=\"wp-image-15513 aligncenter\" title=\"8a74ab27365b36d7b8e8a471aa2ae4b8 O1CN01l8tRgm1kXRa3T7QuK !!2210997744693 0 cib r =1685171512094\" src=\"https:\/\/www.sellersunionagent.com\/wp-content\/uploads\/2023\/11\/8a74ab27365b36d7b8e8a471aa2ae4b8_O1CN01l8tRgm1kXRa3T7QuK_2210997744693-0-cib___r__1685171512094.jpg\" alt=\"8a74ab27365b36d7b8e8a471aa2ae4b8 O1CN01l8tRgm1kXRa3T7QuK !!2210997744693 0 cib r =1685171512094\" width=\"600\" height=\"246\" \/><\/p>\n<p><img loading=\"lazy\" decoding=\"async\" class=\"wp-image-15514 aligncenter\" title=\"\u4f01\u4e1a\u5fae\u4fe1\u622a\u56fe 17013247099036\" src=\"https:\/\/www.sellersunionagent.com\/wp-content\/uploads\/2023\/11\/\u4f01\u4e1a\u5fae\u4fe1\u622a\u56fe_17013247099036.png\" alt=\"\u4f01\u4e1a\u5fae\u4fe1\u622a\u56fe 17013247099036\" width=\"600\" height=\"600\" \/><\/p>\n<\/div>\n<\/div>\n<\/div>\n<\/div>\n<\/div>\n<\/div>\n<\/div>","protected":false},"excerpt":{"rendered":"<p><strong>MOQ<\/strong>:  100 szt.<br \/>\n<strong>Bezp\u0142atna pr\u00f3bka<\/strong>:  Obs\u0142ugiwane<br \/>\n<strong>Personalizacja<\/strong>logo \/ kolor \/ materia\u0142y \/ opakowanie itp.<br \/>\n<strong>Zni\u017cka<\/strong>:  Pierwsze zam\u00f3wienia ju\u017c od 10% taniej.<br \/>\n<strong>Wska\u017anik terminowo\u015bci dostaw<\/strong>:\u00a0 100%<br \/>\n<strong>Przesy\u0142ki og\u00f3\u0142em<\/strong>:  100000 szt.<br \/>\n<strong>Wysy\u0142ka<\/strong>: Fracht morski Fracht l\u0105dowy<\/p>\n<p>&nbsp;<\/p>\n<p>&nbsp;<\/p>\n<p>do przechowywania w kuchni\/biurze\/kosmetyczce, te pude\u0142ka mog\u0105 by\u0107 stosowane. Uczy\u0144 swoje \u017cycie \u0142atwiejszym i prostszym!<\/p>","protected":false},"featured_media":15508,"comment_status":"open","ping_status":"closed","template":"","meta":{"_acf_changed":false},"product_brand":[],"product_cat":[237],"product_tag":[87,42,70],"class_list":{"0":"post-15507","1":"product","2":"type-product","3":"status-publish","4":"has-post-thumbnail","6":"product_cat-new-arrivals","7":"product_tag-bulk-wholesale","8":"product_tag-high-quality","9":"product_tag-home-storage","11":"first","12":"instock","13":"shipping-taxable","14":"product-type-simple","15":"swiper-slide"},"acf":[],"_links":{"self":[{"href":"https:\/\/www.sellersunionagent.com\/pl\/wp-json\/wp\/v2\/product\/15507","targetHints":{"allow":["GET"]}}],"collection":[{"href":"https:\/\/www.sellersunionagent.com\/pl\/wp-json\/wp\/v2\/product"}],"about":[{"href":"https:\/\/www.sellersunionagent.com\/pl\/wp-json\/wp\/v2\/types\/product"}],"replies":[{"embeddable":true,"href":"https:\/\/www.sellersunionagent.com\/pl\/wp-json\/wp\/v2\/comments?post=15507"}],"wp:featuredmedia":[{"embeddable":true,"href":"https:\/\/www.sellersunionagent.com\/pl\/wp-json\/wp\/v2\/media\/15508"}],"wp:attachment":[{"href":"https:\/\/www.sellersunionagent.com\/pl\/wp-json\/wp\/v2\/media?parent=15507"}],"wp:term":[{"taxonomy":"product_brand","embeddable":true,"href":"https:\/\/www.sellersunionagent.com\/pl\/wp-json\/wp\/v2\/product_brand?post=15507"},{"taxonomy":"product_cat","embeddable":true,"href":"https:\/\/www.sellersunionagent.com\/pl\/wp-json\/wp\/v2\/product_cat?post=15507"},{"taxonomy":"product_tag","embeddable":true,"href":"https:\/\/www.sellersunionagent.com\/pl\/wp-json\/wp\/v2\/product_tag?post=15507"}],"curies":[{"name":"wp","href":"https:\/\/api.w.org\/{rel}","templated":true}]}}