{"id":15492,"date":"2023-11-30T10:53:20","date_gmt":"2023-11-30T02:53:20","guid":{"rendered":"https:\/\/sellersunionagent.com\/?post_type=product&#038;p=15492"},"modified":"2023-11-30T10:54:00","modified_gmt":"2023-11-30T02:54:00","slug":"przezroczyste-pudelko-do-przechowywania-butow-plastikowe-pudelko-do-przechowywania-przezroczyste-pudelko-do-przechowywania-butow","status":"publish","type":"product","link":"https:\/\/www.sellersunionagent.com\/pl\/clear-shoe-storage-box-shoes-box-plastic-storage-transparent-shoe-organizer-storage-box\/","title":{"rendered":"Przezroczyste pude\u0142ko do przechowywania but\u00f3w Plastikowe pude\u0142ko do przechowywania Przezroczyste pude\u0142ko do przechowywania but\u00f3w"},"content":{"rendered":"<div class=\"module_title\">\n<div class=\"product-title-container\" data-aplus-ae=\"x1_575504cc\" data-spm-anchor-id=\"a2700.details.0.i0.55ba5739uphMnu\" data-aplus-clk=\"x26_de86043\">\n<h1 title=\"Beauty Case Skincare Storage Organizer Clear Cosmetic Makeup Organizer Belleza Makeup Display Box\" data-spm-anchor-id=\"a2700.details.0.i84.55ba5739uphMnu\">Przezroczyste pude\u0142ko do przechowywania but\u00f3w Plastikowe pude\u0142ko do przechowywania Przezroczyste pude\u0142ko do przechowywania but\u00f3w<\/h1>\n<\/div>\n<\/div>\n<div class=\"module_comment\">\n<div class=\"product-comment\" data-aplus-ae=\"x2_684ba8d4\" data-spm-anchor-id=\"a2700.details.0.i1.55ba5739uphMnu\" data-aplus-clk=\"x27_120ec00c\">\n<div class=\"detail-comment\">\n<div class=\"detail-star detail-separator\">\n<div class=\"detail-next-rating detail-next-rating-small detail-next-rating-grade-high\" role=\"group\" aria-label=\"\u8bc4\u5206\u9009\u9879\">\n<div class=\"detail-next-rating-base detail-next-rating-base-disabled\">\n<div class=\"detail-next-rating-underlay\" aria-hidden=\"true\">\n<p><strong>Typ<\/strong>: Gablota na buty<\/p>\n<p><strong>Numer pozycji:<\/strong> MA001\/MA002<\/p>\n<p><strong>Rozmiar elementu<\/strong>: 34*27*22cm\/34*27*19cm<\/p>\n<p><strong>Kolory<\/strong>: Nowy przezroczysty - czarny\/bia\u0142y<\/p>\n<p><strong>Materia\u0142: <\/strong>ABS+PP<\/p>\n<p>&nbsp;<\/p>\n<p>&nbsp;<\/p>\n<ul>\n<li>Mo\u017cliwo\u015b\u0107 sztaplowania i stabilno\u015b\u0107<\/li>\n<li>\u0141atwe otwieranie i zamykanie dzi\u0119ki magnetycznej pokrywie otwieraj\u0105cej<\/li>\n<li>Pasuje do rozmiaru 48 jard\u00f3w<\/li>\n<li>Dost\u0119pne s\u0105 tryby otwierania bocznego\/przedniego<\/li>\n<li>Wyselekcjonowany materia\u0142 PET, trwa\u0142y i wysokiej jako\u015bci<\/li>\n<li>Wysoka jako\u015b\u0107 i no\u015bno\u015b\u0107<\/li>\n<\/ul>\n<p><img fetchpriority=\"high\" decoding=\"async\" class=\"aligncenter wp-image-15493\" title=\"Pude\u0142ko na buty\" src=\"https:\/\/www.sellersunionagent.com\/wp-content\/uploads\/2023\/11\/1701243743333.png\" alt=\"Pude\u0142ko na buty\" width=\"600\" height=\"600\" \/><\/p>\n<p><img decoding=\"async\" class=\"size-full wp-image-15504 aligncenter\" title=\"Pude\u0142ko na buty\" src=\"https:\/\/www.sellersunionagent.com\/wp-content\/uploads\/2023\/11\/\u4f01\u4e1a\u5fae\u4fe1\u622a\u56fe_17012480098303.png\" alt=\"Pude\u0142ko na buty\" width=\"600\" height=\"600\" \/><\/p>\n<p><img decoding=\"async\" class=\"aligncenter wp-image-15503\" title=\"Pude\u0142ko na buty\" src=\"https:\/\/www.sellersunionagent.com\/wp-content\/uploads\/2023\/11\/1701243796638.png\" alt=\"Pude\u0142ko na buty\" width=\"600\" height=\"955\" \/><\/p>\n<p><img loading=\"lazy\" decoding=\"async\" class=\"aligncenter wp-image-15500\" title=\"Pude\u0142ko na buty\" src=\"https:\/\/www.sellersunionagent.com\/wp-content\/uploads\/2023\/11\/1701243812321.png\" alt=\"Pude\u0142ko na buty\" width=\"600\" height=\"801\" \/><\/p>\n<p><img loading=\"lazy\" decoding=\"async\" class=\"aligncenter wp-image-15499\" title=\"Pude\u0142ko na buty\" src=\"https:\/\/www.sellersunionagent.com\/wp-content\/uploads\/2023\/11\/1701243781284.png\" alt=\"Pude\u0142ko na buty\" width=\"600\" height=\"1047\" \/><\/p>\n<p><img loading=\"lazy\" decoding=\"async\" class=\"aligncenter wp-image-15498\" title=\"Pude\u0142ko na buty\" src=\"https:\/\/www.sellersunionagent.com\/wp-content\/uploads\/2023\/11\/1701243772116.png\" alt=\"Pude\u0142ko na buty\" width=\"600\" height=\"1028\" \/><\/p>\n<p><img loading=\"lazy\" decoding=\"async\" class=\"aligncenter wp-image-15497\" title=\"Pude\u0142ko na buty\" src=\"https:\/\/www.sellersunionagent.com\/wp-content\/uploads\/2023\/11\/1701243759461.png\" alt=\"Pude\u0142ko na buty\" width=\"600\" height=\"734\" \/><\/p>\n<p><img loading=\"lazy\" decoding=\"async\" class=\"aligncenter wp-image-15496\" title=\"Pude\u0142ko na buty\" src=\"https:\/\/www.sellersunionagent.com\/wp-content\/uploads\/2023\/11\/1701243677443.png\" alt=\"Pude\u0142ko na buty\" width=\"600\" height=\"600\" \/><\/p>\n<p><img loading=\"lazy\" decoding=\"async\" class=\"aligncenter wp-image-15495\" title=\"Pude\u0142ko na buty\" src=\"https:\/\/www.sellersunionagent.com\/wp-content\/uploads\/2023\/11\/1701243727844.png\" alt=\"Pude\u0142ko na buty\" width=\"600\" height=\"600\" \/><\/p>\n<p><img loading=\"lazy\" decoding=\"async\" class=\"aligncenter wp-image-15494\" title=\"Pude\u0142ko na buty\" src=\"https:\/\/www.sellersunionagent.com\/wp-content\/uploads\/2023\/11\/\u4f01\u4e1a\u5fae\u4fe1\u622a\u56fe_17012437093459.png\" alt=\"Pude\u0142ko na buty\" width=\"600\" height=\"600\" \/><\/p>\n<\/div>\n<\/div>\n<\/div>\n<\/div>\n<\/div>\n<\/div>\n<\/div>","protected":false},"excerpt":{"rendered":"<p><strong>MOQ<\/strong>:  100 szt.<br \/>\n<strong>Bezp\u0142atna pr\u00f3bka<\/strong>:  Obs\u0142ugiwane<br \/>\n<strong>Personalizacja<\/strong>logo \/ kolor \/ materia\u0142y \/ opakowanie itp.<br \/>\n<strong>Zni\u017cka<\/strong>:  Pierwsze zam\u00f3wienia ju\u017c od 10% taniej.<br \/>\n<strong>Wska\u017anik terminowo\u015bci dostaw<\/strong>:\u00a0 100%<br \/>\n<strong>Przesy\u0142ki og\u00f3\u0142em<\/strong>:  100000 szt.<br \/>\n<strong>Wysy\u0142ka<\/strong>: Fracht morski Fracht l\u0105dowy<\/p>\n<p>&nbsp;<\/p>\n<p>&nbsp;<\/p>\n<p>To pude\u0142ko mo\u017ce by\u0107 stosowane do przechowywania but\u00f3w\/domu. Uczy\u0144 swoje \u017cycie \u0142atwiejszym i prostszym!<\/p>","protected":false},"featured_media":15493,"comment_status":"open","ping_status":"closed","template":"","meta":{"_acf_changed":false},"product_brand":[],"product_cat":[237],"product_tag":[87,70,238],"class_list":{"0":"post-15492","1":"product","2":"type-product","3":"status-publish","4":"has-post-thumbnail","6":"product_cat-new-arrivals","7":"product_tag-bulk-wholesale","8":"product_tag-home-storage","9":"product_tag-shoe-box","11":"first","12":"instock","13":"shipping-taxable","14":"product-type-simple","15":"swiper-slide"},"acf":[],"_links":{"self":[{"href":"https:\/\/www.sellersunionagent.com\/pl\/wp-json\/wp\/v2\/product\/15492","targetHints":{"allow":["GET"]}}],"collection":[{"href":"https:\/\/www.sellersunionagent.com\/pl\/wp-json\/wp\/v2\/product"}],"about":[{"href":"https:\/\/www.sellersunionagent.com\/pl\/wp-json\/wp\/v2\/types\/product"}],"replies":[{"embeddable":true,"href":"https:\/\/www.sellersunionagent.com\/pl\/wp-json\/wp\/v2\/comments?post=15492"}],"wp:featuredmedia":[{"embeddable":true,"href":"https:\/\/www.sellersunionagent.com\/pl\/wp-json\/wp\/v2\/media\/15493"}],"wp:attachment":[{"href":"https:\/\/www.sellersunionagent.com\/pl\/wp-json\/wp\/v2\/media?parent=15492"}],"wp:term":[{"taxonomy":"product_brand","embeddable":true,"href":"https:\/\/www.sellersunionagent.com\/pl\/wp-json\/wp\/v2\/product_brand?post=15492"},{"taxonomy":"product_cat","embeddable":true,"href":"https:\/\/www.sellersunionagent.com\/pl\/wp-json\/wp\/v2\/product_cat?post=15492"},{"taxonomy":"product_tag","embeddable":true,"href":"https:\/\/www.sellersunionagent.com\/pl\/wp-json\/wp\/v2\/product_tag?post=15492"}],"curies":[{"name":"wp","href":"https:\/\/api.w.org\/{rel}","templated":true}]}}