{"id":15485,"date":"2023-11-29T15:28:38","date_gmt":"2023-11-29T07:28:38","guid":{"rendered":"https:\/\/sellersunionagent.com\/?post_type=product&#038;p=15485"},"modified":"2023-11-29T15:45:21","modified_gmt":"2023-11-29T07:45:21","slug":"kosmetyczka-organizer-do-przechowywania-kosmetykow-przezroczysty-organizer-do-makijazu-belleza-pudelko-do-makijazu","status":"publish","type":"product","link":"https:\/\/www.sellersunionagent.com\/pl\/beauty-case-skincare-storage-organizer-clear-cosmetic-makeup-organizer-belleza-makeup-display-box\/","title":{"rendered":"Beauty Case Skincare Storage Organizer Clear Cosmetic Makeup Organizer Belleza Makeup Display Box"},"content":{"rendered":"<div class=\"module_title\">\n<div class=\"product-title-container\" data-aplus-ae=\"x1_575504cc\" data-spm-anchor-id=\"a2700.details.0.i0.55ba5739uphMnu\" data-aplus-clk=\"x26_de86043\">\n<h1 title=\"Beauty Case Skincare Storage Organizer Clear Cosmetic Makeup Organizer Belleza Makeup Display Box\" data-spm-anchor-id=\"a2700.details.0.i84.55ba5739uphMnu\">Beauty Case Skincare Storage Organizer Clear Cosmetic Makeup Organizer Belleza Makeup Display Box<\/h1>\n<\/div>\n<\/div>\n<div class=\"module_comment\">\n<div class=\"product-comment\" data-aplus-ae=\"x2_684ba8d4\" data-spm-anchor-id=\"a2700.details.0.i1.55ba5739uphMnu\" data-aplus-clk=\"x27_120ec00c\">\n<div class=\"detail-comment\">\n<div class=\"detail-star detail-separator\">\n<div class=\"detail-next-rating detail-next-rating-small detail-next-rating-grade-high\" role=\"group\" aria-label=\"\u8bc4\u5206\u9009\u9879\">\n<div class=\"detail-next-rating-base detail-next-rating-base-disabled\">\n<div class=\"detail-next-rating-underlay\" aria-hidden=\"true\">\n<p><strong>Typ<\/strong>: Storage Box<\/p>\n<p><strong>Numer pozycji:<\/strong> SU0002<\/p>\n<p><strong>Rozmiar elementu<\/strong>29*19*37cm<\/p>\n<p><strong>Kolory<\/strong>: Nowy przezroczysty - czarny\/zielony\/z\u0142oty\/niestandardowy<\/p>\n<p><strong>Materia\u0142: <\/strong>ABS+PET<\/p>\n<p>&nbsp;<\/p>\n<p>&nbsp;<\/p>\n<ul>\n<li>Du\u017ca pojemno\u015b\u0107, tr\u00f3jwarstwowy schowek z przegrodami, elastyczne rozmieszczenie kosmetyk\u00f3w, oszcz\u0119dno\u015b\u0107 miejsca na blacie<\/li>\n<li>Odporny na wilgo\u0107 i kurz, odpowiedni do wielu scenariuszy<\/li>\n<li>Przejrzysty i widoczny<\/li>\n<li>P\u0142ynnie wysuwany, przeno\u015bny i ruchomy<\/li>\n<li>Wyselekcjonowany materia\u0142 PET, trwa\u0142y i wysokiej jako\u015bci<\/li>\n<li>Wiele kolor\u00f3w, niski poziom luksusu<\/li>\n<\/ul>\n<p><img fetchpriority=\"high\" decoding=\"async\" class=\"wp-image-15486 aligncenter\" title=\"Pude\u0142ko do makija\u017cu\" src=\"https:\/\/www.sellersunionagent.com\/wp-content\/uploads\/2023\/11\/23b445334c03305045e2fd8b2be31bc7_O1CN01DAsuXc1g8vqLAnB9I_3842994098-0-cib.jpg\" alt=\"Pude\u0142ko do makija\u017cu\" width=\"600\" height=\"600\" \/><\/p>\n<p><img decoding=\"async\" class=\"aligncenter wp-image-15491\" title=\"Pude\u0142ko do makija\u017cu\" src=\"https:\/\/www.sellersunionagent.com\/wp-content\/uploads\/2023\/11\/ea6a89c00890d14e0c54268d5b0801e1_O1CN01SfZ84V1g8vqM2TEbU_3842994098-0-cib___r__1656312902874.jpg\" alt=\"Pude\u0142ko do makija\u017cu\" width=\"600\" height=\"364\" \/><\/p>\n<p><img decoding=\"async\" class=\"wp-image-15490 aligncenter\" title=\"Pude\u0142ko do makija\u017cu\" src=\"https:\/\/www.sellersunionagent.com\/wp-content\/uploads\/2023\/11\/e89db26bf1dd68ae0115bbb50d05f03f_O1CN01qmmXbK1g8vqCYcgEe_3842994098-0-cib___r__1656312505135.jpg\" alt=\"Pude\u0142ko do makija\u017cu\" width=\"500\" height=\"746\" \/><\/p>\n<p><img loading=\"lazy\" decoding=\"async\" class=\"wp-image-15489 aligncenter\" title=\"Pude\u0142ko do makija\u017cu\" src=\"https:\/\/www.sellersunionagent.com\/wp-content\/uploads\/2023\/11\/329c07138b242e4e49092d5bfd78ca01_O1CN01WP2xSf1g8vqCQUIPt_3842994098-0-cib.jpg\" alt=\"Pude\u0142ko do makija\u017cu\" width=\"600\" height=\"600\" \/><\/p>\n<p><img loading=\"lazy\" decoding=\"async\" class=\"wp-image-15488 aligncenter\" title=\"Pude\u0142ko do makija\u017cu\" src=\"https:\/\/www.sellersunionagent.com\/wp-content\/uploads\/2023\/11\/bad4a0e59a68641652a4e0a98061d0e1_O1CN01h0KIFN1g8vqEpmfSq_3842994098-0-cib.jpg\" alt=\"Pude\u0142ko do makija\u017cu\" width=\"600\" height=\"600\" \/><\/p>\n<p><img loading=\"lazy\" decoding=\"async\" class=\"wp-image-15487 aligncenter\" title=\"Pude\u0142ko do makija\u017cu\" src=\"https:\/\/www.sellersunionagent.com\/wp-content\/uploads\/2023\/11\/7f6178393d7ba1a2baf6b7f898c06ed0_O1CN01HTzSfx1g8vqCYc0bt_3842994098-0-cib.jpg\" alt=\"Pude\u0142ko do makija\u017cu\" width=\"600\" height=\"600\" \/><\/p>\n<\/div>\n<\/div>\n<\/div>\n<\/div>\n<\/div>\n<\/div>\n<\/div>","protected":false},"excerpt":{"rendered":"<p><strong>MOQ<\/strong>:  100 szt.<br \/>\n<strong>Bezp\u0142atna pr\u00f3bka<\/strong>:  Obs\u0142ugiwane<br \/>\n<strong>Personalizacja<\/strong>logo \/ kolor \/ materia\u0142y \/ opakowanie itp.<br \/>\n<strong>Zni\u017cka<\/strong>:  Pierwsze zam\u00f3wienia ju\u017c od 10% taniej.<br \/>\n<strong>Wska\u017anik terminowo\u015bci dostaw<\/strong>:\u00a0 100%<br \/>\n<strong>Przesy\u0142ki og\u00f3\u0142em<\/strong>:  100000 szt.<br \/>\n<strong>Wysy\u0142ka<\/strong>: Fracht morski Fracht l\u0105dowy<\/p>\n<p>&nbsp;<\/p>\n<p>&nbsp;<\/p>\n<p>Maup-up \/ przechowywanie w domu, to pude\u0142ko mo\u017ce by\u0107 zastosowane. Uczy\u0144 swoje \u017cycie \u0142atwiejszym i prostszym!<\/p>","protected":false},"featured_media":15486,"comment_status":"open","ping_status":"closed","template":"","meta":{"_acf_changed":false},"product_brand":[],"product_cat":[237],"product_tag":[87,42,70],"class_list":{"0":"post-15485","1":"product","2":"type-product","3":"status-publish","4":"has-post-thumbnail","6":"product_cat-new-arrivals","7":"product_tag-bulk-wholesale","8":"product_tag-high-quality","9":"product_tag-home-storage","11":"first","12":"instock","13":"shipping-taxable","14":"product-type-simple","15":"swiper-slide"},"acf":[],"_links":{"self":[{"href":"https:\/\/www.sellersunionagent.com\/pl\/wp-json\/wp\/v2\/product\/15485","targetHints":{"allow":["GET"]}}],"collection":[{"href":"https:\/\/www.sellersunionagent.com\/pl\/wp-json\/wp\/v2\/product"}],"about":[{"href":"https:\/\/www.sellersunionagent.com\/pl\/wp-json\/wp\/v2\/types\/product"}],"replies":[{"embeddable":true,"href":"https:\/\/www.sellersunionagent.com\/pl\/wp-json\/wp\/v2\/comments?post=15485"}],"wp:featuredmedia":[{"embeddable":true,"href":"https:\/\/www.sellersunionagent.com\/pl\/wp-json\/wp\/v2\/media\/15486"}],"wp:attachment":[{"href":"https:\/\/www.sellersunionagent.com\/pl\/wp-json\/wp\/v2\/media?parent=15485"}],"wp:term":[{"taxonomy":"product_brand","embeddable":true,"href":"https:\/\/www.sellersunionagent.com\/pl\/wp-json\/wp\/v2\/product_brand?post=15485"},{"taxonomy":"product_cat","embeddable":true,"href":"https:\/\/www.sellersunionagent.com\/pl\/wp-json\/wp\/v2\/product_cat?post=15485"},{"taxonomy":"product_tag","embeddable":true,"href":"https:\/\/www.sellersunionagent.com\/pl\/wp-json\/wp\/v2\/product_tag?post=15485"}],"curies":[{"name":"wp","href":"https:\/\/api.w.org\/{rel}","templated":true}]}}