{"id":11885,"date":"2022-12-27T17:54:50","date_gmt":"2022-12-27T09:54:50","guid":{"rendered":"https:\/\/sellersunionagent.com\/?post_type=product&#038;p=11885"},"modified":"2022-12-27T17:54:50","modified_gmt":"2022-12-27T09:54:50","slug":"chiny-fabryka-sprzedazy-bezposredniej-stolik-boczny-stolik-koncowy-meble-nocne-do-sypialni-akademik-salon","status":"publish","type":"product","link":"https:\/\/www.sellersunionagent.com\/pl\/china-factory-direct-selling-side-table-end-table-bedside-furniture-for-bedroom-dorm-living-room\/","title":{"rendered":"Chiny Fabryka sprzeda\u017cy bezpo\u015bredniej Stolik boczny, stolik ko\u0144cowy, meble nocne do sypialni, akademika, salonu"},"content":{"rendered":"<h2>Chiny Fabryka sprzeda\u017cy bezpo\u015bredniej Stolik boczny, stolik ko\u0144cowy, meble nocne do sypialni, akademika, salonu<\/h2>\n<p>&nbsp;<\/p>\n<p>&nbsp;<\/p>\n<ul>\n<li>Materia\u0142 premium<\/li>\n<li>Dobra no\u015bno\u015b\u0107<\/li>\n<li>Stabilny i trwa\u0142y<\/li>\n<li>Wszechstronny stolik ko\u0144cowy<\/li>\n<li>Prosta, stylowa konstrukcja<\/li>\n<li>Oszcz\u0119dno\u015b\u0107 miejsca<\/li>\n<\/ul>\n<p>&nbsp;<\/p>\n<p>&nbsp;<\/p>\n<p><strong>Typ<\/strong>: Rega\u0142 magazynowy<\/p>\n<div class=\"elementor-element elementor-element-c17fac7 elementor-widget elementor-widget-woocommerce-product-short-description\" data-id=\"c17fac7\" data-element_type=\"widget\" data-widget_type=\"woocommerce-product-short-description.default\">\n<div class=\"elementor-widget-container\">\n<div class=\"woocommerce-product-details__short-description\">\n<p><strong>Numer pozycji:<\/strong> JB-07<\/p>\n<p><strong>Rozmiar elementu<\/strong>: 50,5*50,5*51,5cm<\/p>\n<p><strong>Kolory<\/strong>: Czarny<\/p>\n<p><strong>Materia\u0142: <\/strong>Rura stalowa<\/p>\n<p><img fetchpriority=\"high\" decoding=\"async\" class=\"aligncenter wp-image-11887\" src=\"https:\/\/www.sellersunionagent.com\/wp-content\/uploads\/2022\/12\/wholesale-shopping-bags-2.jpg\" alt=\"Chi\u0144ska fabryka sprzeda\u017cy bezpo\u015bredniej \" width=\"600\" height=\"599\" \/> <img decoding=\"async\" class=\"aligncenter wp-image-11888\" src=\"https:\/\/www.sellersunionagent.com\/wp-content\/uploads\/2022\/12\/wholesale-shopping-bags-1.jpg\" alt=\"Chi\u0144ska fabryka sprzeda\u017cy bezpo\u015bredniej\" width=\"600\" height=\"600\" \/> <img decoding=\"async\" class=\"aligncenter wp-image-11889\" src=\"https:\/\/www.sellersunionagent.com\/wp-content\/uploads\/2022\/12\/wholesale-shopping-bags.jpg\" alt=\"Chi\u0144ska fabryka sprzeda\u017cy bezpo\u015bredniej\" width=\"600\" height=\"600\" \/><\/p>\n<\/div>\n<\/div>\n<\/div>","protected":false},"excerpt":{"rendered":"<p><strong><b>MOQ<\/b><\/strong>: 100 szt.<br \/>\n<strong><b>Bezp\u0142atna pr\u00f3bka<\/b><\/strong>:  Obs\u0142ugiwane<br \/>\n<strong><b>Personalizacja<\/b><\/strong>:  Rozmiar \/ opakowanie itp.<br \/>\n<strong><b>Zni\u017cka<\/b><\/strong>:  Pierwsze zam\u00f3wienia ju\u017c od 10% taniej.<br \/>\n<strong><b>Wska\u017anik terminowo\u015bci dostaw<\/b><\/strong>:\u00a0 100%<br \/>\n<strong><b>Przesy\u0142ki og\u00f3\u0142em<\/b><\/strong>:  10000 szt.<br \/>\n<strong><b>Wysy\u0142ka<\/b><\/strong>: Fracht morski Fracht l\u0105dowy<\/p>","protected":false},"featured_media":11887,"comment_status":"open","ping_status":"closed","template":"","meta":{"_acf_changed":false},"product_brand":[],"product_cat":[31,187,186],"product_tag":[87,42],"class_list":{"0":"post-11885","1":"product","2":"type-product","3":"status-publish","4":"has-post-thumbnail","6":"product_cat-home-storage","7":"product_cat-bedroom","8":"product_cat-living-room","9":"product_tag-bulk-wholesale","10":"product_tag-high-quality","12":"first","13":"instock","14":"shipping-taxable","15":"product-type-simple","16":"swiper-slide"},"acf":[],"_links":{"self":[{"href":"https:\/\/www.sellersunionagent.com\/pl\/wp-json\/wp\/v2\/product\/11885","targetHints":{"allow":["GET"]}}],"collection":[{"href":"https:\/\/www.sellersunionagent.com\/pl\/wp-json\/wp\/v2\/product"}],"about":[{"href":"https:\/\/www.sellersunionagent.com\/pl\/wp-json\/wp\/v2\/types\/product"}],"replies":[{"embeddable":true,"href":"https:\/\/www.sellersunionagent.com\/pl\/wp-json\/wp\/v2\/comments?post=11885"}],"wp:featuredmedia":[{"embeddable":true,"href":"https:\/\/www.sellersunionagent.com\/pl\/wp-json\/wp\/v2\/media\/11887"}],"wp:attachment":[{"href":"https:\/\/www.sellersunionagent.com\/pl\/wp-json\/wp\/v2\/media?parent=11885"}],"wp:term":[{"taxonomy":"product_brand","embeddable":true,"href":"https:\/\/www.sellersunionagent.com\/pl\/wp-json\/wp\/v2\/product_brand?post=11885"},{"taxonomy":"product_cat","embeddable":true,"href":"https:\/\/www.sellersunionagent.com\/pl\/wp-json\/wp\/v2\/product_cat?post=11885"},{"taxonomy":"product_tag","embeddable":true,"href":"https:\/\/www.sellersunionagent.com\/pl\/wp-json\/wp\/v2\/product_tag?post=11885"}],"curies":[{"name":"wp","href":"https:\/\/api.w.org\/{rel}","templated":true}]}}