{"id":11878,"date":"2022-12-27T17:44:04","date_gmt":"2022-12-27T09:44:04","guid":{"rendered":"https:\/\/sellersunionagent.com\/?post_type=product&#038;p=11878"},"modified":"2022-12-27T17:44:05","modified_gmt":"2022-12-27T09:44:05","slug":"stolik-boczny-stolik-koncowy-stolik-w-ksztalcie-litery-c-z-metalowa-rama-do-sofy-laptopa-kawa-przekaska-salon-sypialnia","status":"publish","type":"product","link":"https:\/\/www.sellersunionagent.com\/pl\/side-table-end-table-vintage-c-shaped-couch-table-with-metal-frame-for-sofa-laptop-coffee-snack-living-room-bedroom\/","title":{"rendered":"Stolik boczny, stolik ko\u0144cowy, stolik na kanap\u0119 w kszta\u0142cie litery C z metalow\u0105 ram\u0105 na sof\u0119 Laptop Kawa Przek\u0105ska Salon Sypialnia"},"content":{"rendered":"<h2>Stolik boczny, stolik ko\u0144cowy, stolik na kanap\u0119 w kszta\u0142cie litery C z metalow\u0105 ram\u0105 na sof\u0119 Laptop Kawa Przek\u0105ska Salon Sypialnia<\/h2>\n<p>&nbsp;<\/p>\n<p>&nbsp;<\/p>\n<ul>\n<li>Materia\u0142 premium<\/li>\n<li>Dobra no\u015bno\u015b\u0107<\/li>\n<li>Trwa\u0142o\u015b\u0107<\/li>\n<li>Stolik boczny w kszta\u0142cie litery C<\/li>\n<li>Wszechstronny stolik ko\u0144cowy<\/li>\n<li>Prosta, stylowa konstrukcja<\/li>\n<li>Oszcz\u0119dno\u015b\u0107 miejsca<\/li>\n<li>Zdejmowany<\/li>\n<\/ul>\n<p>&nbsp;<\/p>\n<p>&nbsp;<\/p>\n<p><strong>Typ<\/strong>: Rega\u0142 magazynowy<\/p>\n<div class=\"elementor-element elementor-element-c17fac7 elementor-widget elementor-widget-woocommerce-product-short-description\" data-id=\"c17fac7\" data-element_type=\"widget\" data-widget_type=\"woocommerce-product-short-description.default\">\n<div class=\"elementor-widget-container\">\n<div class=\"woocommerce-product-details__short-description\">\n<p><strong>Numer pozycji:<\/strong> JB-06<\/p>\n<p><strong>Rozmiar elementu<\/strong>: 31*45*60cm<\/p>\n<p><strong>Kolory<\/strong>: Czarny<\/p>\n<p><strong>Materia\u0142: <\/strong>Rura stalowa<\/p>\n<p><img fetchpriority=\"high\" decoding=\"async\" class=\"aligncenter wp-image-11881\" src=\"https:\/\/www.sellersunionagent.com\/wp-content\/uploads\/2022\/12\/wholesale-shopping-bags-6.jpg\" alt=\"Stolik boczny\" width=\"600\" height=\"600\" \/> <img decoding=\"async\" class=\"aligncenter wp-image-11882\" src=\"https:\/\/www.sellersunionagent.com\/wp-content\/uploads\/2022\/12\/wholesale-shopping-bags-5.jpg\" alt=\"Stolik boczny\" width=\"600\" height=\"600\" \/> <img decoding=\"async\" class=\"aligncenter wp-image-11883\" src=\"https:\/\/www.sellersunionagent.com\/wp-content\/uploads\/2022\/12\/wholesale-shopping-bags-4.jpg\" alt=\"Stolik boczny\" width=\"600\" height=\"600\" \/> <img loading=\"lazy\" decoding=\"async\" class=\"aligncenter wp-image-11884\" src=\"https:\/\/www.sellersunionagent.com\/wp-content\/uploads\/2022\/12\/wholesale-shopping-bags-3.jpg\" alt=\"Stolik boczny\" width=\"600\" height=\"600\" \/><\/p>\n<\/div>\n<\/div>\n<\/div>","protected":false},"excerpt":{"rendered":"<p><strong><b>MOQ<\/b><\/strong>: 100 szt.<br \/>\n<strong><b>Bezp\u0142atna pr\u00f3bka<\/b><\/strong>:  Obs\u0142ugiwane<br \/>\n<strong><b>Personalizacja<\/b><\/strong>:  Rozmiar \/ opakowanie itp.<br \/>\n<strong><b>Zni\u017cka<\/b><\/strong>:  Pierwsze zam\u00f3wienia ju\u017c od 10% taniej.<br \/>\n<strong><b>Wska\u017anik terminowo\u015bci dostaw<\/b><\/strong>:\u00a0 100%<br \/>\n<strong><b>Przesy\u0142ki og\u00f3\u0142em<\/b><\/strong>:  10000 szt.<br \/>\n<strong><b>Wysy\u0142ka<\/b><\/strong>: Fracht morski Fracht l\u0105dowy<\/p>","protected":false},"featured_media":11881,"comment_status":"open","ping_status":"closed","template":"","meta":{"_acf_changed":false},"product_brand":[],"product_cat":[31,187,186],"product_tag":[87,42,221],"class_list":{"0":"post-11878","1":"product","2":"type-product","3":"status-publish","4":"has-post-thumbnail","6":"product_cat-home-storage","7":"product_cat-bedroom","8":"product_cat-living-room","9":"product_tag-bulk-wholesale","10":"product_tag-high-quality","11":"product_tag-side-table","13":"first","14":"instock","15":"shipping-taxable","16":"product-type-simple","17":"swiper-slide"},"acf":[],"_links":{"self":[{"href":"https:\/\/www.sellersunionagent.com\/pl\/wp-json\/wp\/v2\/product\/11878","targetHints":{"allow":["GET"]}}],"collection":[{"href":"https:\/\/www.sellersunionagent.com\/pl\/wp-json\/wp\/v2\/product"}],"about":[{"href":"https:\/\/www.sellersunionagent.com\/pl\/wp-json\/wp\/v2\/types\/product"}],"replies":[{"embeddable":true,"href":"https:\/\/www.sellersunionagent.com\/pl\/wp-json\/wp\/v2\/comments?post=11878"}],"wp:featuredmedia":[{"embeddable":true,"href":"https:\/\/www.sellersunionagent.com\/pl\/wp-json\/wp\/v2\/media\/11881"}],"wp:attachment":[{"href":"https:\/\/www.sellersunionagent.com\/pl\/wp-json\/wp\/v2\/media?parent=11878"}],"wp:term":[{"taxonomy":"product_brand","embeddable":true,"href":"https:\/\/www.sellersunionagent.com\/pl\/wp-json\/wp\/v2\/product_brand?post=11878"},{"taxonomy":"product_cat","embeddable":true,"href":"https:\/\/www.sellersunionagent.com\/pl\/wp-json\/wp\/v2\/product_cat?post=11878"},{"taxonomy":"product_tag","embeddable":true,"href":"https:\/\/www.sellersunionagent.com\/pl\/wp-json\/wp\/v2\/product_tag?post=11878"}],"curies":[{"name":"wp","href":"https:\/\/api.w.org\/{rel}","templated":true}]}}